{"id":1036,"date":"2024-02-26T12:50:14","date_gmt":"2024-02-26T11:50:14","guid":{"rendered":"https:\/\/bpa-nord.no\/se\/?page_id=1036"},"modified":"2025-03-26T10:27:51","modified_gmt":"2025-03-26T09:27:51","slug":"bpa-birra-obbalaccat","status":"publish","type":"page","link":"https:\/\/bpa-nord.no\/se\/bpa-birra-obbalaccat\/","title":{"rendered":"BPA birra obbala\u010d\u010dat"},"content":{"rendered":"<div class=\"wp-block-post-type-multi post-type-multi type-manual display-row post-type-multi-page alignwide wp-block-acf-post-type-multi\" id=\"post-type-multi-69ecf2694c50c\" data-columns=\"4\" data-post-type=\"page\" data-template=\"page-vertical.twig\" data-total=\"4\" >\n  <div class=\"row&#x20;row-eq-height&#x20;justify-content-start row-cols-4\">\n\t\t      <div class=\"d-flex&#x20;col-12&#x20;col-sm-6&#x20;col-md-4&#x20;col-lg-3&#x20;mb-5\">\n        \n<a href=\"https:\/\/bpa-nord.no\/se\/bpa-birra-obbalaccat\/mii-lea-bpa-ja-geasa-dat-heive\/\" class=\"card-vertical\">\n      <figure>\n      <img\n        src=\"https:\/\/bpa-nord.no\/se\/wp-content\/uploads\/sites\/2\/2024\/03\/istock-1064918232-768x576.jpg\"\n                  alt=\"Bilde for artikkelen Mii lea BPA ja geasa dat heive?\"\n                decoding=\"async\"\n        loading=\"lazy\"\n      \/>\n    <\/figure>\n    <section>\n    <h2>Mii lea BPA ja geasa dat heive?<\/h2>\n          <p>BPA lea m\u00e1\u0161kidis ja geavaheddjiidstivren ortnet mii galg\u00e1 veahkkin ie\u0161heanala\u0161 ja aktiivvala\u0161 eallimii. <\/p>\n      <\/section>\n<\/a>      <\/div>\n          <div class=\"d-flex&#x20;col-12&#x20;col-sm-6&#x20;col-md-4&#x20;col-lg-3&#x20;mb-5\">\n        \n<a href=\"https:\/\/bpa-nord.no\/se\/bpa-birra-obbalaccat\/ohcat-bpa\/\" class=\"card-vertical\">\n      <figure>\n      <img\n        src=\"https:\/\/bpa-nord.no\/se\/wp-content\/uploads\/sites\/2\/2024\/03\/istock-872002628-1-768x576.jpg\"\n                  alt=\"Bilde for artikkelen Ohcat BPA\"\n                decoding=\"async\"\n        loading=\"lazy\"\n      \/>\n    <\/figure>\n    <section>\n    <h2>Ohcat BPA<\/h2>\n          <p>BPA ulbmil lea addit olbmuide, geain lea stuora veahkked\u00e1rbu, stuor\u00e1t friddjavuo\u0111a ie\u0161 stivret b\u00e1lvalusaid ja \u00e1rgabeaivvi.<\/p>\n      <\/section>\n<\/a>      <\/div>\n          <div class=\"d-flex&#x20;col-12&#x20;col-sm-6&#x20;col-md-4&#x20;col-lg-3&#x20;mb-5\">\n        \n<a href=\"https:\/\/bpa-nord.no\/se\/bpa-birra-obbalaccat\/lonuhit-falaldaga\/\" class=\"card-vertical\">\n      <figure>\n      <img\n        src=\"https:\/\/bpa-nord.no\/se\/wp-content\/uploads\/sites\/2\/2024\/03\/shutterstock-567790435-768x512.jpg\"\n                  alt=\"Bilde for artikkelen Lonuhit f\u00e1laldaga\"\n                decoding=\"async\"\n        loading=\"lazy\"\n      \/>\n    <\/figure>\n    <section>\n    <h2>Lonuhit f\u00e1laldaga<\/h2>\n          <p>Jus leat \u010dadnon suohkanii mas lea \u0161iehtadus juogo almmola\u0161 dahje priv\u00e1hta l\u00e1gideddjiin, de s\u00e1ht\u00e1t molsut l\u00e1gideaddji ie\u017eat s\u00e1valdaga mielde. <\/p>\n      <\/section>\n<\/a>      <\/div>\n          <div class=\"d-flex&#x20;col-12&#x20;col-sm-6&#x20;col-md-4&#x20;col-lg-3&#x20;mb-5\">\n        \n<a href=\"https:\/\/bpa-nord.no\/se\/bpa-birra-obbalaccat\/bpa-manaide-ja-nuoraide\/\" class=\"card-vertical\">\n      <figure>\n      <img\n        src=\"https:\/\/bpa-nord.no\/se\/wp-content\/uploads\/sites\/2\/2024\/03\/shutterstock-469060391-768x576.jpg\"\n                  alt=\"Bilde for artikkelen BPA m\u00e1n\u00e1ide ja nuoraide\"\n                decoding=\"async\"\n        loading=\"lazy\"\n      \/>\n    <\/figure>\n    <section>\n    <h2>BPA m\u00e1n\u00e1ide ja nuoraide<\/h2>\n          <p>Jus dus leat m\u00e1n\u00e1t vuollel 18 jagi geat orrot ruovttus ja geain lea doaimmashehttejupmi, de lea dus riekti b\u00e1lvalusaide mat organiserejuvvot dego BPA. <\/p>\n      <\/section>\n<\/a>      <\/div>\n          <div class=\"d-flex&#x20;col-12&#x20;col-sm-6&#x20;col-md-4&#x20;col-lg-3&#x20;mb-5\">\n        \n<a href=\"https:\/\/bpa-nord.no\/se\/bpa-birra-obbalaccat\/rollat-ja-ovddasvastadus-bpa-ortnegis\/\" class=\"card-vertical\">\n      <figure>\n      <img\n        src=\"https:\/\/bpa-nord.no\/se\/wp-content\/uploads\/sites\/2\/2024\/03\/istock-1212142717-768x576.jpg\"\n                  alt=\"Bilde for artikkelen Rollat ja ovddasv\u00e1st\u00e1dus BPA-ortnegis\"\n                decoding=\"async\"\n        loading=\"lazy\"\n      \/>\n    <\/figure>\n    <section>\n    <h2>Rollat ja ovddasv\u00e1st\u00e1dus BPA-ortnegis<\/h2>\n          <p>Oahpa eanet d\u00e1s geas lea ovddasv\u00e1st\u00e1dus masa, BPA-ortnega oktavuo\u0111as<\/p>\n      <\/section>\n<\/a>      <\/div>\n          <div class=\"d-flex&#x20;col-12&#x20;col-sm-6&#x20;col-md-4&#x20;col-lg-3&#x20;mb-5\">\n        \n<a href=\"https:\/\/bpa-nord.no\/se\/bpa-birra-obbalaccat\/doaibmanveahkki\/\" class=\"card-vertical\">\n      <figure>\n      <img\n        src=\"https:\/\/bpa-nord.no\/se\/wp-content\/uploads\/sites\/2\/2024\/04\/istock-1688252404-768x1150.jpg\"\n                  alt=\"Bilde for artikkelen Doaibmanveahkki\"\n                decoding=\"async\"\n        loading=\"lazy\"\n      \/>\n    <\/figure>\n    <section>\n    <h2>Doaibmanveahkki<\/h2>\n          <p>D\u00e1t doaibmabidju veahkeha olbmuin geain lea doaibmashehttehus beassat aktiivvala\u010d\u010dat oass\u00e1lastit bargoeallimii ja doalahit ie\u017easet \u00e1mm\u00e1tla\u017e\u017ean.<\/p>\n      <\/section>\n<\/a>      <\/div>\n          <div class=\"d-flex&#x20;col-12&#x20;col-sm-6&#x20;col-md-4&#x20;col-lg-3&#x20;mb-5\">\n        \n<a href=\"https:\/\/bpa-nord.no\/se\/bpa-birra-obbalaccat\/dabalas-gazaldagat\/\" class=\"card-vertical\">\n      <figure>\n      <img\n        src=\"https:\/\/bpa-nord.no\/se\/wp-content\/uploads\/sites\/2\/2024\/02\/trine-edited-768x512.jpg\"\n                  alt=\"Bilde for artikkelen D\u00e1b\u00e1la\u0161 ga\u017ealdagat\"\n                decoding=\"async\"\n        loading=\"lazy\"\n      \/>\n    <\/figure>\n    <section>\n    <h2>D\u00e1b\u00e1la\u0161 ga\u017ealdagat<\/h2>\n          <p>V\u00e1st\u00e1dus ga\u017ealdagaide maid mii d\u00e1vja oa\u017e\u017eut. <\/p>\n      <\/section>\n<\/a>      <\/div>\n    \t<\/div>\n<\/div>\n\n\n\n<div class=\"wp-block-cover alignfull\" style=\"margin-top:var(--wp--preset--spacing--60);min-height:500px;aspect-ratio:unset;\"><span aria-hidden=\"true\" class=\"wp-block-cover__background has-background-dim-30 has-background-dim\"><\/span><img loading=\"lazy\" decoding=\"async\" width=\"1920\" height=\"1080\" class=\"wp-block-cover__image-background wp-image-1208\" alt=\"\" src=\"https:\/\/bpa-nord.no\/se\/wp-content\/uploads\/sites\/2\/2024\/02\/harry-jaschhof-yykzyk94vvw-unsplash.jpg\" style=\"object-position:36% 66%\" data-object-fit=\"cover\" data-object-position=\"36% 66%\" srcset=\"https:\/\/bpa-nord.no\/se\/wp-content\/uploads\/sites\/2\/2024\/02\/harry-jaschhof-yykzyk94vvw-unsplash.jpg 1920w, https:\/\/bpa-nord.no\/se\/wp-content\/uploads\/sites\/2\/2024\/02\/harry-jaschhof-yykzyk94vvw-unsplash-300x169.jpg 300w, https:\/\/bpa-nord.no\/se\/wp-content\/uploads\/sites\/2\/2024\/02\/harry-jaschhof-yykzyk94vvw-unsplash-1024x576.jpg 1024w, https:\/\/bpa-nord.no\/se\/wp-content\/uploads\/sites\/2\/2024\/02\/harry-jaschhof-yykzyk94vvw-unsplash-768x432.jpg 768w, https:\/\/bpa-nord.no\/se\/wp-content\/uploads\/sites\/2\/2024\/02\/harry-jaschhof-yykzyk94vvw-unsplash-1536x864.jpg 1536w\" sizes=\"auto, (max-width: 1920px) 100vw, 1920px\" \/><div class=\"wp-block-cover__inner-container is-layout-constrained wp-block-cover-is-layout-constrained\">\n<h2 class=\"wp-block-heading has-text-align-center has-base-color has-text-color has-link-color wp-elements-57247bf82bf3a0a28474904ebbc32eb9\">BPA Nord<\/h2>\n\n\n\n<p class=\"has-text-align-center has-base-color has-text-color has-link-color has-large-font-size wp-elements-487575df3ec38a368a4f84d92ca73fc7\" style=\"font-style:normal;font-weight:300\">Gelbbola\u0161vuohta\u00a0\u00a0|\u00a0 Dohkkeheapmi\u00a0\u00a0|\u00a0 \u00c1rvvusatnin\u00a0\u00a0|\u00a0 Luohtt\u00e1mu\u0161<\/p>\n<\/div><\/div>\n","protected":false},"excerpt":{"rendered":"","protected":false},"author":1,"featured_media":0,"parent":0,"menu_order":0,"comment_status":"closed","ping_status":"closed","template":"wp-custom-template-sider-bred-tittel","meta":{"_acf_changed":false,"editor_notices":[],"footnotes":""},"class_list":["post-1036","page","type-page","status-publish","hentry"],"acf":[],"mb":[],"mfb_rest_fields":["title"],"_links":{"self":[{"href":"https:\/\/bpa-nord.no\/se\/wp-json\/wp\/v2\/pages\/1036","targetHints":{"allow":["GET"]}}],"collection":[{"href":"https:\/\/bpa-nord.no\/se\/wp-json\/wp\/v2\/pages"}],"about":[{"href":"https:\/\/bpa-nord.no\/se\/wp-json\/wp\/v2\/types\/page"}],"author":[{"embeddable":true,"href":"https:\/\/bpa-nord.no\/se\/wp-json\/wp\/v2\/users\/1"}],"replies":[{"embeddable":true,"href":"https:\/\/bpa-nord.no\/se\/wp-json\/wp\/v2\/comments?post=1036"}],"version-history":[{"count":2,"href":"https:\/\/bpa-nord.no\/se\/wp-json\/wp\/v2\/pages\/1036\/revisions"}],"predecessor-version":[{"id":2776,"href":"https:\/\/bpa-nord.no\/se\/wp-json\/wp\/v2\/pages\/1036\/revisions\/2776"}],"wp:attachment":[{"href":"https:\/\/bpa-nord.no\/se\/wp-json\/wp\/v2\/media?parent=1036"}],"curies":[{"name":"wp","href":"https:\/\/api.w.org\/{rel}","templated":true}]}}