{"id":1046,"date":"2024-02-26T13:05:26","date_gmt":"2024-02-26T12:05:26","guid":{"rendered":"https:\/\/bpa-nord.no\/se\/?page_id=1046"},"modified":"2024-10-02T12:44:01","modified_gmt":"2024-10-02T10:44:01","slug":"bpa-nord-birra","status":"publish","type":"page","link":"https:\/\/bpa-nord.no\/se\/bpa-nord-birra\/","title":{"rendered":"BPA Nord birra"},"content":{"rendered":"\n<p class=\"has-large-font-size\" style=\"font-style:normal;font-weight:300\">Go v\u00e1lljet BPA Nord, de beasat oadjebas ja veahkk\u00e1s Davvi-Norgga bargoguimmiin bargat ovttas. Mis lea guhkes v\u00e1s\u00e1hus BPA-ortnegiin ja olbmuin geain leat ie\u0161gu\u0111etl\u00e1gan d\u00e1rbbut ja doaibman\u00e1vccat.<\/p>\n\n\n<div class=\"wp-block-post-type-multi post-type-multi type-manual display-row post-type-multi-page alignwide wp-block-acf-post-type-multi\" id=\"post-type-multi-69ed0306c3680\" data-columns=\"3\" data-post-type=\"page\" data-template=\"page-vertical.twig\" data-total=\"4\" >\n  <div class=\"row&#x20;row-eq-height&#x20;justify-content-start row-cols-3\">\n\t\t      <div class=\"d-flex&#x20;col-12&#x20;col-sm-6&#x20;col-md-4&#x20;mb-5\">\n        \n<a href=\"https:\/\/bpa-nord.no\/se\/bpa-nord-birra\/manne-valljet-bpa-nord\/\" class=\"card-vertical\">\n      <figure>\n      <img\n        src=\"https:\/\/bpa-nord.no\/se\/wp-content\/uploads\/sites\/2\/2024\/03\/istock-870477374-768x576.jpg\"\n                  alt=\"Bilde for artikkelen Manne v\u00e1lljet BPA Nord\"\n                decoding=\"async\"\n        loading=\"lazy\"\n      \/>\n    <\/figure>\n    <section>\n    <h2>Manne v\u00e1lljet BPA Nord<\/h2>\n          <p>Go v\u00e1lljet BPA Nord de beasat ovttasbargat oadjebas ja veahkk\u00e1s Davvi-Norgga jovkui. Mis lea guhkes v\u00e1sahus BPA-ortnegiin ja olbmuin geain leat ie\u0161gu\u0111etl\u00e1gan d\u00e1rbbut ja doaibman\u00e1vccat.<\/p>\n      <\/section>\n<\/a>      <\/div>\n          <div class=\"d-flex&#x20;col-12&#x20;col-sm-6&#x20;col-md-4&#x20;mb-5\">\n        \n<a href=\"https:\/\/bpa-nord.no\/se\/bpa-nord-birra\/dappe-mii-fallat-bpa\/\" class=\"card-vertical\">\n      <figure>\n      <img\n        src=\"https:\/\/bpa-nord.no\/se\/wp-content\/uploads\/sites\/2\/2024\/02\/vidar-nordli-mathisen-pvexxn20mva-unsplash-768x475.jpg\"\n                  alt=\"Bilde for artikkelen D\u00e1ppe mii f\u00e1llat BPA\"\n                decoding=\"async\"\n        loading=\"lazy\"\n      \/>\n    <\/figure>\n    <section>\n    <h2>D\u00e1ppe mii f\u00e1llat BPA<\/h2>\n          <p>BPA Nord g\u00e1vdno eanet ja eanet suohkaniin mieht\u00e1 Davvi-Norgga.<\/p>\n      <\/section>\n<\/a>      <\/div>\n          <div class=\"d-flex&#x20;col-12&#x20;col-sm-6&#x20;col-md-4&#x20;mb-5\">\n        \n<a href=\"https:\/\/bpa-nord.no\/se\/bpa-nord-birra\/na-muitalit-bpa-geavaheaddjit\/\" class=\"card-vertical\">\n      <figure>\n      <img\n        src=\"https:\/\/bpa-nord.no\/se\/wp-content\/uploads\/sites\/2\/2024\/02\/bpa-narvik-2.jpg\"\n                  alt=\"Bilde for artikkelen N\u00e1 muitalit BPA geavaheaddjit\"\n                decoding=\"async\"\n        loading=\"lazy\"\n      \/>\n    <\/figure>\n    <section>\n    <h2>N\u00e1 muitalit BPA geavaheaddjit<\/h2>\n          <p>Oallugat leat v\u00e1lljen BPA Nord buvttadeaddjin geavaheaddjistivrejuvvon persovnnala\u0161 veahkis (BPA) jagiid mielde. D\u00e1s s\u00e1ht\u00e1t lohkat muhtun v\u00e1s\u00e1husaid.<\/p>\n      <\/section>\n<\/a>      <\/div>\n    \t<\/div>\n<\/div>\n\n\n\n<div class=\"wp-block-cover alignfull\" style=\"margin-top:var(--wp--preset--spacing--60);min-height:500px;aspect-ratio:unset;\"><span aria-hidden=\"true\" class=\"wp-block-cover__background has-background-dim-30 has-background-dim\"><\/span><img loading=\"lazy\" decoding=\"async\" width=\"1920\" height=\"1440\" class=\"wp-block-cover__image-background wp-image-596\" alt=\"\" src=\"https:\/\/bpa-nord.no\/se\/wp-content\/uploads\/sites\/2\/2024\/02\/niklas-jonasson-yvxn-jcgkvc-unsplash.jpg\" style=\"object-position:71% 83%\" data-object-fit=\"cover\" data-object-position=\"71% 83%\" srcset=\"https:\/\/bpa-nord.no\/se\/wp-content\/uploads\/sites\/2\/2024\/02\/niklas-jonasson-yvxn-jcgkvc-unsplash.jpg 1920w, https:\/\/bpa-nord.no\/se\/wp-content\/uploads\/sites\/2\/2024\/02\/niklas-jonasson-yvxn-jcgkvc-unsplash-300x225.jpg 300w, https:\/\/bpa-nord.no\/se\/wp-content\/uploads\/sites\/2\/2024\/02\/niklas-jonasson-yvxn-jcgkvc-unsplash-1024x768.jpg 1024w, https:\/\/bpa-nord.no\/se\/wp-content\/uploads\/sites\/2\/2024\/02\/niklas-jonasson-yvxn-jcgkvc-unsplash-768x576.jpg 768w, https:\/\/bpa-nord.no\/se\/wp-content\/uploads\/sites\/2\/2024\/02\/niklas-jonasson-yvxn-jcgkvc-unsplash-1536x1152.jpg 1536w\" sizes=\"auto, (max-width: 1920px) 100vw, 1920px\" \/><div class=\"wp-block-cover__inner-container is-layout-constrained wp-block-cover-is-layout-constrained\">\n<h2 class=\"wp-block-heading has-text-align-center has-base-color has-text-color has-link-color wp-elements-57247bf82bf3a0a28474904ebbc32eb9\">BPA Nord<\/h2>\n\n\n\n<p class=\"has-text-align-center has-base-color has-text-color has-link-color has-large-font-size wp-elements-710459c1d49a31eb26441dc7e262fef9\" style=\"font-style:normal;font-weight:300\">Gelbbola\u0161vuohta |\u00a0 Dohkkeheapmi |\u00a0 \u00c1rvvusatnin |\u00a0 Luohtt\u00e1mu\u0161<\/p>\n<\/div><\/div>\n","protected":false},"excerpt":{"rendered":"<p>Go v\u00e1lljet BPA Nord, de beasat oadjebas ja veahkk\u00e1s Davvi-Norgga bargoguimmiin bargat ovttas. Mis lea guhkes v\u00e1s\u00e1hus BPA-ortnegiin ja olbmuin geain leat ie\u0161gu\u0111etl\u00e1gan d\u00e1rbbut ja doaibman\u00e1vccat.<\/p>\n","protected":false},"author":1,"featured_media":0,"parent":0,"menu_order":0,"comment_status":"closed","ping_status":"closed","template":"","meta":{"_acf_changed":false,"editor_notices":[],"footnotes":""},"class_list":["post-1046","page","type-page","status-publish","hentry"],"acf":[],"mb":[],"mfb_rest_fields":["title"],"_links":{"self":[{"href":"https:\/\/bpa-nord.no\/se\/wp-json\/wp\/v2\/pages\/1046","targetHints":{"allow":["GET"]}}],"collection":[{"href":"https:\/\/bpa-nord.no\/se\/wp-json\/wp\/v2\/pages"}],"about":[{"href":"https:\/\/bpa-nord.no\/se\/wp-json\/wp\/v2\/types\/page"}],"author":[{"embeddable":true,"href":"https:\/\/bpa-nord.no\/se\/wp-json\/wp\/v2\/users\/1"}],"replies":[{"embeddable":true,"href":"https:\/\/bpa-nord.no\/se\/wp-json\/wp\/v2\/comments?post=1046"}],"version-history":[{"count":2,"href":"https:\/\/bpa-nord.no\/se\/wp-json\/wp\/v2\/pages\/1046\/revisions"}],"predecessor-version":[{"id":2528,"href":"https:\/\/bpa-nord.no\/se\/wp-json\/wp\/v2\/pages\/1046\/revisions\/2528"}],"wp:attachment":[{"href":"https:\/\/bpa-nord.no\/se\/wp-json\/wp\/v2\/media?parent=1046"}],"curies":[{"name":"wp","href":"https:\/\/api.w.org\/{rel}","templated":true}]}}