{"id":1085,"date":"2024-02-26T16:24:53","date_gmt":"2024-02-26T15:24:53","guid":{"rendered":"https:\/\/bpa-nord.no\/se\/?page_id=1085"},"modified":"2024-06-28T14:46:45","modified_gmt":"2024-06-28T12:46:45","slug":"ohcat-bpa","status":"publish","type":"page","link":"https:\/\/bpa-nord.no\/se\/bpa-birra-obbalaccat\/ohcat-bpa\/","title":{"rendered":"Ohcat BPA"},"content":{"rendered":"\n<div class=\"wp-block-group alignfull has-custom-lys-hovedfarge-1-background-color has-background is-layout-constrained wp-block-group-is-layout-constrained\">\n<div class=\"wp-block-media-text alignwide is-stacked-on-mobile is-image-fill has-custom-farge-1-background-color has-background\" style=\"margin-top:0;margin-bottom:0\"><figure class=\"wp-block-media-text__media\" style=\"background-image:url(https:\/\/bpa-nord.no\/se\/wp-content\/uploads\/sites\/2\/2024\/03\/shutterstock-567790435-1024x683.jpg);background-position:52% 53%\"><img loading=\"lazy\" decoding=\"async\" width=\"1024\" height=\"683\" src=\"https:\/\/bpa-nord.no\/se\/wp-content\/uploads\/sites\/2\/2024\/03\/shutterstock-567790435-1024x683.jpg\" alt=\"\" class=\"wp-image-1532 size-full\" srcset=\"https:\/\/bpa-nord.no\/se\/wp-content\/uploads\/sites\/2\/2024\/03\/shutterstock-567790435-1024x683.jpg 1024w, https:\/\/bpa-nord.no\/se\/wp-content\/uploads\/sites\/2\/2024\/03\/shutterstock-567790435-300x200.jpg 300w, https:\/\/bpa-nord.no\/se\/wp-content\/uploads\/sites\/2\/2024\/03\/shutterstock-567790435-768x512.jpg 768w, https:\/\/bpa-nord.no\/se\/wp-content\/uploads\/sites\/2\/2024\/03\/shutterstock-567790435-1536x1025.jpg 1536w, https:\/\/bpa-nord.no\/se\/wp-content\/uploads\/sites\/2\/2024\/03\/shutterstock-567790435.jpg 1920w\" sizes=\"auto, (max-width: 1024px) 100vw, 1024px\" \/><\/figure><div class=\"wp-block-media-text__content\">\n<div class=\"wp-block-group is-layout-constrained wp-block-group-is-layout-constrained\" style=\"padding-top:var(--wp--preset--spacing--60);padding-bottom:var(--wp--preset--spacing--60)\">\n<h1 class=\"wp-block-heading\">S\u00e1ht\u00e1t go ohcat BPA?<\/h1>\n\n\n\n<p>BPA ulbmil lea addit dutnje, gii d\u00e1rbba\u0161at ollu veahki, stuor\u00e1t friddjavuo\u0111a stivret b\u00e1lvalusaid ja ie\u017eat \u00e1rgabeaivvi.<\/p>\n\n\n\n<p>BPA:in don mearridat gii galg\u00e1 leat du veahkkebargi, mainna galget veahkehit ja makk\u00e1r \u00e1iggis. Don beasat eallit ie\u0161heanala\u0161 ja aktiivvala\u0161 eallima.<\/p>\n<\/div>\n<\/div><\/div>\n<\/div>\n\n\n\n<h2 class=\"wp-block-heading\">Gii s\u00e1htt\u00e1 ohcat BPA?<\/h2>\n\n\n\n<p>Sihke m\u00e1n\u00e1t ja r\u00e1visolbmot s\u00e1httet oa\u017e\u017eut BPA, ja jus dus lea riekti dasa, de fertet:<\/p>\n\n\n\n<ul class=\"wp-block-list\">\n<li>Jus leat vuollel 67 jagi.<br>Guhkit\u00e1igge veahkked\u00e1rbu (eanet go 2 jagi).<br>Veahkked\u00e1rbu 32\/25 diimmu vahkus. <\/li>\n\n\n\n<li>Jus d\u00e1rbba\u0161at veahki m\u00e1nn\u00e1i gii lea vuollel 18-jagi, addojuvvojit seamma vuoigatvuo\u0111at.<\/li>\n<\/ul>\n\n\n\n<p>S\u00e1ht\u00e1t ohcat BPA vaikko dus ii leat l\u00e1ga mielde vuoigatvuohta dasa. S\u00e1ht\u00e1t ohcat BPA maidd\u00e1i unnit diibmologuin, nu guhk\u00e1 go s\u00e1ht\u00e1t \u00e1kkastallat ahte BPA lea b\u00e1lvalus mii heive buoremusat dutnje.<\/p>\n\n\n\n<h2 class=\"wp-block-heading\">Veahkki BPA ohcamis<\/h2>\n\n\n\n<p>Mii \u00e1innas veahkehit du sihke k\u00e1rtet makk\u00e1r d\u00e1rbbut dus leat ja maid berret deavdit mielddusin du ohcamii. Mii diehtit mot geahpidit du \u00e1rgabeaivvi.<\/p>\n\n\n\n<p>Lea deh\u00e1la\u0161 ahte jurdda\u0161at masa h\u00e1liidat geavahit ie\u017eat \u00e1iggii, masa don d\u00e1rbba\u0161at veahki ja mot don h\u00e1liidat dan. Dasa lassin s\u00e1htt\u00e1 d\u00e1rbba\u0161it duo\u0111a\u0161tusa f\u00e1stadoakt\u00e1ris ja\/dahje erenoam\u00e1\u0161dearvva\u0161vuo\u0111ab\u00e1lvalusas, mii vuo\u0111\u0111uda ja \u010dilge du d\u00e1rbbuid \u00e1rgabeaivvis.<\/p>\n\n\n\n<figure class=\"wp-block-gallery alignwide has-nested-images columns-4 is-cropped wp-block-gallery-1 is-layout-flex wp-block-gallery-is-layout-flex\">\n<figure class=\"wp-block-image size-large\"><img loading=\"lazy\" decoding=\"async\" width=\"768\" height=\"1024\" data-id=\"1633\" src=\"https:\/\/bpa-nord.no\/se\/wp-content\/uploads\/sites\/2\/2024\/03\/shutterstock-1993651106-768x1024.jpg\" alt=\"\" class=\"wp-image-1633\" srcset=\"https:\/\/bpa-nord.no\/se\/wp-content\/uploads\/sites\/2\/2024\/03\/shutterstock-1993651106-768x1024.jpg 768w, https:\/\/bpa-nord.no\/se\/wp-content\/uploads\/sites\/2\/2024\/03\/shutterstock-1993651106-225x300.jpg 225w, https:\/\/bpa-nord.no\/se\/wp-content\/uploads\/sites\/2\/2024\/03\/shutterstock-1993651106-1152x1536.jpg 1152w, https:\/\/bpa-nord.no\/se\/wp-content\/uploads\/sites\/2\/2024\/03\/shutterstock-1993651106.jpg 1440w\" sizes=\"auto, (max-width: 768px) 100vw, 768px\" \/><\/figure>\n\n\n\n<figure class=\"wp-block-image size-large\"><img loading=\"lazy\" decoding=\"async\" width=\"768\" height=\"1024\" data-id=\"1635\" src=\"https:\/\/bpa-nord.no\/se\/wp-content\/uploads\/sites\/2\/2024\/03\/istock-535401785-1-768x1024.jpg\" alt=\"\" class=\"wp-image-1635\" srcset=\"https:\/\/bpa-nord.no\/se\/wp-content\/uploads\/sites\/2\/2024\/03\/istock-535401785-1-768x1024.jpg 768w, https:\/\/bpa-nord.no\/se\/wp-content\/uploads\/sites\/2\/2024\/03\/istock-535401785-1-225x300.jpg 225w, https:\/\/bpa-nord.no\/se\/wp-content\/uploads\/sites\/2\/2024\/03\/istock-535401785-1-1152x1536.jpg 1152w, https:\/\/bpa-nord.no\/se\/wp-content\/uploads\/sites\/2\/2024\/03\/istock-535401785-1.jpg 1440w\" sizes=\"auto, (max-width: 768px) 100vw, 768px\" \/><\/figure>\n\n\n\n<figure class=\"wp-block-image size-large\"><img loading=\"lazy\" decoding=\"async\" width=\"768\" height=\"1024\" data-id=\"1639\" src=\"https:\/\/bpa-nord.no\/se\/wp-content\/uploads\/sites\/2\/2024\/03\/shutterstock-2031866720-768x1024.jpg\" alt=\"\" class=\"wp-image-1639\" srcset=\"https:\/\/bpa-nord.no\/se\/wp-content\/uploads\/sites\/2\/2024\/03\/shutterstock-2031866720-768x1024.jpg 768w, https:\/\/bpa-nord.no\/se\/wp-content\/uploads\/sites\/2\/2024\/03\/shutterstock-2031866720-225x300.jpg 225w, https:\/\/bpa-nord.no\/se\/wp-content\/uploads\/sites\/2\/2024\/03\/shutterstock-2031866720-1152x1536.jpg 1152w, https:\/\/bpa-nord.no\/se\/wp-content\/uploads\/sites\/2\/2024\/03\/shutterstock-2031866720.jpg 1440w\" sizes=\"auto, (max-width: 768px) 100vw, 768px\" \/><\/figure>\n\n\n\n<figure class=\"wp-block-image size-large\"><img loading=\"lazy\" decoding=\"async\" width=\"768\" height=\"1024\" data-id=\"1638\" src=\"https:\/\/bpa-nord.no\/se\/wp-content\/uploads\/sites\/2\/2024\/03\/shutterstock-2406071421-1-768x1024.jpg\" alt=\"\" class=\"wp-image-1638\" srcset=\"https:\/\/bpa-nord.no\/se\/wp-content\/uploads\/sites\/2\/2024\/03\/shutterstock-2406071421-1-768x1024.jpg 768w, https:\/\/bpa-nord.no\/se\/wp-content\/uploads\/sites\/2\/2024\/03\/shutterstock-2406071421-1-225x300.jpg 225w, https:\/\/bpa-nord.no\/se\/wp-content\/uploads\/sites\/2\/2024\/03\/shutterstock-2406071421-1-1152x1536.jpg 1152w, https:\/\/bpa-nord.no\/se\/wp-content\/uploads\/sites\/2\/2024\/03\/shutterstock-2406071421-1.jpg 1440w\" sizes=\"auto, (max-width: 768px) 100vw, 768px\" \/><\/figure>\n<\/figure>\n\n\n\n<h2 class=\"wp-block-heading\">Ohc\u00e1n galg\u00e1 s\u00e1ddejuvvot du suohkanii <\/h2>\n\n\n\n<p>Lea suohkan gos orut dahje gos leat, geain lea ovddasv\u00e1st\u00e1dus mearridit oa\u010d\u010dut go BPA. Danin fertet \u00e1lggos s\u00e1ddet ohcama suohkanii.   <\/p>\n\n\n\n<p>Go s\u00e1ddet ohcama, de berret \u010d\u00e1llit makk\u00e1r praktihkkala\u0161 ja persovnnala\u0161 veahkked\u00e1rbbut dus leat. Ohcan galg\u00e1 \u010d\u00e1llojuvvot d\u00e1rkilit ja konkrehtala\u010d\u010dat. V\u00e1ldde buori \u00e1iggi vu\u0111ola\u010d\u010dat buktit ovdan buot d\u00e1rbbuid, ja makk\u00e1r heiveheapmi d\u00e1rbba\u0161uvvo vai s\u00e1ht\u00e1t searvat doaimmaide ie\u017eat ruovttus ja olggobealde ruovttu.\u00a0<\/p>\n\n\n\n<p>Ohcamu\u0161as berrejit \u010duo\u017e\u017eut du beaivv\u00e1la\u0161, vahkkosa\u0161, m\u00e1nnosa\u0161 ja jahk\u00e1sa\u0161 d\u00e1rbbut, nu ahte s\u00e1httet \u00e1rvvo\u0161tallat gaskamear\u00e1la\u0161 diibmod\u00e1rbbu vahkkus.\u00a0<\/p>\n\n\n\n<p>Gielda vie\u017e\u017e\u00e1 die\u0111uid mat leat d\u00e1rbba\u0161la\u010d\u010dat du ohcama \u00e1rvvo\u0161tallamii. Sii \u00e1rvvo\u0161tallet du ohcama dan ektui maid, goas, gos, movt, man ollu ja d\u00e1vj\u00e1 d\u00e1rbba\u0161at veahki. Mii vuordit ahte don ovdal ohcanproseassa dovddat bures ie\u017eat BPA-ortnega.<\/p>\n\n\n\n<p class=\"has-custom-gul-med-ok-r-d-kontrast-background-color has-background has-large-font-size\"><strong>Mii s\u00e1httit du veahkehit h\u00e1bmet ohcama ja buktit r\u00e1vvagiid ohcanproseassas. <a href=\"https:\/\/bpa-nord.no\/se\/kontakt\/\" data-type=\"page\" data-id=\"28\">V\u00e1ldde oktavuo\u0111a lagamus kantuvrrain<\/a><\/strong><\/p>\n\n\n\n<h2 class=\"wp-block-heading\">Ohcanproseassa l\u00e1vkkiid mielde<\/h2>\n\n\n\n<ol class=\"wp-block-list\">\n<li><strong>Oza die\u0111uid ja g\u00e1vnnat olggos mii BPA lea:<\/strong>\u00a0<br>Fina suohkana neahttasiiddus dahje v\u00e1ldde oktavuo\u0111a siiguin jus h\u00e1liidat die\u0111uid ohcanproseassa birra.\u00a0BPA Nord s\u00e1htt\u00e1 maid du veahkehit d\u00e1inna.<\/li>\n\n\n\n<li><strong>\u010cilge ie\u017eat d\u00e1rbbuid:<\/strong>\u00a0<br>\u010c\u00e1le d\u00e1rkilis ohcama mas \u010dilget du praktihkkala\u0161 ja persovnnala\u0161 veahkked\u00e1rbbuid.\u00a0\u010cilge buot bargguid maidda d\u00e1rbba\u0161at veahki, sihke ruovttus ja mu\u0111ui.<\/li>\n\n\n\n<li><strong>S\u00e1dde ohcama:<\/strong>\u00a0<br>S\u00e1dde ohcama juolludanbargojovkui du suohkanis. <\/li>\n\n\n\n<li><strong>Suohkana \u00e1rvvo\u0161tallan ja mearr\u00e1dus:<\/strong><br>Suohkan \u00e1rvvo\u0161tall\u00e1 du ohcama ja add\u00e1 dutnje \u010d\u00e1lala\u0161 mearr\u00e1dusa. Mearr\u00e1dusa vuo\u0111ustus galg\u00e1 boahtit ovdan reivves, ja die\u0111ut v\u00e1idinvejola\u0161vuo\u0111aid birra ja v\u00e1idin\u00e1igemeari birra.<\/li>\n\n\n\n<li><strong>H\u00e1liidat go v\u00e1idit?<\/strong><\/li>\n\n\n\n<li>S\u00e1ht\u00e1t v\u00e1idit suohkanii jus it leat duhtava\u0161 mearr\u00e1dusain. V\u00e1idda s\u00e1htt\u00e1 ovddiduvvot St\u00e1htah\u00e1ldda\u0161eaddj\u00e1i loahpala\u0161 mearrideapm\u00e1i.<\/li>\n<\/ol>\n\n\n\n<div class=\"wp-block-group has-border-color has-quinary-border-color has-custom-gul-med-ok-r-d-kontrast-background-color has-background is-layout-constrained wp-container-core-group-is-layout-20822dfc wp-block-group-is-layout-constrained\" style=\"border-width:10px;border-radius:30px;margin-top:var(--wp--preset--spacing--70);margin-bottom:var(--wp--preset--spacing--70);padding-top:var(--wp--preset--spacing--40);padding-right:var(--wp--preset--spacing--40);padding-bottom:var(--wp--preset--spacing--40);padding-left:var(--wp--preset--spacing--40)\">\n<h2 class=\"wp-block-heading\" style=\"padding-top:0;padding-bottom:0\">Leage sihkar ahte oa\u010d\u010dut dan veahki maid d\u00e1rbba\u0161at BPA Nordas<\/h2>\n\n\n\n<ul class=\"wp-block-list\">\n<li>Mis lea guhkes v\u00e1s\u00e1hus BPA-ortnegiin, olbmuin ja bearra\u0161iin geain leat ie\u0161gu\u0111etl\u00e1gan d\u00e1rbbut ja doaibman\u00e1vccat.<\/li>\n\n\n\n<li>Leat go o\u017e\u017eon jo BPA mearr\u00e1dusa vuoi h\u00e1liidat go lonuhit b\u00e1lvalusaid min lusa, dahje d\u00e1rbba\u0161at eara veahki &#8211; <strong>ri\u014bge dahje s\u00e1ddes die\u0111u dahje e-boasta.<\/strong><\/li>\n<\/ul>\n\n\n\n<div class=\"wp-block-group is-nowrap is-layout-flex wp-container-core-group-is-layout-6c531013 wp-block-group-is-layout-flex\">\n<figure class=\"wp-block-image size-medium is-resized wp-duotone-004b87-004b87-2\"><img loading=\"lazy\" decoding=\"async\" width=\"512\" height=\"512\" src=\"https:\/\/bpa-nord.no\/se\/wp-content\/uploads\/sites\/2\/2024\/02\/circle-phone-solid.svg\" alt=\"\" class=\"wp-image-142\" style=\"width:80px\" \/><\/figure>\n\n\n\n<p class=\"has-large-font-size\"><strong><a href=\"https:\/\/bpa-nord.no\/se\/kontakt\/\" data-type=\"page\" data-id=\"28\">V\u00e1ldde oktavuo\u0111a nuvtta ja geatnegaskeahtes bagadallan s\u00e1gastallamii.<\/a><\/strong><\/p>\n<\/div>\n<\/div>\n\n\n\n<div class=\"wp-block-group alignfull has-custom-lys-gr-background-color has-background is-layout-constrained wp-container-core-group-is-layout-9794a8b8 wp-block-group-is-layout-constrained\" style=\"margin-top:var(--wp--preset--spacing--50);margin-bottom:0;padding-top:var(--wp--preset--spacing--40);padding-right:var(--wp--preset--spacing--30);padding-bottom:var(--wp--preset--spacing--40);padding-left:var(--wp--preset--spacing--30)\">\n<h2 class=\"wp-block-heading alignwide\">Les ogs\u00e5<\/h2>\n\n\n<div class=\"wp-block-post-type-multi post-type-multi type-manual display-row post-type-multi-page alignwide wp-block-acf-post-type-multi\" id=\"post-type-multi-69ecf2641264e\" data-columns=\"2\" data-post-type=\"page\" data-template=\"page-horizontal.twig\" data-total=\"4\" >\n  <div class=\"row&#x20;row-eq-height&#x20;justify-content-start row-cols-2\">\n\t\t      <div class=\"d-flex&#x20;col-12&#x20;col-sm-6&#x20;mb-5\">\n        \n<a href=\"https:\/\/bpa-nord.no\/se\/bpa-birra-obbalaccat\/rollat-ja-ovddasvastadus-bpa-ortnegis\/\" class=\"card-horizontal\">\n      <figure>\n      <img\n        src=\"https:\/\/bpa-nord.no\/se\/wp-content\/uploads\/sites\/2\/2024\/03\/istock-1212142717-768x576.jpg\"\n                  alt=\"Bilde for artikkelen Rollat ja ovddasv\u00e1st\u00e1dus BPA-ortnegis\"\n                decoding=\"async\"\n        loading=\"lazy\"\n      \/>\n    <\/figure>\n  \n  <section>\n    <h2>Rollat ja ovddasv\u00e1st\u00e1dus BPA-ortnegis<\/h2>\n  <\/section>\n<\/a>      <\/div>\n          <div class=\"d-flex&#x20;col-12&#x20;col-sm-6&#x20;mb-5\">\n        \n<a href=\"https:\/\/bpa-nord.no\/se\/bpa-birra-obbalaccat\/mii-lea-bpa-ja-geasa-dat-heive\/\" class=\"card-horizontal\">\n      <figure>\n      <img\n        src=\"https:\/\/bpa-nord.no\/se\/wp-content\/uploads\/sites\/2\/2024\/03\/istock-1064918232-768x576.jpg\"\n                  alt=\"Bilde for artikkelen Mii lea BPA ja geasa dat heive?\"\n                decoding=\"async\"\n        loading=\"lazy\"\n      \/>\n    <\/figure>\n  \n  <section>\n    <h2>Mii lea BPA ja geasa dat heive?<\/h2>\n  <\/section>\n<\/a>      <\/div>\n          <div class=\"d-flex&#x20;col-12&#x20;col-sm-6&#x20;mb-5\">\n        \n<a href=\"https:\/\/bpa-nord.no\/se\/bpa-birra-obbalaccat\/bpa-manaide-ja-nuoraide\/\" class=\"card-horizontal\">\n      <figure>\n      <img\n        src=\"https:\/\/bpa-nord.no\/se\/wp-content\/uploads\/sites\/2\/2024\/03\/shutterstock-469060391-768x576.jpg\"\n                  alt=\"Bilde for artikkelen BPA m\u00e1n\u00e1ide ja nuoraide\"\n                decoding=\"async\"\n        loading=\"lazy\"\n      \/>\n    <\/figure>\n  \n  <section>\n    <h2>BPA m\u00e1n\u00e1ide ja nuoraide<\/h2>\n  <\/section>\n<\/a>      <\/div>\n          <div class=\"d-flex&#x20;col-12&#x20;col-sm-6&#x20;mb-5\">\n        \n<a href=\"https:\/\/bpa-nord.no\/se\/bpa-birra-obbalaccat\/lonuhit-falaldaga\/\" class=\"card-horizontal\">\n      <figure>\n      <img\n        src=\"https:\/\/bpa-nord.no\/se\/wp-content\/uploads\/sites\/2\/2024\/03\/shutterstock-567790435-768x512.jpg\"\n                  alt=\"Bilde for artikkelen Lonuhit f\u00e1laldaga\"\n                decoding=\"async\"\n        loading=\"lazy\"\n      \/>\n    <\/figure>\n  \n  <section>\n    <h2>Lonuhit f\u00e1laldaga<\/h2>\n  <\/section>\n<\/a>      <\/div>\n          <div class=\"d-flex&#x20;col-12&#x20;col-sm-6&#x20;mb-5\">\n        \n<a href=\"https:\/\/bpa-nord.no\/se\/bpa-birra-obbalaccat\/doaibmanveahkki\/\" class=\"card-horizontal\">\n      <figure>\n      <img\n        src=\"https:\/\/bpa-nord.no\/se\/wp-content\/uploads\/sites\/2\/2024\/04\/istock-1688252404-768x1150.jpg\"\n                  alt=\"Bilde for artikkelen Doaibmanveahkki\"\n                decoding=\"async\"\n        loading=\"lazy\"\n      \/>\n    <\/figure>\n  \n  <section>\n    <h2>Doaibmanveahkki<\/h2>\n  <\/section>\n<\/a>      <\/div>\n    \t<\/div>\n<\/div>\n<\/div>\n\n\n\n<div class=\"wp-block-cover alignfull\" style=\"margin-top:0;min-height:500px;aspect-ratio:unset;\"><span aria-hidden=\"true\" class=\"wp-block-cover__background has-background-dim-30 has-background-dim\"><\/span><img loading=\"lazy\" decoding=\"async\" width=\"1920\" height=\"1080\" class=\"wp-block-cover__image-background wp-image-594\" alt=\"\" src=\"https:\/\/bpa-nord.no\/se\/wp-content\/uploads\/sites\/2\/2024\/02\/himmel-s-l7twqjmivgw-unsplash.jpg\" style=\"object-position:15% 14%\" data-object-fit=\"cover\" data-object-position=\"15% 14%\" srcset=\"https:\/\/bpa-nord.no\/se\/wp-content\/uploads\/sites\/2\/2024\/02\/himmel-s-l7twqjmivgw-unsplash.jpg 1920w, https:\/\/bpa-nord.no\/se\/wp-content\/uploads\/sites\/2\/2024\/02\/himmel-s-l7twqjmivgw-unsplash-300x169.jpg 300w, https:\/\/bpa-nord.no\/se\/wp-content\/uploads\/sites\/2\/2024\/02\/himmel-s-l7twqjmivgw-unsplash-1024x576.jpg 1024w, https:\/\/bpa-nord.no\/se\/wp-content\/uploads\/sites\/2\/2024\/02\/himmel-s-l7twqjmivgw-unsplash-768x432.jpg 768w, https:\/\/bpa-nord.no\/se\/wp-content\/uploads\/sites\/2\/2024\/02\/himmel-s-l7twqjmivgw-unsplash-1536x864.jpg 1536w\" sizes=\"auto, (max-width: 1920px) 100vw, 1920px\" \/><div class=\"wp-block-cover__inner-container is-layout-constrained wp-block-cover-is-layout-constrained\">\n<h2 class=\"wp-block-heading has-text-align-center has-base-color has-text-color has-link-color wp-elements-57247bf82bf3a0a28474904ebbc32eb9\">BPA Nord<\/h2>\n\n\n\n<p class=\"has-text-align-center has-base-color has-text-color has-link-color has-large-font-size wp-elements-7f254661fa1d646ca0e6cb462b1c9119\" style=\"font-style:normal;font-weight:300\">Gelbbola\u0161vuohta&nbsp;&nbsp;|&nbsp; Dohkkeheapmi&nbsp;&nbsp;|&nbsp; \u00c1rvvusatnin |&nbsp; Luohtt\u00e1mu\u0161<\/p>\n<\/div><\/div>\n","protected":false},"excerpt":{"rendered":"<p>S\u00e1ht\u00e1t go ohcat BPA? BPA ulbmil lea addit dutnje, gii d\u00e1rbba\u0161at ollu veahki, stuor\u00e1t friddjavuo\u0111a stivret b\u00e1lvalusaid ja ie\u017eat \u00e1rgabeaivvi. BPA:in don mearridat gii galg\u00e1 leat du veahkkebargi, mainna galget veahkehit ja makk\u00e1r \u00e1iggis. Don beasat eallit ie\u0161heanala\u0161 ja aktiivvala\u0161 eallima. Gii s\u00e1htt\u00e1 ohcat BPA? Sihke m\u00e1n\u00e1t ja r\u00e1visolbmot s\u00e1httet oa\u017e\u017eut BPA, ja jus dus [&hellip;]<\/p>\n","protected":false},"author":1,"featured_media":1595,"parent":1036,"menu_order":0,"comment_status":"closed","ping_status":"closed","template":"no-title","meta":{"_acf_changed":false,"editor_notices":[],"footnotes":""},"class_list":["post-1085","page","type-page","status-publish","has-post-thumbnail","hentry"],"acf":[],"mb":[],"mfb_rest_fields":["title"],"_links":{"self":[{"href":"https:\/\/bpa-nord.no\/se\/wp-json\/wp\/v2\/pages\/1085","targetHints":{"allow":["GET"]}}],"collection":[{"href":"https:\/\/bpa-nord.no\/se\/wp-json\/wp\/v2\/pages"}],"about":[{"href":"https:\/\/bpa-nord.no\/se\/wp-json\/wp\/v2\/types\/page"}],"author":[{"embeddable":true,"href":"https:\/\/bpa-nord.no\/se\/wp-json\/wp\/v2\/users\/1"}],"replies":[{"embeddable":true,"href":"https:\/\/bpa-nord.no\/se\/wp-json\/wp\/v2\/comments?post=1085"}],"version-history":[{"count":1,"href":"https:\/\/bpa-nord.no\/se\/wp-json\/wp\/v2\/pages\/1085\/revisions"}],"predecessor-version":[{"id":2458,"href":"https:\/\/bpa-nord.no\/se\/wp-json\/wp\/v2\/pages\/1085\/revisions\/2458"}],"up":[{"embeddable":true,"href":"https:\/\/bpa-nord.no\/se\/wp-json\/wp\/v2\/pages\/1036"}],"wp:featuredmedia":[{"embeddable":true,"href":"https:\/\/bpa-nord.no\/se\/wp-json\/wp\/v2\/media\/1595"}],"wp:attachment":[{"href":"https:\/\/bpa-nord.no\/se\/wp-json\/wp\/v2\/media?parent=1085"}],"curies":[{"name":"wp","href":"https:\/\/api.w.org\/{rel}","templated":true}]}}