{"id":1217,"date":"2024-02-26T23:12:48","date_gmt":"2024-02-26T22:12:48","guid":{"rendered":"https:\/\/bpa-nord.no\/se\/?page_id=1217"},"modified":"2025-03-13T13:04:31","modified_gmt":"2025-03-13T12:04:31","slug":"bargga-bpa-assisteanttan","status":"publish","type":"page","link":"https:\/\/bpa-nord.no\/se\/bargga-min-luhtte\/bargga-bpa-assisteanttan\/","title":{"rendered":"Bargga BPA-assisteanttan"},"content":{"rendered":"\n<div class=\"wp-block-group alignfull has-custom-lys-hovedfarge-1-background-color has-background is-layout-constrained wp-block-group-is-layout-constrained\">\n<div class=\"wp-block-media-text alignwide is-stacked-on-mobile is-image-fill-element has-custom-farge-1-background-color has-background\" style=\"margin-top:0;margin-bottom:0\"><figure class=\"wp-block-media-text__media\"><img loading=\"lazy\" decoding=\"async\" width=\"1024\" height=\"768\" src=\"https:\/\/bpa-nord.no\/se\/wp-content\/uploads\/sites\/2\/2024\/03\/shutterstock-2193414615-1024x768.jpg\" alt=\"\" class=\"wp-image-1620 size-full\" style=\"object-position:50% 50%\" srcset=\"https:\/\/bpa-nord.no\/se\/wp-content\/uploads\/sites\/2\/2024\/03\/shutterstock-2193414615-1024x768.jpg 1024w, https:\/\/bpa-nord.no\/se\/wp-content\/uploads\/sites\/2\/2024\/03\/shutterstock-2193414615-300x225.jpg 300w, https:\/\/bpa-nord.no\/se\/wp-content\/uploads\/sites\/2\/2024\/03\/shutterstock-2193414615-768x576.jpg 768w, https:\/\/bpa-nord.no\/se\/wp-content\/uploads\/sites\/2\/2024\/03\/shutterstock-2193414615-1536x1152.jpg 1536w, https:\/\/bpa-nord.no\/se\/wp-content\/uploads\/sites\/2\/2024\/03\/shutterstock-2193414615.jpg 1920w\" sizes=\"auto, (max-width: 1024px) 100vw, 1024px\" \/><\/figure><div class=\"wp-block-media-text__content\">\n<div class=\"wp-block-group is-layout-constrained wp-block-group-is-layout-constrained\" style=\"padding-top:var(--wp--preset--spacing--60);padding-bottom:var(--wp--preset--spacing--60)\">\n<h1 class=\"wp-block-heading\">\u0160atta geavaheaddji-stivrejuvvon persuvnnala\u0161 assisteantta<\/h1>\n\n\n\n<p>Jurdda\u0161 du bargu dahka stuor\u00e1 erohusa ear\u00e1id eallimis &#8211; juohke \u00e1idna beaivvi! BPA-veahkkebargin dus lea m\u00e1\u014bggabealat bargobeaivi mii m\u00e1\u014bgga d\u00e1fus lea addit d\u00e1n olbmui dievasla\u0161 ja m\u00e1vssola\u0161 eallima.<\/p>\n\n\n\n<p class=\"has-medium-font-size\"><strong>Mii f\u00e1llat vu\u0111ola\u0161 oahpu ja viiddis kurssaid.<\/strong><\/p>\n<\/div>\n<\/div><\/div>\n<\/div>\n\n\n\n<h2 class=\"wp-block-heading\">Leahkit persuvnnala\u0161 assisteantta<\/h2>\n\n\n\n<p>Dihtet go ahte v\u00e1s\u00e1husat persovnnala\u0161 veahkkebarggus dagahit ahte don leat bivnnut ear\u00e1 bargguin maid? Go barggat nu lahka olbmuid go assisteanttat d\u00e1hket, de s\u00e1ht\u00e1t buoridit ie\u017eat gelbbola\u0161vuo\u0111a oktavuo\u0111a-huksemis. Don oa\u010d\u010dut m\u00e1htu ja v\u00e1s\u00e1husaid mat lea erenoam\u00e1\u017eat ja \u00e1rvvusadnojuvvot bargoeallimis!<\/p>\n\n\n\n<h2 class=\"wp-block-heading\">Du bargojo\u0111iheaddji<\/h2>\n\n\n\n<p>Bargojo\u0111iheaddji lea du lagamus jo\u0111iheaddji ja fuolaha oahpahusa. Muhtomin s\u00e1htt\u00e1 bargojo\u0111iheaddji leat ear\u00e1 go mearr\u00e1duseaiggat ie\u0161, omd muhtun lagas olmmo\u0161. Ovttas g\u00e1vnnahehpet diimmuid maid assisteantta galga bargat, ja makk\u00e1r bargguid galga vuoruhit.<\/p>\n\n\n\n<h2 class=\"wp-block-heading\">Oadjebas r\u00e1mmat<\/h2>\n\n\n\n<p>Mii BPA Nord:as diehtit ahte buorre oahpahus ja doarjja lea deh\u00e1la\u0161 vuoi don galggat dovdat ie\u017eat oadjebassan persovnnala\u0161 assisteantan. Resurssat mat mis leat ol\u00e1muttos dutnje leat:<\/p>\n\n\n\n<ul class=\"wp-block-list\">\n<li>Assisteantakursa<\/li>\n\n\n\n<li>Ie\u017eas persuvnnala\u0161 r\u00e1\u0111\u0111eaddi<\/li>\n\n\n\n<li>Digit\u00e1la diibmoregistreren<\/li>\n\n\n\n<li>Tariffa\u0161iehtadus<\/li>\n\n\n\n<li>D\u00e1hk\u00e1dusat<\/li>\n\n\n\n<li>Pen\u0161uvdna<\/li>\n<\/ul>\n\n\n\n<div class=\"wp-block-cover alignfull\" style=\"margin-top:var(--wp--preset--spacing--60);min-height:500px;aspect-ratio:unset;\"><span aria-hidden=\"true\" class=\"wp-block-cover__background has-background-dim-30 has-background-dim\"><\/span><img loading=\"lazy\" decoding=\"async\" width=\"1920\" height=\"1127\" class=\"wp-block-cover__image-background wp-image-1212\" alt=\"\" src=\"https:\/\/bpa-nord.no\/se\/wp-content\/uploads\/sites\/2\/2024\/02\/vidar-nordli-mathisen-5xm56dzwgyq-unsplash.jpg\" style=\"object-position:68% 73%\" data-object-fit=\"cover\" data-object-position=\"68% 73%\" srcset=\"https:\/\/bpa-nord.no\/se\/wp-content\/uploads\/sites\/2\/2024\/02\/vidar-nordli-mathisen-5xm56dzwgyq-unsplash.jpg 1920w, https:\/\/bpa-nord.no\/se\/wp-content\/uploads\/sites\/2\/2024\/02\/vidar-nordli-mathisen-5xm56dzwgyq-unsplash-300x176.jpg 300w, https:\/\/bpa-nord.no\/se\/wp-content\/uploads\/sites\/2\/2024\/02\/vidar-nordli-mathisen-5xm56dzwgyq-unsplash-1024x601.jpg 1024w, https:\/\/bpa-nord.no\/se\/wp-content\/uploads\/sites\/2\/2024\/02\/vidar-nordli-mathisen-5xm56dzwgyq-unsplash-768x451.jpg 768w, https:\/\/bpa-nord.no\/se\/wp-content\/uploads\/sites\/2\/2024\/02\/vidar-nordli-mathisen-5xm56dzwgyq-unsplash-1536x902.jpg 1536w\" sizes=\"auto, (max-width: 1920px) 100vw, 1920px\" \/><div class=\"wp-block-cover__inner-container is-layout-constrained wp-block-cover-is-layout-constrained\">\n<h2 class=\"wp-block-heading has-text-align-center has-base-color has-text-color has-link-color wp-elements-57247bf82bf3a0a28474904ebbc32eb9\">BPA Nord<\/h2>\n\n\n\n<p class=\"has-text-align-center has-base-color has-text-color has-link-color has-large-font-size wp-elements-487575df3ec38a368a4f84d92ca73fc7\" style=\"font-style:normal;font-weight:300\">Gelbbola\u0161vuohta\u00a0\u00a0|\u00a0 Dohkkeheapmi\u00a0\u00a0|\u00a0 \u00c1rvvusatnin\u00a0\u00a0|\u00a0 Luohtt\u00e1mu\u0161<\/p>\n<\/div><\/div>\n","protected":false},"excerpt":{"rendered":"<p>\u0160atta geavaheaddji-stivrejuvvon persuvnnala\u0161 assisteantta Jurdda\u0161 du bargu dahka stuor\u00e1 erohusa ear\u00e1id eallimis &#8211; juohke \u00e1idna beaivvi! BPA-veahkkebargin dus lea m\u00e1\u014bggabealat bargobeaivi mii m\u00e1\u014bgga d\u00e1fus lea addit d\u00e1n olbmui dievasla\u0161 ja m\u00e1vssola\u0161 eallima. Mii f\u00e1llat vu\u0111ola\u0161 oahpu ja viiddis kurssaid. Leahkit persuvnnala\u0161 assisteantta Dihtet go ahte v\u00e1s\u00e1husat persovnnala\u0161 veahkkebarggus dagahit ahte don leat bivnnut ear\u00e1 bargguin [&hellip;]<\/p>\n","protected":false},"author":1,"featured_media":1622,"parent":26,"menu_order":0,"comment_status":"closed","ping_status":"closed","template":"no-title","meta":{"_acf_changed":false,"editor_notices":[],"footnotes":""},"class_list":["post-1217","page","type-page","status-publish","has-post-thumbnail","hentry"],"acf":[],"mb":[],"mfb_rest_fields":["title"],"_links":{"self":[{"href":"https:\/\/bpa-nord.no\/se\/wp-json\/wp\/v2\/pages\/1217","targetHints":{"allow":["GET"]}}],"collection":[{"href":"https:\/\/bpa-nord.no\/se\/wp-json\/wp\/v2\/pages"}],"about":[{"href":"https:\/\/bpa-nord.no\/se\/wp-json\/wp\/v2\/types\/page"}],"author":[{"embeddable":true,"href":"https:\/\/bpa-nord.no\/se\/wp-json\/wp\/v2\/users\/1"}],"replies":[{"embeddable":true,"href":"https:\/\/bpa-nord.no\/se\/wp-json\/wp\/v2\/comments?post=1217"}],"version-history":[{"count":1,"href":"https:\/\/bpa-nord.no\/se\/wp-json\/wp\/v2\/pages\/1217\/revisions"}],"predecessor-version":[{"id":2730,"href":"https:\/\/bpa-nord.no\/se\/wp-json\/wp\/v2\/pages\/1217\/revisions\/2730"}],"up":[{"embeddable":true,"href":"https:\/\/bpa-nord.no\/se\/wp-json\/wp\/v2\/pages\/26"}],"wp:featuredmedia":[{"embeddable":true,"href":"https:\/\/bpa-nord.no\/se\/wp-json\/wp\/v2\/media\/1622"}],"wp:attachment":[{"href":"https:\/\/bpa-nord.no\/se\/wp-json\/wp\/v2\/media?parent=1217"}],"curies":[{"name":"wp","href":"https:\/\/api.w.org\/{rel}","templated":true}]}}