{"id":16,"date":"2024-02-08T14:18:49","date_gmt":"2024-02-08T13:18:49","guid":{"rendered":"https:\/\/bpa-nord.no\/se\/?page_id=16"},"modified":"2025-04-08T13:03:20","modified_gmt":"2025-04-08T11:03:20","slug":"ovdasiidu","status":"publish","type":"page","link":"https:\/\/bpa-nord.no\/se\/","title":{"rendered":"Ovdasiidu"},"content":{"rendered":"\n<div class=\"wp-block-group alignfull has-custom-lys-hovedfarge-1-background-color has-background is-layout-constrained wp-container-core-group-is-layout-83710dc7 wp-block-group-is-layout-constrained\" style=\"margin-top:0;margin-bottom:0;padding-top:var(--wp--preset--spacing--40);padding-right:var(--wp--preset--spacing--30);padding-bottom:var(--wp--preset--spacing--40);padding-left:var(--wp--preset--spacing--30)\">\n<div class=\"wp-block-cover alignwide is-light\" style=\"border-radius:30px\"><span aria-hidden=\"true\" class=\"wp-block-cover__background has-background-dim-0 has-background-dim\"><\/span><img loading=\"lazy\" decoding=\"async\" width=\"1920\" height=\"1280\" class=\"wp-block-cover__image-background wp-image-1543\" alt=\"\" src=\"https:\/\/bpa-nord.no\/se\/wp-content\/uploads\/sites\/2\/2024\/03\/istock-1041472750.jpg\" style=\"object-position:65% 36%\" data-object-fit=\"cover\" data-object-position=\"65% 36%\" srcset=\"https:\/\/bpa-nord.no\/se\/wp-content\/uploads\/sites\/2\/2024\/03\/istock-1041472750.jpg 1920w, https:\/\/bpa-nord.no\/se\/wp-content\/uploads\/sites\/2\/2024\/03\/istock-1041472750-300x200.jpg 300w, https:\/\/bpa-nord.no\/se\/wp-content\/uploads\/sites\/2\/2024\/03\/istock-1041472750-1024x683.jpg 1024w, https:\/\/bpa-nord.no\/se\/wp-content\/uploads\/sites\/2\/2024\/03\/istock-1041472750-768x512.jpg 768w, https:\/\/bpa-nord.no\/se\/wp-content\/uploads\/sites\/2\/2024\/03\/istock-1041472750-1536x1024.jpg 1536w\" sizes=\"auto, (max-width: 1920px) 100vw, 1920px\" \/><div class=\"wp-block-cover__inner-container is-layout-constrained wp-block-cover-is-layout-constrained\">\n<p class=\"has-text-align-center has-large-font-size\"><\/p>\n<\/div><\/div>\n\n\n\n<div class=\"wp-block-columns alignwide is-layout-flex wp-container-core-columns-is-layout-92edd65f wp-block-columns-is-layout-flex\" style=\"margin-top:var(--wp--preset--spacing--40);margin-bottom:var(--wp--preset--spacing--30)\">\n<div class=\"wp-block-column is-vertically-aligned-top is-layout-flow wp-block-column-is-layout-flow\" style=\"flex-basis:40%\">\n<h1 class=\"wp-block-heading has-text-align-left has-primary-color has-text-color has-link-color wp-elements-1f863e0ccae4861feaba7679c9a63879\" style=\"font-size:clamp(27.894px, 1.743rem + ((1vw - 3.2px) * 2.052), 48px);\">BPA-Nord lea du oadjebas guoibmi friddja- ja ie\u0161heanala\u0161 eallimii<\/h1>\n<\/div>\n\n\n\n<div class=\"wp-block-column is-vertically-aligned-top is-layout-flow wp-block-column-is-layout-flow\" style=\"padding-top:0\">\n<p class=\"has-large-font-size\" style=\"font-style:normal;font-weight:300\">Davvi-Norgga l\u00e1gideaddji geavaheaddji stivrejuvvon persovnnala\u0161 veahkis, mas lea m\u00e1httu regiovnna ja kultuvrra birra. D\u00e1ppe don oa\u010d\u010dut:<\/p>\n\n\n\n<ul style=\"font-style:normal;font-weight:400\" class=\"wp-block-list has-medium-font-size\">\n<li>Heivehuvvon bargojo\u0111iheaddjeoahpu<\/li>\n\n\n\n<li>Bisteva\u0161 bagadeami<\/li>\n\n\n\n<li>R\u00e1\u0111\u0111eaddiid geain bachelorgr\u00e1da, viid\u00e1s f\u00e1gala\u0161 v\u00e1sahusat ja jo\u0111iheaddjeoahppu<\/li>\n\n\n\n<li>S\u00e1megielat r\u00e1\u0111\u0111eaddiid, r\u00e1\u0111\u0111eaddit geain s\u00e1megiella eatnigiellan<\/li>\n\n\n\n<li>R\u00e1\u0111\u0111eaddiid geat leat bargojo\u0111iheaddjit m\u00e1n\u00e1ideaset assisteanttaide<\/li>\n\n\n\n<li>Digit\u00e1la veahkkeneavvuid ja reaidduid geahpidandihte bargojo\u0111iheaddji \u00e1rgabeaivvi<\/li>\n<\/ul>\n<\/div>\n<\/div>\n\n\n\n<div style=\"height:var(--wp--preset--spacing--30)\" aria-hidden=\"true\" class=\"wp-block-spacer\"><\/div>\n\n\n<div class=\"wp-block-post-type-multi post-type-multi type-manual display-row post-type-multi-page alignwide wp-block-acf-post-type-multi\" id=\"post-type-multi-69ecf239ef63f\" data-columns=\"3\" data-post-type=\"page\" data-template=\"page-list.twig\" data-total=\"4\" >\n  <div class=\"row&#x20;row-eq-height&#x20;justify-content-start row-cols-3\">\n\t\t      <div class=\"d-flex&#x20;col-12&#x20;col-sm-6&#x20;col-md-4&#x20;mb-5\">\n        \n\n<a href=\"https:\/\/bpa-nord.no\/se\/bpa-birra-obbalaccat\/lonuhit-falaldaga\/\" class=\"card-page-list\">\n      <i class=\"fa-classic fa-solid fa-shuffle\" aria-hidden=\"true\"><\/i>\n      <h2>Lonuhit f\u00e1laldaga<\/h2>\n<\/a>      <\/div>\n          <div class=\"d-flex&#x20;col-12&#x20;col-sm-6&#x20;col-md-4&#x20;mb-5\">\n        \n\n<a href=\"https:\/\/bpa-nord.no\/se\/bpa-birra-obbalaccat\/ohcat-bpa\/\" class=\"card-page-list\">\n      <i class=\"fa-classic fa-solid fa-highlighter\" aria-hidden=\"true\"><\/i>\n      <h2>Ohcat BPA<\/h2>\n<\/a>      <\/div>\n          <div class=\"d-flex&#x20;col-12&#x20;col-sm-6&#x20;col-md-4&#x20;mb-5\">\n        \n\n<a href=\"https:\/\/bpa-nord.no\/se\/bpa-birra-obbalaccat\/bpa-manaide-ja-nuoraide\/\" class=\"card-page-list\">\n      <i class=\"fa-classic fa-solid fa-child-dress\" aria-hidden=\"true\"><\/i>\n      <h2>BPA m\u00e1n\u00e1ide ja nuoraide<\/h2>\n<\/a>      <\/div>\n    \t<\/div>\n<\/div>\n<\/div>\n\n\n\n<figure class=\"wp-block-gallery alignfull has-nested-images columns-4 is-cropped wp-block-gallery-1 is-layout-flex wp-block-gallery-is-layout-flex\" style=\"margin-top:10px;margin-right:0;margin-bottom:10px;margin-left:0;padding-top:0;padding-bottom:0\">\n<figure class=\"wp-block-image size-full\"><img loading=\"lazy\" decoding=\"async\" width=\"1920\" height=\"1440\" data-id=\"1561\" src=\"https:\/\/bpa-nord.no\/se\/wp-content\/uploads\/sites\/2\/2024\/03\/jis-hosttur-med-assistenter.jpg\" alt=\"\" class=\"wp-image-1561\" srcset=\"https:\/\/bpa-nord.no\/se\/wp-content\/uploads\/sites\/2\/2024\/03\/jis-hosttur-med-assistenter.jpg 1920w, https:\/\/bpa-nord.no\/se\/wp-content\/uploads\/sites\/2\/2024\/03\/jis-hosttur-med-assistenter-300x225.jpg 300w, https:\/\/bpa-nord.no\/se\/wp-content\/uploads\/sites\/2\/2024\/03\/jis-hosttur-med-assistenter-1024x768.jpg 1024w, https:\/\/bpa-nord.no\/se\/wp-content\/uploads\/sites\/2\/2024\/03\/jis-hosttur-med-assistenter-768x576.jpg 768w, https:\/\/bpa-nord.no\/se\/wp-content\/uploads\/sites\/2\/2024\/03\/jis-hosttur-med-assistenter-1536x1152.jpg 1536w\" sizes=\"auto, (max-width: 1920px) 100vw, 1920px\" \/><\/figure>\n\n\n\n<figure class=\"wp-block-image size-full\"><img loading=\"lazy\" decoding=\"async\" width=\"1920\" height=\"1440\" data-id=\"1568\" src=\"https:\/\/bpa-nord.no\/se\/wp-content\/uploads\/sites\/2\/2024\/03\/shutterstock-1815575255.jpg\" alt=\"\" class=\"wp-image-1568\" srcset=\"https:\/\/bpa-nord.no\/se\/wp-content\/uploads\/sites\/2\/2024\/03\/shutterstock-1815575255.jpg 1920w, https:\/\/bpa-nord.no\/se\/wp-content\/uploads\/sites\/2\/2024\/03\/shutterstock-1815575255-300x225.jpg 300w, https:\/\/bpa-nord.no\/se\/wp-content\/uploads\/sites\/2\/2024\/03\/shutterstock-1815575255-1024x768.jpg 1024w, https:\/\/bpa-nord.no\/se\/wp-content\/uploads\/sites\/2\/2024\/03\/shutterstock-1815575255-768x576.jpg 768w, https:\/\/bpa-nord.no\/se\/wp-content\/uploads\/sites\/2\/2024\/03\/shutterstock-1815575255-1536x1152.jpg 1536w\" sizes=\"auto, (max-width: 1920px) 100vw, 1920px\" \/><\/figure>\n\n\n\n<figure class=\"wp-block-image size-large\"><img loading=\"lazy\" decoding=\"async\" width=\"1024\" height=\"768\" data-id=\"1562\" src=\"https:\/\/bpa-nord.no\/se\/wp-content\/uploads\/sites\/2\/2024\/03\/hh-med-radgiver-1024x768.jpg\" alt=\"\" class=\"wp-image-1562\" srcset=\"https:\/\/bpa-nord.no\/se\/wp-content\/uploads\/sites\/2\/2024\/03\/hh-med-radgiver-1024x768.jpg 1024w, https:\/\/bpa-nord.no\/se\/wp-content\/uploads\/sites\/2\/2024\/03\/hh-med-radgiver-300x225.jpg 300w, https:\/\/bpa-nord.no\/se\/wp-content\/uploads\/sites\/2\/2024\/03\/hh-med-radgiver-768x576.jpg 768w, https:\/\/bpa-nord.no\/se\/wp-content\/uploads\/sites\/2\/2024\/03\/hh-med-radgiver-1536x1152.jpg 1536w, https:\/\/bpa-nord.no\/se\/wp-content\/uploads\/sites\/2\/2024\/03\/hh-med-radgiver.jpg 1920w\" sizes=\"auto, (max-width: 1024px) 100vw, 1024px\" \/><\/figure>\n\n\n\n<figure class=\"wp-block-image size-full\"><img loading=\"lazy\" decoding=\"async\" width=\"1920\" height=\"1440\" data-id=\"1567\" src=\"https:\/\/bpa-nord.no\/se\/wp-content\/uploads\/sites\/2\/2024\/03\/tfa-hurtirute.jpg\" alt=\"\" class=\"wp-image-1567\" srcset=\"https:\/\/bpa-nord.no\/se\/wp-content\/uploads\/sites\/2\/2024\/03\/tfa-hurtirute.jpg 1920w, https:\/\/bpa-nord.no\/se\/wp-content\/uploads\/sites\/2\/2024\/03\/tfa-hurtirute-300x225.jpg 300w, https:\/\/bpa-nord.no\/se\/wp-content\/uploads\/sites\/2\/2024\/03\/tfa-hurtirute-1024x768.jpg 1024w, https:\/\/bpa-nord.no\/se\/wp-content\/uploads\/sites\/2\/2024\/03\/tfa-hurtirute-768x576.jpg 768w, https:\/\/bpa-nord.no\/se\/wp-content\/uploads\/sites\/2\/2024\/03\/tfa-hurtirute-1536x1152.jpg 1536w\" sizes=\"auto, (max-width: 1920px) 100vw, 1920px\" \/><\/figure>\n<\/figure>\n\n\n\n<div class=\"wp-block-media-text alignwide has-media-on-the-right is-stacked-on-mobile has-pantone-155-c-background-color has-background\" style=\"margin-top:var(--wp--preset--spacing--60);margin-bottom:var(--wp--preset--spacing--60);grid-template-columns:auto 35%\"><div class=\"wp-block-media-text__content\">\n<div class=\"wp-block-group is-layout-constrained wp-block-group-is-layout-constrained\" style=\"padding-top:var(--wp--preset--spacing--50);padding-bottom:var(--wp--preset--spacing--50)\">\n<h2 class=\"wp-block-heading\">Geavaheaddjistivrejuvvon persovnnala\u0161 veahkki<\/h2>\n\n\n\n<p><strong>BPA lea ortnet mii galg\u00e1 v\u00e1ikkuhit d\u00e1sse\u00e1rvvu, ovttaveard\u00e1sa\u0161vuo\u0111a ja servvodatoas\u00e1lasttima doaimmashehttejun olbmuide.<\/strong> BPA lea l\u00e1ga bokte nannejuvvon dearvva\u0161vuo\u0111al\u00e1gain, muhto lea oaivvilduvvon reaidun mii galg\u00e1 sihkkarastit olbmuide geain lea veahkked\u00e1rbu, vejola\u0161vuo\u0111a v\u00e1ldit ovddasv\u00e1st\u00e1dusa ie\u017easet eallimis ja olahit ilu ja eallinkvalitehta.<\/p>\n\n\n\n<div class=\"wp-block-buttons is-layout-flex wp-block-buttons-is-layout-flex\">\n<div class=\"wp-block-button is-style-fill\"><a class=\"wp-block-button__link wp-element-button\" href=\"https:\/\/bpa-nord.no\/se\/bpa-nord-birra\/na-muitalit-bpa-geavaheaddjit\/\">Maid min kunddarat dadjet?<\/a><\/div>\n\n\n\n<div class=\"wp-block-button is-style-fill\"><a class=\"wp-block-button__link wp-element-button\" href=\"https:\/\/bpa-nord.no\/se\/oktavuodadiedut\/\">V\u00e1ldde oktavuo\u0111a<\/a><\/div>\n<\/div>\n<\/div>\n<\/div><figure class=\"wp-block-media-text__media\"><img loading=\"lazy\" decoding=\"async\" width=\"768\" height=\"1024\" src=\"https:\/\/bpa-nord.no\/se\/wp-content\/uploads\/sites\/2\/2024\/03\/2031866720-768x1024.jpg\" alt=\"\" class=\"wp-image-1641 size-full\" srcset=\"https:\/\/bpa-nord.no\/se\/wp-content\/uploads\/sites\/2\/2024\/03\/2031866720-768x1024.jpg 768w, https:\/\/bpa-nord.no\/se\/wp-content\/uploads\/sites\/2\/2024\/03\/2031866720-225x300.jpg 225w, https:\/\/bpa-nord.no\/se\/wp-content\/uploads\/sites\/2\/2024\/03\/2031866720-1152x1536.jpg 1152w, https:\/\/bpa-nord.no\/se\/wp-content\/uploads\/sites\/2\/2024\/03\/2031866720.jpg 1440w\" sizes=\"auto, (max-width: 768px) 100vw, 768px\" \/><\/figure><\/div>\n\n\n\n<div class=\"wp-block-group alignfull has-custom-lys-hovedfarge-1-background-color has-background is-layout-constrained wp-container-core-group-is-layout-4b7024f0 wp-block-group-is-layout-constrained\" style=\"margin-top:0;margin-bottom:0;padding-top:var(--wp--preset--spacing--40);padding-right:var(--wp--preset--spacing--30);padding-bottom:var(--wp--preset--spacing--50);padding-left:var(--wp--preset--spacing--30)\">\n<div class=\"wp-block-group alignwide is-content-justification-space-between is-nowrap is-layout-flex wp-container-core-group-is-layout-cb46ffcb wp-block-group-is-layout-flex\">\n<h2 class=\"wp-block-heading alignwide\">\u00c1igeguovdilis \u00e1\u0161\u0161it<\/h2>\n\n\n\n<p><a href=\"https:\/\/bpa-nord.no\/se\/oddasat\/\" data-type=\"page\" data-id=\"1364\">O\u0111\u0111asat<\/a><\/p>\n<\/div>\n\n\n<div class=\"wp-block-post-type-multi post-type-multi type-auto display-row post-type-multi-post alignwide wp-block-acf-post-type-multi\" id=\"post-type-multi-69ecf23a0170c\" data-columns=\"3\" data-post-type=\"post\" data-template=\"post-vertical.twig\" data-total=\"3\" >\n  <div class=\"row&#x20;row-eq-height&#x20;justify-content-start row-cols-3\">\n\t\t      <div class=\"d-flex&#x20;col-12&#x20;col-sm-6&#x20;col-md-4&#x20;mb-5\">\n        \n<a href=\"https:\/\/bpa-nord.no\/se\/blog\/2025\/03\/26\/bpa-nord-apner-nytt-kontor-i-fauske-sentrum\/\" class=\"card-vertical\">\n      <figure>\n      <img\n        src=\"https:\/\/bpa-nord.no\/se\/wp-content\/uploads\/sites\/2\/2025\/03\/hils-mariell-2-768x556.jpg\"\n                  alt=\"Bilde for artikkelen BPA Nord \u00e5pner nytt kontor i Fauske sentrum!\"\n                decoding=\"async\"\n        loading=\"lazy\"\n      \/>\n    <\/figure>\n  \n  <section>\n    <header>\n      <p class=\"date\"><time datetime=\"2025-03-26\">26. mars 2025<\/time><\/p>\n      <h2>BPA Nord \u00e5pner nytt kontor i Fauske sentrum!<\/h2>\n    <\/header>\n      <\/section>\n<\/a>      <\/div>\n          <div class=\"d-flex&#x20;col-12&#x20;col-sm-6&#x20;col-md-4&#x20;mb-5\">\n        \n<a href=\"https:\/\/bpa-nord.no\/se\/blog\/2025\/03\/26\/ken-viggo-pa-landslaget-i-sittevolleyball\/\" class=\"card-vertical\">\n      <figure>\n      <img\n        src=\"https:\/\/bpa-nord.no\/se\/wp-content\/uploads\/sites\/2\/2025\/03\/ken-viggo-1.jpg\"\n                  alt=\"Bilde for artikkelen Ken Viggo p\u00e5 Landslaget i sittevolleyball!\"\n                decoding=\"async\"\n        loading=\"lazy\"\n      \/>\n    <\/figure>\n  \n  <section>\n    <header>\n      <p class=\"date\"><time datetime=\"2025-03-26\">26. mars 2025<\/time><\/p>\n      <h2>Ken Viggo p\u00e5 Landslaget i sittevolleyball!<\/h2>\n    <\/header>\n      <\/section>\n<\/a>      <\/div>\n          <div class=\"d-flex&#x20;col-12&#x20;col-sm-6&#x20;col-md-4&#x20;mb-5\">\n        \n<a href=\"https:\/\/bpa-nord.no\/se\/blog\/2024\/04\/25\/bpa-kafe-pa-myre-i-oksnes-kommune\/\" class=\"card-vertical\">\n      <figure>\n      <img\n        src=\"https:\/\/bpa-nord.no\/se\/wp-content\/uploads\/sites\/2\/2024\/04\/bpa-kafe-skjervoy-0324-768x556.png\"\n                  alt=\"Bilde for artikkelen BPA-Kaf\u00e9 p\u00e5 Myre i \u00d8ksnes kommune\"\n                decoding=\"async\"\n        loading=\"lazy\"\n      \/>\n    <\/figure>\n  \n  <section>\n    <header>\n      <p class=\"date\"><time datetime=\"2024-04-25\">25. april 2024<\/time><\/p>\n      <h2>BPA-Kaf\u00e9 p\u00e5 Myre i \u00d8ksnes kommune<\/h2>\n    <\/header>\n          <p>Velkommen til \u00e5pen BPA-kaf\u00e9! Brukerstyrt Personlig Assistanse (BPA) er for deg som har en funksjonsnedsettelse.<\/p>\n      <\/section>\n<\/a>      <\/div>\n    \t<\/div>\n<\/div>\n<\/div>\n\n\n\n<div class=\"wp-block-cover alignfull\" style=\"margin-top:10px;min-height:500px;aspect-ratio:unset;\"><span aria-hidden=\"true\" class=\"wp-block-cover__background has-background-dim-30 has-background-dim\"><\/span><img loading=\"lazy\" decoding=\"async\" width=\"1920\" height=\"1280\" class=\"wp-block-cover__image-background wp-image-1277\" alt=\"\" src=\"https:\/\/bpa-nord.no\/se\/wp-content\/uploads\/sites\/2\/2024\/02\/julien-lavallee-x6gr8lbmvq4-unsplash.jpg\" style=\"object-position:54% 57%\" data-object-fit=\"cover\" data-object-position=\"54% 57%\" srcset=\"https:\/\/bpa-nord.no\/se\/wp-content\/uploads\/sites\/2\/2024\/02\/julien-lavallee-x6gr8lbmvq4-unsplash.jpg 1920w, https:\/\/bpa-nord.no\/se\/wp-content\/uploads\/sites\/2\/2024\/02\/julien-lavallee-x6gr8lbmvq4-unsplash-300x200.jpg 300w, https:\/\/bpa-nord.no\/se\/wp-content\/uploads\/sites\/2\/2024\/02\/julien-lavallee-x6gr8lbmvq4-unsplash-1024x683.jpg 1024w, https:\/\/bpa-nord.no\/se\/wp-content\/uploads\/sites\/2\/2024\/02\/julien-lavallee-x6gr8lbmvq4-unsplash-768x512.jpg 768w, https:\/\/bpa-nord.no\/se\/wp-content\/uploads\/sites\/2\/2024\/02\/julien-lavallee-x6gr8lbmvq4-unsplash-1536x1024.jpg 1536w\" sizes=\"auto, (max-width: 1920px) 100vw, 1920px\" \/><div class=\"wp-block-cover__inner-container is-layout-constrained wp-block-cover-is-layout-constrained\">\n<h2 class=\"wp-block-heading has-text-align-center has-base-color has-text-color has-link-color wp-elements-57247bf82bf3a0a28474904ebbc32eb9\">BPA Nord<\/h2>\n\n\n\n<p class=\"has-text-align-center has-base-color has-text-color has-link-color has-large-font-size wp-elements-bf68fc332d89e16a64c8595df6e0ea32\" style=\"font-style:normal;font-weight:300\">Gelbbola\u0161vuohta&nbsp;&nbsp;|&nbsp; Dohkkeheapmi&nbsp;&nbsp;|&nbsp; \u00c1rvvusatnin&nbsp;&nbsp;|&nbsp; Luohtt\u00e1mu\u0161<\/p>\n<\/div><\/div>\n","protected":false},"excerpt":{"rendered":"<p>BPA-Nord lea du oadjebas guoibmi friddja- ja ie\u0161heanala\u0161 eallimii Davvi-Norgga l\u00e1gideaddji geavaheaddji stivrejuvvon persovnnala\u0161 veahkis, mas lea m\u00e1httu regiovnna ja kultuvrra birra. D\u00e1ppe don oa\u010d\u010dut: \u00c1igeguovdilis \u00e1\u0161\u0161it O\u0111\u0111asat<\/p>\n","protected":false},"author":1,"featured_media":0,"parent":0,"menu_order":1,"comment_status":"closed","ping_status":"closed","template":"forside","meta":{"_acf_changed":false,"editor_notices":[],"footnotes":""},"class_list":["post-16","page","type-page","status-publish","hentry"],"acf":[],"mb":[],"mfb_rest_fields":["title"],"_links":{"self":[{"href":"https:\/\/bpa-nord.no\/se\/wp-json\/wp\/v2\/pages\/16","targetHints":{"allow":["GET"]}}],"collection":[{"href":"https:\/\/bpa-nord.no\/se\/wp-json\/wp\/v2\/pages"}],"about":[{"href":"https:\/\/bpa-nord.no\/se\/wp-json\/wp\/v2\/types\/page"}],"author":[{"embeddable":true,"href":"https:\/\/bpa-nord.no\/se\/wp-json\/wp\/v2\/users\/1"}],"replies":[{"embeddable":true,"href":"https:\/\/bpa-nord.no\/se\/wp-json\/wp\/v2\/comments?post=16"}],"version-history":[{"count":2,"href":"https:\/\/bpa-nord.no\/se\/wp-json\/wp\/v2\/pages\/16\/revisions"}],"predecessor-version":[{"id":2835,"href":"https:\/\/bpa-nord.no\/se\/wp-json\/wp\/v2\/pages\/16\/revisions\/2835"}],"wp:attachment":[{"href":"https:\/\/bpa-nord.no\/se\/wp-json\/wp\/v2\/media?parent=16"}],"curies":[{"name":"wp","href":"https:\/\/api.w.org\/{rel}","templated":true}]}}