{"id":1773,"date":"2024-04-09T13:19:56","date_gmt":"2024-04-09T11:19:56","guid":{"rendered":"https:\/\/bpa-nord.no\/se\/?page_id=1773"},"modified":"2024-05-28T13:47:43","modified_gmt":"2024-05-28T11:47:43","slug":"doaibmanveahkki","status":"publish","type":"page","link":"https:\/\/bpa-nord.no\/se\/bpa-birra-obbalaccat\/doaibmanveahkki\/","title":{"rendered":"Doaibmanveahkki"},"content":{"rendered":"\n<div class=\"wp-block-group alignfull has-custom-lys-hovedfarge-1-background-color has-background is-layout-constrained wp-block-group-is-layout-constrained\">\n<div class=\"wp-block-media-text alignwide is-stacked-on-mobile is-image-fill has-custom-farge-1-background-color has-background\" style=\"margin-top:0;margin-bottom:0;grid-template-columns:40% auto\"><figure class=\"wp-block-media-text__media\" style=\"background-image:url(https:\/\/bpa-nord.no\/se\/wp-content\/uploads\/sites\/2\/2024\/04\/istock-646863084-1024x683.jpg);background-position:11% 55%\"><img loading=\"lazy\" decoding=\"async\" width=\"1024\" height=\"683\" src=\"https:\/\/bpa-nord.no\/se\/wp-content\/uploads\/sites\/2\/2024\/04\/istock-646863084-1024x683.jpg\" alt=\"\" class=\"wp-image-1768 size-full\" srcset=\"https:\/\/bpa-nord.no\/se\/wp-content\/uploads\/sites\/2\/2024\/04\/istock-646863084-1024x683.jpg 1024w, https:\/\/bpa-nord.no\/se\/wp-content\/uploads\/sites\/2\/2024\/04\/istock-646863084-300x200.jpg 300w, https:\/\/bpa-nord.no\/se\/wp-content\/uploads\/sites\/2\/2024\/04\/istock-646863084-768x513.jpg 768w, https:\/\/bpa-nord.no\/se\/wp-content\/uploads\/sites\/2\/2024\/04\/istock-646863084-1536x1025.jpg 1536w, https:\/\/bpa-nord.no\/se\/wp-content\/uploads\/sites\/2\/2024\/04\/istock-646863084.jpg 1990w\" sizes=\"auto, (max-width: 1024px) 100vw, 1024px\" \/><\/figure><div class=\"wp-block-media-text__content\">\n<div class=\"wp-block-group is-layout-constrained wp-container-core-group-is-layout-3d5ac7cc wp-block-group-is-layout-constrained\" style=\"padding-top:var(--wp--preset--spacing--50);padding-right:0;padding-bottom:var(--wp--preset--spacing--50);padding-left:0\">\n<h1 class=\"wp-block-heading\">Doaibmanveahkki bargoeallimis<\/h1>\n\n\n\n<p>Doaibmanveahkki, lea heivehanortnet dutnje geas lea doaibmahehttehus, dahje olbmui geas lea garra oaidninhehttehus. Dat add\u00e1 dutnje vejola\u0161vuo\u0111a oa\u017e\u017eut veahki mielde bargui, nu ahte s\u00e1ht\u00e1t bargat ie\u0161heanala\u010d\u010dat.<\/p>\n<\/div>\n<\/div><\/div>\n<\/div>\n\n\n\n<h2 class=\"wp-block-heading\">Mainna veahkeha assisteanta du?<\/h2>\n\n\n\n<p>Veahkki veahkeha du prahtihkkala\u0161 bargguiguin mat leat \u010d\u00e1dnon bargodill\u00e1i bargosajis, ruovttukantuvrras, \u010doahkkimiin sihke bargosajis ja olggobealde bargosaji ja dalle go m\u00e1tkko\u0161tat bargui. Don leat ie\u0161 doaibmanvehkiid bargojo\u0111iheaddji ja mearridat ie\u0161 gii galg\u00e1 bargat du ovddas.<\/p>\n\n\n\n<p>Doaibmanveahki ohcamu\u0161 s\u00e1ddejuvvo NAV:ii, mii juolluda d\u00e1n ortnega jahk\u00e1i h\u00e1v\u00e1lis oktan mearr\u00e1dusain juohke njealjj\u00e1t jagi. NAV m\u00e1ks\u00e1 veahkkebargi b\u00e1lk\u00e1goluid. Man galle diimmu doaibmanveahkki \u00e1rvvo\u0161tallojuvvo oktagasla\u010d\u010dat du d\u00e1rbbuid ja du bargodili ektui.<\/p>\n\n\n\n<p><a href=\"https:\/\/www.nav.no\/no\/person\/hjelpemidler\/hjelpemidler-og-tilrettelegging\/tilrettelegging\/arbeid-og-utdanning\/funksjonsassistanse-i-arbeidslivet\">Loga eambbo doaibmaveahkkeortnega birra NAVa neahttasiidduin<\/a><\/p>\n\n\n\n<div class=\"wp-block-group has-border-color has-quinary-border-color has-custom-gul-med-ok-r-d-kontrast-background-color has-background is-layout-constrained wp-container-core-group-is-layout-20822dfc wp-block-group-is-layout-constrained\" style=\"border-width:10px;border-radius:30px;margin-top:var(--wp--preset--spacing--70);margin-bottom:var(--wp--preset--spacing--70);padding-top:var(--wp--preset--spacing--40);padding-right:var(--wp--preset--spacing--40);padding-bottom:var(--wp--preset--spacing--40);padding-left:var(--wp--preset--spacing--40)\">\n<h2 class=\"wp-block-heading\" style=\"padding-top:0;padding-bottom:0\">Leage sihkar ahte oa\u010d\u010dut dan veahki maid d\u00e1rbba\u0161at BPA Nordas<\/h2>\n\n\n\n<ul class=\"wp-block-list\">\n<li>Mis lea guhkes v\u00e1s\u00e1hus BPA-ortnegiin, olbmuin ja bearra\u0161iin geain leat ie\u0161gu\u0111etl\u00e1gan d\u00e1rbbut ja doaibman\u00e1vccat.<\/li>\n\n\n\n<li>Leat go o\u017e\u017eon jo BPA mearr\u00e1dusa vuoi h\u00e1liidat go lonuhit b\u00e1lvalusaid min lusa, dahje d\u00e1rbba\u0161at eara veahki &#8211; <strong>ri\u014bge dahje s\u00e1ddes die\u0111u dahje e-boasta.<\/strong><\/li>\n<\/ul>\n\n\n\n<div class=\"wp-block-group is-nowrap is-layout-flex wp-container-core-group-is-layout-6c531013 wp-block-group-is-layout-flex\">\n<figure class=\"wp-block-image size-medium is-resized wp-duotone-004b87-004b87-1\"><img loading=\"lazy\" decoding=\"async\" width=\"512\" height=\"512\" src=\"https:\/\/bpa-nord.no\/se\/wp-content\/uploads\/sites\/2\/2024\/02\/circle-phone-solid.svg\" alt=\"\" class=\"wp-image-142\" style=\"width:80px\" \/><\/figure>\n\n\n\n<p class=\"has-large-font-size\"><strong><a href=\"https:\/\/bpa-nord.no\/se\/kontakt\/\" data-type=\"page\" data-id=\"28\">V\u00e1ldde oktavuo\u0111a nuvtta ja geatnegaskeahtes bagadallan s\u00e1gastallamii.<\/a><\/strong><\/p>\n<\/div>\n<\/div>\n\n\n\n<div class=\"wp-block-cover alignfull is-light\" style=\"margin-top:var(--wp--preset--spacing--60);min-height:500px;aspect-ratio:unset;\"><span aria-hidden=\"true\" class=\"wp-block-cover__background has-background-dim-30 has-background-dim\" style=\"background-color:#9185a4\"><\/span><img loading=\"lazy\" decoding=\"async\" width=\"1990\" height=\"756\" class=\"wp-block-cover__image-background wp-image-1771\" alt=\"\" src=\"https:\/\/bpa-nord.no\/se\/wp-content\/uploads\/sites\/2\/2024\/04\/lofoten-shutterstock-1059580673.jpg\" style=\"object-position:21% 50%\" data-object-fit=\"cover\" data-object-position=\"21% 50%\" srcset=\"https:\/\/bpa-nord.no\/se\/wp-content\/uploads\/sites\/2\/2024\/04\/lofoten-shutterstock-1059580673.jpg 1990w, https:\/\/bpa-nord.no\/se\/wp-content\/uploads\/sites\/2\/2024\/04\/lofoten-shutterstock-1059580673-300x114.jpg 300w, https:\/\/bpa-nord.no\/se\/wp-content\/uploads\/sites\/2\/2024\/04\/lofoten-shutterstock-1059580673-1024x389.jpg 1024w, https:\/\/bpa-nord.no\/se\/wp-content\/uploads\/sites\/2\/2024\/04\/lofoten-shutterstock-1059580673-768x292.jpg 768w, https:\/\/bpa-nord.no\/se\/wp-content\/uploads\/sites\/2\/2024\/04\/lofoten-shutterstock-1059580673-1536x584.jpg 1536w\" sizes=\"auto, (max-width: 1990px) 100vw, 1990px\" \/><div class=\"wp-block-cover__inner-container is-layout-constrained wp-block-cover-is-layout-constrained\">\n<h2 class=\"wp-block-heading has-text-align-center has-base-color has-text-color has-link-color wp-elements-57247bf82bf3a0a28474904ebbc32eb9\">BPA Nord<\/h2>\n\n\n\n<p class=\"has-text-align-center has-base-color has-text-color has-link-color has-large-font-size wp-elements-bf68fc332d89e16a64c8595df6e0ea32\" style=\"font-style:normal;font-weight:300\">Gelbbola\u0161vuohta&nbsp;&nbsp;|&nbsp; Dohkkeheapmi&nbsp;&nbsp;|&nbsp; \u00c1rvvusatnin&nbsp;&nbsp;|&nbsp; Luohtt\u00e1mu\u0161<\/p>\n<\/div><\/div>\n","protected":false},"excerpt":{"rendered":"<p>Doaibmanveahkki bargoeallimis Doaibmanveahkki, lea heivehanortnet dutnje geas lea doaibmahehttehus, dahje olbmui geas lea garra oaidninhehttehus. Dat add\u00e1 dutnje vejola\u0161vuo\u0111a oa\u017e\u017eut veahki mielde bargui, nu ahte s\u00e1ht\u00e1t bargat ie\u0161heanala\u010d\u010dat. Mainna veahkeha assisteanta du? Veahkki veahkeha du prahtihkkala\u0161 bargguiguin mat leat \u010d\u00e1dnon bargodill\u00e1i bargosajis, ruovttukantuvrras, \u010doahkkimiin sihke bargosajis ja olggobealde bargosaji ja dalle go m\u00e1tkko\u0161tat bargui. Don [&hellip;]<\/p>\n","protected":false},"author":4,"featured_media":1769,"parent":1036,"menu_order":0,"comment_status":"closed","ping_status":"closed","template":"no-title","meta":{"_acf_changed":false,"editor_notices":[],"footnotes":""},"class_list":["post-1773","page","type-page","status-publish","has-post-thumbnail","hentry"],"acf":[],"mb":[],"mfb_rest_fields":["title"],"_links":{"self":[{"href":"https:\/\/bpa-nord.no\/se\/wp-json\/wp\/v2\/pages\/1773","targetHints":{"allow":["GET"]}}],"collection":[{"href":"https:\/\/bpa-nord.no\/se\/wp-json\/wp\/v2\/pages"}],"about":[{"href":"https:\/\/bpa-nord.no\/se\/wp-json\/wp\/v2\/types\/page"}],"author":[{"embeddable":true,"href":"https:\/\/bpa-nord.no\/se\/wp-json\/wp\/v2\/users\/4"}],"replies":[{"embeddable":true,"href":"https:\/\/bpa-nord.no\/se\/wp-json\/wp\/v2\/comments?post=1773"}],"version-history":[{"count":2,"href":"https:\/\/bpa-nord.no\/se\/wp-json\/wp\/v2\/pages\/1773\/revisions"}],"predecessor-version":[{"id":2413,"href":"https:\/\/bpa-nord.no\/se\/wp-json\/wp\/v2\/pages\/1773\/revisions\/2413"}],"up":[{"embeddable":true,"href":"https:\/\/bpa-nord.no\/se\/wp-json\/wp\/v2\/pages\/1036"}],"wp:featuredmedia":[{"embeddable":true,"href":"https:\/\/bpa-nord.no\/se\/wp-json\/wp\/v2\/media\/1769"}],"wp:attachment":[{"href":"https:\/\/bpa-nord.no\/se\/wp-json\/wp\/v2\/media?parent=1773"}],"curies":[{"name":"wp","href":"https:\/\/api.w.org\/{rel}","templated":true}]}}