{"id":1850,"date":"2024-04-10T16:28:41","date_gmt":"2024-04-10T14:28:41","guid":{"rendered":"https:\/\/bpa-nord.no\/se\/?page_id=1850"},"modified":"2025-03-26T11:08:00","modified_gmt":"2025-03-26T10:08:00","slug":"dappe-mii-fallat-bpa","status":"publish","type":"page","link":"https:\/\/bpa-nord.no\/se\/bpa-nord-birra\/dappe-mii-fallat-bpa\/","title":{"rendered":"D\u00e1ppe mii f\u00e1llat BPA"},"content":{"rendered":"\n<div class=\"wp-block-group alignfull has-custom-lys-hovedfarge-1-background-color has-background is-layout-constrained wp-block-group-is-layout-constrained\">\n<div class=\"wp-block-media-text alignwide is-stacked-on-mobile has-custom-farge-1-background-color has-background\" style=\"margin-top:0;margin-bottom:0;padding-top:0;padding-bottom:0\"><figure class=\"wp-block-media-text__media\"><img loading=\"lazy\" decoding=\"async\" width=\"1024\" height=\"1024\" src=\"https:\/\/bpa-nord.no\/se\/wp-content\/uploads\/sites\/2\/2024\/04\/her-leverer-vi-1024x1024.jpg\" alt=\"\" class=\"wp-image-1883 size-full\" srcset=\"https:\/\/bpa-nord.no\/se\/wp-content\/uploads\/sites\/2\/2024\/04\/her-leverer-vi-1024x1024.jpg 1024w, https:\/\/bpa-nord.no\/se\/wp-content\/uploads\/sites\/2\/2024\/04\/her-leverer-vi-300x300.jpg 300w, https:\/\/bpa-nord.no\/se\/wp-content\/uploads\/sites\/2\/2024\/04\/her-leverer-vi-150x150.jpg 150w, https:\/\/bpa-nord.no\/se\/wp-content\/uploads\/sites\/2\/2024\/04\/her-leverer-vi-768x768.jpg 768w, https:\/\/bpa-nord.no\/se\/wp-content\/uploads\/sites\/2\/2024\/04\/her-leverer-vi-1536x1536.jpg 1536w, https:\/\/bpa-nord.no\/se\/wp-content\/uploads\/sites\/2\/2024\/04\/her-leverer-vi.jpg 2000w\" sizes=\"auto, (max-width: 1024px) 100vw, 1024px\" \/><\/figure><div class=\"wp-block-media-text__content\">\n<div class=\"wp-block-group is-layout-constrained wp-container-core-group-is-layout-3d5ac7cc wp-block-group-is-layout-constrained\" style=\"padding-top:var(--wp--preset--spacing--50);padding-right:0;padding-bottom:var(--wp--preset--spacing--50);padding-left:0\">\n<h1 class=\"wp-block-heading\">Mii h\u00e1liidit ahte buohkat riikkaoasis galget beassat leat hoavda ie\u017easet eallimis!<\/h1>\n\n\n\n<p>BPA Nord lea buvttadeaddji geavaheaddji-stivrejuvvon persovnnala\u0161 veahkis (BPA) m\u00e1\u014bgga Davvi-Norgga suohkanis.<\/p>\n<\/div>\n<\/div><\/div>\n<\/div>\n\n\n\n<p><\/p>\n\n\n\n<div class=\"wp-block-columns alignwide is-layout-flex wp-container-core-columns-is-layout-08c01c1c wp-block-columns-is-layout-flex\">\n<div class=\"wp-block-column has-base-background-color has-background is-layout-flow wp-container-core-column-is-layout-5d8b474c wp-block-column-is-layout-flow\" style=\"padding-top:0;padding-right:0;padding-bottom:0;padding-left:0\">\n<div class=\"wp-block-group has-border-color is-layout-constrained wp-container-core-group-is-layout-52009084 wp-block-group-is-layout-constrained\" style=\"border-color:#d1e3e8;border-width:3px;border-radius:30px;padding-top:var(--wp--preset--spacing--40);padding-right:var(--wp--preset--spacing--40);padding-bottom:var(--wp--preset--spacing--40);padding-left:var(--wp--preset--spacing--40)\">\n<h2 class=\"wp-block-heading\">Romsa<\/h2>\n\n\n\n<ul class=\"wp-block-list\">\n<li>Romsa<\/li>\n\n\n\n<li>Beardu<\/li>\n\n\n\n<li>Rivtt\u00e1k<\/li>\n\n\n\n<li>H\u00e1rstt\u00e1k<\/li>\n\n\n\n<li>G\u00e1lsa<\/li>\n\n\n\n<li>Giehtavuotna<\/li>\n\n\n\n<li>G\u00e1ivuotna<\/li>\n\n\n\n<li>Ivgu<\/li>\n\n\n\n<li>M\u00e1latvuopmi<\/li>\n\n\n\n<li>R\u00e1isa<\/li>\n\n\n\n<li>S\u00e1\u017e\u017e\u00e1<\/li>\n\n\n\n<li>Skierv\u00e1<\/li>\n\n\n\n<li>Dielddanuorri<\/li>\n<\/ul>\n<\/div>\n<\/div>\n\n\n\n<div class=\"wp-block-column has-base-background-color has-background is-layout-flow wp-container-core-column-is-layout-5d8b474c wp-block-column-is-layout-flow\" style=\"padding-top:0;padding-right:0;padding-bottom:0;padding-left:0\">\n<div class=\"wp-block-group has-border-color is-layout-constrained wp-container-core-group-is-layout-52009084 wp-block-group-is-layout-constrained\" style=\"border-color:#d1e3e8;border-width:3px;border-radius:30px;padding-top:var(--wp--preset--spacing--40);padding-right:var(--wp--preset--spacing--40);padding-bottom:var(--wp--preset--spacing--40);padding-left:var(--wp--preset--spacing--40)\">\n<h2 class=\"wp-block-heading\">Finnm\u00e1rku<\/h2>\n\n\n\n<ul class=\"wp-block-list\">\n<li>\u00c1lt\u00e1<\/li>\n\n\n\n<li>H\u00e1mmerfeasta<\/li>\n\n\n\n<li>L\u00e1hppi<\/li>\n\n\n\n<li>Pors\u00e1\u014bgu<\/li>\n<\/ul>\n<\/div>\n<\/div>\n\n\n\n<div class=\"wp-block-column has-base-background-color has-background is-layout-flow wp-container-core-column-is-layout-5d8b474c wp-block-column-is-layout-flow\" style=\"padding-top:0;padding-right:0;padding-bottom:0;padding-left:0\">\n<div class=\"wp-block-group has-border-color is-layout-constrained wp-container-core-group-is-layout-52009084 wp-block-group-is-layout-constrained\" style=\"border-color:#d1e3e8;border-width:3px;border-radius:30px;padding-top:var(--wp--preset--spacing--40);padding-right:var(--wp--preset--spacing--40);padding-bottom:var(--wp--preset--spacing--40);padding-left:var(--wp--preset--spacing--40)\">\n<h2 class=\"wp-block-heading\">Nordl\u00e1nda<\/h2>\n\n\n\n<ul class=\"wp-block-list\">\n<li>Fuoisku<\/li>\n\n\n\n<li>M\u00e1llesuolu<\/li>\n\n\n\n<li>\u00c1hk\u00e1nj\u00e1rga<\/li>\n\n\n\n<li>Ruovat<\/li>\n\n\n\n<li>S\u00e1l\u00e1t<\/li>\n\n\n\n<li>V\u00e1gik<\/li>\n\n\n\n<li>Ik\u0161n\u00e1\u0161\u0161i<\/li>\n\n\n\n<li>Budejju<\/li>\n<\/ul>\n<\/div>\n<\/div>\n<\/div>\n\n\n\n<div class=\"wp-block-group has-border-color has-quinary-border-color has-custom-gul-med-ok-r-d-kontrast-background-color has-background is-layout-constrained wp-container-core-group-is-layout-20822dfc wp-block-group-is-layout-constrained\" style=\"border-width:10px;border-radius:30px;margin-top:var(--wp--preset--spacing--70);margin-bottom:var(--wp--preset--spacing--70);padding-top:var(--wp--preset--spacing--40);padding-right:var(--wp--preset--spacing--40);padding-bottom:var(--wp--preset--spacing--40);padding-left:var(--wp--preset--spacing--40)\">\n<h2 class=\"wp-block-heading\" style=\"padding-top:0;padding-bottom:0\">Leage sihkar ahte oa\u010d\u010dut dan veahki maid d\u00e1rbba\u0161at BPA Nordas<\/h2>\n\n\n\n<ul class=\"wp-block-list\">\n<li>Mis lea guhkes v\u00e1s\u00e1hus BPA-ortnegiin, olbmuin ja bearra\u0161iin geain leat ie\u0161gu\u0111etl\u00e1gan d\u00e1rbbut ja doaibman\u00e1vccat.<\/li>\n\n\n\n<li>Leat go o\u017e\u017eon jo BPA mearr\u00e1dusa vuoi h\u00e1liidat go lonuhit b\u00e1lvalusaid min lusa, dahje d\u00e1rbba\u0161at eara veahki &#8211; <strong>ri\u014bge dahje s\u00e1ddes die\u0111u dahje e-boasta.<\/strong><\/li>\n<\/ul>\n\n\n\n<div class=\"wp-block-group is-nowrap is-layout-flex wp-container-core-group-is-layout-6c531013 wp-block-group-is-layout-flex\">\n<figure class=\"wp-block-image size-medium is-resized wp-duotone-004b87-004b87-1\"><img loading=\"lazy\" decoding=\"async\" width=\"512\" height=\"512\" src=\"https:\/\/bpa-nord.no\/se\/wp-content\/uploads\/sites\/2\/2024\/02\/circle-phone-solid.svg\" alt=\"\" class=\"wp-image-142\" style=\"width:80px\" \/><\/figure>\n\n\n\n<p class=\"has-large-font-size\"><strong><a href=\"https:\/\/bpa-nord.no\/se\/kontakt\/\" data-type=\"page\" data-id=\"28\">V\u00e1ldde oktavuo\u0111a nuvtta ja geatnegaskeahtes bagadallan s\u00e1gastallamii.<\/a><\/strong><\/p>\n<\/div>\n<\/div>\n\n\n\n<p><\/p>\n\n\n\n<div class=\"wp-block-cover alignfull\" style=\"margin-top:var(--wp--preset--spacing--60);min-height:500px;aspect-ratio:unset;\"><span aria-hidden=\"true\" class=\"wp-block-cover__background has-background-dim-30 has-background-dim\" style=\"background-color:#6c5a61\"><\/span><img loading=\"lazy\" decoding=\"async\" width=\"1920\" height=\"1188\" class=\"wp-block-cover__image-background wp-image-1278\" alt=\"\" src=\"https:\/\/bpa-nord.no\/se\/wp-content\/uploads\/sites\/2\/2024\/02\/vidar-nordli-mathisen-pvexxn20mva-unsplash.jpg\" style=\"object-position:65% 76%\" data-object-fit=\"cover\" data-object-position=\"65% 76%\" srcset=\"https:\/\/bpa-nord.no\/se\/wp-content\/uploads\/sites\/2\/2024\/02\/vidar-nordli-mathisen-pvexxn20mva-unsplash.jpg 1920w, https:\/\/bpa-nord.no\/se\/wp-content\/uploads\/sites\/2\/2024\/02\/vidar-nordli-mathisen-pvexxn20mva-unsplash-300x186.jpg 300w, https:\/\/bpa-nord.no\/se\/wp-content\/uploads\/sites\/2\/2024\/02\/vidar-nordli-mathisen-pvexxn20mva-unsplash-1024x634.jpg 1024w, https:\/\/bpa-nord.no\/se\/wp-content\/uploads\/sites\/2\/2024\/02\/vidar-nordli-mathisen-pvexxn20mva-unsplash-768x475.jpg 768w, https:\/\/bpa-nord.no\/se\/wp-content\/uploads\/sites\/2\/2024\/02\/vidar-nordli-mathisen-pvexxn20mva-unsplash-1536x950.jpg 1536w\" sizes=\"auto, (max-width: 1920px) 100vw, 1920px\" \/><div class=\"wp-block-cover__inner-container is-layout-constrained wp-block-cover-is-layout-constrained\">\n<h2 class=\"wp-block-heading has-text-align-center has-base-color has-text-color has-link-color wp-elements-57247bf82bf3a0a28474904ebbc32eb9\">BPA Nord<\/h2>\n\n\n\n<p class=\"has-text-align-center has-base-color has-text-color has-link-color has-large-font-size wp-elements-bf68fc332d89e16a64c8595df6e0ea32\" style=\"font-style:normal;font-weight:300\">Gelbbola\u0161vuohta&nbsp;&nbsp;|&nbsp; Dohkkeheapmi&nbsp;&nbsp;|&nbsp; \u00c1rvvusatnin&nbsp;&nbsp;|&nbsp; Luohtt\u00e1mu\u0161<\/p>\n<\/div><\/div>\n","protected":false},"excerpt":{"rendered":"<p>Mii h\u00e1liidit ahte buohkat riikkaoasis galget beassat leat hoavda ie\u017easet eallimis! BPA Nord lea buvttadeaddji geavaheaddji-stivrejuvvon persovnnala\u0161 veahkis (BPA) m\u00e1\u014bgga Davvi-Norgga suohkanis. Romsa Finnm\u00e1rku Nordl\u00e1nda<\/p>\n","protected":false},"author":1,"featured_media":1278,"parent":1046,"menu_order":0,"comment_status":"closed","ping_status":"closed","template":"no-title","meta":{"_acf_changed":false,"editor_notices":[],"footnotes":""},"class_list":["post-1850","page","type-page","status-publish","has-post-thumbnail","hentry"],"acf":[],"mb":[],"mfb_rest_fields":["title"],"_links":{"self":[{"href":"https:\/\/bpa-nord.no\/se\/wp-json\/wp\/v2\/pages\/1850","targetHints":{"allow":["GET"]}}],"collection":[{"href":"https:\/\/bpa-nord.no\/se\/wp-json\/wp\/v2\/pages"}],"about":[{"href":"https:\/\/bpa-nord.no\/se\/wp-json\/wp\/v2\/types\/page"}],"author":[{"embeddable":true,"href":"https:\/\/bpa-nord.no\/se\/wp-json\/wp\/v2\/users\/1"}],"replies":[{"embeddable":true,"href":"https:\/\/bpa-nord.no\/se\/wp-json\/wp\/v2\/comments?post=1850"}],"version-history":[{"count":2,"href":"https:\/\/bpa-nord.no\/se\/wp-json\/wp\/v2\/pages\/1850\/revisions"}],"predecessor-version":[{"id":2780,"href":"https:\/\/bpa-nord.no\/se\/wp-json\/wp\/v2\/pages\/1850\/revisions\/2780"}],"up":[{"embeddable":true,"href":"https:\/\/bpa-nord.no\/se\/wp-json\/wp\/v2\/pages\/1046"}],"wp:featuredmedia":[{"embeddable":true,"href":"https:\/\/bpa-nord.no\/se\/wp-json\/wp\/v2\/media\/1278"}],"wp:attachment":[{"href":"https:\/\/bpa-nord.no\/se\/wp-json\/wp\/v2\/media?parent=1850"}],"curies":[{"name":"wp","href":"https:\/\/api.w.org\/{rel}","templated":true}]}}