{"id":1971,"date":"2024-04-12T10:58:36","date_gmt":"2024-04-12T08:58:36","guid":{"rendered":"https:\/\/bpa-nord.no\/se\/?page_id=1971"},"modified":"2024-10-02T13:30:28","modified_gmt":"2024-10-02T11:30:28","slug":"biraspolicy","status":"publish","type":"page","link":"https:\/\/bpa-nord.no\/se\/bpa-nord-birra\/biraspolicy\/","title":{"rendered":"Biraspolicy"},"content":{"rendered":"\n<h2 class=\"wp-block-heading has-large-font-size\">Ovttas nana guoddeva\u0161 boahtte\u00e1iggi ovddas: sm\u00e1vva doaimmat, stuora v\u00e1ikkuhus!<\/h2>\n\n\n\n<p>Mii BPA Nordas diehtit makk\u00e1r v\u00e1ikkuhus mis lea olgguldas birrasii ja danne mii leat sertifiserejuvvon ISO 14001 birasjo\u0111ihanvuog\u00e1daga vuo\u0111ul.<\/p>\n\n\n\n<p>D\u00e1l go m\u00e1ilbmi deaiv\u00e1 birash\u00e1stalusaid, de soait\u00e1 leat issoras v\u00e1ttis jurdda\u0161it mot okta olmmo\u0161 s\u00e1ht\u00e1\u0161ii v\u00e1ikkuhit rievdadusaide. Muhto duohtavuohta lea ahte juohke di\u014bggas maid mii dahkat, bero\u0161keahtt\u00e1 man mearkka\u0161meahttun dat orro leame, lea stuora v\u00e1ikkuhus min planehtai.<\/p>\n\n\n\n<p>Juohkeha\u010d\u010da dagut ovddidit ceavzilis ovd\u00e1neami ja unnidit min luottaid birrasis. D\u00e1t dagaha buoret \u00e1rgabeaivvi BPA Nord vi\u0161uvnna mielde.<\/p>\n\n\n\n<p>Mii v\u00e1ldit v\u00e1ra olgguldas birrasis go eastadit nuoskkideami ja unnidit luoitimiid ie\u017eamet doaimmain, ja mii v\u00e1lljet \u00e1lohii birasseasti \u010dovdosiid.<\/p>\n\n\n\n<h2 class=\"wp-block-heading\">BPA Nord \u010dalmmustahtt\u00e1 golbma d\u00e1in ON&#8217;a 17 guoddeva\u0161vuo\u0111a mihttomeriin:<\/h2>\n\n\n\n<ul class=\"wp-block-list\">\n<li class=\"has-medium-font-size\"><strong>Mihttu 3: Buorre dearvva\u0161vuohta<\/strong><\/li>\n\n\n\n<li><strong>Mihttu 8: \u00c1vddala\u0161 bargu ja ekonomala\u0161 ovd\u00e1neapmi<\/strong><\/li>\n\n\n\n<li><strong>Mihttu 10: Unnit erohusat<\/strong><\/li>\n<\/ul>\n\n\n\n<div style=\"height:100px\" aria-hidden=\"true\" class=\"wp-block-spacer\"><\/div>\n\n\n\n<p><\/p>\n","protected":false},"excerpt":{"rendered":"<p>Ovttas nana guoddeva\u0161 boahtte\u00e1iggi ovddas: sm\u00e1vva doaimmat, stuora v\u00e1ikkuhus! Mii BPA Nordas diehtit makk\u00e1r v\u00e1ikkuhus mis lea olgguldas birrasii ja danne mii leat sertifiserejuvvon ISO 14001 birasjo\u0111ihanvuog\u00e1daga vuo\u0111ul. D\u00e1l go m\u00e1ilbmi deaiv\u00e1 birash\u00e1stalusaid, de soait\u00e1 leat issoras v\u00e1ttis jurdda\u0161it mot okta olmmo\u0161 s\u00e1ht\u00e1\u0161ii v\u00e1ikkuhit rievdadusaide. Muhto duohtavuohta lea ahte juohke di\u014bggas maid mii dahkat, bero\u0161keahtt\u00e1 [&hellip;]<\/p>\n","protected":false},"author":1,"featured_media":0,"parent":1046,"menu_order":0,"comment_status":"closed","ping_status":"closed","template":"","meta":{"_acf_changed":false,"editor_notices":[],"footnotes":""},"class_list":["post-1971","page","type-page","status-publish","hentry"],"acf":[],"mb":[],"mfb_rest_fields":["title"],"_links":{"self":[{"href":"https:\/\/bpa-nord.no\/se\/wp-json\/wp\/v2\/pages\/1971","targetHints":{"allow":["GET"]}}],"collection":[{"href":"https:\/\/bpa-nord.no\/se\/wp-json\/wp\/v2\/pages"}],"about":[{"href":"https:\/\/bpa-nord.no\/se\/wp-json\/wp\/v2\/types\/page"}],"author":[{"embeddable":true,"href":"https:\/\/bpa-nord.no\/se\/wp-json\/wp\/v2\/users\/1"}],"replies":[{"embeddable":true,"href":"https:\/\/bpa-nord.no\/se\/wp-json\/wp\/v2\/comments?post=1971"}],"version-history":[{"count":2,"href":"https:\/\/bpa-nord.no\/se\/wp-json\/wp\/v2\/pages\/1971\/revisions"}],"predecessor-version":[{"id":2537,"href":"https:\/\/bpa-nord.no\/se\/wp-json\/wp\/v2\/pages\/1971\/revisions\/2537"}],"up":[{"embeddable":true,"href":"https:\/\/bpa-nord.no\/se\/wp-json\/wp\/v2\/pages\/1046"}],"wp:attachment":[{"href":"https:\/\/bpa-nord.no\/se\/wp-json\/wp\/v2\/media?parent=1971"}],"curies":[{"name":"wp","href":"https:\/\/api.w.org\/{rel}","templated":true}]}}