{"id":1980,"date":"2024-04-12T11:44:24","date_gmt":"2024-04-12T09:44:24","guid":{"rendered":"https:\/\/bpa-nord.no\/se\/?page_id=1980"},"modified":"2025-03-26T13:37:58","modified_gmt":"2025-03-26T12:37:58","slug":"min-arvvut","status":"publish","type":"page","link":"https:\/\/bpa-nord.no\/se\/bpa-nord-birra\/min-arvvut\/","title":{"rendered":"Min \u00e1rvvut"},"content":{"rendered":"\n<figure class=\"wp-block-gallery has-nested-images columns-4 is-cropped wp-block-gallery-1 is-layout-flex wp-block-gallery-is-layout-flex\">\n<figure class=\"wp-block-image size-full\"><img loading=\"lazy\" decoding=\"async\" width=\"787\" height=\"838\" data-id=\"2805\" src=\"https:\/\/bpa-nord.no\/se\/wp-content\/uploads\/sites\/2\/2025\/03\/gelbbolasvuohta.jpg\" alt=\"\" class=\"wp-image-2805\" srcset=\"https:\/\/bpa-nord.no\/se\/wp-content\/uploads\/sites\/2\/2025\/03\/gelbbolasvuohta.jpg 787w, https:\/\/bpa-nord.no\/se\/wp-content\/uploads\/sites\/2\/2025\/03\/gelbbolasvuohta-282x300.jpg 282w, https:\/\/bpa-nord.no\/se\/wp-content\/uploads\/sites\/2\/2025\/03\/gelbbolasvuohta-768x818.jpg 768w\" sizes=\"auto, (max-width: 787px) 100vw, 787px\" \/><\/figure>\n\n\n\n<figure class=\"wp-block-image size-full\"><img loading=\"lazy\" decoding=\"async\" width=\"787\" height=\"838\" data-id=\"2806\" src=\"https:\/\/bpa-nord.no\/se\/wp-content\/uploads\/sites\/2\/2025\/03\/dohkkeheapmi.jpg\" alt=\"\" class=\"wp-image-2806\" srcset=\"https:\/\/bpa-nord.no\/se\/wp-content\/uploads\/sites\/2\/2025\/03\/dohkkeheapmi.jpg 787w, https:\/\/bpa-nord.no\/se\/wp-content\/uploads\/sites\/2\/2025\/03\/dohkkeheapmi-282x300.jpg 282w, https:\/\/bpa-nord.no\/se\/wp-content\/uploads\/sites\/2\/2025\/03\/dohkkeheapmi-768x818.jpg 768w\" sizes=\"auto, (max-width: 787px) 100vw, 787px\" \/><\/figure>\n\n\n\n<figure class=\"wp-block-image size-full\"><img loading=\"lazy\" decoding=\"async\" width=\"787\" height=\"838\" data-id=\"2808\" src=\"https:\/\/bpa-nord.no\/se\/wp-content\/uploads\/sites\/2\/2025\/03\/arvvusatnin.jpg\" alt=\"\" class=\"wp-image-2808\" srcset=\"https:\/\/bpa-nord.no\/se\/wp-content\/uploads\/sites\/2\/2025\/03\/arvvusatnin.jpg 787w, https:\/\/bpa-nord.no\/se\/wp-content\/uploads\/sites\/2\/2025\/03\/arvvusatnin-282x300.jpg 282w, https:\/\/bpa-nord.no\/se\/wp-content\/uploads\/sites\/2\/2025\/03\/arvvusatnin-768x818.jpg 768w\" sizes=\"auto, (max-width: 787px) 100vw, 787px\" \/><\/figure>\n\n\n\n<figure class=\"wp-block-image size-full\"><img loading=\"lazy\" decoding=\"async\" width=\"787\" height=\"838\" data-id=\"2807\" src=\"https:\/\/bpa-nord.no\/se\/wp-content\/uploads\/sites\/2\/2025\/03\/luohttamus.jpg\" alt=\"\" class=\"wp-image-2807\" srcset=\"https:\/\/bpa-nord.no\/se\/wp-content\/uploads\/sites\/2\/2025\/03\/luohttamus.jpg 787w, https:\/\/bpa-nord.no\/se\/wp-content\/uploads\/sites\/2\/2025\/03\/luohttamus-282x300.jpg 282w, https:\/\/bpa-nord.no\/se\/wp-content\/uploads\/sites\/2\/2025\/03\/luohttamus-768x818.jpg 768w\" sizes=\"auto, (max-width: 787px) 100vw, 787px\" \/><\/figure>\n<\/figure>\n\n\n\n<p class=\"has-large-font-size\" style=\"font-style:normal;font-weight:300\">Juohke beaivvi mii s\u00e1httit buoridit \u00e1rgabeaivvi olbmuiguin geaiguin deaivvadit, ja guhtet guoibm\u00e1seamet. Dat s\u00e1htt\u00e1 leat moddji, olge\u0161 giehta dahje bargojo\u0111iheddjjiin ja bargoskihp\u00e1riin \u010doavdit h\u00e1stalusaid ovttas. Min \u00e1\u014bgiris bargit leat m\u00e1htola\u010d\u010dat ja m\u00e1\u0161kit, geat \u010duolmmaid s\u00e1httet \u010doavdit. Sii bidjet \u00e1lo olbmo ovddemussii. Mis leat \u00e1rvvut guovdd\u00e1\u017eis mat duo\u0111a\u0161tit min s\u00e1valdaga \u00e1sahit buoret \u00e1rgabeaivvi:<\/p>\n\n\n\n<h2 class=\"wp-block-heading\">Gelbbola\u0161vuohta<\/h2>\n\n\n\n<p>Sihke form\u00e1lala\u0161 ja eahpeform\u00e1lala\u0161 gelbbola\u0161vuohta mearrid\u00e1 gievrras ja m\u00e1htola\u0161 bargobirrasa. BPA Nord\u2019as mii atnit \u00e1rvvus oktila\u0161 oahppama ja ovd\u00e1neami, ja dat boaht\u00e1 ovdan min siskk\u00e1ldas oahpahusas. M\u00e1\u014bggabealat f\u00e1laldagaid bokte mii sihkkarastit ahte min bargit besset \u00e1lo gazzat o\u0111\u0111a oahpu ja leat gergosat dusttet suorggi h\u00e1stalusaid. D\u00e1n sii d\u00e1hket BPA veahkkekurssaid, bargojo\u0111iheddjiid ja assisteanttaid \u010duovvoleami bagadallama ja bargiid \u010doahkkimiid bokte, ja vel sihke siskk\u00e1ldas ja olgguldas kurssaid, konfer\u00e1nssaid ja webinaraid oass\u00e1lastima bokte. Mii deattuhit maidd\u00e1i m\u00e1htto- ja v\u00e1s\u00e1huslonohallama organisa\u0161uvnnaid gaska, nu ahte mii s\u00e1httit juogadit gelbbola\u0161vuo\u0111a ja v\u00e1s\u00e1husaid gaskkaneaset. Go mii vuoruhit geavaheddjiid mielv\u00e1ikkuheami ja \u010d\u00e1jehit ipmardusa min kunddariidda, de mii sihkkarastit ahte min b\u00e1lvalusat ja \u010dovdosat ol\u00e1hit geavaheddjiid duohta d\u00e1rbbuid ja vuord\u00e1mu\u0161aid. Dieinna l\u00e1giin mii l\u00e1h\u010dit vuo\u0111u dyn\u00e1mala\u0161 ja m\u00e1htola\u0161 bargobirrasii, mii oppa \u00e1iggi galgga\u0161ii ovd\u00e1nit.<\/p>\n\n\n\n<h2 class=\"wp-block-heading\">Dohkkeheapmi<\/h2>\n\n\n\n<p>Dohkkeheapmi \u00e1rvvuin mii deattuhit dan ahte oaidnit ear\u00e1 olbmuid dakk\u00e1rin go sii leat. Dat mearkka\u0161a \u00e1rjjala\u010d\u010dat guldalit, duo\u0111a\u0161tit sin dovdduid ja oainnuid, ipmirdit sin oainnu, ja mu\u0111ui \u010d\u00e1jehit dohkkeheami, gierdeva\u0161vuo\u0111a ja rabasvuo\u0111a. Erenoam\u00e1\u017eit go mii deaivvadit siiguin geain lea BPA, de lea dea\u0167ala\u0161 gulahallat dohkkehemiin, danne go mii d\u00e1rbba\u0161it guhtet guimmiideamet jus galgat ovd\u00e1nit. Mii dohkkehit ahte mearr\u00e1duseaiggat lea ie\u017eas v\u00e1sahusaid \u00e1\u0161\u0161edovdi, ja mii atnit \u00e1rvvus mearr\u00e1duseaiggadiid oainnuid ja v\u00e1s\u00e1husaid. Go mii addit konstruktiivvala\u0161 die\u0111uid, de leat mii mielde ovddideame sihke ovttaskas olbmo ja organisa\u0161uvnna oppala\u010d\u010dat.<br><\/p>\n\n\n\n<h2 class=\"wp-block-heading\">\u00c1rvvusatnin<\/h2>\n\n\n\n<p>Buohkat h\u00e1liidit \u00e1rvvusadnojuvvot, dan mii dahkat go \u010d\u00e1jehit gudnevuollega\u0161vuo\u0111a ear\u00e1ide. D\u00e1t mearkka\u0161a ahte olmmo\u0161 guldala ja v\u00e1ld\u00e1 ear\u00e1id duo\u0111ala\u010d\u010dat, bero\u0161keahtt\u00e1 duog\u00e1\u017eis dahje posi\u0161uvnnas. Mii dovddastit ja atnit \u00e1rvvus ahte mii leat ie\u0161gu\u0111etl\u00e1ganat, ja ahte girj\u00e1ivuohta riggudahtt\u00e1 min organisa\u0161uvnna. Ehtala\u0161vuohta lea min miellaguottuid ja \u00e1rvvuid guovdd\u00e1\u017eis, ja mii addit saji ie\u0161gu\u0111etl\u00e1gan oaiviliidda ja perspektiivvaide. Mii doallat ie\u017eamet \u0161iehtadusaid ja atnit daid \u00e1rvvus, sihke ie\u017eamet giela ja h\u00e1mi d\u00e1fus. Mii dohkkehit ahte s\u00e1httet boasttuvuo\u0111at d\u00e1hp\u00e1huvvat, ja mii \u00e1v\u017e\u017euhit jearrat veahki go dasa lea d\u00e1rbu. D\u00e1id doaimmaid bokte mii r\u00e1hkadit f\u00e1tmmasteaddji ja doarjjavu\u0111ot birrasa, gos juohkeha\u0161 s\u00e1htt\u00e1 dovdat ie\u017eas \u00e1rvvusadnojuvvon.<\/p>\n\n\n\n<h2 class=\"wp-block-heading\">Luohtt\u00e1mu\u0161<\/h2>\n\n\n\n<p>Luohtt\u00e1mu\u0161 ii leat juoga mii du\u0161\u0161e boaht\u00e1 ie\u0161\u00e1lddis, muhto b\u00e1icca juoga maid galg\u00e1 \u00e1nss\u00e1\u0161it. Mii ipmirdit ahte luohtt\u00e1mu\u0161 lea hui dea\u0167ala\u0161, sihke siskk\u00e1ldasat ja olggobealde, ja mii bargat oktila\u010d\u010dat hukset ja bisuhit dan. Leahkit rabas lea deh\u00e1la\u0161 go hukset luohtt\u00e1mu\u0161a, ja mii deattuhit ahte bargit o\u017e\u017eot oadjebasvuo\u0111a dan bokte ahte mii bargoaddin leat vuoiggala\u010d\u010dat ja ol\u00e1muttus. Min kultuvra h\u00e1ldda\u0161a eahpeluohtt\u00e1mu\u0161a ja soahpameahttunvuo\u0111aid go movttiidahttit rabas ja konstruktiivvala\u0161 gulahallamii. Mii doahttalit personsuodjalannjuolggadusaid ja ie\u0161heanala\u0161vuo\u0111a, go doaimmahit ie\u017eamet s\u00e1niid vuo\u0111ul. Min gelbbola\u0161vuohta, sihke f\u00e1gala\u010d\u010dat ja olbmuidgaskasa\u010d\u010dat, lea luohtt\u00e1mu\u0161a g\u00e1ldu, ja mii bisuhit jearggala\u0161 ja oaidnit vejola\u0161vuo\u0111aid ovddasguvlui vuoi hukset luohtt\u00e1mu\u0161a \u00e1iggi mielde. Mii leat oskk\u00e1ldasat, doarjut guhtet guoibm\u00e1met ja leat reh\u00e1la\u010d\u010dat ja vuoiggala\u010d\u010dat buot dil\u00e1la\u0161vuo\u0111ain. D\u00e1id prinsihpaid vuo\u0111ul mii l\u00e1h\u010dit vuo\u0111u luohtehahtti ja bisteva\u0161 bargobirrasii.<\/p>\n\n\n\n<div style=\"height:100px\" aria-hidden=\"true\" class=\"wp-block-spacer\"><\/div>\n","protected":false},"excerpt":{"rendered":"<p>Juohke beaivvi mii s\u00e1httit buoridit \u00e1rgabeaivvi olbmuiguin geaiguin deaivvadit, ja guhtet guoibm\u00e1seamet. Dat s\u00e1htt\u00e1 leat moddji, olge\u0161 giehta dahje bargojo\u0111iheddjjiin ja bargoskihp\u00e1riin \u010doavdit h\u00e1stalusaid ovttas. Min \u00e1\u014bgiris bargit leat m\u00e1htola\u010d\u010dat ja m\u00e1\u0161kit, geat \u010duolmmaid s\u00e1httet \u010doavdit. Sii bidjet \u00e1lo olbmo ovddemussii. Mis leat \u00e1rvvut guovdd\u00e1\u017eis mat duo\u0111a\u0161tit min s\u00e1valdaga \u00e1sahit buoret \u00e1rgabeaivvi: Gelbbola\u0161vuohta Sihke form\u00e1lala\u0161 [&hellip;]<\/p>\n","protected":false},"author":1,"featured_media":0,"parent":1046,"menu_order":0,"comment_status":"closed","ping_status":"closed","template":"","meta":{"_acf_changed":false,"editor_notices":[],"footnotes":""},"class_list":["post-1980","page","type-page","status-publish","hentry"],"acf":[],"mb":[],"mfb_rest_fields":["title"],"_links":{"self":[{"href":"https:\/\/bpa-nord.no\/se\/wp-json\/wp\/v2\/pages\/1980","targetHints":{"allow":["GET"]}}],"collection":[{"href":"https:\/\/bpa-nord.no\/se\/wp-json\/wp\/v2\/pages"}],"about":[{"href":"https:\/\/bpa-nord.no\/se\/wp-json\/wp\/v2\/types\/page"}],"author":[{"embeddable":true,"href":"https:\/\/bpa-nord.no\/se\/wp-json\/wp\/v2\/users\/1"}],"replies":[{"embeddable":true,"href":"https:\/\/bpa-nord.no\/se\/wp-json\/wp\/v2\/comments?post=1980"}],"version-history":[{"count":2,"href":"https:\/\/bpa-nord.no\/se\/wp-json\/wp\/v2\/pages\/1980\/revisions"}],"predecessor-version":[{"id":2810,"href":"https:\/\/bpa-nord.no\/se\/wp-json\/wp\/v2\/pages\/1980\/revisions\/2810"}],"up":[{"embeddable":true,"href":"https:\/\/bpa-nord.no\/se\/wp-json\/wp\/v2\/pages\/1046"}],"wp:attachment":[{"href":"https:\/\/bpa-nord.no\/se\/wp-json\/wp\/v2\/media?parent=1980"}],"curies":[{"name":"wp","href":"https:\/\/api.w.org\/{rel}","templated":true}]}}