{"id":22,"date":"2024-02-08T14:28:29","date_gmt":"2024-02-08T13:28:29","guid":{"rendered":"https:\/\/bpa-nord.no\/se\/?page_id=22"},"modified":"2025-03-13T14:31:52","modified_gmt":"2025-03-13T13:31:52","slug":"manne-valljet-bpa-nord","status":"publish","type":"page","link":"https:\/\/bpa-nord.no\/se\/bpa-nord-birra\/manne-valljet-bpa-nord\/","title":{"rendered":"Manne v\u00e1lljet BPA Nord"},"content":{"rendered":"\n<div class=\"wp-block-group alignfull has-custom-lys-hovedfarge-1-background-color has-background is-layout-constrained wp-block-group-is-layout-constrained\">\n<div class=\"wp-block-media-text alignwide is-stacked-on-mobile is-image-fill has-custom-farge-1-background-color has-background\" style=\"margin-top:0;margin-bottom:0;grid-template-columns:40% auto\"><figure class=\"wp-block-media-text__media\" style=\"background-image:url(https:\/\/bpa-nord.no\/se\/wp-content\/uploads\/sites\/2\/2024\/03\/istock-483374872-1-1024x768.jpg);background-position:36% 49%\"><img loading=\"lazy\" decoding=\"async\" width=\"1024\" height=\"768\" src=\"https:\/\/bpa-nord.no\/se\/wp-content\/uploads\/sites\/2\/2024\/03\/istock-483374872-1-1024x768.jpg\" alt=\"\" class=\"wp-image-1574 size-full\" srcset=\"https:\/\/bpa-nord.no\/se\/wp-content\/uploads\/sites\/2\/2024\/03\/istock-483374872-1-1024x768.jpg 1024w, https:\/\/bpa-nord.no\/se\/wp-content\/uploads\/sites\/2\/2024\/03\/istock-483374872-1-300x225.jpg 300w, https:\/\/bpa-nord.no\/se\/wp-content\/uploads\/sites\/2\/2024\/03\/istock-483374872-1-768x576.jpg 768w, https:\/\/bpa-nord.no\/se\/wp-content\/uploads\/sites\/2\/2024\/03\/istock-483374872-1-1536x1152.jpg 1536w, https:\/\/bpa-nord.no\/se\/wp-content\/uploads\/sites\/2\/2024\/03\/istock-483374872-1.jpg 1920w\" sizes=\"auto, (max-width: 1024px) 100vw, 1024px\" \/><\/figure><div class=\"wp-block-media-text__content\">\n<div class=\"wp-block-group is-layout-constrained wp-block-group-is-layout-constrained\" style=\"padding-top:var(--wp--preset--spacing--60);padding-bottom:var(--wp--preset--spacing--60)\">\n<h1 class=\"wp-block-heading\">Mii doarjut du \u010da\u0111at<\/h1>\n\n\n\n<p>Go v\u00e1lljet BPA Nord de beasat ovttasbargat oadjebas ja veahkk\u00e1s Davvi-Norgga jovkui. Mis lea guhkes v\u00e1sahus BPA-ortnegiin ja olbmuin geain leat ie\u0161gu\u0111etl\u00e1gan d\u00e1rbbut ja doaibman\u00e1vccat.<\/p>\n\n\n\n<p class=\"has-medium-font-size\"><strong>V\u00e1ldde \u00e1innas oktavuo\u0111a minguin <a href=\"tel:40622364\">406 22 364<\/a>\u00a0jus dus leat ga\u017ealdagat dahje h\u00e1liidiv\u010d\u010det lonuhit BPA Nord:ai.<\/strong> <\/p>\n<\/div>\n<\/div><\/div>\n<\/div>\n\n\n\n<div class=\"wp-block-columns alignwide is-layout-flex wp-container-core-columns-is-layout-7ef712d8 wp-block-columns-is-layout-flex\" style=\"margin-top:var(--wp--preset--spacing--50);margin-bottom:var(--wp--preset--spacing--50)\">\n<div class=\"wp-block-column has-custom-lysere-bl-background-color has-background is-layout-flow wp-block-column-is-layout-flow\" style=\"padding-top:var(--wp--preset--spacing--30);padding-right:var(--wp--preset--spacing--30);padding-bottom:var(--wp--preset--spacing--30);padding-left:var(--wp--preset--spacing--30)\">\n<h2 class=\"wp-block-heading\">B\u00e1ikkala\u0161 kantuvrrat Davvi-Norggas<\/h2>\n\n\n\n<p>Min lagasvuohta sihkkarast\u00e1 ahte don oa\u010d\u010dut jo\u0111\u00e1nis veahki go d\u00e1rbbahat. Min bargit orrot du guovllus, ja dovdet riikaoasi, suohkaniid ja kultuvrra bures.<\/p>\n<\/div>\n\n\n\n<div class=\"wp-block-column has-custom-lysere-bl-background-color has-background is-layout-flow wp-block-column-is-layout-flow\" style=\"padding-top:var(--wp--preset--spacing--30);padding-right:var(--wp--preset--spacing--30);padding-bottom:var(--wp--preset--spacing--30);padding-left:var(--wp--preset--spacing--30)\">\n<h2 class=\"wp-block-heading\">Ri\u014bges midjiide BPA-telefuvnnas<\/h2>\n\n\n\n<p>BPA Nord fitnodaga bargojo\u0111iheddjiin ja assisteanttain lea vejola\u0161vuohta atnit BPA-telefovnna ma\u014b\u014bel kantuvra\u00e1iggi.<\/p>\n\n\n\n<p>Mii v\u00e1stidit du ga\u017ealdagaid ja r\u00e1vvet ja bagadallat du h\u00e1stalusaid oktavuo\u0111as.<\/p>\n<\/div>\n\n\n\n<div class=\"wp-block-column has-custom-lysere-bl-background-color has-background is-layout-flow wp-block-column-is-layout-flow\" style=\"padding-top:var(--wp--preset--spacing--30);padding-right:var(--wp--preset--spacing--30);padding-bottom:var(--wp--preset--spacing--30);padding-left:var(--wp--preset--spacing--30)\">\n<h2 class=\"wp-block-heading\">Veahkki r\u00e1\u0111\u0111eaddis<\/h2>\n\n\n\n<p>Leat bargojo\u0111iheaddjin sierra BPA-ortnegis mielddisbukt\u00e1 ollu o\u0111\u0111a ja amas bargguid, ja vel l\u00e1hkamearr\u00e1dusaid ja bargiid \u010duovvoleami.<\/p>\n\n\n\n<p>Mii fuolahit heaittekeahtes bagadallama sierra oahppo- ja bagadallanpl\u00e1na vuo\u0111ul.<\/p>\n<\/div>\n<\/div>\n\n\n\n<div class=\"wp-block-columns alignwide is-layout-flex wp-container-core-columns-is-layout-7ef712d8 wp-block-columns-is-layout-flex\" style=\"margin-top:var(--wp--preset--spacing--50);margin-bottom:var(--wp--preset--spacing--50)\">\n<div class=\"wp-block-column has-custom-lysere-bl-background-color has-background is-layout-flow wp-block-column-is-layout-flow\" style=\"padding-top:var(--wp--preset--spacing--30);padding-right:var(--wp--preset--spacing--30);padding-bottom:var(--wp--preset--spacing--30);padding-left:var(--wp--preset--spacing--30)\">\n<h2 class=\"wp-block-heading\">Neahttaport\u00e1la<\/h2>\n\n\n\n<p>Juohke bargovuoru g\u00e1vnnat \u00e1lkit min neahttaport\u00e1las dahje mobil-\u00e1ppas. Port\u00e1las bidjet assisteanttat ie\u017easet diimmuid ja devdet diibmolistuid ie\u017ea. <\/p>\n\n\n\n<p>Don gii leat bargojo\u0111iheaddji oa\u010d\u010dut buori die\u0111uid bargovuoruid, buozalmasvuo\u0111aj\u00e1vkama birra, galle diimmu dus leat ja maidd\u00e1i doaibmakonto ru\u0111aid birra.<\/p>\n<\/div>\n\n\n\n<div class=\"wp-block-column has-custom-lysere-bl-background-color has-background is-layout-flow wp-block-column-is-layout-flow\" style=\"padding-top:var(--wp--preset--spacing--30);padding-right:var(--wp--preset--spacing--30);padding-bottom:var(--wp--preset--spacing--30);padding-left:var(--wp--preset--spacing--30)\">\n<h2 class=\"wp-block-heading\">Doaibmaru\u0111aid kontu<\/h2>\n\n\n\n<p>Du \u00e1rgabeaivi, du eallin. Midjiide lea dea\u0167ala\u0161 ahte dus galg\u00e1 leat vejola\u0161vuohta eallit friddja eallima ja ie\u0161heanala\u010d\u010dat, ja danne mii leat \u00e1sahan konto doaibmaru\u0111aide konto.<\/p>\n\n\n\n<p>D\u00e1t doaibmaru\u0111at addet bargojo\u0111iheddjiide vejola\u0161vuo\u0111a oa\u017e\u017eut buhtaduvvot oasi dain goluin, mat bohtet h\u00e1ldda\u0161emiin ja bargiin.<\/p>\n<\/div>\n<\/div>\n\n\n\n<div class=\"wp-block-columns alignwide is-layout-flex wp-container-core-columns-is-layout-7ef712d8 wp-block-columns-is-layout-flex\" style=\"margin-top:var(--wp--preset--spacing--50);margin-bottom:var(--wp--preset--spacing--50)\">\n<div class=\"wp-block-column has-pantone-155-c-background-color has-background is-layout-flow wp-block-column-is-layout-flow\" style=\"padding-top:var(--wp--preset--spacing--30);padding-right:var(--wp--preset--spacing--30);padding-bottom:var(--wp--preset--spacing--30);padding-left:var(--wp--preset--spacing--30)\">\n<h2 class=\"wp-block-heading\">Assisteantakursa<\/h2>\n\n\n\n<p>Buot veahkkebargiide f\u00e1llojuvvo <strong>BPA assisteanta<\/strong> <strong>vuo\u0111\u0111okursa<\/strong> ja maidd\u00e1i ear\u00e1 heivehuvvon kurssat maid mii ovttas \u00e1rvvo\u0161tallat liv\u010d\u010de go \u00e1vkk\u00e1la\u010d\u010dat. Eana\u0161 kurssat juolluduvvojit nu ahte bargojo\u0111iheaddji ii d\u00e1rbba\u0161 atnit ie\u017eas mearr\u00e1dusdiimmuid dasa.<\/p>\n\n\n\n<p>BPA Nord:as o\u017e\u017eot buot o\u0111\u0111a assisteanttat oahpahusv\u00e1vttaid. Galle beaivvi oahpahus \u0161add\u00e1, heivehuvvo d\u00e1rbbu mielde. D\u00e1t oahpahusv\u00e1vttat eai ge v\u00e1ldojuvvo eret mearr\u00e1dusdiimmuin.<\/p>\n<\/div>\n\n\n\n<div class=\"wp-block-column has-pantone-155-c-background-color has-background is-layout-flow wp-block-column-is-layout-flow\" style=\"padding-top:var(--wp--preset--spacing--30);padding-right:var(--wp--preset--spacing--30);padding-bottom:var(--wp--preset--spacing--30);padding-left:var(--wp--preset--spacing--30)\">\n<h2 class=\"wp-block-heading\">Bargojo\u0111iheaddjekursa<\/h2>\n\n\n\n<p>Bargojo\u0111iheaddjin d\u00e1rbba\u0161at doarv\u00e1i gelbbola\u0161vuo\u0111a doaimmahit BPA-ortnega. Danin \u010da\u0111ahat <strong>geatnegahtton bargojo\u0111iheaddjikurssa.<\/strong><\/p>\n\n\n\n<p>Oahpahus addojuvvo njuolga bargojo\u0111iheaddj\u00e1i, ja heivehuvvo dutnje ja du d\u00e1rbbuide. Mii doallat dan leahtu maid don h\u00e1liidat ja s\u00e1ht\u00e1t de jearrat ga\u017ealdagaid da\u0111istaga. \u00c1igemearri \u0161iehtaduvvo du ja kursal\u00e1gideaddji gaskkas.<\/p>\n<\/div>\n<\/div>\n\n\n\n<div class=\"wp-block-group has-border-color has-quinary-border-color has-custom-gul-med-ok-r-d-kontrast-background-color has-background is-layout-constrained wp-container-core-group-is-layout-20822dfc wp-block-group-is-layout-constrained\" style=\"border-width:10px;border-radius:30px;margin-top:var(--wp--preset--spacing--70);margin-bottom:var(--wp--preset--spacing--70);padding-top:var(--wp--preset--spacing--40);padding-right:var(--wp--preset--spacing--40);padding-bottom:var(--wp--preset--spacing--40);padding-left:var(--wp--preset--spacing--40)\">\n<h2 class=\"wp-block-heading\" style=\"padding-top:0;padding-bottom:0\">Leage sihkar ahte oa\u010d\u010dut dan veahki maid d\u00e1rbba\u0161at BPA Nordas<\/h2>\n\n\n\n<ul class=\"wp-block-list\">\n<li>Mis lea guhkes v\u00e1s\u00e1hus BPA-ortnegiin, olbmuin ja bearra\u0161iin geain leat ie\u0161gu\u0111etl\u00e1gan d\u00e1rbbut ja doaibman\u00e1vccat.<\/li>\n\n\n\n<li>Leat go o\u017e\u017eon jo BPA mearr\u00e1dusa vuoi h\u00e1liidat go lonuhit b\u00e1lvalusaid min lusa, dahje d\u00e1rbba\u0161at eara veahki &#8211; <strong>ri\u014bge dahje s\u00e1ddes die\u0111u dahje e-boasta.<\/strong><\/li>\n<\/ul>\n\n\n\n<div class=\"wp-block-group is-nowrap is-layout-flex wp-container-core-group-is-layout-6c531013 wp-block-group-is-layout-flex\">\n<figure class=\"wp-block-image size-medium is-resized wp-duotone-004b87-004b87-1\"><img loading=\"lazy\" decoding=\"async\" width=\"512\" height=\"512\" src=\"https:\/\/bpa-nord.no\/se\/wp-content\/uploads\/sites\/2\/2024\/02\/circle-phone-solid.svg\" alt=\"\" class=\"wp-image-142\" style=\"width:80px\" \/><\/figure>\n\n\n\n<p class=\"has-large-font-size\"><strong><a href=\"https:\/\/bpa-nord.no\/se\/kontakt\/\" data-type=\"page\" data-id=\"28\">V\u00e1ldde oktavuo\u0111a nuvtta ja geatnegaskeahtes bagadallan s\u00e1gastallamii.<\/a><\/strong><\/p>\n<\/div>\n<\/div>\n\n\n\n<div class=\"wp-block-cover alignfull\" style=\"min-height:500px;aspect-ratio:unset;\"><span aria-hidden=\"true\" class=\"wp-block-cover__background has-background-dim-30 has-background-dim\"><\/span><img loading=\"lazy\" decoding=\"async\" width=\"1920\" height=\"1280\" class=\"wp-block-cover__image-background wp-image-1276\" alt=\"\" src=\"https:\/\/bpa-nord.no\/se\/wp-content\/uploads\/sites\/2\/2024\/02\/daan-weijers-psaemiiuo84-unsplash.jpg\" style=\"object-position:58% 24%\" data-object-fit=\"cover\" data-object-position=\"58% 24%\" srcset=\"https:\/\/bpa-nord.no\/se\/wp-content\/uploads\/sites\/2\/2024\/02\/daan-weijers-psaemiiuo84-unsplash.jpg 1920w, https:\/\/bpa-nord.no\/se\/wp-content\/uploads\/sites\/2\/2024\/02\/daan-weijers-psaemiiuo84-unsplash-300x200.jpg 300w, https:\/\/bpa-nord.no\/se\/wp-content\/uploads\/sites\/2\/2024\/02\/daan-weijers-psaemiiuo84-unsplash-1024x683.jpg 1024w, https:\/\/bpa-nord.no\/se\/wp-content\/uploads\/sites\/2\/2024\/02\/daan-weijers-psaemiiuo84-unsplash-768x512.jpg 768w, https:\/\/bpa-nord.no\/se\/wp-content\/uploads\/sites\/2\/2024\/02\/daan-weijers-psaemiiuo84-unsplash-1536x1024.jpg 1536w\" sizes=\"auto, (max-width: 1920px) 100vw, 1920px\" \/><div class=\"wp-block-cover__inner-container is-layout-constrained wp-block-cover-is-layout-constrained\">\n<h2 class=\"wp-block-heading has-text-align-center has-base-color has-text-color has-link-color wp-elements-57247bf82bf3a0a28474904ebbc32eb9\">BPA Nord<\/h2>\n\n\n\n<p class=\"has-text-align-center has-base-color has-text-color has-link-color has-large-font-size wp-elements-487575df3ec38a368a4f84d92ca73fc7\" style=\"font-style:normal;font-weight:300\">Gelbbola\u0161vuohta\u00a0\u00a0|\u00a0 Dohkkeheapmi\u00a0\u00a0|\u00a0 \u00c1rvvusatnin\u00a0\u00a0|\u00a0 Luohtt\u00e1mu\u0161<\/p>\n<\/div><\/div>\n","protected":false},"excerpt":{"rendered":"<p>Mii doarjut du \u010da\u0111at Go v\u00e1lljet BPA Nord de beasat ovttasbargat oadjebas ja veahkk\u00e1s Davvi-Norgga jovkui. Mis lea guhkes v\u00e1sahus BPA-ortnegiin ja olbmuin geain leat ie\u0161gu\u0111etl\u00e1gan d\u00e1rbbut ja doaibman\u00e1vccat. V\u00e1ldde \u00e1innas oktavuo\u0111a minguin 406 22 364\u00a0jus dus leat ga\u017ealdagat dahje h\u00e1liidiv\u010d\u010det lonuhit BPA Nord:ai. B\u00e1ikkala\u0161 kantuvrrat Davvi-Norggas Min lagasvuohta sihkkarast\u00e1 ahte don oa\u010d\u010dut jo\u0111\u00e1nis veahki [&hellip;]<\/p>\n","protected":false},"author":1,"featured_media":1627,"parent":1046,"menu_order":2,"comment_status":"closed","ping_status":"closed","template":"no-title","meta":{"_acf_changed":false,"editor_notices":[],"footnotes":""},"class_list":["post-22","page","type-page","status-publish","has-post-thumbnail","hentry"],"acf":[],"mb":[],"mfb_rest_fields":["title"],"_links":{"self":[{"href":"https:\/\/bpa-nord.no\/se\/wp-json\/wp\/v2\/pages\/22","targetHints":{"allow":["GET"]}}],"collection":[{"href":"https:\/\/bpa-nord.no\/se\/wp-json\/wp\/v2\/pages"}],"about":[{"href":"https:\/\/bpa-nord.no\/se\/wp-json\/wp\/v2\/types\/page"}],"author":[{"embeddable":true,"href":"https:\/\/bpa-nord.no\/se\/wp-json\/wp\/v2\/users\/1"}],"replies":[{"embeddable":true,"href":"https:\/\/bpa-nord.no\/se\/wp-json\/wp\/v2\/comments?post=22"}],"version-history":[{"count":2,"href":"https:\/\/bpa-nord.no\/se\/wp-json\/wp\/v2\/pages\/22\/revisions"}],"predecessor-version":[{"id":2659,"href":"https:\/\/bpa-nord.no\/se\/wp-json\/wp\/v2\/pages\/22\/revisions\/2659"}],"up":[{"embeddable":true,"href":"https:\/\/bpa-nord.no\/se\/wp-json\/wp\/v2\/pages\/1046"}],"wp:featuredmedia":[{"embeddable":true,"href":"https:\/\/bpa-nord.no\/se\/wp-json\/wp\/v2\/media\/1627"}],"wp:attachment":[{"href":"https:\/\/bpa-nord.no\/se\/wp-json\/wp\/v2\/media?parent=22"}],"curies":[{"name":"wp","href":"https:\/\/api.w.org\/{rel}","templated":true}]}}