{"id":26,"date":"2024-02-08T14:29:19","date_gmt":"2024-02-08T13:29:19","guid":{"rendered":"https:\/\/bpa-nord.no\/se\/?page_id=26"},"modified":"2025-03-13T10:58:24","modified_gmt":"2025-03-13T09:58:24","slug":"bargga-min-luhtte","status":"publish","type":"page","link":"https:\/\/bpa-nord.no\/se\/bargga-min-luhtte\/","title":{"rendered":"Bargga min luhtte"},"content":{"rendered":"\n<div class=\"wp-block-group alignfull has-custom-lys-hovedfarge-1-background-color has-background is-layout-constrained wp-block-group-is-layout-constrained\">\n<div class=\"wp-block-media-text alignwide is-stacked-on-mobile is-image-fill-element has-custom-farge-1-background-color has-background\" style=\"margin-top:0;margin-bottom:0;grid-template-columns:40% auto\"><figure class=\"wp-block-media-text__media\"><img loading=\"lazy\" decoding=\"async\" width=\"1024\" height=\"768\" src=\"https:\/\/bpa-nord.no\/se\/wp-content\/uploads\/sites\/2\/2024\/03\/istock-1380526115-1024x768.jpg\" alt=\"\" class=\"wp-image-1625 size-full\" style=\"object-position:65% 35%\" srcset=\"https:\/\/bpa-nord.no\/se\/wp-content\/uploads\/sites\/2\/2024\/03\/istock-1380526115-1024x768.jpg 1024w, https:\/\/bpa-nord.no\/se\/wp-content\/uploads\/sites\/2\/2024\/03\/istock-1380526115-300x225.jpg 300w, https:\/\/bpa-nord.no\/se\/wp-content\/uploads\/sites\/2\/2024\/03\/istock-1380526115-768x576.jpg 768w, https:\/\/bpa-nord.no\/se\/wp-content\/uploads\/sites\/2\/2024\/03\/istock-1380526115-1536x1152.jpg 1536w, https:\/\/bpa-nord.no\/se\/wp-content\/uploads\/sites\/2\/2024\/03\/istock-1380526115.jpg 1920w\" sizes=\"auto, (max-width: 1024px) 100vw, 1024px\" \/><\/figure><div class=\"wp-block-media-text__content\">\n<div class=\"wp-block-group is-layout-constrained wp-block-group-is-layout-constrained\" style=\"padding-top:var(--wp--preset--spacing--50);padding-bottom:var(--wp--preset--spacing--50)\">\n<h1 class=\"wp-block-heading\">Bargat BPA Nord:as<\/h1>\n\n\n\n<p>Veahkkebargin\/assisteanttan mii vuordit ahte don leat dakk\u00e1r gii guldalat ja s\u00e1ht\u00e1t veahkkin v\u00e1ikkuhit vuoi \u0161add\u00e1 einnost\u00e1htti ja oadjebas \u00e1rgabeaivi. Don boa\u0111\u00e1t leat s\u00e1gastallanguoibmi ja mielbargi mas lea deh\u00e1la\u0161 doarjjafunk\u0161uvdna &laquo;hoavdda&raquo; eallimis.<\/p>\n\n\n\n<p class=\"has-medium-font-size\"><strong>Bargojo\u0111iheaddji v\u00e1llje ie\u017eas veahkkebargiid nu ahte d\u00e1rbu, kemiija ja bero\u0161tupmi heivejit oktii.<\/strong><\/p>\n\n\n\n<div class=\"wp-block-buttons is-layout-flex wp-block-buttons-is-layout-flex\">\n<div class=\"wp-block-button\"><a class=\"wp-block-button__link wp-element-button\" href=\"https:\/\/bpa-nord.no\/se\/jobbe-hos-oss\/ledige-stillinger\/\">Min rabas virggit<\/a><\/div>\n<\/div>\n<\/div>\n<\/div><\/div>\n<\/div>\n\n\n\n<h2 class=\"wp-block-heading alignwide\">Oahpa eanet mot lea bargat BPA assisteanttan<\/h2>\n\n\n<div class=\"wp-block-post-type-multi post-type-multi type-manual display-row post-type-multi-page alignwide wp-block-acf-post-type-multi\" id=\"post-type-multi-69ecf25deaf68\" data-columns=\"3\" data-post-type=\"page\" data-template=\"page-vertical.twig\" data-total=\"4\" >\n  <div class=\"row&#x20;row-eq-height&#x20;justify-content-start row-cols-3\">\n\t\t      <div class=\"d-flex&#x20;col-12&#x20;col-sm-6&#x20;col-md-4&#x20;mb-5\">\n        \n<a href=\"https:\/\/bpa-nord.no\/se\/bargga-min-luhtte\/bargga-bpa-assisteanttan\/\" class=\"card-vertical\">\n      <figure>\n      <img\n        src=\"https:\/\/bpa-nord.no\/se\/wp-content\/uploads\/sites\/2\/2024\/03\/shutterstock-1685937100-768x576.jpg\"\n                  alt=\"Bilde for artikkelen Bargga BPA-assisteanttan\"\n                decoding=\"async\"\n        loading=\"lazy\"\n      \/>\n    <\/figure>\n    <section>\n    <h2>Bargga BPA-assisteanttan<\/h2>\n          <p>BPA-assisteantan dus lea m\u00e1\u014bggabealat bargobeaivi mii m\u00e1\u014bgga d\u00e1fus lea addit nuppi olbmui dievasla\u0161 ja m\u00e1vssola\u0161 eallima.<\/p>\n      <\/section>\n<\/a>      <\/div>\n          <div class=\"d-flex&#x20;col-12&#x20;col-sm-6&#x20;col-md-4&#x20;mb-5\">\n        \n<a href=\"https:\/\/bpa-nord.no\/se\/bargga-min-luhtte\/oahppu-ja-kursa-assisteanttaide\/\" class=\"card-vertical\">\n      <figure>\n      <img\n        src=\"https:\/\/bpa-nord.no\/se\/wp-content\/uploads\/sites\/2\/2024\/03\/assistentkurs-bpanord-768x576.jpg\"\n                  alt=\"Bilde for artikkelen Oahppu ja kursa assisteanttaide\"\n                decoding=\"async\"\n        loading=\"lazy\"\n      \/>\n    <\/figure>\n    <section>\n    <h2>Oahppu ja kursa assisteanttaide<\/h2>\n          <p>BPA Nord veahkkebargiide f\u00e1llojuvvo vu\u0111ola\u0161 oahpahus ja viiddis v\u00e1lljenvejola\u0161vuo\u0111at kurssaid ektui.<\/p>\n      <\/section>\n<\/a>      <\/div>\n          <div class=\"d-flex&#x20;col-12&#x20;col-sm-6&#x20;col-md-4&#x20;mb-5\">\n        \n<a href=\"https:\/\/bpa-nord.no\/se\/bpa-birra-obbalaccat\/mii-lea-bpa-ja-geasa-dat-heive\/\" class=\"card-vertical\">\n      <figure>\n      <img\n        src=\"https:\/\/bpa-nord.no\/se\/wp-content\/uploads\/sites\/2\/2024\/03\/istock-1064918232-768x576.jpg\"\n                  alt=\"Bilde for artikkelen Mii lea BPA ja geasa dat heive?\"\n                decoding=\"async\"\n        loading=\"lazy\"\n      \/>\n    <\/figure>\n    <section>\n    <h2>Mii lea BPA ja geasa dat heive?<\/h2>\n          <p>BPA lea m\u00e1\u0161kidis ja geavaheddjiidstivren ortnet mii galg\u00e1 veahkkin ie\u0161heanala\u0161 ja aktiivvala\u0161 eallimii. <\/p>\n      <\/section>\n<\/a>      <\/div>\n    \t<\/div>\n<\/div>\n\n\n\n<div class=\"wp-block-cover alignfull\" style=\"margin-top:var(--wp--preset--spacing--60);min-height:500px;aspect-ratio:unset;\"><span aria-hidden=\"true\" class=\"wp-block-cover__background has-background-dim-30 has-background-dim\"><\/span><img loading=\"lazy\" decoding=\"async\" width=\"1920\" height=\"1241\" class=\"wp-block-cover__image-background wp-image-1209\" alt=\"\" src=\"https:\/\/bpa-nord.no\/se\/wp-content\/uploads\/sites\/2\/2024\/02\/jonas-dyvik-nilsen-dwf5-p6pn24-unsplash.jpg\" style=\"object-position:64% 60%\" data-object-fit=\"cover\" data-object-position=\"64% 60%\" srcset=\"https:\/\/bpa-nord.no\/se\/wp-content\/uploads\/sites\/2\/2024\/02\/jonas-dyvik-nilsen-dwf5-p6pn24-unsplash.jpg 1920w, https:\/\/bpa-nord.no\/se\/wp-content\/uploads\/sites\/2\/2024\/02\/jonas-dyvik-nilsen-dwf5-p6pn24-unsplash-300x194.jpg 300w, https:\/\/bpa-nord.no\/se\/wp-content\/uploads\/sites\/2\/2024\/02\/jonas-dyvik-nilsen-dwf5-p6pn24-unsplash-1024x662.jpg 1024w, https:\/\/bpa-nord.no\/se\/wp-content\/uploads\/sites\/2\/2024\/02\/jonas-dyvik-nilsen-dwf5-p6pn24-unsplash-768x496.jpg 768w, https:\/\/bpa-nord.no\/se\/wp-content\/uploads\/sites\/2\/2024\/02\/jonas-dyvik-nilsen-dwf5-p6pn24-unsplash-1536x993.jpg 1536w\" sizes=\"auto, (max-width: 1920px) 100vw, 1920px\" \/><div class=\"wp-block-cover__inner-container is-layout-constrained wp-block-cover-is-layout-constrained\">\n<h2 class=\"wp-block-heading has-text-align-center has-base-color has-text-color has-link-color wp-elements-57247bf82bf3a0a28474904ebbc32eb9\">BPA Nord<\/h2>\n\n\n\n<p class=\"has-text-align-center has-base-color has-text-color has-link-color has-large-font-size wp-elements-487575df3ec38a368a4f84d92ca73fc7\" style=\"font-style:normal;font-weight:300\">Gelbbola\u0161vuohta\u00a0\u00a0|\u00a0 Dohkkeheapmi\u00a0\u00a0|\u00a0 \u00c1rvvusatnin\u00a0\u00a0|\u00a0 Luohtt\u00e1mu\u0161<\/p>\n<\/div><\/div>\n","protected":false},"excerpt":{"rendered":"<p>Bargat BPA Nord:as Veahkkebargin\/assisteanttan mii vuordit ahte don leat dakk\u00e1r gii guldalat ja s\u00e1ht\u00e1t veahkkin v\u00e1ikkuhit vuoi \u0161add\u00e1 einnost\u00e1htti ja oadjebas \u00e1rgabeaivi. Don boa\u0111\u00e1t leat s\u00e1gastallanguoibmi ja mielbargi mas lea deh\u00e1la\u0161 doarjjafunk\u0161uvdna &laquo;hoavdda&raquo; eallimis. Bargojo\u0111iheaddji v\u00e1llje ie\u017eas veahkkebargiid nu ahte d\u00e1rbu, kemiija ja bero\u0161tupmi heivejit oktii. Oahpa eanet mot lea bargat BPA assisteanttan<\/p>\n","protected":false},"author":1,"featured_media":0,"parent":0,"menu_order":4,"comment_status":"closed","ping_status":"closed","template":"no-title","meta":{"_acf_changed":false,"editor_notices":[],"footnotes":""},"class_list":["post-26","page","type-page","status-publish","hentry"],"acf":[],"mb":[],"mfb_rest_fields":["title"],"_links":{"self":[{"href":"https:\/\/bpa-nord.no\/se\/wp-json\/wp\/v2\/pages\/26","targetHints":{"allow":["GET"]}}],"collection":[{"href":"https:\/\/bpa-nord.no\/se\/wp-json\/wp\/v2\/pages"}],"about":[{"href":"https:\/\/bpa-nord.no\/se\/wp-json\/wp\/v2\/types\/page"}],"author":[{"embeddable":true,"href":"https:\/\/bpa-nord.no\/se\/wp-json\/wp\/v2\/users\/1"}],"replies":[{"embeddable":true,"href":"https:\/\/bpa-nord.no\/se\/wp-json\/wp\/v2\/comments?post=26"}],"version-history":[{"count":2,"href":"https:\/\/bpa-nord.no\/se\/wp-json\/wp\/v2\/pages\/26\/revisions"}],"predecessor-version":[{"id":2719,"href":"https:\/\/bpa-nord.no\/se\/wp-json\/wp\/v2\/pages\/26\/revisions\/2719"}],"wp:attachment":[{"href":"https:\/\/bpa-nord.no\/se\/wp-json\/wp\/v2\/media?parent=26"}],"curies":[{"name":"wp","href":"https:\/\/api.w.org\/{rel}","templated":true}]}}