{"id":28,"date":"2024-02-08T14:29:48","date_gmt":"2024-02-08T13:29:48","guid":{"rendered":"https:\/\/bpa-nord.no\/se\/?page_id=28"},"modified":"2025-03-14T10:37:52","modified_gmt":"2025-03-14T09:37:52","slug":"oktavuodadiedut","status":"publish","type":"page","link":"https:\/\/bpa-nord.no\/se\/oktavuodadiedut\/","title":{"rendered":"Oktavuo\u0111adie\u0111ut"},"content":{"rendered":"\n<div class=\"wp-block-group alignfull has-custom-lys-hovedfarge-1-background-color has-background is-layout-constrained wp-block-group-is-layout-constrained\" style=\"margin-bottom:var(--wp--preset--spacing--50)\">\n<div class=\"wp-block-media-text alignwide is-stacked-on-mobile is-image-fill-element has-custom-farge-1-background-color has-background\" style=\"margin-top:0;margin-bottom:0\"><figure class=\"wp-block-media-text__media\"><img loading=\"lazy\" decoding=\"async\" width=\"1024\" height=\"683\" src=\"https:\/\/bpa-nord.no\/se\/wp-content\/uploads\/sites\/2\/2024\/02\/trine-edited-1024x683.jpg\" alt=\"\" class=\"wp-image-668 size-full\" style=\"object-position:50% 50%\" srcset=\"https:\/\/bpa-nord.no\/se\/wp-content\/uploads\/sites\/2\/2024\/02\/trine-edited-1024x683.jpg 1024w, https:\/\/bpa-nord.no\/se\/wp-content\/uploads\/sites\/2\/2024\/02\/trine-edited-300x200.jpg 300w, https:\/\/bpa-nord.no\/se\/wp-content\/uploads\/sites\/2\/2024\/02\/trine-edited-768x512.jpg 768w, https:\/\/bpa-nord.no\/se\/wp-content\/uploads\/sites\/2\/2024\/02\/trine-edited-1536x1024.jpg 1536w, https:\/\/bpa-nord.no\/se\/wp-content\/uploads\/sites\/2\/2024\/02\/trine-edited-2048x1365.jpg 2048w\" sizes=\"auto, (max-width: 1024px) 100vw, 1024px\" \/><\/figure><div class=\"wp-block-media-text__content\">\n<div class=\"wp-block-group is-layout-constrained wp-block-group-is-layout-constrained\" style=\"padding-top:var(--wp--preset--spacing--60);padding-bottom:var(--wp--preset--spacing--60)\">\n<h1 class=\"wp-block-heading\">V\u00e1ldde oktavuo\u0111a d\u00e1l<\/h1>\n\n\n\n<p class=\"has-text-align-left has-large-font-size\"><strong>Min telefonguovdd\u00e1\u0161<\/strong>: <a href=\"tel:40622364\">406 22 364<\/a><br>Rabas \u00e1rgabeaivviid dii: 08.00 &#8211; 15.30<\/p>\n\n\n\n<div class=\"wp-block-buttons is-layout-flex wp-block-buttons-is-layout-flex\">\n<div class=\"wp-block-button\"><a class=\"wp-block-button__link wp-element-button\" href=\"https:\/\/bpa-nord.no\/se\/oktavuodadiedut\/valdde-oktavuoda\/\">S\u00e1dde midjiide die\u0111u<\/a><\/div>\n<\/div>\n<\/div>\n<\/div><\/div>\n<\/div>\n\n\n\n<h2 class=\"wp-block-heading\">Min kantuvrrat<\/h2>\n\n\n\n<div class=\"wp-block-columns are-vertically-aligned-center has-border-color has-custom-lys-hovedfarge-1-border-color is-layout-flex wp-container-core-columns-is-layout-f52ebae2 wp-block-columns-is-layout-flex\" style=\"border-radius:30px;margin-top:var(--wp--preset--spacing--30);margin-bottom:var(--wp--preset--spacing--30);padding-top:var(--wp--preset--spacing--30);padding-right:var(--wp--preset--spacing--30);padding-bottom:var(--wp--preset--spacing--30);padding-left:var(--wp--preset--spacing--30)\">\n<div class=\"wp-block-column is-vertically-aligned-center is-layout-flow wp-container-core-column-is-layout-8a368f38 wp-block-column-is-layout-flow\" style=\"flex-basis:39%\">\n<h3 class=\"wp-block-heading\">Romssa v\u00e1ldokantuvra<\/h3>\n\n\n\n<p><a href=\"https:\/\/maps.app.goo.gl\/MiVecRYAhdU8GJuF7\" target=\"_blank\" rel=\"noreferrer noopener\">Strandvegen 106<\/a><br>9006 Troms\u00f8<\/p>\n<\/div>\n\n\n\n<div class=\"wp-block-column is-vertically-aligned-center is-layout-flow wp-block-column-is-layout-flow\"><div class=\"wp-block-post-type-multi post-type-multi type-manual display-row post-type-multi-bc_employee align wp-block-acf-post-type-multi\" id=\"post-type-multi-69ed02a5742b2\" data-columns=\"1\" data-post-type=\"bc_employee\" data-template=\"card-employee-small.twig\" data-total=\"4\" >\n  <div class=\"row&#x20;row-eq-height&#x20;justify-content-start row-cols-1\">\n\t\t      <div class=\"d-flex&#x20;col-12&#x20;mb-5\">\n        \n\n<div class=\"card-employee-small\">\n  <div class=\"contact-information\">\n    <h2>Espen Igesund<\/h2>\n    <p class=\"position\">Beaivv\u00e1la\u0161 jo\u0111iheaddji | Romsa<\/p>\n    <a href=\"tel:99&#51;&#54;89&#57;&#55;\" class=\"phone\">\n      Tlf: 9&#57;36&#56;&#57;97\n    <\/a>\n    <a href=\"mailto:&#101;spen.&#105;g&#101;&#115;&#117;n&#100;&#64;bp&#97;-nor&#100;.&#110;o\" class=\"mail\">\n      &#101;&#115;p&#101;n&#46;i&#103;es&#117;&#110;&#100;&#64;&#98;&#112;a&#45;&#110;o&#114;d&#46;no\n    <\/a>\n  <\/div>\n  <figure>\n        <img\n      src     = \"https:\/\/bpa-nord.no\/se\/wp-content\/uploads\/sites\/2\/2024\/04\/espen-profilbilde-768x768.jpg\" \n\t\t\talt     = \"Bilde av Espen Igesund\"\n\t\t\tloading = \"lazy\" \n    >\n        \n  <\/figure>\n<\/div>\n      <\/div>\n    \t<\/div>\n<\/div>\n<\/div>\n<\/div>\n\n\n\n<div class=\"wp-block-columns are-vertically-aligned-center has-border-color has-custom-lys-hovedfarge-1-border-color is-layout-flex wp-container-core-columns-is-layout-f52ebae2 wp-block-columns-is-layout-flex\" style=\"border-radius:30px;margin-top:var(--wp--preset--spacing--30);margin-bottom:var(--wp--preset--spacing--30);padding-top:var(--wp--preset--spacing--30);padding-right:var(--wp--preset--spacing--30);padding-bottom:var(--wp--preset--spacing--30);padding-left:var(--wp--preset--spacing--30)\">\n<div class=\"wp-block-column is-vertically-aligned-center is-layout-flow wp-container-core-column-is-layout-8a368f38 wp-block-column-is-layout-flow\" style=\"flex-basis:39%\">\n<h3 class=\"wp-block-heading\">Guovdageaidnu<\/h3>\n\n\n\n<p><a href=\"https:\/\/maps.app.goo.gl\/J8PQJcP5jqvwHNcY9\" target=\"_blank\" rel=\"noreferrer noopener\">Bredbuktnesveien 50B<br><\/a>9522 Kautokeino<\/p>\n<\/div>\n\n\n\n<div class=\"wp-block-column is-vertically-aligned-center is-layout-flow wp-block-column-is-layout-flow\"><div class=\"wp-block-post-type-multi post-type-multi type-manual display-row post-type-multi-bc_employee align wp-block-acf-post-type-multi\" id=\"post-type-multi-69ed02a5790fe\" data-columns=\"1\" data-post-type=\"bc_employee\" data-template=\"card-employee-small.twig\" data-total=\"4\" >\n  <div class=\"row&#x20;row-eq-height&#x20;justify-content-start row-cols-1\">\n\t\t      <div class=\"d-flex&#x20;col-12&#x20;mb-5\">\n        \n\n<div class=\"card-employee-small\">\n  <div class=\"contact-information\">\n    <h2>Sara Birgitte Marie Eira<\/h2>\n    <p class=\"position\">R\u00e1\u0111\u0111eaddi BPA | Guovdageaidnu<\/p>\n    <a href=\"tel:&#57;0&#50;73&#51;21\" class=\"phone\">\n      Tlf: &#57;&#48;273&#51;2&#49;\n    <\/a>\n    <a href=\"mailto:s&#97;r&#97;&#46;&#101;&#105;&#114;&#97;&#64;&#98;p&#97;&#45;&#110;ord&#46;&#110;o\" class=\"mail\">\n      s&#97;&#114;&#97;&#46;&#101;i&#114;&#97;&#64;bp&#97;-n&#111;r&#100;&#46;&#110;o\n    <\/a>\n  <\/div>\n  <figure>\n        <img\n      src     = \"https:\/\/bpa-nord.no\/se\/wp-content\/uploads\/sites\/2\/2024\/02\/sara-birgitte-profilbilde-768x768.jpg\" \n\t\t\talt     = \"Bilde av Sara Birgitte Marie Eira\"\n\t\t\tloading = \"lazy\" \n    >\n        \n  <\/figure>\n<\/div>\n      <\/div>\n    \t<\/div>\n<\/div>\n<\/div>\n<\/div>\n\n\n\n<div class=\"wp-block-columns are-vertically-aligned-center has-border-color has-custom-lys-hovedfarge-1-border-color is-layout-flex wp-container-core-columns-is-layout-f52ebae2 wp-block-columns-is-layout-flex\" style=\"border-radius:30px;margin-top:var(--wp--preset--spacing--30);margin-bottom:var(--wp--preset--spacing--30);padding-top:var(--wp--preset--spacing--30);padding-right:var(--wp--preset--spacing--30);padding-bottom:var(--wp--preset--spacing--30);padding-left:var(--wp--preset--spacing--30)\">\n<div class=\"wp-block-column is-vertically-aligned-center is-layout-flow wp-container-core-column-is-layout-8a368f38 wp-block-column-is-layout-flow\" style=\"flex-basis:39%\">\n<h3 class=\"wp-block-heading\">Guovdageaidnu<\/h3>\n\n\n\n<p><a href=\"https:\/\/maps.app.goo.gl\/J8PQJcP5jqvwHNcY9\" target=\"_blank\" rel=\"noreferrer noopener\">Bredbuktnesveien 50B<br><\/a>9522 Kautokeino<\/p>\n<\/div>\n\n\n\n<div class=\"wp-block-column is-vertically-aligned-center is-layout-flow wp-block-column-is-layout-flow\"><div class=\"wp-block-post-type-multi post-type-multi type-manual display-row post-type-multi-bc_employee align wp-block-acf-post-type-multi\" id=\"post-type-multi-69ed02a57addb\" data-columns=\"1\" data-post-type=\"bc_employee\" data-template=\"card-employee-small.twig\" data-total=\"4\" >\n  <div class=\"row&#x20;row-eq-height&#x20;justify-content-start row-cols-1\">\n\t\t      <div class=\"d-flex&#x20;col-12&#x20;mb-5\">\n        \n\n<div class=\"card-employee-small\">\n  <div class=\"contact-information\">\n    <h2>Hilde Eira Vars<\/h2>\n    <p class=\"position\">R\u00e1\u0111\u0111eaddi BPA | Guovdageaidnu<\/p>\n    <a href=\"tel:&#57;095&#55;3&#49;&#55;\" class=\"phone\">\n      Tlf: 9&#48;&#57;57317\n    <\/a>\n    <a href=\"mailto:&#104;&#105;&#108;d&#101;&#46;eira&#64;&#98;&#112;a-&#110;&#111;&#114;&#100;&#46;no\" class=\"mail\">\n      hil&#100;&#101;&#46;ei&#114;a&#64;bpa&#45;&#110;&#111;&#114;d.no\n    <\/a>\n  <\/div>\n  <figure>\n        <img\n      src     = \"https:\/\/bpa-nord.no\/se\/wp-content\/uploads\/sites\/2\/2024\/02\/hilde-profilbilde-768x768.jpg\" \n\t\t\talt     = \"Bilde av Hilde Eira Vars\"\n\t\t\tloading = \"lazy\" \n    >\n        \n  <\/figure>\n<\/div>\n      <\/div>\n    \t<\/div>\n<\/div>\n<\/div>\n<\/div>\n\n\n\n<div class=\"wp-block-columns are-vertically-aligned-center has-border-color has-custom-lys-hovedfarge-1-border-color is-layout-flex wp-container-core-columns-is-layout-f52ebae2 wp-block-columns-is-layout-flex\" style=\"border-radius:30px;margin-top:var(--wp--preset--spacing--30);margin-bottom:var(--wp--preset--spacing--30);padding-top:var(--wp--preset--spacing--30);padding-right:var(--wp--preset--spacing--30);padding-bottom:var(--wp--preset--spacing--30);padding-left:var(--wp--preset--spacing--30)\">\n<div class=\"wp-block-column is-vertically-aligned-center is-layout-flow wp-container-core-column-is-layout-8a368f38 wp-block-column-is-layout-flow\" style=\"flex-basis:39%\">\n<h3 class=\"wp-block-heading\"><strong>Seahtarmuvva<\/strong><\/h3>\n\n\n\n<p><a href=\"https:\/\/maps.app.goo.gl\/boygTBPkmtoXptr46\" target=\"_blank\" rel=\"noreferrer noopener\">Altevannsveien 7<br><\/a>9360 Bardu<\/p>\n<\/div>\n\n\n\n<div class=\"wp-block-column is-vertically-aligned-center is-layout-flow wp-block-column-is-layout-flow\"><div class=\"wp-block-post-type-multi post-type-multi type-manual display-row post-type-multi-bc_employee align wp-block-acf-post-type-multi\" id=\"post-type-multi-69ed02a57c475\" data-columns=\"1\" data-post-type=\"bc_employee\" data-template=\"card-employee-small.twig\" data-total=\"4\" >\n  <div class=\"row&#x20;row-eq-height&#x20;justify-content-start row-cols-1\">\n\t\t      <div class=\"d-flex&#x20;col-12&#x20;mb-5\">\n        \n\n<div class=\"card-employee-small\">\n  <div class=\"contact-information\">\n    <h2>Linn Luneborg<\/h2>\n    <p class=\"position\">R\u00e1\u0111\u0111eaddi BPA | Seahtarmuvva<\/p>\n    <a href=\"tel:&#57;&#50;&#48;51&#48;&#48;&#52;\" class=\"phone\">\n      Tlf: 9&#50;&#48;5&#49;&#48;0&#52;\n    <\/a>\n    <a href=\"mailto:linn.l&#117;&#110;e&#98;&#111;rg&#64;b&#112;&#97;-&#110;&#111;&#114;d.&#110;o\" class=\"mail\">\n      l&#105;&#110;n.&#108;&#117;nebo&#114;&#103;&#64;b&#112;&#97;&#45;n&#111;rd.n&#111;\n    <\/a>\n  <\/div>\n  <figure>\n        <img\n      src     = \"https:\/\/bpa-nord.no\/se\/wp-content\/uploads\/sites\/2\/2024\/02\/linn-profilbilde-768x768.jpg\" \n\t\t\talt     = \"Bilde av Linn Luneborg\"\n\t\t\tloading = \"lazy\" \n    >\n        \n  <\/figure>\n<\/div>\n      <\/div>\n    \t<\/div>\n<\/div>\n<\/div>\n<\/div>\n\n\n\n<div class=\"wp-block-columns are-vertically-aligned-center has-border-color has-custom-lys-hovedfarge-1-border-color is-layout-flex wp-container-core-columns-is-layout-f52ebae2 wp-block-columns-is-layout-flex\" style=\"border-radius:30px;margin-top:var(--wp--preset--spacing--30);margin-bottom:var(--wp--preset--spacing--30);padding-top:var(--wp--preset--spacing--30);padding-right:var(--wp--preset--spacing--30);padding-bottom:var(--wp--preset--spacing--30);padding-left:var(--wp--preset--spacing--30)\">\n<div class=\"wp-block-column is-vertically-aligned-center is-layout-flow wp-container-core-column-is-layout-8a368f38 wp-block-column-is-layout-flow\" style=\"flex-basis:39%\">\n<h3 class=\"wp-block-heading\">Salten<\/h3>\n\n\n\n<p><a href=\"https:\/\/www.google.no\/maps\/place\/Sj%C3%B8gata+70,+8200+Fauske\/@67.2583805,15.3939591,17z\/data=!3m1!4b1!4m6!3m5!1s0x45df2db409931115:0x9df0a9b82104c89b!8m2!3d67.2583805!4d15.3939591!16s%2Fg%2F11c1_k65cf?entry=ttu&amp;g_ep=EgoyMDI1MDMxMi4wIKXMDSoJLDEwMjExNDUzSAFQAw%3D%3D\" target=\"_blank\" rel=\"noreferrer noopener\">Sj\u00f8gata 70<\/a><br>8210 Fauske<\/p>\n<\/div>\n\n\n\n<div class=\"wp-block-column is-vertically-aligned-center is-layout-flow wp-block-column-is-layout-flow\"><div class=\"wp-block-post-type-multi post-type-multi type-manual display-row post-type-multi-bc_employee align wp-block-acf-post-type-multi\" id=\"post-type-multi-69ed02a57dcd9\" data-columns=\"1\" data-post-type=\"bc_employee\" data-template=\"card-employee-small.twig\" data-total=\"4\" >\n  <div class=\"row&#x20;row-eq-height&#x20;justify-content-start row-cols-1\">\n\t\t      <div class=\"d-flex&#x20;col-12&#x20;mb-5\">\n        \n\n<div class=\"card-employee-small\">\n  <div class=\"contact-information\">\n    <h2>Mariell Aronsen<\/h2>\n    <p class=\"position\">R\u00e1\u0111\u0111eaddi BPA | Salten<\/p>\n    <a href=\"tel:&#57;217&#57;5&#51;&#55;\" class=\"phone\">\n      Tlf: &#57;&#50;1&#55;953&#55;\n    <\/a>\n    <a href=\"mailto:m&#97;rie&#108;l&#46;&#97;&#114;on&#115;&#101;&#110;&#64;&#98;&#112;a-n&#111;&#114;&#100;&#46;n&#111;\" class=\"mail\">\n      &#109;&#97;&#114;&#105;&#101;&#108;l.&#97;&#114;o&#110;&#115;en&#64;&#98;&#112;a&#45;&#110;&#111;&#114;&#100;&#46;no\n    <\/a>\n  <\/div>\n  <figure>\n        <img\n      src     = \"https:\/\/bpa-nord.no\/se\/wp-content\/uploads\/sites\/2\/2024\/04\/mariell-profilbilde-768x768.jpg\" \n\t\t\talt     = \"Bilde av Mariell Aronsen\"\n\t\t\tloading = \"lazy\" \n    >\n        \n  <\/figure>\n<\/div>\n      <\/div>\n    \t<\/div>\n<\/div>\n<\/div>\n<\/div>\n\n\n\n<div class=\"wp-block-cover alignfull\" style=\"margin-top:var(--wp--preset--spacing--60);min-height:500px;aspect-ratio:unset;\"><span aria-hidden=\"true\" class=\"wp-block-cover__background has-background-dim-30 has-background-dim\"><\/span><img loading=\"lazy\" decoding=\"async\" width=\"1920\" height=\"935\" class=\"wp-block-cover__image-background wp-image-599\" alt=\"\" src=\"https:\/\/bpa-nord.no\/se\/wp-content\/uploads\/sites\/2\/2024\/02\/jorn-eriksen-8hp1yyj-wda-unsplash.jpg\" style=\"object-position:69% 69%\" data-object-fit=\"cover\" data-object-position=\"69% 69%\" srcset=\"https:\/\/bpa-nord.no\/se\/wp-content\/uploads\/sites\/2\/2024\/02\/jorn-eriksen-8hp1yyj-wda-unsplash.jpg 1920w, https:\/\/bpa-nord.no\/se\/wp-content\/uploads\/sites\/2\/2024\/02\/jorn-eriksen-8hp1yyj-wda-unsplash-300x146.jpg 300w, https:\/\/bpa-nord.no\/se\/wp-content\/uploads\/sites\/2\/2024\/02\/jorn-eriksen-8hp1yyj-wda-unsplash-1024x499.jpg 1024w, https:\/\/bpa-nord.no\/se\/wp-content\/uploads\/sites\/2\/2024\/02\/jorn-eriksen-8hp1yyj-wda-unsplash-768x374.jpg 768w, https:\/\/bpa-nord.no\/se\/wp-content\/uploads\/sites\/2\/2024\/02\/jorn-eriksen-8hp1yyj-wda-unsplash-1536x748.jpg 1536w\" sizes=\"auto, (max-width: 1920px) 100vw, 1920px\" \/><div class=\"wp-block-cover__inner-container is-layout-constrained wp-block-cover-is-layout-constrained\">\n<h2 class=\"wp-block-heading has-text-align-center has-base-color has-text-color has-link-color wp-elements-57247bf82bf3a0a28474904ebbc32eb9\">BPA Nord<\/h2>\n\n\n\n<p class=\"has-text-align-center has-base-color has-text-color has-link-color has-large-font-size wp-elements-bf68fc332d89e16a64c8595df6e0ea32\" style=\"font-style:normal;font-weight:300\">Gelbbola\u0161vuohta&nbsp;&nbsp;|&nbsp; Dohkkeheapmi&nbsp;&nbsp;|&nbsp; \u00c1rvvusatnin&nbsp;&nbsp;|&nbsp; Luohtt\u00e1mu\u0161<\/p>\n<\/div><\/div>\n","protected":false},"excerpt":{"rendered":"<p>V\u00e1ldde oktavuo\u0111a d\u00e1l Min telefonguovdd\u00e1\u0161: 406 22 364Rabas \u00e1rgabeaivviid dii: 08.00 &#8211; 15.30 Min kantuvrrat Romssa v\u00e1ldokantuvra Strandvegen 1069006 Troms\u00f8 Guovdageaidnu Bredbuktnesveien 50B9522 Kautokeino Guovdageaidnu Bredbuktnesveien 50B9522 Kautokeino Seahtarmuvva Altevannsveien 79360 Bardu Salten Sj\u00f8gata 708210 Fauske<\/p>\n","protected":false},"author":1,"featured_media":668,"parent":0,"menu_order":5,"comment_status":"closed","ping_status":"closed","template":"no-title","meta":{"_acf_changed":false,"editor_notices":[],"footnotes":""},"class_list":["post-28","page","type-page","status-publish","has-post-thumbnail","hentry"],"acf":[],"mb":[],"mfb_rest_fields":["title"],"_links":{"self":[{"href":"https:\/\/bpa-nord.no\/se\/wp-json\/wp\/v2\/pages\/28","targetHints":{"allow":["GET"]}}],"collection":[{"href":"https:\/\/bpa-nord.no\/se\/wp-json\/wp\/v2\/pages"}],"about":[{"href":"https:\/\/bpa-nord.no\/se\/wp-json\/wp\/v2\/types\/page"}],"author":[{"embeddable":true,"href":"https:\/\/bpa-nord.no\/se\/wp-json\/wp\/v2\/users\/1"}],"replies":[{"embeddable":true,"href":"https:\/\/bpa-nord.no\/se\/wp-json\/wp\/v2\/comments?post=28"}],"version-history":[{"count":2,"href":"https:\/\/bpa-nord.no\/se\/wp-json\/wp\/v2\/pages\/28\/revisions"}],"predecessor-version":[{"id":2765,"href":"https:\/\/bpa-nord.no\/se\/wp-json\/wp\/v2\/pages\/28\/revisions\/2765"}],"wp:featuredmedia":[{"embeddable":true,"href":"https:\/\/bpa-nord.no\/se\/wp-json\/wp\/v2\/media\/668"}],"wp:attachment":[{"href":"https:\/\/bpa-nord.no\/se\/wp-json\/wp\/v2\/media?parent=28"}],"curies":[{"name":"wp","href":"https:\/\/api.w.org\/{rel}","templated":true}]}}