{"id":3,"date":"2024-02-08T12:20:15","date_gmt":"2024-02-08T12:20:15","guid":{"rendered":"https:\/\/bpa-nord.no\/se\/?page_id=3"},"modified":"2025-03-11T10:31:27","modified_gmt":"2025-03-11T09:31:27","slug":"persovdnasuodjalus","status":"publish","type":"page","link":"https:\/\/bpa-nord.no\/se\/persovdnasuodjalus\/","title":{"rendered":"Persovdnasuodjalus"},"content":{"rendered":"\n<p class=\"has-large-font-size\">BPA Nord personsuodjalusjulgga\u0161tus<\/p>\n\n\n\n<p>D\u00e1t persovdnajulgga\u0161tus \u010dilge movt BPA Nord meannuda persovdnadie\u0111uid.<\/p>\n\n\n\n<h2 class=\"wp-block-heading\">1. Ulbmil persovnadie\u0111uid meannudemiin<\/h2>\n\n\n\n<p>BPA Nord lea l\u00e1gideaddji geavaheaddji stivrejuvvon persovnnala\u0161 veahkis. Buot persuvdnadie\u0111uid meannudeamit BPA Nord fitnodagas dahkkojuvvojit dan dihte vuoi s\u00e1httit f\u00e1llat ja heivehit BPA-b\u00e1lvalusaid min b\u00e1lvalusgeavaheddjiide.<\/p>\n\n\n\n<p>D\u00e1t persuvdnadie\u0111ut s\u00e1httet leat omd. namma, telefonnummar, \u010dujuhus ja ear\u00e1 die\u0111ut mat guskket \u0161iehtadussii mii lea gaskal BPA Nord ja b\u00e1lvalusgeavaheaddji. <\/p>\n\n\n\n<h2 class=\"wp-block-heading\">2. Sihkarvuohta<\/h2>\n\n\n\n<p>Buot mielbargit BPA Nordas, bero\u0161keahtt\u00e1 das mainna barget, leat vuoll\u00e1i\u010d\u00e1ll\u00e1n j\u00e1vohisvuo\u0111aduo\u0111a\u0161tusa.<\/p>\n\n\n\n<p>Buot persovdnadie\u0111ut vurkejuvvojit EU\/E\u00d8S r\u00e1mmaid siskkobealde ja heivejit Persovdnadiehtol\u00e1ga njuolggadusaide&nbsp;(<a href=\"https:\/\/lovdata.no\/dokument\/NL\/lov\/2018-06-15-38\">Personopplysningsloven<\/a>).<\/p>\n\n\n\n<h2 class=\"wp-block-heading\">3. Meannudanvuo\u0111\u0111u<\/h2>\n\n\n\n<p>Gie\u0111ahallanvuo\u0111\u0111u persuvdnadie\u0111uin mat leat d\u00e1n dokumeanttas namuhuvvon lea GDPR artihkkal 6 nr. 1.<\/p>\n\n\n\n<p class=\"has-main-color has-text-color has-link-color has-large-font-size wp-elements-0631b1532090c483f0a10ad7df89c742\"><strong>Geat o\u017e\u017eot persuvdnadie\u0111uid<\/strong><\/p>\n\n\n\n<p>BPA Nord almmustahtt\u00e1 du\u0161\u0161e dakk\u00e1r persuvdnadie\u0111uid maid mii leat geatnegahtton l\u00e1ga bokte dahkat.<\/p>\n\n\n\n<p class=\"has-main-color has-text-color has-link-color has-large-font-size wp-elements-719b90d35cd4a48fd9fcad49f7898231\"><strong>Registrerejuvvon olbmo vuoigatvuo\u0111at<\/strong><\/p>\n\n\n\n<p>Go v\u00e1ldd\u00e1t oktavuo\u0111a BPA Nordain de lea registrerejuvvon olbmos vuoigatvuohta g\u00e1ibidit beassat geah\u010d\u010dat, divvut ja\/dahje sihkkut persuvdnadie\u0111uid mat gusket alccas. Dus lea vuoigatvuohta oa\u017e\u017eut v\u00e1st\u00e1dusa vuorddekeahtt\u00e1, ja ma\u014bimust\u00e1 30 beaivvi sisa.<\/p>\n\n\n\n<p class=\"has-main-color has-text-color has-link-color has-large-font-size wp-elements-f0183b9167f315fed562cd1a2927a92f\"><strong>V\u00e1idalus dahje ga\u017ealdagat<\/strong><\/p>\n\n\n\n<p>Jus dus leat ga\u017ealdagat dan birra movt mii meannudit persovdnadie\u0111uid, de s\u00e1ht\u00e1t v\u00e1ldit oktavuo\u0111a BPA Nordain: <a href=\"mailto:post@bpa-nord.no\/se\">post@bpa-nord.no\/se<\/a><\/p>\n\n\n\n<h2 class=\"wp-block-heading\">4. Registreren neahttasiiddus<\/h2>\n\n\n\n<p>Neahttasiidu mii namuhuvvo d\u00e1n persovdnasuodjalusas, guosk\u00e1 domenii https:\/\/www.bpa-nord.no\/se\/. BPA Nordas ii leat ovddasv\u00e1st\u00e1dus olgguldas siidduide maidda neahttasiidu \u010dujuha.<\/p>\n\n\n\n<p>Neahttab\u00e1ikegeavaheddjiin lea vuoigatvuohta biehttalit vurkkodeames die\u0111uid ja lea vejola\u0161 oa\u017e\u017eut sihkkojuvvot daid die\u0111uid maid mii leat juo vurkkodan. Go mii dahkat rievdadusaid neahttasiiddus (policeijas) mas lea mearkka\u0161upmi dutnje, de mii die\u0111ihit dutnje rievdadusaid ja rievdadanbeaivvi.<\/p>\n\n\n\n<p class=\"has-main-color has-text-color has-link-color has-large-font-size wp-elements-37d7bb223f91e76492b281fd88699b34\"><strong>Neahttasiidob\u00e1lvv\u00e1t ja krypterejuvvon gulahallan<\/strong><\/p>\n\n\n\n<p>BPA Nord vurkkoda buot d\u00e1taid ja die\u0111uid serveriin mat leat EU\/E\u00d8S siskkobealde. Neahttab\u00e1iki geavaha SSL, mii lea protokolla mii doarju krypterejuvvon gulahallama, mas lea ulbmil eastadit ahte ear\u00e1t s\u00e1httet guldalit dahje autoriserekeahtes rievdadeami dahkat dain die\u0111uin mat s\u00e1ddejuvvojit.<\/p>\n\n\n\n<p class=\"has-large-font-size\"><strong>Ohcan neahttasiiddus<\/strong><\/p>\n\n\n\n<p>Die\u0111ut eai vurkejuvvo go an\u00e1t ohcanfunk\u0161uvnna. Go giddet fierpm\u00e1datlogana, de sihkkojuvvot ohcandie\u0111ut.<br><\/p>\n\n\n\n<p class=\"has-large-font-size\"><strong>Gulahallanskovvi<\/strong><\/p>\n\n\n\n<p>Neahttasiiddus lea gulahallanskovvi masa neahttasiiddu geavaheaddjit s\u00e1httet s\u00e1ddet die\u0111u midjiide. Diehtu s\u00e1ddejuvvo sihkkarit neahttasiiddu b\u00e1lv\u00e1i, muhto s\u00e1ddejuvvo viid\u00e1seappot BPA Nord:ii e-boastan.<\/p>\n\n\n\n<p class=\"has-large-font-size\"><strong>Analysa neahttasiiddu geavaheamis<\/strong><\/p>\n\n\n\n<p>Neahttab\u00e1iki atn\u00e1 Google Analytics go r\u00e1hkadit statistihka, vuoi mii s\u00e1httit buoridit ja ovddidit neahttab\u00e1ikki sisdoalu. Persovdnadie\u0111ut \u010dihkkojuvvojit ja leat aggregerejuvvon h\u00e1mis, eaige s\u00e1hte guorahallojuvvot ruovttoluotta neahttageavaheaddj\u00e1i, ja dat oidnojit du\u0161\u0161e joavkod\u00e1sis.<\/p>\n\n\n\n<p class=\"has-large-font-size\"><strong>Facebook og almmuhusat<\/strong><\/p>\n\n\n\n<p>\u010c\u00e1jehandihte dutnje nu relev\u00e1nta almmuhusaid go vejola\u0161, de f\u00e1llet\u00a0<a href=\"https:\/\/www.facebook.com\/\">Facebook<\/a>\u00a0almmuhusaid mat leat heivehuvvon neahttasiiddu geavaheddjiide. Facebook, mii lea goalmm\u00e1t oas\u00e1la\u0161, s\u00e1htt\u00e1 geavahit diehto\u010doahkuid ja sullasa\u0161 teknologiijaid \u010dohkket dahje oa\u017e\u017eut die\u0111uid d\u00e1n neahttab\u00e1ikkis, ja atnit d\u00e1id die\u0111uid go f\u00e1llet statistihkaid ja ulbm\u00e1la\u0161 almmuhemiid. Eanet die\u0111uid g\u00e1vnnat d\u00e1ppe:\u00a0<a href=\"https:\/\/www.facebook.com\/business\/gdpr\">Facebook og GDPR<\/a>.<\/p>\n\n\n\n<p class=\"has-large-font-size\"><strong>Cookies\/diehtofiilat<\/strong><\/p>\n\n\n\n<p>Diehtofiilat (cookies) leat unn\u00e1 teakstafiilla\u017eat mat biddjojuvvojit du dihtorii go vie\u010d\u010dat web-siiddu.<\/p>\n\n\n\n<p>Galledanstatistihka \u010doavddus maid mii atnit lea vuo\u0111\u0111uduvvon Universal Analytics:as, ja die\u0111ut eai vurkejuvvo Google Analytics:as dahje webb\u00e1ikki\/siidduid serveris, muhto du neahttalohkkis maid don an\u00e1t. D\u00e1s oainnat makk\u00e1r diehto\u010doahkut geavahuvvojit:<\/p>\n\n\n\n<figure class=\"wp-block-image size-full\"><img loading=\"lazy\" decoding=\"async\" width=\"945\" height=\"359\" src=\"https:\/\/bpa-nord.no\/se\/wp-content\/uploads\/sites\/2\/2024\/04\/image.png\" alt=\"\" class=\"wp-image-1963\" srcset=\"https:\/\/bpa-nord.no\/se\/wp-content\/uploads\/sites\/2\/2024\/04\/image.png 945w, https:\/\/bpa-nord.no\/se\/wp-content\/uploads\/sites\/2\/2024\/04\/image-300x114.png 300w, https:\/\/bpa-nord.no\/se\/wp-content\/uploads\/sites\/2\/2024\/04\/image-768x292.png 768w\" sizes=\"auto, (max-width: 945px) 100vw, 945px\" \/><\/figure>\n\n\n\n<h2 class=\"wp-block-heading\">5. Maid mii registreret go v\u00e1ldd\u00e1t oktavuo\u0111a miiguin dahje go finat min guossis?<\/h2>\n\n\n\n<p class=\"has-large-font-size\"><strong>Telefuvdna<\/strong><\/p>\n\n\n\n<p>Go don ri\u014bget midjiide, de vurkejuvvo min telefunguovdd\u00e1\u017eis du telefunnummar, goas don ri\u014bget ja man guhk\u00e1 bistta s\u00e1gastallan. R\u00e1\u0111\u0111eaddiin leat d\u00e1t die\u0111ut ie\u017easet telefuvnnain. D\u00e1t logga d\u00e1rbba\u0161uvvo vuog\u00e1daga h\u00e1ldda\u0161eapm\u00e1i ja doibmii. Jus telefuns\u00e1gastallan gull\u00e1 ovttaskas \u00e1\u0161\u0161\u00e1i, de s\u00e1htt\u00e1 \u010d\u00e1llit not\u00e1hta mii biddjo journ\u00e1lii ma\u014b\u014bel go lea s\u00e1gastallan. Eai leat ear\u00e1 system\u00e1htala\u0161 logahallamat telefovdnas\u00e1gastallamiin maid bokte lea vejola\u0161 identifiseret sin geat ri\u014bgejit.<\/p>\n\n\n\n<p class=\"has-large-font-size\"><strong>E-boasta<\/strong><\/p>\n\n\n\n<p>Mii eat \u00e1v\u017e\u017eut ovttage s\u00e1ddet sensitiivvala\u0161 die\u0111uid e-boastta badjel. Mii bivdit du v\u00e1ldit d\u00e1n vuhtii, ja s\u00e1ddet d\u00e1kk\u00e1r die\u0111uid juogo reiven dahje ri\u014bget midjiide. Mii iskkat buot e-boastaid mat bohtet, ahte s\u00e1htt\u00e1 go virus ja dahje mihkke ear\u00e1 vah\u00e1tla\u010d\u010daid, suodjalandihte min vuog\u00e1dagaid.<\/p>\n\n\n\n<p class=\"has-large-font-size\"><strong>Registreret ie\u017eat bargoohccin<\/strong><\/p>\n\n\n\n<p>Jus ozat barggu BPA Nord:as, de mii d\u00e1rbba\u0161it gie\u0111ahallat die\u0111uid du birra vai s\u00e1httit \u00e1rvvo\u0161tallat du ohcama. Go virg\u00e1ibidjan lea dahkkon de sihkkojuvvojit buot die\u0111ut mat gusket daidda ohcciide geat eai leat virg\u00e1ibiddjon. Rabas ohcamat vurkejuvvojit dattetge jagi ovdal go sihkkojuvvot.<\/p>\n\n\n\n<p class=\"has-large-font-size\"><strong>Vurken\u00e1igi<\/strong><\/p>\n\n\n\n<p>BPA Nord vurkkoda persovdnadie\u0111uid nu guhk\u00e1 go lea d\u00e1rbba\u0161la\u0161 dan ulbmilii.<\/p>\n\n\n\n<ul class=\"wp-block-list\">\n<li><strong>Neahttasiidu:<\/strong> Vurkejuvvo gaskal minuhta ja guokte jagi, boaht\u00e1 das leago cookies (minuhta gitta guokte jagi) vuoi gulahallanskovvi (jagi siste).<\/li>\n\n\n\n<li><strong>E-boasta<\/strong>: Vurkejuvvo nu guhk\u00e1 go d\u00e1t e-boasta lea \u00e1vkin bistev\u00e1\u0161 \u00e1\u0161\u0161\u00e1i.<\/li>\n\n\n\n<li><strong>Bargoohccit<\/strong>: Go virg\u00e1ibidjan lea dahkkon, de sihkkojuvvojit buot dat die\u0111ut mat gusket daidda ohcciide geat eai leat virg\u00e1ibiddjojuvvon. Rabas ohcamat vurkejuvvojit dattetge jagi ovdal go sihkkojuvvojit. BPA Nord ii mu\u0111ui vurke persuvdnadie\u0111uid eara jus lea ear\u00e1 rievtt\u00e1la\u0161 vuo\u0111\u0111u joatkit meannudemiin.<\/li>\n<\/ul>\n\n\n\n<h2 class=\"wp-block-heading\">6. G\u00e1ldut ja eambbo die\u0111ut<\/h2>\n\n\n\n<ul class=\"wp-block-list\">\n<li>Persuvdnadiehtol\u00e1hka &#8211; <a href=\"https:\/\/lovdata.no\/dokument\/NL\/lov\/2018-06-15-38\">Personopplysningsloven<\/a><\/li>\n\n\n\n<li>Dearvva\u0161vuo\u0111abargiidl\u00e1hka &#8211; <a href=\"https:\/\/lovdata.no\/NL\/lov\/1999-07-02-64\/\">Helsepersonelloven<\/a><\/li>\n\n\n\n<li>Pasientajourn\u00e1la l\u00e1hka\u00e1sahus &#8211; <a href=\"https:\/\/lovdata.no\/SF\/forskrift\/2000-12-21-1385\/\">Forskrift om pasientjournal<\/a><\/li>\n\n\n\n<li>Pasieanta- ja geavaheddjiidvuoigatvuo\u0111al\u00e1hka &#8211; <a href=\"https:\/\/lovdata.no\/NL\/lov\/1999-07-02-63\/\">Pasient- og brukerrettighetsloven<\/a><\/li>\n<\/ul>\n\n\n\n<div style=\"height:100px\" aria-hidden=\"true\" class=\"wp-block-spacer\"><\/div>\n","protected":false},"excerpt":{"rendered":"<p>BPA Nord personsuodjalusjulgga\u0161tus D\u00e1t persovdnajulgga\u0161tus \u010dilge movt BPA Nord meannuda persovdnadie\u0111uid. 1. Ulbmil persovnadie\u0111uid meannudemiin BPA Nord lea l\u00e1gideaddji geavaheaddji stivrejuvvon persovnnala\u0161 veahkis. Buot persuvdnadie\u0111uid meannudeamit BPA Nord fitnodagas dahkkojuvvojit dan dihte vuoi s\u00e1httit f\u00e1llat ja heivehit BPA-b\u00e1lvalusaid min b\u00e1lvalusgeavaheddjiide. D\u00e1t persuvdnadie\u0111ut s\u00e1httet leat omd. namma, telefonnummar, \u010dujuhus ja ear\u00e1 die\u0111ut mat guskket \u0161iehtadussii mii [&hellip;]<\/p>\n","protected":false},"author":1,"featured_media":0,"parent":0,"menu_order":0,"comment_status":"closed","ping_status":"closed","template":"","meta":{"_acf_changed":false,"editor_notices":[],"footnotes":""},"class_list":["post-3","page","type-page","status-publish","hentry"],"acf":[],"mb":[],"mfb_rest_fields":["title"],"_links":{"self":[{"href":"https:\/\/bpa-nord.no\/se\/wp-json\/wp\/v2\/pages\/3","targetHints":{"allow":["GET"]}}],"collection":[{"href":"https:\/\/bpa-nord.no\/se\/wp-json\/wp\/v2\/pages"}],"about":[{"href":"https:\/\/bpa-nord.no\/se\/wp-json\/wp\/v2\/types\/page"}],"author":[{"embeddable":true,"href":"https:\/\/bpa-nord.no\/se\/wp-json\/wp\/v2\/users\/1"}],"replies":[{"embeddable":true,"href":"https:\/\/bpa-nord.no\/se\/wp-json\/wp\/v2\/comments?post=3"}],"version-history":[{"count":1,"href":"https:\/\/bpa-nord.no\/se\/wp-json\/wp\/v2\/pages\/3\/revisions"}],"predecessor-version":[{"id":2704,"href":"https:\/\/bpa-nord.no\/se\/wp-json\/wp\/v2\/pages\/3\/revisions\/2704"}],"wp:attachment":[{"href":"https:\/\/bpa-nord.no\/se\/wp-json\/wp\/v2\/media?parent=3"}],"curies":[{"name":"wp","href":"https:\/\/api.w.org\/{rel}","templated":true}]}}