{"id":547,"date":"2024-02-20T11:21:38","date_gmt":"2024-02-20T10:21:38","guid":{"rendered":"https:\/\/bpa-nord.no\/se\/?page_id=547"},"modified":"2025-03-13T15:12:13","modified_gmt":"2025-03-13T14:12:13","slug":"oahppu-ja-kursa-assisteanttaide","status":"publish","type":"page","link":"https:\/\/bpa-nord.no\/se\/bargga-min-luhtte\/oahppu-ja-kursa-assisteanttaide\/","title":{"rendered":"Oahppu ja kursa assisteanttaide"},"content":{"rendered":"\n<div class=\"wp-block-group alignfull has-custom-lys-hovedfarge-1-background-color has-background is-layout-constrained wp-block-group-is-layout-constrained\">\n<div class=\"wp-block-media-text alignwide is-stacked-on-mobile is-image-fill has-custom-farge-1-background-color has-background\" style=\"margin-top:0;margin-bottom:0;grid-template-columns:40% auto\"><figure class=\"wp-block-media-text__media\" style=\"background-image:url(https:\/\/bpa-nord.no\/se\/wp-content\/uploads\/sites\/2\/2024\/03\/assistentkurs-bpanord-1024x768.jpg);background-position:42% 43%\"><img loading=\"lazy\" decoding=\"async\" width=\"1024\" height=\"768\" src=\"https:\/\/bpa-nord.no\/se\/wp-content\/uploads\/sites\/2\/2024\/03\/assistentkurs-bpanord-1024x768.jpg\" alt=\"\" class=\"wp-image-1623 size-full\" srcset=\"https:\/\/bpa-nord.no\/se\/wp-content\/uploads\/sites\/2\/2024\/03\/assistentkurs-bpanord-1024x768.jpg 1024w, https:\/\/bpa-nord.no\/se\/wp-content\/uploads\/sites\/2\/2024\/03\/assistentkurs-bpanord-300x225.jpg 300w, https:\/\/bpa-nord.no\/se\/wp-content\/uploads\/sites\/2\/2024\/03\/assistentkurs-bpanord-768x576.jpg 768w, https:\/\/bpa-nord.no\/se\/wp-content\/uploads\/sites\/2\/2024\/03\/assistentkurs-bpanord-1536x1152.jpg 1536w, https:\/\/bpa-nord.no\/se\/wp-content\/uploads\/sites\/2\/2024\/03\/assistentkurs-bpanord.jpg 1920w\" sizes=\"auto, (max-width: 1024px) 100vw, 1024px\" \/><\/figure><div class=\"wp-block-media-text__content\">\n<div class=\"wp-block-group is-layout-constrained wp-block-group-is-layout-constrained\" style=\"padding-top:var(--wp--preset--spacing--60);padding-bottom:var(--wp--preset--spacing--60)\">\n<h1 class=\"wp-block-heading\">Oahpahus ja kurssat BPA Nord assisteanttaide<\/h1>\n\n\n\n<p>Buot veahkkebargiin galg\u00e1 leat gelbbola\u0161vuohta maid d\u00e1rbba\u0161it buori barggu dahkat. Danne mii f\u00e1llat vu\u0111ola\u0161 oahpahusa ja m\u00e1\u014bggal\u00e1gan kurssaid.<\/p>\n<\/div>\n<\/div><\/div>\n<\/div>\n\n\n\n<h2 class=\"wp-block-heading\">BPA-assisteanta vuo\u0111\u0111okursa<\/h2>\n\n\n\n<p>Buorre ja d\u00e1rbba\u0161la\u0161 oahpahus asisteanttaide lea deh\u00e1la\u0161 vai mearr\u00e1dusoamasteaddji veahkked\u00e1rbbut gok\u010dojuvvojit dohk\u00e1la\u0161 vugiin ja vuoi son lea duhtava\u0161, ja vai veahkkebargi dovd\u00e1 oadjebasvuo\u0111a ie\u017eas rollas ja bargguin. Danin galget buot assisteanttat \u010da\u0111ahit oahpahusprogr\u00e1mma.<\/p>\n\n\n\n<h2 class=\"wp-block-heading\">Oahppov\u00e1vttat<\/h2>\n\n\n\n<p>Leat v\u00e1vttat gos bargojo\u0111iheaddji ie\u0161 dahje h\u00e1rj\u00e1nan veahkkebargi f\u00e1ll\u00e1 oahpahusa. Jurdda lea asistenttii addit vejola\u0161vuo\u0111a \u010da\u0111ahit bargguidis virge\u010dilgehusa mielde.<\/p>\n\n\n\n<h2 class=\"wp-block-heading\">Kurssat heivehuvvon juohkeha\u010d\u010da d\u00e1rbbuide<\/h2>\n\n\n\n<p>BPA Nord:as leat online kursaf\u00e1laldat, mii gok\u010d\u00e1 eanas oahpahusd\u00e1rbbuid ortnegiin. Mii h\u00e1liidit sihkkarastit buori gelbbola\u0161vuo\u0111a ja kvalitehta dainna l\u00e1giin ahte f\u00e1llat oppala\u0161 ja heivehuvvon kurssaid veahkkebargiid d\u00e1rbbuid mielde. Dat galg\u00e1 \u00e1lo sihkkarastit dohk\u00e1la\u0161 b\u00e1lvalusaid ie\u0161gu\u0111et BPA-ortnegis.<\/p>\n\n\n\n<div class=\"wp-block-cover alignfull\" style=\"margin-top:var(--wp--preset--spacing--60);min-height:500px;aspect-ratio:unset;\"><span aria-hidden=\"true\" class=\"wp-block-cover__background has-background-dim-30 has-background-dim\"><\/span><img loading=\"lazy\" decoding=\"async\" width=\"1920\" height=\"1205\" class=\"wp-block-cover__image-background wp-image-593\" alt=\"\" src=\"https:\/\/bpa-nord.no\/se\/wp-content\/uploads\/sites\/2\/2024\/02\/alexis-mette-ul16dbs4kzi-unsplash.jpg\" style=\"object-position:49% 72%\" data-object-fit=\"cover\" data-object-position=\"49% 72%\" srcset=\"https:\/\/bpa-nord.no\/se\/wp-content\/uploads\/sites\/2\/2024\/02\/alexis-mette-ul16dbs4kzi-unsplash.jpg 1920w, https:\/\/bpa-nord.no\/se\/wp-content\/uploads\/sites\/2\/2024\/02\/alexis-mette-ul16dbs4kzi-unsplash-300x188.jpg 300w, https:\/\/bpa-nord.no\/se\/wp-content\/uploads\/sites\/2\/2024\/02\/alexis-mette-ul16dbs4kzi-unsplash-1024x643.jpg 1024w, https:\/\/bpa-nord.no\/se\/wp-content\/uploads\/sites\/2\/2024\/02\/alexis-mette-ul16dbs4kzi-unsplash-768x482.jpg 768w, https:\/\/bpa-nord.no\/se\/wp-content\/uploads\/sites\/2\/2024\/02\/alexis-mette-ul16dbs4kzi-unsplash-1536x964.jpg 1536w\" sizes=\"auto, (max-width: 1920px) 100vw, 1920px\" \/><div class=\"wp-block-cover__inner-container is-layout-constrained wp-block-cover-is-layout-constrained\">\n<h2 class=\"wp-block-heading has-text-align-center has-base-color has-text-color has-link-color wp-elements-57247bf82bf3a0a28474904ebbc32eb9\">BPA Nord<\/h2>\n\n\n\n<p class=\"has-text-align-center has-base-color has-text-color has-link-color has-large-font-size wp-elements-487575df3ec38a368a4f84d92ca73fc7\" style=\"font-style:normal;font-weight:300\">Gelbbola\u0161vuohta\u00a0\u00a0|\u00a0 Dohkkeheapmi\u00a0\u00a0|\u00a0 \u00c1rvvusatnin\u00a0\u00a0|\u00a0 Luohtt\u00e1mu\u0161<\/p>\n<\/div><\/div>\n","protected":false},"excerpt":{"rendered":"<p>Oahpahus ja kurssat BPA Nord assisteanttaide Buot veahkkebargiin galg\u00e1 leat gelbbola\u0161vuohta maid d\u00e1rbba\u0161it buori barggu dahkat. Danne mii f\u00e1llat vu\u0111ola\u0161 oahpahusa ja m\u00e1\u014bggal\u00e1gan kurssaid. BPA-assisteanta vuo\u0111\u0111okursa Buorre ja d\u00e1rbba\u0161la\u0161 oahpahus asisteanttaide lea deh\u00e1la\u0161 vai mearr\u00e1dusoamasteaddji veahkked\u00e1rbbut gok\u010dojuvvojit dohk\u00e1la\u0161 vugiin ja vuoi son lea duhtava\u0161, ja vai veahkkebargi dovd\u00e1 oadjebasvuo\u0111a ie\u017eas rollas ja bargguin. Danin galget [&hellip;]<\/p>\n","protected":false},"author":1,"featured_media":1623,"parent":26,"menu_order":0,"comment_status":"closed","ping_status":"closed","template":"no-title","meta":{"_acf_changed":false,"editor_notices":[],"footnotes":""},"class_list":["post-547","page","type-page","status-publish","has-post-thumbnail","hentry"],"acf":[],"mb":[],"mfb_rest_fields":["title"],"_links":{"self":[{"href":"https:\/\/bpa-nord.no\/se\/wp-json\/wp\/v2\/pages\/547","targetHints":{"allow":["GET"]}}],"collection":[{"href":"https:\/\/bpa-nord.no\/se\/wp-json\/wp\/v2\/pages"}],"about":[{"href":"https:\/\/bpa-nord.no\/se\/wp-json\/wp\/v2\/types\/page"}],"author":[{"embeddable":true,"href":"https:\/\/bpa-nord.no\/se\/wp-json\/wp\/v2\/users\/1"}],"replies":[{"embeddable":true,"href":"https:\/\/bpa-nord.no\/se\/wp-json\/wp\/v2\/comments?post=547"}],"version-history":[{"count":2,"href":"https:\/\/bpa-nord.no\/se\/wp-json\/wp\/v2\/pages\/547\/revisions"}],"predecessor-version":[{"id":2634,"href":"https:\/\/bpa-nord.no\/se\/wp-json\/wp\/v2\/pages\/547\/revisions\/2634"}],"up":[{"embeddable":true,"href":"https:\/\/bpa-nord.no\/se\/wp-json\/wp\/v2\/pages\/26"}],"wp:featuredmedia":[{"embeddable":true,"href":"https:\/\/bpa-nord.no\/se\/wp-json\/wp\/v2\/media\/1623"}],"wp:attachment":[{"href":"https:\/\/bpa-nord.no\/se\/wp-json\/wp\/v2\/media?parent=547"}],"curies":[{"name":"wp","href":"https:\/\/api.w.org\/{rel}","templated":true}]}}