{"id":58,"date":"2024-02-14T21:36:53","date_gmt":"2024-02-14T20:36:53","guid":{"rendered":"https:\/\/bpa-nord.no\/se\/?page_id=58"},"modified":"2024-10-18T12:05:24","modified_gmt":"2024-10-18T10:05:24","slug":"na-muitalit-bpa-geavaheaddjit","status":"publish","type":"page","link":"https:\/\/bpa-nord.no\/se\/bpa-nord-birra\/na-muitalit-bpa-geavaheaddjit\/","title":{"rendered":"N\u00e1 muitalit BPA geavaheaddjit"},"content":{"rendered":"\n<p class=\"has-large-font-size\" style=\"font-style:normal;font-weight:300\">Oallugat leat v\u00e1lljen BPA Nord buvttadit geavaheaddjistivrejuvvon persovnnala\u0161 veahki (BPA) jagiid mielde. D\u00e1s s\u00e1ht\u00e1t lohkat makk\u00e1r v\u00e1s\u00e1husat Kristian&#8217;as, Eva&#8217;s ja Line&#8217;s leat miiguin ja BPA&#8217;ain oppala\u010d\u010dat. <\/p>\n\n\n<div class=\"wp-block-post-type-multi post-type-multi type-manual display-row post-type-multi-page align wp-block-acf-post-type-multi\" id=\"post-type-multi-69ecf239f2c69\" data-columns=\"2\" data-post-type=\"page\" data-template=\"page-vertical.twig\" data-total=\"4\" >\n  <div class=\"row&#x20;row-eq-height&#x20;justify-content-start row-cols-2\">\n\t\t      <div class=\"d-flex&#x20;col-12&#x20;col-sm-6&#x20;mb-5\">\n        \n<a href=\"https:\/\/bpa-nord.no\/se\/bpa-nord-birra\/na-muitalit-bpa-geavaheaddjit\/kristian-harsttakas\/\" class=\"card-vertical\">\n      <figure>\n      <img\n        src=\"https:\/\/bpa-nord.no\/se\/wp-content\/uploads\/sites\/2\/2024\/02\/img-1771-1-1-768x512.jpg\"\n                  alt=\"Bilde for artikkelen Kristian H\u00e1rstt\u00e1kas\"\n                decoding=\"async\"\n        loading=\"lazy\"\n      \/>\n    <\/figure>\n    <section>\n    <h2>Kristian H\u00e1rstt\u00e1kas<\/h2>\n          <p>Mu namma lea Kristian ja mus lea spinal muskelatrofi &#8211; dat lea deahkked\u00e1vda, ja mus lea BPA. Erohus maid BPA dahka munnje, lea friddjavuohta. Mun oa\u010d\u010dun vejola\u0161vuo\u0111a dahkat dan maid h\u00e1liidan &#8211; goas h\u00e1liidan.<\/p>\n      <\/section>\n<\/a>      <\/div>\n          <div class=\"d-flex&#x20;col-12&#x20;col-sm-6&#x20;mb-5\">\n        \n<a href=\"https:\/\/bpa-nord.no\/se\/bpa-nord-birra\/na-muitalit-bpa-geavaheaddjit\/eva-ja-line-onkas-ahkanjarggas\/\" class=\"card-vertical\">\n      <figure>\n      <img\n        src=\"https:\/\/bpa-nord.no\/se\/wp-content\/uploads\/sites\/2\/2024\/02\/bpa-narvik-neu-768x419.jpg\"\n                  alt=\"Bilde for artikkelen Eva ja Line O\u014bk\u00e1s, \u00c1hk\u00e1nj\u00e1rggas\"\n                decoding=\"async\"\n        loading=\"lazy\"\n      \/>\n    <\/figure>\n    <section>\n    <h2>Eva ja Line O\u014bk\u00e1s, \u00c1hk\u00e1nj\u00e1rggas<\/h2>\n          <p>Oapp\u00e1\u017eagain Eva (40) ja Line (44) Gr\u00f8nvoldas lea goappa\u0161again sogabearri, Dystrofi myotonica d\u00e1vda. Loga sutno muitalusaid ja v\u00e1s\u00e1husaid ma\u014b\u014bel go oa\u010d\u010duiga veahki BPA Nordas.<\/p>\n      <\/section>\n<\/a>      <\/div>\n    \t<\/div>\n<\/div>\n\n\n\n<div class=\"wp-block-cover alignfull\" style=\"margin-top:var(--wp--preset--spacing--60);min-height:500px;aspect-ratio:unset;\"><span aria-hidden=\"true\" class=\"wp-block-cover__background has-background-dim-30 has-background-dim\"><\/span><img loading=\"lazy\" decoding=\"async\" width=\"1920\" height=\"1440\" class=\"wp-block-cover__image-background wp-image-596\" alt=\"\" src=\"https:\/\/bpa-nord.no\/se\/wp-content\/uploads\/sites\/2\/2024\/02\/niklas-jonasson-yvxn-jcgkvc-unsplash.jpg\" style=\"object-position:68% 89%\" data-object-fit=\"cover\" data-object-position=\"68% 89%\" srcset=\"https:\/\/bpa-nord.no\/se\/wp-content\/uploads\/sites\/2\/2024\/02\/niklas-jonasson-yvxn-jcgkvc-unsplash.jpg 1920w, https:\/\/bpa-nord.no\/se\/wp-content\/uploads\/sites\/2\/2024\/02\/niklas-jonasson-yvxn-jcgkvc-unsplash-300x225.jpg 300w, https:\/\/bpa-nord.no\/se\/wp-content\/uploads\/sites\/2\/2024\/02\/niklas-jonasson-yvxn-jcgkvc-unsplash-1024x768.jpg 1024w, https:\/\/bpa-nord.no\/se\/wp-content\/uploads\/sites\/2\/2024\/02\/niklas-jonasson-yvxn-jcgkvc-unsplash-768x576.jpg 768w, https:\/\/bpa-nord.no\/se\/wp-content\/uploads\/sites\/2\/2024\/02\/niklas-jonasson-yvxn-jcgkvc-unsplash-1536x1152.jpg 1536w\" sizes=\"auto, (max-width: 1920px) 100vw, 1920px\" \/><div class=\"wp-block-cover__inner-container is-layout-constrained wp-block-cover-is-layout-constrained\">\n<h2 class=\"wp-block-heading has-text-align-center has-base-color has-text-color has-link-color wp-elements-57247bf82bf3a0a28474904ebbc32eb9\">BPA Nord<\/h2>\n\n\n\n<p class=\"has-text-align-center has-base-color has-text-color has-link-color has-large-font-size wp-elements-487575df3ec38a368a4f84d92ca73fc7\" style=\"font-style:normal;font-weight:300\">Gelbbola\u0161vuohta\u00a0\u00a0|\u00a0 Dohkkeheapmi\u00a0\u00a0|\u00a0 \u00c1rvvusatnin\u00a0\u00a0|\u00a0 Luohtt\u00e1mu\u0161<\/p>\n<\/div><\/div>\n","protected":false},"excerpt":{"rendered":"<p>Oallugat leat v\u00e1lljen BPA Nord buvttadit geavaheaddjistivrejuvvon persovnnala\u0161 veahki (BPA) jagiid mielde. D\u00e1s s\u00e1ht\u00e1t lohkat makk\u00e1r v\u00e1s\u00e1husat Kristian&#8217;as, Eva&#8217;s ja Line&#8217;s leat miiguin ja BPA&#8217;ain oppala\u010d\u010dat.<\/p>\n","protected":false},"author":1,"featured_media":282,"parent":1046,"menu_order":0,"comment_status":"closed","ping_status":"closed","template":"","meta":{"_acf_changed":false,"editor_notices":[],"footnotes":""},"class_list":["post-58","page","type-page","status-publish","has-post-thumbnail","hentry"],"acf":[],"mb":[],"mfb_rest_fields":["title"],"_links":{"self":[{"href":"https:\/\/bpa-nord.no\/se\/wp-json\/wp\/v2\/pages\/58","targetHints":{"allow":["GET"]}}],"collection":[{"href":"https:\/\/bpa-nord.no\/se\/wp-json\/wp\/v2\/pages"}],"about":[{"href":"https:\/\/bpa-nord.no\/se\/wp-json\/wp\/v2\/types\/page"}],"author":[{"embeddable":true,"href":"https:\/\/bpa-nord.no\/se\/wp-json\/wp\/v2\/users\/1"}],"replies":[{"embeddable":true,"href":"https:\/\/bpa-nord.no\/se\/wp-json\/wp\/v2\/comments?post=58"}],"version-history":[{"count":2,"href":"https:\/\/bpa-nord.no\/se\/wp-json\/wp\/v2\/pages\/58\/revisions"}],"predecessor-version":[{"id":2560,"href":"https:\/\/bpa-nord.no\/se\/wp-json\/wp\/v2\/pages\/58\/revisions\/2560"}],"up":[{"embeddable":true,"href":"https:\/\/bpa-nord.no\/se\/wp-json\/wp\/v2\/pages\/1046"}],"wp:featuredmedia":[{"embeddable":true,"href":"https:\/\/bpa-nord.no\/se\/wp-json\/wp\/v2\/media\/282"}],"wp:attachment":[{"href":"https:\/\/bpa-nord.no\/se\/wp-json\/wp\/v2\/media?parent=58"}],"curies":[{"name":"wp","href":"https:\/\/api.w.org\/{rel}","templated":true}]}}