{"id":61,"date":"2024-02-14T21:40:45","date_gmt":"2024-02-14T20:40:45","guid":{"rendered":"https:\/\/bpa-nord.no\/se\/?page_id=61"},"modified":"2024-06-26T14:07:01","modified_gmt":"2024-06-26T12:07:01","slug":"mii-lea-bpa-ja-geasa-dat-heive","status":"publish","type":"page","link":"https:\/\/bpa-nord.no\/se\/bpa-birra-obbalaccat\/mii-lea-bpa-ja-geasa-dat-heive\/","title":{"rendered":"Mii lea BPA ja geasa dat heive?"},"content":{"rendered":"\n<div class=\"wp-block-group alignfull has-custom-lys-hovedfarge-1-background-color has-background is-layout-constrained wp-block-group-is-layout-constrained\">\n<div class=\"wp-block-media-text alignwide is-stacked-on-mobile has-custom-farge-1-background-color has-background\" style=\"margin-top:0;margin-bottom:0;grid-template-columns:40% auto\"><figure class=\"wp-block-media-text__media\"><img loading=\"lazy\" decoding=\"async\" width=\"433\" height=\"577\" src=\"https:\/\/bpa-nord.no\/se\/wp-content\/uploads\/sites\/2\/2024\/02\/bpa-narvik-3-3.jpg\" alt=\"\" class=\"wp-image-283 size-full\" srcset=\"https:\/\/bpa-nord.no\/se\/wp-content\/uploads\/sites\/2\/2024\/02\/bpa-narvik-3-3.jpg 433w, https:\/\/bpa-nord.no\/se\/wp-content\/uploads\/sites\/2\/2024\/02\/bpa-narvik-3-3-225x300.jpg 225w\" sizes=\"auto, (max-width: 433px) 100vw, 433px\" \/><\/figure><div class=\"wp-block-media-text__content\">\n<div class=\"wp-block-group is-layout-constrained wp-block-group-is-layout-constrained\" style=\"padding-top:var(--wp--preset--spacing--40);padding-bottom:var(--wp--preset--spacing--40)\">\n<h1 class=\"wp-block-heading has-primary-color has-text-color has-link-color wp-elements-bafed1f0e59879b5b1c3d39d3926201c\">Geavaheaddjistivrejuvvon persovnnala\u0161 veahkki (BPA) dagaha eanet aktiiva ja ie\u0161heanala\u0161 eallima<\/h1>\n\n\n\n<p><strong>Leat go ie\u0161 v\u00e1sihan BPA dahje leat amas<\/strong> <strong>d\u00e1sa<\/strong>, de lea BPA Nord d\u00e1ppe veahkkin. Mis lea guhkes v\u00e1sahus BPA:in ja mii leat m\u00e1\u014bggaid jagiid ovttasbargan olbmuiguin geain leat ie\u0161gu\u0111etl\u00e1gan d\u00e1rbbut ja doaibmahehttejumit Davvi-Norggas.<\/p>\n\n\n\n<p class=\"has-medium-font-size\"><strong>Mii BPA Nord:as h\u00e1liidit ahte buohkat riikaoasis galget beassat leat hoavddat ie\u017easet \u00e1rgabeaivvis.<\/strong><\/p>\n<\/div>\n<\/div><\/div>\n<\/div>\n\n\n\n<h2 class=\"wp-block-heading\">Ie\u0161heanala\u0161vuohta \u00e1rgabeaivvis<\/h2>\n\n\n\n<p>Geavaheaddjistivrejuvvon persovnnala\u0161 veahkki (BPA) lea vuoigatvuohta olbmuide geain lea doaibmahehttehus ja lea guhkes\u00e1ig\u00e1sa\u0161 ja stuora d\u00e1rbu praktihkkala\u0161 veahkk\u00e1i. Molssaeaktun s\u00e1htt\u00e1 leat gielddaid dearvva\u0161vuo\u0111a- ja fuolahusb\u00e1lvalusaid organiseren, masa gull\u00e1 persovnnala\u0161 veahkki nugo praktihkala\u0161 veahkki ja doarjjaolmmo\u0161.<\/p>\n\n\n\n<p>BPA lea geavaheaddjistivren ortnet mas lea heivehanmunni ja mii galg\u00e1 veahkkin ie\u0161heanala\u0161 ja aktiivvala\u0161 eallimii. Go geavaheaddjit ie\u017ea stivrejit b\u00e1lvalusa, mearkka\u0161a d\u00e1t ahte lea ie\u0161 gii galg\u00e1 jo\u0111ihit barggu, ja ahte b\u00e1lvalusaid organiseren ja sisdoallu galg\u00e1 vuo\u0111\u0111uduvvot geavaheaddji d\u00e1rbbuide.<\/p>\n\n\n\n<h2 class=\"wp-block-heading\">Manne galggat v\u00e1lljet BPA?<\/h2>\n\n\n\n<ul class=\"wp-block-list\">\n<li><strong>Friddjavuohta ja d\u00e1rkkisteapmi:<\/strong> Don mearridat ie\u0161 gii galg\u00e1 leat du veahkki, mainna galget veahkehit du ja goas don d\u00e1rbba\u0161at veahki.<\/li>\n\n\n\n<li><strong>Stuor\u00e1t ie\u0161heanala\u0161vuohta:<\/strong> BPA add\u00e1 dutnje vejola\u0161vuo\u0111a oass\u00e1lastit doaimmain ja bargguin mat mu\u0111ui liv\u010d\u010de lossadat, dahje mainna it liv\u010d\u010de nagodan okto birget.<\/li>\n\n\n\n<li><strong>Buoret eallinkvalitehta<\/strong>: BPA s\u00e1htt\u00e1 addit dutnje vejola\u0161vuo\u0111a eallit friddja ja d\u00e1sse\u00e1rvosa\u0161 eallima ovttaveard\u00e1sa\u010d\u010dat buot olbmuiguin servvodagas.<\/li>\n\n\n\n<li><strong>Bearra\u0161a geahpideapmi:<\/strong> Veahkkebargit s\u00e1httet v\u00e1ldit badjelasaset oasi fuolahanbargguin, mii s\u00e1htt\u00e1 addit bearra\u0161ii eanet kvalitehta\u00e1iggi ovttas.<\/li>\n<\/ul>\n\n\n\n<figure class=\"wp-block-gallery alignwide has-nested-images columns-default is-cropped wp-block-gallery-1 is-layout-flex wp-block-gallery-is-layout-flex\">\n<figure class=\"wp-block-image size-large\"><img loading=\"lazy\" decoding=\"async\" width=\"1024\" height=\"768\" data-id=\"1628\" src=\"https:\/\/bpa-nord.no\/se\/wp-content\/uploads\/sites\/2\/2024\/03\/331801292-1024x768.jpg\" alt=\"\" class=\"wp-image-1628\" srcset=\"https:\/\/bpa-nord.no\/se\/wp-content\/uploads\/sites\/2\/2024\/03\/331801292-1024x768.jpg 1024w, https:\/\/bpa-nord.no\/se\/wp-content\/uploads\/sites\/2\/2024\/03\/331801292-300x225.jpg 300w, https:\/\/bpa-nord.no\/se\/wp-content\/uploads\/sites\/2\/2024\/03\/331801292-768x576.jpg 768w, https:\/\/bpa-nord.no\/se\/wp-content\/uploads\/sites\/2\/2024\/03\/331801292-1536x1152.jpg 1536w, https:\/\/bpa-nord.no\/se\/wp-content\/uploads\/sites\/2\/2024\/03\/331801292.jpg 1920w\" sizes=\"auto, (max-width: 1024px) 100vw, 1024px\" \/><\/figure>\n\n\n\n<figure class=\"wp-block-image size-large\"><img loading=\"lazy\" decoding=\"async\" width=\"1024\" height=\"768\" data-id=\"1629\" src=\"https:\/\/bpa-nord.no\/se\/wp-content\/uploads\/sites\/2\/2024\/03\/istock-1329694377-1-1024x768.jpg\" alt=\"\" class=\"wp-image-1629\" srcset=\"https:\/\/bpa-nord.no\/se\/wp-content\/uploads\/sites\/2\/2024\/03\/istock-1329694377-1-1024x768.jpg 1024w, https:\/\/bpa-nord.no\/se\/wp-content\/uploads\/sites\/2\/2024\/03\/istock-1329694377-1-300x225.jpg 300w, https:\/\/bpa-nord.no\/se\/wp-content\/uploads\/sites\/2\/2024\/03\/istock-1329694377-1-768x576.jpg 768w, https:\/\/bpa-nord.no\/se\/wp-content\/uploads\/sites\/2\/2024\/03\/istock-1329694377-1-1536x1152.jpg 1536w, https:\/\/bpa-nord.no\/se\/wp-content\/uploads\/sites\/2\/2024\/03\/istock-1329694377-1.jpg 1920w\" sizes=\"auto, (max-width: 1024px) 100vw, 1024px\" \/><\/figure>\n\n\n\n<figure class=\"wp-block-image size-large\"><img loading=\"lazy\" decoding=\"async\" width=\"1024\" height=\"768\" data-id=\"1631\" src=\"https:\/\/bpa-nord.no\/se\/wp-content\/uploads\/sites\/2\/2024\/03\/shutterstock-1400102351-1024x768.jpg\" alt=\"\" class=\"wp-image-1631\" srcset=\"https:\/\/bpa-nord.no\/se\/wp-content\/uploads\/sites\/2\/2024\/03\/shutterstock-1400102351-1024x768.jpg 1024w, https:\/\/bpa-nord.no\/se\/wp-content\/uploads\/sites\/2\/2024\/03\/shutterstock-1400102351-300x225.jpg 300w, https:\/\/bpa-nord.no\/se\/wp-content\/uploads\/sites\/2\/2024\/03\/shutterstock-1400102351-768x576.jpg 768w, https:\/\/bpa-nord.no\/se\/wp-content\/uploads\/sites\/2\/2024\/03\/shutterstock-1400102351-1536x1152.jpg 1536w, https:\/\/bpa-nord.no\/se\/wp-content\/uploads\/sites\/2\/2024\/03\/shutterstock-1400102351.jpg 1920w\" sizes=\"auto, (max-width: 1024px) 100vw, 1024px\" \/><\/figure>\n<\/figure>\n\n\n\n<h2 class=\"wp-block-heading\">Die\u0111ut geavaheaddjistivren persovnnala\u0161 veahki birra<\/h2>\n\n\n\n<ul class=\"wp-block-list\">\n<li>Vuoigatvuohta oa\u017e\u017eut geavaheaddjistivrejuvvon persovnnala\u0161 veahki lea vuoigatvuo\u0111avuo\u0111ustuvvon pasieanta- ja geavaheaddjivuoigatvuo\u0111al\u00e1gas \u00a7 2-1 d ja \u010dilgejuvvon BPA-johto\u010d\u00e1llosis 18.12.15.<\/li>\n\n\n\n<li>BPA-vuoigatvuohta guosk\u00e1 olbmuide vuollel 67 jagi geain lea guhkes\u00e1ig\u00e1sa\u0161 ja stuorra d\u00e1rbu persovnnala\u0161 veahkk\u00e1i. Olbmot badjel 67 jagi s\u00e1httet maid oa\u017e\u017eut BPA-ortnega, erenoam\u00e1\u017eit sii geain lea leama\u0161 BPA ovdal go devde 67.<\/li>\n\n\n\n<li>Stuora d\u00e1rbbuin oaivvilduvvo unnimus 32 diimmu vahkus. Sis geat d\u00e1rbba\u0161it veahki unnimusat 25 diimmu vahkkui, lea maid vuoigatvuohta oa\u017e\u017eut BPA, jus fal suohkan ii s\u00e1hte duo\u0111a\u0161tit ahte dat lasiha goluid mearkka\u0161ahtti ollu.<\/li>\n\n\n\n<li>BPA-johto\u010d\u00e1lus deattuha ahte BPA &laquo;lea deh\u00e1la\u0161 veahkki ovttaveard\u00e1sa\u0161vuhtii, d\u00e1sse\u00e1rvui ja servodatsearvamii&raquo; olbmuide geain lea doaimmashehttejupmi. Viid\u00e1seappot ahte &laquo;Lea sisdoallu ja ulbmil dan veahkis maid olmmo\u0161 d\u00e1rbba\u0161a, mii mearrida addet go olbmo b\u00e1lvalusd\u00e1rbbut vuo\u0111u oa\u017e\u017eut BPA:a.&raquo;<\/li>\n\n\n\n<li>Geavaheaddjit galget ie\u017ea stivret b\u00e1lvalusa. Dat mearkka\u0161a ahte galg\u00e1 ie\u0161 leat bargojo\u0111iheaddji, ja ahte b\u00e1lvalusaid organiseren ja sisdoallu galg\u00e1 vuo\u0111\u0111uduvvot olbmo ie\u017eas d\u00e1rbbuide.<\/li>\n\n\n\n<li>Vuoigatvuhtii gull\u00e1 doarjjaolmmo\u0161 ja veahkki v\u00e1hnemiidda geain leat m\u00e1n\u00e1t vuollel 18 jagi geat orrot ruovttus ja lea doaimmashehttejupmi.<\/li>\n\n\n\n<li>Vuoigatvuohta g\u00e1r\u017e\u017eiduvvo dalle go olmmo\u0161 d\u00e1rbba\u0161a eanet go ovtta b\u00e1lvalusf\u00e1lli dahje idjab\u00e1lvalusaid.<\/li>\n\n\n\n<li>BPA s\u00e1htt\u00e1 geavahuvvot m\u00e1tkkiide suohkana olggobeal ja olgoriikkas maid, vissis eavttuid vuo\u0111ul.<\/li>\n\n\n\n<li>Olbmuin geat eai gula div\u0161\u0161ohas- ja geavaheddjiidvuoigatvuo\u0111al\u00e1ga \u00a7 2-1 d vuoll\u00e1i, lea ain vejola\u0161vuohta ohcat BPA dearvva\u0161vuo\u0111a- ja fuolahusb\u00e1lvalusl\u00e1ga \u00a7 3-8 bokte. Johto\u010d\u00e1lus aiddostahtt\u00e1 ahte momeanttat mat galgga\u0161edje deattuhuvvot, lea ahte add\u00e1 go BPA olbmui vejola\u0161vuo\u0111a oahpu gazzat, bargat dahje sull\u00e1sa\u0161 doaimmaid bargat, dahje add\u00e1 go mu\u0111ui geavaheddjiide buoret eallin\u00e1rvvu.<\/li>\n<\/ul>\n\n\n\n<div class=\"wp-block-group has-border-color has-quinary-border-color has-custom-gul-med-ok-r-d-kontrast-background-color has-background is-layout-constrained wp-container-core-group-is-layout-20822dfc wp-block-group-is-layout-constrained\" style=\"border-width:10px;border-radius:30px;margin-top:var(--wp--preset--spacing--70);margin-bottom:var(--wp--preset--spacing--70);padding-top:var(--wp--preset--spacing--40);padding-right:var(--wp--preset--spacing--40);padding-bottom:var(--wp--preset--spacing--40);padding-left:var(--wp--preset--spacing--40)\">\n<h2 class=\"wp-block-heading\" style=\"padding-top:0;padding-bottom:0\">Leage sihkar ahte oa\u010d\u010dut dan veahki maid d\u00e1rbba\u0161at BPA Nordas<\/h2>\n\n\n\n<ul class=\"wp-block-list\">\n<li>Mis lea guhkes v\u00e1s\u00e1hus BPA-ortnegiin, olbmuin ja bearra\u0161iin geain leat ie\u0161gu\u0111etl\u00e1gan d\u00e1rbbut ja doaibman\u00e1vccat.<\/li>\n\n\n\n<li>Leat go o\u017e\u017eon jo BPA mearr\u00e1dusa vuoi h\u00e1liidat go lonuhit b\u00e1lvalusaid min lusa, dahje d\u00e1rbba\u0161at eara veahki &#8211; <strong>ri\u014bge dahje s\u00e1ddes die\u0111u dahje e-boasta.<\/strong><\/li>\n<\/ul>\n\n\n\n<div class=\"wp-block-group is-nowrap is-layout-flex wp-container-core-group-is-layout-6c531013 wp-block-group-is-layout-flex\">\n<figure class=\"wp-block-image size-medium is-resized wp-duotone-004b87-004b87-2\"><img loading=\"lazy\" decoding=\"async\" width=\"512\" height=\"512\" src=\"https:\/\/bpa-nord.no\/se\/wp-content\/uploads\/sites\/2\/2024\/02\/circle-phone-solid.svg\" alt=\"\" class=\"wp-image-142\" style=\"width:80px\" \/><\/figure>\n\n\n\n<p class=\"has-large-font-size\"><strong><a href=\"https:\/\/bpa-nord.no\/se\/kontakt\/\" data-type=\"page\" data-id=\"28\">V\u00e1ldde oktavuo\u0111a nuvtta ja geatnegaskeahtes bagadallan s\u00e1gastallamii.<\/a><\/strong><\/p>\n<\/div>\n<\/div>\n\n\n\n<div class=\"wp-block-group alignfull has-custom-lys-gr-background-color has-background is-layout-constrained wp-container-core-group-is-layout-be0c549a wp-block-group-is-layout-constrained\" style=\"margin-top:var(--wp--preset--spacing--50);margin-bottom:0;padding-top:var(--wp--preset--spacing--40);padding-right:var(--wp--preset--spacing--30);padding-bottom:var(--wp--preset--spacing--50);padding-left:var(--wp--preset--spacing--30)\">\n<h2 class=\"wp-block-heading alignwide\">Loga maidd\u00e1i<\/h2>\n\n\n<div class=\"wp-block-post-type-multi post-type-multi type-manual display-row post-type-multi-page alignwide wp-block-acf-post-type-multi\" id=\"post-type-multi-69ecf594667d5\" data-columns=\"2\" data-post-type=\"page\" data-template=\"page-horizontal.twig\" data-total=\"4\" >\n  <div class=\"row&#x20;row-eq-height&#x20;justify-content-start row-cols-2\">\n\t\t      <div class=\"d-flex&#x20;col-12&#x20;col-sm-6&#x20;mb-5\">\n        \n<a href=\"https:\/\/bpa-nord.no\/se\/bpa-birra-obbalaccat\/bpa-manaide-ja-nuoraide\/\" class=\"card-horizontal\">\n      <figure>\n      <img\n        src=\"https:\/\/bpa-nord.no\/se\/wp-content\/uploads\/sites\/2\/2024\/03\/shutterstock-469060391-768x576.jpg\"\n                  alt=\"Bilde for artikkelen BPA m\u00e1n\u00e1ide ja nuoraide\"\n                decoding=\"async\"\n        loading=\"lazy\"\n      \/>\n    <\/figure>\n  \n  <section>\n    <h2>BPA m\u00e1n\u00e1ide ja nuoraide<\/h2>\n  <\/section>\n<\/a>      <\/div>\n          <div class=\"d-flex&#x20;col-12&#x20;col-sm-6&#x20;mb-5\">\n        \n<a href=\"https:\/\/bpa-nord.no\/se\/bpa-birra-obbalaccat\/lonuhit-falaldaga\/\" class=\"card-horizontal\">\n      <figure>\n      <img\n        src=\"https:\/\/bpa-nord.no\/se\/wp-content\/uploads\/sites\/2\/2024\/03\/shutterstock-567790435-768x512.jpg\"\n                  alt=\"Bilde for artikkelen Lonuhit f\u00e1laldaga\"\n                decoding=\"async\"\n        loading=\"lazy\"\n      \/>\n    <\/figure>\n  \n  <section>\n    <h2>Lonuhit f\u00e1laldaga<\/h2>\n  <\/section>\n<\/a>      <\/div>\n          <div class=\"d-flex&#x20;col-12&#x20;col-sm-6&#x20;mb-5\">\n        \n<a href=\"https:\/\/bpa-nord.no\/se\/bpa-birra-obbalaccat\/ohcat-bpa\/\" class=\"card-horizontal\">\n      <figure>\n      <img\n        src=\"https:\/\/bpa-nord.no\/se\/wp-content\/uploads\/sites\/2\/2024\/03\/istock-872002628-1-768x576.jpg\"\n                  alt=\"Bilde for artikkelen Ohcat BPA\"\n                decoding=\"async\"\n        loading=\"lazy\"\n      \/>\n    <\/figure>\n  \n  <section>\n    <h2>Ohcat BPA<\/h2>\n  <\/section>\n<\/a>      <\/div>\n          <div class=\"d-flex&#x20;col-12&#x20;col-sm-6&#x20;mb-5\">\n        \n<a href=\"https:\/\/bpa-nord.no\/se\/bpa-birra-obbalaccat\/rollat-ja-ovddasvastadus-bpa-ortnegis\/\" class=\"card-horizontal\">\n      <figure>\n      <img\n        src=\"https:\/\/bpa-nord.no\/se\/wp-content\/uploads\/sites\/2\/2024\/03\/istock-1212142717-768x576.jpg\"\n                  alt=\"Bilde for artikkelen Rollat ja ovddasv\u00e1st\u00e1dus BPA-ortnegis\"\n                decoding=\"async\"\n        loading=\"lazy\"\n      \/>\n    <\/figure>\n  \n  <section>\n    <h2>Rollat ja ovddasv\u00e1st\u00e1dus BPA-ortnegis<\/h2>\n  <\/section>\n<\/a>      <\/div>\n          <div class=\"d-flex&#x20;col-12&#x20;col-sm-6&#x20;mb-5\">\n        \n<a href=\"https:\/\/bpa-nord.no\/se\/bpa-birra-obbalaccat\/doaibmanveahkki\/\" class=\"card-horizontal\">\n      <figure>\n      <img\n        src=\"https:\/\/bpa-nord.no\/se\/wp-content\/uploads\/sites\/2\/2024\/04\/istock-1688252404-768x1150.jpg\"\n                  alt=\"Bilde for artikkelen Doaibmanveahkki\"\n                decoding=\"async\"\n        loading=\"lazy\"\n      \/>\n    <\/figure>\n  \n  <section>\n    <h2>Doaibmanveahkki<\/h2>\n  <\/section>\n<\/a>      <\/div>\n    \t<\/div>\n<\/div>\n<\/div>\n\n\n\n<div class=\"wp-block-cover alignfull\" style=\"margin-top:0;min-height:500px;aspect-ratio:unset;\"><span aria-hidden=\"true\" class=\"wp-block-cover__background has-background-dim-30 has-background-dim\"><\/span><img loading=\"lazy\" decoding=\"async\" width=\"1920\" height=\"1008\" class=\"wp-block-cover__image-background wp-image-592\" alt=\"\" src=\"https:\/\/bpa-nord.no\/se\/wp-content\/uploads\/sites\/2\/2024\/02\/alexis-mette-kurseyecxvc-unsplash.jpg\" style=\"object-position:79% 83%\" data-object-fit=\"cover\" data-object-position=\"79% 83%\" srcset=\"https:\/\/bpa-nord.no\/se\/wp-content\/uploads\/sites\/2\/2024\/02\/alexis-mette-kurseyecxvc-unsplash.jpg 1920w, https:\/\/bpa-nord.no\/se\/wp-content\/uploads\/sites\/2\/2024\/02\/alexis-mette-kurseyecxvc-unsplash-300x158.jpg 300w, https:\/\/bpa-nord.no\/se\/wp-content\/uploads\/sites\/2\/2024\/02\/alexis-mette-kurseyecxvc-unsplash-1024x538.jpg 1024w, https:\/\/bpa-nord.no\/se\/wp-content\/uploads\/sites\/2\/2024\/02\/alexis-mette-kurseyecxvc-unsplash-768x403.jpg 768w, https:\/\/bpa-nord.no\/se\/wp-content\/uploads\/sites\/2\/2024\/02\/alexis-mette-kurseyecxvc-unsplash-1536x806.jpg 1536w\" sizes=\"auto, (max-width: 1920px) 100vw, 1920px\" \/><div class=\"wp-block-cover__inner-container is-layout-constrained wp-block-cover-is-layout-constrained\">\n<h2 class=\"wp-block-heading has-text-align-center has-base-color has-text-color has-link-color wp-elements-57247bf82bf3a0a28474904ebbc32eb9\">BPA Nord<\/h2>\n\n\n\n<p class=\"has-text-align-center has-base-color has-text-color has-link-color has-large-font-size wp-elements-bf68fc332d89e16a64c8595df6e0ea32\" style=\"font-style:normal;font-weight:300\">Gelbbola\u0161vuohta&nbsp;&nbsp;|&nbsp; Dohkkeheapmi&nbsp;&nbsp;|&nbsp; \u00c1rvvusatnin&nbsp;&nbsp;|&nbsp; Luohtt\u00e1mu\u0161<\/p>\n<\/div><\/div>\n","protected":false},"excerpt":{"rendered":"<p>Geavaheaddjistivrejuvvon persovnnala\u0161 veahkki (BPA) dagaha eanet aktiiva ja ie\u0161heanala\u0161 eallima Leat go ie\u0161 v\u00e1sihan BPA dahje leat amas d\u00e1sa, de lea BPA Nord d\u00e1ppe veahkkin. Mis lea guhkes v\u00e1sahus BPA:in ja mii leat m\u00e1\u014bggaid jagiid ovttasbargan olbmuiguin geain leat ie\u0161gu\u0111etl\u00e1gan d\u00e1rbbut ja doaibmahehttejumit Davvi-Norggas. Mii BPA Nord:as h\u00e1liidit ahte buohkat riikaoasis galget beassat leat hoavddat [&hellip;]<\/p>\n","protected":false},"author":1,"featured_media":1611,"parent":1036,"menu_order":0,"comment_status":"closed","ping_status":"closed","template":"no-title","meta":{"_acf_changed":false,"editor_notices":[],"footnotes":""},"class_list":["post-61","page","type-page","status-publish","has-post-thumbnail","hentry"],"acf":[],"mb":[],"mfb_rest_fields":["title"],"_links":{"self":[{"href":"https:\/\/bpa-nord.no\/se\/wp-json\/wp\/v2\/pages\/61","targetHints":{"allow":["GET"]}}],"collection":[{"href":"https:\/\/bpa-nord.no\/se\/wp-json\/wp\/v2\/pages"}],"about":[{"href":"https:\/\/bpa-nord.no\/se\/wp-json\/wp\/v2\/types\/page"}],"author":[{"embeddable":true,"href":"https:\/\/bpa-nord.no\/se\/wp-json\/wp\/v2\/users\/1"}],"replies":[{"embeddable":true,"href":"https:\/\/bpa-nord.no\/se\/wp-json\/wp\/v2\/comments?post=61"}],"version-history":[{"count":1,"href":"https:\/\/bpa-nord.no\/se\/wp-json\/wp\/v2\/pages\/61\/revisions"}],"predecessor-version":[{"id":2431,"href":"https:\/\/bpa-nord.no\/se\/wp-json\/wp\/v2\/pages\/61\/revisions\/2431"}],"up":[{"embeddable":true,"href":"https:\/\/bpa-nord.no\/se\/wp-json\/wp\/v2\/pages\/1036"}],"wp:featuredmedia":[{"embeddable":true,"href":"https:\/\/bpa-nord.no\/se\/wp-json\/wp\/v2\/media\/1611"}],"wp:attachment":[{"href":"https:\/\/bpa-nord.no\/se\/wp-json\/wp\/v2\/media?parent=61"}],"curies":[{"name":"wp","href":"https:\/\/api.w.org\/{rel}","templated":true}]}}