{"id":65,"date":"2024-02-14T21:41:21","date_gmt":"2024-02-14T20:41:21","guid":{"rendered":"https:\/\/bpa-nord.no\/se\/?page_id=65"},"modified":"2024-05-28T13:21:01","modified_gmt":"2024-05-28T11:21:01","slug":"bpa-manaide-ja-nuoraide","status":"publish","type":"page","link":"https:\/\/bpa-nord.no\/se\/bpa-birra-obbalaccat\/bpa-manaide-ja-nuoraide\/","title":{"rendered":"BPA m\u00e1n\u00e1ide ja nuoraide"},"content":{"rendered":"\n<div class=\"wp-block-group alignfull has-custom-lys-hovedfarge-1-background-color has-background is-layout-constrained wp-block-group-is-layout-constrained\">\n<div class=\"wp-block-media-text alignwide is-stacked-on-mobile is-image-fill has-custom-farge-1-background-color has-background\" style=\"margin-top:0;margin-bottom:0;grid-template-columns:40% auto\"><figure class=\"wp-block-media-text__media\" style=\"background-image:url(https:\/\/bpa-nord.no\/se\/wp-content\/uploads\/sites\/2\/2024\/03\/istock-1041472750.jpg);background-position:62% 45%\"><img loading=\"lazy\" decoding=\"async\" width=\"1920\" height=\"1280\" src=\"https:\/\/bpa-nord.no\/se\/wp-content\/uploads\/sites\/2\/2024\/03\/istock-1041472750.jpg\" alt=\"\" class=\"wp-image-1543 size-full\" srcset=\"https:\/\/bpa-nord.no\/se\/wp-content\/uploads\/sites\/2\/2024\/03\/istock-1041472750.jpg 1920w, https:\/\/bpa-nord.no\/se\/wp-content\/uploads\/sites\/2\/2024\/03\/istock-1041472750-300x200.jpg 300w, https:\/\/bpa-nord.no\/se\/wp-content\/uploads\/sites\/2\/2024\/03\/istock-1041472750-1024x683.jpg 1024w, https:\/\/bpa-nord.no\/se\/wp-content\/uploads\/sites\/2\/2024\/03\/istock-1041472750-768x512.jpg 768w, https:\/\/bpa-nord.no\/se\/wp-content\/uploads\/sites\/2\/2024\/03\/istock-1041472750-1536x1024.jpg 1536w\" sizes=\"auto, (max-width: 1920px) 100vw, 1920px\" \/><\/figure><div class=\"wp-block-media-text__content\">\n<div class=\"wp-block-group is-layout-constrained wp-block-group-is-layout-constrained\" style=\"padding-top:var(--wp--preset--spacing--60);padding-bottom:var(--wp--preset--spacing--60)\">\n<h1 class=\"wp-block-heading\">BPA bearra\u0161iidda geain leat m\u00e1n\u00e1t = Friddjavuohta ja heivehanmunni \u00e1rgabeaivvis<\/h1>\n\n\n\n<p>Leat go dus m\u00e1n\u00e1t vuollel 18 jagi geat orrot ruovttus ja geain lea doaimmashehttejupmi? <br>De lea dus vuoigatvuohta oa\u017e\u017eut veahki mii lea organiserejuvvon dego BPA. <\/p>\n\n\n\n<p>BPA riekti \u0161attai gustova\u0161 l\u00e1hkan 2015is. D\u00e1t mearkka\u0161a ahte buohkain geain lea veahkked\u00e1rbu ja gok\u010da BPA g\u00e1ibadusaid, lea riekti oa\u017e\u017eut BPA. <\/p>\n\n\n\n<p><br><strong>BPA lea vearditmeahttun f\u00e1laldat sihke m\u00e1n\u00e1ide ja nuoraide. Ii g\u00e1vdno vuolit \u00e1hkkemearri, iige diagnosag\u00e1ib\u00e1dus \u2013 dat lea veahkked\u00e1rbu mii lea loahpala\u0161 mearr\u00e1dus &#8211; ja sihke m\u00e1n\u00e1t ja beara\u0161 s\u00e1httet oa\u017e\u017eut buoret eallin\u00e1rvvu. <\/strong><\/p>\n<\/div>\n<\/div><\/div>\n<\/div>\n\n\n\n<h2 class=\"wp-block-heading\">Go lea BPA, de du m\u00e1nn\u00e1 beass\u00e1:<\/h2>\n\n\n\n<ul class=\"wp-block-list\">\n<li>Vuosta\u017eettiin leahkit m\u00e1nn\u00e1, ahte ii galgga \u010d\u00e1lmmusdahttit du\u0161\u0161e doaimmashehttehusa. <\/li>\n\n\n\n<li>Beassat stoahkat olbm\u00e1iguin ja doaimmain leat mielde.<\/li>\n\n\n\n<li>Ie\u0161heanala\u010d\u010dat v\u00e1sihit m\u00e1ilmmi ja oahppat o\u0111\u0111a di\u014bggaid. <\/li>\n\n\n\n<li>Dovdat friddjavuo\u0111a ja ie\u0161birgejumi. <\/li>\n<\/ul>\n\n\n\n<p><strong>Leago du m\u00e1n\u00e1s doarjjaolmmo\u0161? <\/strong>D\u00e1n s\u00e1htt\u00e1 maid rievdadit BPA&#8217;an, juoga mii add\u00e1 m\u00e1nn\u00e1i vel eambbo heivehanmuni ja doarjaga.<\/p>\n\n\n\n<figure class=\"wp-block-gallery alignwide has-nested-images columns-default is-cropped wp-block-gallery-1 is-layout-flex wp-block-gallery-is-layout-flex\">\n<figure class=\"wp-block-image size-full\"><img loading=\"lazy\" decoding=\"async\" width=\"1920\" height=\"1440\" data-id=\"1550\" src=\"https:\/\/bpa-nord.no\/se\/wp-content\/uploads\/sites\/2\/2024\/03\/istock-1138470068.jpg\" alt=\"\" class=\"wp-image-1550\" srcset=\"https:\/\/bpa-nord.no\/se\/wp-content\/uploads\/sites\/2\/2024\/03\/istock-1138470068.jpg 1920w, https:\/\/bpa-nord.no\/se\/wp-content\/uploads\/sites\/2\/2024\/03\/istock-1138470068-300x225.jpg 300w, https:\/\/bpa-nord.no\/se\/wp-content\/uploads\/sites\/2\/2024\/03\/istock-1138470068-1024x768.jpg 1024w, https:\/\/bpa-nord.no\/se\/wp-content\/uploads\/sites\/2\/2024\/03\/istock-1138470068-768x576.jpg 768w, https:\/\/bpa-nord.no\/se\/wp-content\/uploads\/sites\/2\/2024\/03\/istock-1138470068-1536x1152.jpg 1536w\" sizes=\"auto, (max-width: 1920px) 100vw, 1920px\" \/><\/figure>\n\n\n\n<figure class=\"wp-block-image size-full\"><img loading=\"lazy\" decoding=\"async\" width=\"1440\" height=\"1920\" data-id=\"1557\" src=\"https:\/\/bpa-nord.no\/se\/wp-content\/uploads\/sites\/2\/2024\/03\/shutterstock-1345413125.jpg\" alt=\"\" class=\"wp-image-1557\" srcset=\"https:\/\/bpa-nord.no\/se\/wp-content\/uploads\/sites\/2\/2024\/03\/shutterstock-1345413125.jpg 1440w, https:\/\/bpa-nord.no\/se\/wp-content\/uploads\/sites\/2\/2024\/03\/shutterstock-1345413125-225x300.jpg 225w, https:\/\/bpa-nord.no\/se\/wp-content\/uploads\/sites\/2\/2024\/03\/shutterstock-1345413125-768x1024.jpg 768w, https:\/\/bpa-nord.no\/se\/wp-content\/uploads\/sites\/2\/2024\/03\/shutterstock-1345413125-1152x1536.jpg 1152w\" sizes=\"auto, (max-width: 1440px) 100vw, 1440px\" \/><\/figure>\n\n\n\n<figure class=\"wp-block-image size-full\"><img loading=\"lazy\" decoding=\"async\" width=\"1920\" height=\"1440\" data-id=\"1552\" src=\"https:\/\/bpa-nord.no\/se\/wp-content\/uploads\/sites\/2\/2024\/03\/istock-1074835920.jpg\" alt=\"\" class=\"wp-image-1552\" srcset=\"https:\/\/bpa-nord.no\/se\/wp-content\/uploads\/sites\/2\/2024\/03\/istock-1074835920.jpg 1920w, https:\/\/bpa-nord.no\/se\/wp-content\/uploads\/sites\/2\/2024\/03\/istock-1074835920-300x225.jpg 300w, https:\/\/bpa-nord.no\/se\/wp-content\/uploads\/sites\/2\/2024\/03\/istock-1074835920-1024x768.jpg 1024w, https:\/\/bpa-nord.no\/se\/wp-content\/uploads\/sites\/2\/2024\/03\/istock-1074835920-768x576.jpg 768w, https:\/\/bpa-nord.no\/se\/wp-content\/uploads\/sites\/2\/2024\/03\/istock-1074835920-1536x1152.jpg 1536w\" sizes=\"auto, (max-width: 1920px) 100vw, 1920px\" \/><\/figure>\n<\/figure>\n\n\n\n<h2 class=\"wp-block-heading\">Go lea BPA &#8211; de beasat mearridit:<\/h2>\n\n\n\n<ul class=\"wp-block-list\">\n<li><strong>Gii<\/strong>&nbsp;lea du bargojoavkkus<\/li>\n\n\n\n<li><strong>Makk\u00e1r bargguid<\/strong>&nbsp;sii galget doaimmahit<\/li>\n\n\n\n<li><strong>Goas<\/strong>&nbsp;dii d\u00e1rbbahehtet d\u00e1n b\u00e1lvalusa<\/li>\n<\/ul>\n\n\n\n<p><strong>Assisteantat \u0161addet m\u00e1n\u00e1 &laquo;juolggit ja gie\u0111at&raquo;<\/strong> ja s\u00e1httet veahkehit sihke pr\u00e1ktihkkala\u0161 bargguiguin ja sosi\u00e1lala\u0161 doaimmaiguin. D\u00e1t add\u00e1 bearra\u0161ii vejola\u0161vuo\u0111a leahkit f\u00e1rrolaga, iige v\u00e1ibat ja rah\u010dat fuolahusbargguiguin.<\/p>\n\n\n\n<p>Ii leat b\u00e1ggu ohcat BPA buot m\u00e1n\u00e1 d\u00e1rbbuide vuostta\u0161 vuoru. S\u00e1ht\u00e1t \u00e1lgit unna \u00e1igemearradusa\u017eiin, mii gok\u010da daid buot dehaleamos d\u00e1rbbuid alggos. Go m\u00e1nn\u00e1 stuorrola ja veahkked\u00e1rbbut rivdet, de s\u00e1ht\u00e1t ohcat eambbo veahkkediimmuid mearradussii.<\/p>\n\n\n\n<h2 class=\"wp-block-heading\">Manne v\u00e1lljet BPA?<\/h2>\n\n\n\n<h3 class=\"wp-block-heading\">H\u00e1bme oadjebasvuo\u0111a ja vejola\u0161vuo\u0111aid ovddasguvlui<\/h3>\n\n\n\n<p>Assisteantat BPA-ortnegis s\u00e1httet veahkehit juohkel\u00e1gan praktihkkala\u0161 bargguiguin, m\u00e1n\u00e1idg\u00e1rde\/skuvla\u010duovvolemiin ja mu\u0111ui ear\u00e1 doaimmaiguin.<\/p>\n\n\n\n<p>Don bijat ie\u0161 r\u00e1jiid ja njuolgg\u00e1dusaid ie\u017eas BPA-ortnegii, mat leat heivehuvvon buoremusat m\u00e1n\u00e1 d\u00e1rbbuide ja bearra\u0161ii.<\/p>\n\n\n\n<h3 class=\"wp-block-heading\">Doarjja DOAIMMALA\u0160 JA \u00c1RJJALA\u0160 eallimii m\u00e1n\u00e1ide ja nuoraide:<\/h3>\n\n\n\n<p>M\u00e1n\u00e1ide geat hedjonit dahje leat rieg\u00e1dan doaimmashehttejumiin, soait\u00e1 \u00e1vkin \u00e1rrat \u00e1lgit BPAiin. Dat add\u00e1 m\u00e1nn\u00e1i vejola\u0161vuo\u0111a h\u00e1rjanit assisteantaide unnivuo\u0111a r\u00e1jes jo, mii soait\u00e1 geahpidit ie\u0161heanala\u0161 eallima. <\/p>\n\n\n\n<p>BPA s\u00e1htt\u00e1 addit m\u00e1nn\u00e1i friddjavuo\u0111a searvat asto\u00e1iggedoaimmaide, servvo\u0161tallat olbm\u00e1iguin ja mu\u0111ui ie\u0161ovd\u00e1neami. <\/p>\n\n\n\n<p>BPA s\u00e1htt\u00e1 \u00e1immahu\u0161\u0161at beaivv\u00e1la\u0161 veahki ja addit nuoraide friddjavuo\u0111a ja priv\u00e1htaeallima. Oktii boaht\u00e1 sis d\u00e1rbu beass\u00e1t eret ruovttus, ja \u00e1lgin nuoraid- dahje joatkkaskuvlii add\u00e1 o\u0111\u0111a \u00e1lggu, o\u0111\u0111a olbm\u00e1id, deaivvadanb\u00e1ikkiid ja bero\u0161tumiid.<\/p>\n\n\n\n<h2 class=\"wp-block-heading\">Manne v\u00e1lljet BPA Nord?<\/h2>\n\n\n\n<p class=\"has-medium-font-size\"><strong>Mis lea guhkes bargov\u00e1s\u00e1hus BPA ektui ja veahkehit du \u00e1innas ohc\u00e1ma r\u00e1jes ja maidd\u00e1i g\u00e1vdn\u00e1t rievttes assisteantaid. Mis leat r\u00e1\u0111\u0111eaddit geain lea guhkes bargoh\u00e1rjaneapmi jo\u0111ihit ie\u017easet m\u00e1n\u00e1id BPA-ortnegiid. <\/strong><\/p>\n\n\n\n<div class=\"wp-block-group has-border-color has-quinary-border-color has-custom-gul-med-ok-r-d-kontrast-background-color has-background is-layout-constrained wp-container-core-group-is-layout-20822dfc wp-block-group-is-layout-constrained\" style=\"border-width:10px;border-radius:30px;margin-top:var(--wp--preset--spacing--70);margin-bottom:var(--wp--preset--spacing--70);padding-top:var(--wp--preset--spacing--40);padding-right:var(--wp--preset--spacing--40);padding-bottom:var(--wp--preset--spacing--40);padding-left:var(--wp--preset--spacing--40)\">\n<h2 class=\"wp-block-heading\" style=\"padding-top:0;padding-bottom:0\">Leage sihkar ahte oa\u010d\u010dut dan veahki maid d\u00e1rbba\u0161at BPA Nordas<\/h2>\n\n\n\n<ul class=\"wp-block-list\">\n<li>Mis lea guhkes v\u00e1s\u00e1hus BPA-ortnegiin, olbmuin ja bearra\u0161iin geain leat ie\u0161gu\u0111etl\u00e1gan d\u00e1rbbut ja doaibman\u00e1vccat.<\/li>\n\n\n\n<li>Leat go o\u017e\u017eon jo BPA mearr\u00e1dusa vuoi h\u00e1liidat go lonuhit b\u00e1lvalusaid min lusa, dahje d\u00e1rbba\u0161at eara veahki &#8211; <strong>ri\u014bge dahje s\u00e1ddes die\u0111u dahje e-boasta.<\/strong><\/li>\n<\/ul>\n\n\n\n<div class=\"wp-block-group is-nowrap is-layout-flex wp-container-core-group-is-layout-6c531013 wp-block-group-is-layout-flex\">\n<figure class=\"wp-block-image size-medium is-resized wp-duotone-004b87-004b87-2\"><img loading=\"lazy\" decoding=\"async\" width=\"512\" height=\"512\" src=\"https:\/\/bpa-nord.no\/se\/wp-content\/uploads\/sites\/2\/2024\/02\/circle-phone-solid.svg\" alt=\"\" class=\"wp-image-142\" style=\"width:80px\" \/><\/figure>\n\n\n\n<p class=\"has-large-font-size\"><strong><a href=\"https:\/\/bpa-nord.no\/se\/kontakt\/\" data-type=\"page\" data-id=\"28\">V\u00e1ldde oktavuo\u0111a nuvtta ja geatnegaskeahtes bagadallan s\u00e1gastallamii.<\/a><\/strong><\/p>\n<\/div>\n<\/div>\n\n\n\n<div class=\"wp-block-group alignfull has-custom-lys-gr-background-color has-background is-layout-constrained wp-container-core-group-is-layout-0879a32b wp-block-group-is-layout-constrained\" style=\"margin-top:var(--wp--preset--spacing--60);margin-bottom:0;padding-top:var(--wp--preset--spacing--40);padding-right:var(--wp--preset--spacing--30);padding-bottom:var(--wp--preset--spacing--50);padding-left:var(--wp--preset--spacing--30)\">\n<h2 class=\"wp-block-heading alignwide\">Les ogs\u00e5<\/h2>\n\n\n<div class=\"wp-block-post-type-multi post-type-multi type-manual display-row post-type-multi-page alignwide wp-block-acf-post-type-multi\" id=\"post-type-multi-69ed02cd9ed36\" data-columns=\"2\" data-post-type=\"page\" data-template=\"page-horizontal.twig\" data-total=\"4\" >\n  <div class=\"row&#x20;row-eq-height&#x20;justify-content-start row-cols-2\">\n\t\t      <div class=\"d-flex&#x20;col-12&#x20;col-sm-6&#x20;mb-5\">\n        \n<a href=\"https:\/\/bpa-nord.no\/se\/bpa-birra-obbalaccat\/mii-lea-bpa-ja-geasa-dat-heive\/\" class=\"card-horizontal\">\n      <figure>\n      <img\n        src=\"https:\/\/bpa-nord.no\/se\/wp-content\/uploads\/sites\/2\/2024\/03\/istock-1064918232-768x576.jpg\"\n                  alt=\"Bilde for artikkelen Mii lea BPA ja geasa dat heive?\"\n                decoding=\"async\"\n        loading=\"lazy\"\n      \/>\n    <\/figure>\n  \n  <section>\n    <h2>Mii lea BPA ja geasa dat heive?<\/h2>\n  <\/section>\n<\/a>      <\/div>\n          <div class=\"d-flex&#x20;col-12&#x20;col-sm-6&#x20;mb-5\">\n        \n<a href=\"https:\/\/bpa-nord.no\/se\/bpa-birra-obbalaccat\/ohcat-bpa\/\" class=\"card-horizontal\">\n      <figure>\n      <img\n        src=\"https:\/\/bpa-nord.no\/se\/wp-content\/uploads\/sites\/2\/2024\/03\/istock-872002628-1-768x576.jpg\"\n                  alt=\"Bilde for artikkelen Ohcat BPA\"\n                decoding=\"async\"\n        loading=\"lazy\"\n      \/>\n    <\/figure>\n  \n  <section>\n    <h2>Ohcat BPA<\/h2>\n  <\/section>\n<\/a>      <\/div>\n          <div class=\"d-flex&#x20;col-12&#x20;col-sm-6&#x20;mb-5\">\n        \n<a href=\"https:\/\/bpa-nord.no\/se\/bpa-birra-obbalaccat\/rollat-ja-ovddasvastadus-bpa-ortnegis\/\" class=\"card-horizontal\">\n      <figure>\n      <img\n        src=\"https:\/\/bpa-nord.no\/se\/wp-content\/uploads\/sites\/2\/2024\/03\/istock-1212142717-768x576.jpg\"\n                  alt=\"Bilde for artikkelen Rollat ja ovddasv\u00e1st\u00e1dus BPA-ortnegis\"\n                decoding=\"async\"\n        loading=\"lazy\"\n      \/>\n    <\/figure>\n  \n  <section>\n    <h2>Rollat ja ovddasv\u00e1st\u00e1dus BPA-ortnegis<\/h2>\n  <\/section>\n<\/a>      <\/div>\n          <div class=\"d-flex&#x20;col-12&#x20;col-sm-6&#x20;mb-5\">\n        \n<a href=\"https:\/\/bpa-nord.no\/se\/bpa-birra-obbalaccat\/lonuhit-falaldaga\/\" class=\"card-horizontal\">\n      <figure>\n      <img\n        src=\"https:\/\/bpa-nord.no\/se\/wp-content\/uploads\/sites\/2\/2024\/03\/shutterstock-567790435-768x512.jpg\"\n                  alt=\"Bilde for artikkelen Lonuhit f\u00e1laldaga\"\n                decoding=\"async\"\n        loading=\"lazy\"\n      \/>\n    <\/figure>\n  \n  <section>\n    <h2>Lonuhit f\u00e1laldaga<\/h2>\n  <\/section>\n<\/a>      <\/div>\n    \t<\/div>\n<\/div>\n<\/div>\n\n\n\n<div class=\"wp-block-cover alignfull\" style=\"margin-top:0;min-height:500px;aspect-ratio:unset;\"><span aria-hidden=\"true\" class=\"wp-block-cover__background has-background-dim-30 has-background-dim\"><\/span><img loading=\"lazy\" decoding=\"async\" width=\"1920\" height=\"1188\" class=\"wp-block-cover__image-background wp-image-1278\" alt=\"\" src=\"https:\/\/bpa-nord.no\/se\/wp-content\/uploads\/sites\/2\/2024\/02\/vidar-nordli-mathisen-pvexxn20mva-unsplash.jpg\" data-object-fit=\"cover\" srcset=\"https:\/\/bpa-nord.no\/se\/wp-content\/uploads\/sites\/2\/2024\/02\/vidar-nordli-mathisen-pvexxn20mva-unsplash.jpg 1920w, https:\/\/bpa-nord.no\/se\/wp-content\/uploads\/sites\/2\/2024\/02\/vidar-nordli-mathisen-pvexxn20mva-unsplash-300x186.jpg 300w, https:\/\/bpa-nord.no\/se\/wp-content\/uploads\/sites\/2\/2024\/02\/vidar-nordli-mathisen-pvexxn20mva-unsplash-1024x634.jpg 1024w, https:\/\/bpa-nord.no\/se\/wp-content\/uploads\/sites\/2\/2024\/02\/vidar-nordli-mathisen-pvexxn20mva-unsplash-768x475.jpg 768w, https:\/\/bpa-nord.no\/se\/wp-content\/uploads\/sites\/2\/2024\/02\/vidar-nordli-mathisen-pvexxn20mva-unsplash-1536x950.jpg 1536w\" sizes=\"auto, (max-width: 1920px) 100vw, 1920px\" \/><div class=\"wp-block-cover__inner-container is-layout-constrained wp-block-cover-is-layout-constrained\">\n<h2 class=\"wp-block-heading has-text-align-center has-base-color has-text-color has-link-color wp-elements-57247bf82bf3a0a28474904ebbc32eb9\">BPA Nord<\/h2>\n\n\n\n<p class=\"has-text-align-center has-base-color has-text-color has-link-color has-large-font-size wp-elements-487575df3ec38a368a4f84d92ca73fc7\" style=\"font-style:normal;font-weight:300\">Gelbbola\u0161vuohta\u00a0\u00a0|\u00a0 Dohkkeheapmi\u00a0\u00a0|\u00a0 \u00c1rvvusatnin\u00a0\u00a0|\u00a0 Luohtt\u00e1mu\u0161<\/p>\n<\/div><\/div>\n","protected":false},"excerpt":{"rendered":"<p>BPA bearra\u0161iidda geain leat m\u00e1n\u00e1t = Friddjavuohta ja heivehanmunni \u00e1rgabeaivvis Leat go dus m\u00e1n\u00e1t vuollel 18 jagi geat orrot ruovttus ja geain lea doaimmashehttejupmi? De lea dus vuoigatvuohta oa\u017e\u017eut veahki mii lea organiserejuvvon dego BPA. BPA riekti \u0161attai gustova\u0161 l\u00e1hkan 2015is. D\u00e1t mearkka\u0161a ahte buohkain geain lea veahkked\u00e1rbu ja gok\u010da BPA g\u00e1ibadusaid, lea riekti oa\u017e\u017eut [&hellip;]<\/p>\n","protected":false},"author":3,"featured_media":1609,"parent":1036,"menu_order":0,"comment_status":"closed","ping_status":"closed","template":"no-title","meta":{"_acf_changed":false,"editor_notices":[],"footnotes":""},"class_list":["post-65","page","type-page","status-publish","has-post-thumbnail","hentry"],"acf":[],"mb":[],"mfb_rest_fields":["title"],"_links":{"self":[{"href":"https:\/\/bpa-nord.no\/se\/wp-json\/wp\/v2\/pages\/65","targetHints":{"allow":["GET"]}}],"collection":[{"href":"https:\/\/bpa-nord.no\/se\/wp-json\/wp\/v2\/pages"}],"about":[{"href":"https:\/\/bpa-nord.no\/se\/wp-json\/wp\/v2\/types\/page"}],"author":[{"embeddable":true,"href":"https:\/\/bpa-nord.no\/se\/wp-json\/wp\/v2\/users\/3"}],"replies":[{"embeddable":true,"href":"https:\/\/bpa-nord.no\/se\/wp-json\/wp\/v2\/comments?post=65"}],"version-history":[{"count":2,"href":"https:\/\/bpa-nord.no\/se\/wp-json\/wp\/v2\/pages\/65\/revisions"}],"predecessor-version":[{"id":2404,"href":"https:\/\/bpa-nord.no\/se\/wp-json\/wp\/v2\/pages\/65\/revisions\/2404"}],"up":[{"embeddable":true,"href":"https:\/\/bpa-nord.no\/se\/wp-json\/wp\/v2\/pages\/1036"}],"wp:featuredmedia":[{"embeddable":true,"href":"https:\/\/bpa-nord.no\/se\/wp-json\/wp\/v2\/media\/1609"}],"wp:attachment":[{"href":"https:\/\/bpa-nord.no\/se\/wp-json\/wp\/v2\/media?parent=65"}],"curies":[{"name":"wp","href":"https:\/\/api.w.org\/{rel}","templated":true}]}}