{"id":67,"date":"2024-02-14T21:41:36","date_gmt":"2024-02-14T20:41:36","guid":{"rendered":"https:\/\/bpa-nord.no\/se\/?page_id=67"},"modified":"2024-10-02T10:56:31","modified_gmt":"2024-10-02T08:56:31","slug":"suohkan","status":"publish","type":"page","link":"https:\/\/bpa-nord.no\/se\/bpa-birra-obbalaccat\/rollat-ja-ovddasvastadus-bpa-ortnegis\/suohkan\/","title":{"rendered":"Suohkan"},"content":{"rendered":"\n<p class=\"has-large-font-size\" style=\"font-style:normal;font-weight:300\">Suohkanis lea bajemus ovddasv\u00e1st\u00e1dus<\/p>\n\n\n\n<ul class=\"wp-block-list\">\n<li>Dearvva\u0161vuo\u0111a- ja fuolahusb\u00e1lvalusl\u00e1hka geatnegahtt\u00e1 buot suohkaniid f\u00e1llat BPA oassin ie\u017easet b\u00e1lvalusain.<\/li>\n\n\n\n<li>Suohkanis lea bajemus h\u00e1ldda\u0161anovddasv\u00e1st\u00e1dus BPA-b\u00e1lvalusas, bero\u0161keahtt\u00e1 gii lea bargoaddi dahje mot b\u00e1lvalus lea organiserejuvvon.<\/li>\n\n\n\n<li>D\u00e1t ovddasv\u00e1st\u00e1dus mearkka\u0161a fuolahit ahte guoskeva\u0161 l\u00e1gat \u010duvvojit.<\/li>\n<\/ul>\n\n\n\n<h2 class=\"wp-block-heading\">Bargoaddiovddasv\u00e1st\u00e1dus:<\/h2>\n\n\n\n<ul class=\"wp-block-list\">\n<li>Suohkan s\u00e1htt\u00e1 v\u00e1lljet leat bargoaddin olbmuide geain lea BPA.<\/li>\n\n\n\n<li>Suohkan s\u00e1htt\u00e1 molssaeaktun dahkat \u0161iehtadusa ear\u00e1 aktevrraiguin dahje geavaheddjiin go ie\u0161 lea bargoaddi.<\/li>\n\n\n\n<li>Bero\u0161keahtt\u00e1 gii lea bargoaddi, lea suohkanis ovddasv\u00e1st\u00e1dus \u010duovvut guoskeva\u0161 l\u00e1gaid ja njuolggadusaid.<\/li>\n<\/ul>\n\n\n\n<h2 class=\"wp-block-heading\">\u010c\u00e1lala\u0161 \u0161iehtadus:<\/h2>\n\n\n\n<ul class=\"wp-block-list\">\n<li>Jus \u0161iehtadus lea dahkkon ear\u00e1 aktevrraiguin dahje geavaheddjiin, de galg\u00e1 d\u00e1t dahkkot \u010d\u00e1lala\u010d\u010dat.<\/li>\n\n\n\n<li>\u0160iehtadus galg\u00e1 heivehit g\u00e1ib\u00e1dusaid kvalitehta, geatnegasvuo\u0111aid, raporterema, dokumenta\u0161uvnna ja ear\u00e1 relev\u00e1nta beliid ektui.<\/li>\n<\/ul>\n\n\n\n<h2 class=\"wp-block-heading\">Bearr\u00e1igeah\u010d\u010dan ja d\u00e1rkkisteapmi:<\/h2>\n\n\n\n<ul class=\"wp-block-list\">\n<li>Suohkan galg\u00e1 bearr\u00e1igeah\u010d\u010dat BPA-ortnegiid sihkkarastin dihte ahte dat \u010duvvot l\u00e1gaid.<\/li>\n\n\n\n<li>Bearr\u00e1igeah\u010d\u010du galg\u00e1 sihkkarastit ahte geavaheaddji oa\u017e\u017eu dan veahki masa sus lea vuoigatvuohta, ja ahte veahkkebargiin leat d\u00e1rbba\u0161la\u0161 r\u00e1mmaeavttut vai s\u00e1httet dahkat buori barggu.<\/li>\n<\/ul>\n\n\n\n<div class=\"wp-block-group alignfull has-custom-lys-gr-background-color has-background is-layout-constrained wp-container-core-group-is-layout-be0c549a wp-block-group-is-layout-constrained\" style=\"margin-top:var(--wp--preset--spacing--50);margin-bottom:0;padding-top:var(--wp--preset--spacing--40);padding-right:var(--wp--preset--spacing--30);padding-bottom:var(--wp--preset--spacing--50);padding-left:var(--wp--preset--spacing--30)\">\n<h2 class=\"wp-block-heading alignwide\">Loga eambbo<\/h2>\n\n\n<div class=\"wp-block-post-type-multi post-type-multi type-manual display-row post-type-multi-page alignwide wp-block-acf-post-type-multi\" id=\"post-type-multi-69ed0731346e1\" data-columns=\"2\" data-post-type=\"page\" data-template=\"page-horizontal.twig\" data-total=\"4\" >\n  <div class=\"row&#x20;row-eq-height&#x20;justify-content-start row-cols-2\">\n\t\t      <div class=\"d-flex&#x20;col-12&#x20;col-sm-6&#x20;mb-5\">\n        \n<a href=\"https:\/\/bpa-nord.no\/se\/bpa-birra-obbalaccat\/rollat-ja-ovddasvastadus-bpa-ortnegis\/bargoaddi\/\" class=\"card-horizontal\">\n      <figure>\n      <img\n        src=\"https:\/\/bpa-nord.no\/se\/wp-content\/uploads\/sites\/2\/2024\/02\/trine-edited-768x512.jpg\"\n                  alt=\"Bilde for artikkelen Bargoaddi\"\n                decoding=\"async\"\n        loading=\"lazy\"\n      \/>\n    <\/figure>\n  \n  <section>\n    <h2>Bargoaddi<\/h2>\n  <\/section>\n<\/a>      <\/div>\n          <div class=\"d-flex&#x20;col-12&#x20;col-sm-6&#x20;mb-5\">\n        \n<a href=\"https:\/\/bpa-nord.no\/se\/bpa-birra-obbalaccat\/rollat-ja-ovddasvastadus-bpa-ortnegis\/assisteantta\/\" class=\"card-horizontal\">\n      <figure>\n      <img\n        src=\"https:\/\/bpa-nord.no\/se\/wp-content\/uploads\/sites\/2\/2024\/03\/istock-137384900-768x576.jpg\"\n                  alt=\"Bilde for artikkelen Assisteantta\"\n                decoding=\"async\"\n        loading=\"lazy\"\n      \/>\n    <\/figure>\n  \n  <section>\n    <h2>Assisteantta<\/h2>\n  <\/section>\n<\/a>      <\/div>\n          <div class=\"d-flex&#x20;col-12&#x20;col-sm-6&#x20;mb-5\">\n        \n<a href=\"https:\/\/bpa-nord.no\/se\/bpa-birra-obbalaccat\/rollat-ja-ovddasvastadus-bpa-ortnegis\/mielbargojodiheaddji\/\" class=\"card-horizontal\">\n      <figure>\n      <img\n        src=\"https:\/\/bpa-nord.no\/se\/wp-content\/uploads\/sites\/2\/2024\/03\/istock-680248362-768x576.jpg\"\n                  alt=\"Bilde for artikkelen Mielbargojo\u0111iheaddji\"\n                decoding=\"async\"\n        loading=\"lazy\"\n      \/>\n    <\/figure>\n  \n  <section>\n    <h2>Mielbargojo\u0111iheaddji<\/h2>\n  <\/section>\n<\/a>      <\/div>\n          <div class=\"d-flex&#x20;col-12&#x20;col-sm-6&#x20;mb-5\">\n        \n<a href=\"https:\/\/bpa-nord.no\/se\/bpa-birra-obbalaccat\/rollat-ja-ovddasvastadus-bpa-ortnegis\/bargojodiheaddji\/\" class=\"card-horizontal\">\n      <figure>\n      <img\n        src=\"https:\/\/bpa-nord.no\/se\/wp-content\/uploads\/sites\/2\/2024\/03\/istock-1432128982-768x576.jpg\"\n                  alt=\"Bilde for artikkelen Bargojo\u0111iheaddji\"\n                decoding=\"async\"\n        loading=\"lazy\"\n      \/>\n    <\/figure>\n  \n  <section>\n    <h2>Bargojo\u0111iheaddji<\/h2>\n  <\/section>\n<\/a>      <\/div>\n    \t<\/div>\n<\/div>\n<\/div>\n\n\n\n<div class=\"wp-block-cover alignfull\" style=\"margin-top:0;min-height:500px;aspect-ratio:unset;\"><span aria-hidden=\"true\" class=\"wp-block-cover__background has-background-dim-30 has-background-dim\"><\/span><img loading=\"lazy\" decoding=\"async\" width=\"1920\" height=\"1205\" class=\"wp-block-cover__image-background wp-image-593\" alt=\"\" src=\"https:\/\/bpa-nord.no\/se\/wp-content\/uploads\/sites\/2\/2024\/02\/alexis-mette-ul16dbs4kzi-unsplash.jpg\" style=\"object-position:51% 72%\" data-object-fit=\"cover\" data-object-position=\"51% 72%\" srcset=\"https:\/\/bpa-nord.no\/se\/wp-content\/uploads\/sites\/2\/2024\/02\/alexis-mette-ul16dbs4kzi-unsplash.jpg 1920w, https:\/\/bpa-nord.no\/se\/wp-content\/uploads\/sites\/2\/2024\/02\/alexis-mette-ul16dbs4kzi-unsplash-300x188.jpg 300w, https:\/\/bpa-nord.no\/se\/wp-content\/uploads\/sites\/2\/2024\/02\/alexis-mette-ul16dbs4kzi-unsplash-1024x643.jpg 1024w, https:\/\/bpa-nord.no\/se\/wp-content\/uploads\/sites\/2\/2024\/02\/alexis-mette-ul16dbs4kzi-unsplash-768x482.jpg 768w, https:\/\/bpa-nord.no\/se\/wp-content\/uploads\/sites\/2\/2024\/02\/alexis-mette-ul16dbs4kzi-unsplash-1536x964.jpg 1536w\" sizes=\"auto, (max-width: 1920px) 100vw, 1920px\" \/><div class=\"wp-block-cover__inner-container is-layout-constrained wp-block-cover-is-layout-constrained\">\n<h2 class=\"wp-block-heading has-text-align-center has-base-color has-text-color has-link-color wp-elements-57247bf82bf3a0a28474904ebbc32eb9\">BPA Nord<\/h2>\n\n\n\n<p class=\"has-text-align-center has-base-color has-text-color has-link-color has-large-font-size wp-elements-487575df3ec38a368a4f84d92ca73fc7\" style=\"font-style:normal;font-weight:300\">Gelbbola\u0161vuohta\u00a0\u00a0|\u00a0 Dohkkeheapmi\u00a0\u00a0|\u00a0 \u00c1rvvusatnin\u00a0\u00a0|\u00a0 Luohtt\u00e1mu\u0161<\/p>\n<\/div><\/div>\n","protected":false},"excerpt":{"rendered":"<p>Suohkanis lea bajemus ovddasv\u00e1st\u00e1dus Bargoaddiovddasv\u00e1st\u00e1dus: \u010c\u00e1lala\u0161 \u0161iehtadus: Bearr\u00e1igeah\u010d\u010dan ja d\u00e1rkkisteapmi: Loga eambbo<\/p>\n","protected":false},"author":1,"featured_media":1599,"parent":73,"menu_order":0,"comment_status":"closed","ping_status":"closed","template":"","meta":{"_acf_changed":false,"editor_notices":[],"footnotes":""},"class_list":["post-67","page","type-page","status-publish","has-post-thumbnail","hentry"],"acf":[],"mb":[],"mfb_rest_fields":["title"],"_links":{"self":[{"href":"https:\/\/bpa-nord.no\/se\/wp-json\/wp\/v2\/pages\/67","targetHints":{"allow":["GET"]}}],"collection":[{"href":"https:\/\/bpa-nord.no\/se\/wp-json\/wp\/v2\/pages"}],"about":[{"href":"https:\/\/bpa-nord.no\/se\/wp-json\/wp\/v2\/types\/page"}],"author":[{"embeddable":true,"href":"https:\/\/bpa-nord.no\/se\/wp-json\/wp\/v2\/users\/1"}],"replies":[{"embeddable":true,"href":"https:\/\/bpa-nord.no\/se\/wp-json\/wp\/v2\/comments?post=67"}],"version-history":[{"count":2,"href":"https:\/\/bpa-nord.no\/se\/wp-json\/wp\/v2\/pages\/67\/revisions"}],"predecessor-version":[{"id":2522,"href":"https:\/\/bpa-nord.no\/se\/wp-json\/wp\/v2\/pages\/67\/revisions\/2522"}],"up":[{"embeddable":true,"href":"https:\/\/bpa-nord.no\/se\/wp-json\/wp\/v2\/pages\/73"}],"wp:featuredmedia":[{"embeddable":true,"href":"https:\/\/bpa-nord.no\/se\/wp-json\/wp\/v2\/media\/1599"}],"wp:attachment":[{"href":"https:\/\/bpa-nord.no\/se\/wp-json\/wp\/v2\/media?parent=67"}],"curies":[{"name":"wp","href":"https:\/\/api.w.org\/{rel}","templated":true}]}}