{"id":694,"date":"2024-02-21T15:39:45","date_gmt":"2024-02-21T14:39:45","guid":{"rendered":"https:\/\/bpa-nord.no\/se\/?page_id=694"},"modified":"2025-03-26T15:32:39","modified_gmt":"2025-03-26T14:32:39","slug":"halddahus","status":"publish","type":"page","link":"https:\/\/bpa-nord.no\/se\/oktavuodadiedut\/halddahus\/","title":{"rendered":"H\u00e1lddahus"},"content":{"rendered":"<div class=\"wp-block-post-type-multi post-type-multi type-auto display-row post-type-multi-bc_employee alignwide wp-block-acf-post-type-multi\" id=\"post-type-multi-69ecf25ea4e43\" data-columns=\"4\" data-post-type=\"bc_employee\" data-template=\"card-employee.twig\" data-total=\"-1\" >\n  <div class=\"row&#x20;row-eq-height&#x20;justify-content-start row-cols-4\">\n\t\t      <div class=\"d-flex&#x20;col-12&#x20;col-sm-6&#x20;col-md-4&#x20;col-lg-3&#x20;mb-5\">\n        \n\n<div class=\"card-employee-standard\">\n  <figure>\n        <img\n      src     = \"https:\/\/bpa-nord.no\/se\/wp-content\/uploads\/sites\/2\/2024\/04\/espen-profilbilde-768x768.jpg\" \n\t\t\talt     = \"Bilde av Espen Igesund\"\n\t\t\tloading = \"lazy\" \n    >\n        \n  <\/figure>\n\n  <div class=\"contact-information\">\n    <h2>Espen Igesund<\/h2>\n    <p class=\"position\">Beaivv\u00e1la\u0161 jo\u0111iheaddji | Romsa<\/p>\n    <a href=\"tel:&#57;&#57;36&#56;&#57;&#57;&#55;\" class=\"phone\">\n      Tlf: &#57;&#57;36&#56;&#57;97\n    <\/a>\n    <a href=\"mailto:esp&#101;n&#46;&#105;gesu&#110;&#100;&#64;bpa-&#110;or&#100;&#46;n&#111;\" class=\"mail\">\n      &#101;&#115;pe&#110;&#46;i&#103;&#101;s&#117;nd&#64;&#98;&#112;&#97;&#45;nord&#46;&#110;o\n    <\/a>\n  <\/div>\n<\/div>\n      <\/div>\n          <div class=\"d-flex&#x20;col-12&#x20;col-sm-6&#x20;col-md-4&#x20;col-lg-3&#x20;mb-5\">\n        \n\n<div class=\"card-employee-standard\">\n  <figure>\n        <img\n      src     = \"https:\/\/bpa-nord.no\/se\/wp-content\/uploads\/sites\/2\/2024\/02\/steffi-profilbilde-768x768.jpg\" \n\t\t\talt     = \"Bilde av Steffi Klein Mathisen\"\n\t\t\tloading = \"lazy\" \n    >\n        \n  <\/figure>\n\n  <div class=\"contact-information\">\n    <h2>Steffi Klein Mathisen<\/h2>\n    <p class=\"position\">Doaibmajo\u0111iheaddji | D\u00e1lvvesv\u00e1ggi<\/p>\n    <a href=\"tel:40006&#50;2&#56;\" class=\"phone\">\n      Tlf: 4&#48;0&#48;62&#50;8\n    <\/a>\n    <a href=\"mailto:&#115;&#116;e&#102;&#102;i&#46;m&#97;th&#105;se&#110;&#64;&#98;&#112;&#97;&#45;&#110;&#111;&#114;&#100;.no\" class=\"mail\">\n      s&#116;&#101;&#102;fi.&#109;&#97;&#116;h&#105;sen&#64;&#98;&#112;&#97;-nord&#46;&#110;&#111;\n    <\/a>\n  <\/div>\n<\/div>\n      <\/div>\n          <div class=\"d-flex&#x20;col-12&#x20;col-sm-6&#x20;col-md-4&#x20;col-lg-3&#x20;mb-5\">\n        \n\n<div class=\"card-employee-standard\">\n  <figure>\n        <img\n      src     = \"https:\/\/bpa-nord.no\/se\/wp-content\/uploads\/sites\/2\/2024\/02\/trine-profilbilde-1-768x768.jpg\" \n\t\t\talt     = \"Bilde av Trine S\u00f8rensen\"\n\t\t\tloading = \"lazy\" \n    >\n        \n  <\/figure>\n\n  <div class=\"contact-information\">\n    <h2>Trine S\u00f8rensen<\/h2>\n    <p class=\"position\">R\u00e1\u0111\u0111eaddi BPA | Romsa<\/p>\n    <a href=\"tel:&#57;&#49;7&#54;&#52;16&#53;\" class=\"phone\">\n      Tlf: 9&#49;&#55;&#54;&#52;165\n    <\/a>\n    <a href=\"mailto:&#116;rine&#46;s&#111;&#114;en&#115;&#101;n&#64;bp&#97;-&#110;o&#114;&#100;&#46;no\" class=\"mail\">\n      tri&#110;&#101;.&#115;ore&#110;&#115;e&#110;&#64;bpa&#45;n&#111;&#114;&#100;.&#110;&#111;\n    <\/a>\n  <\/div>\n<\/div>\n      <\/div>\n          <div class=\"d-flex&#x20;col-12&#x20;col-sm-6&#x20;col-md-4&#x20;col-lg-3&#x20;mb-5\">\n        \n\n<div class=\"card-employee-standard\">\n  <figure>\n        <img\n      src     = \"https:\/\/bpa-nord.no\/se\/wp-content\/uploads\/sites\/2\/2024\/04\/jan-brede-profilbilde-768x768.jpg\" \n\t\t\talt     = \"Bilde av Jan-Brede Johnsen\"\n\t\t\tloading = \"lazy\" \n    >\n        \n  <\/figure>\n\n  <div class=\"contact-information\">\n    <h2>Jan-Brede Johnsen<\/h2>\n    <p class=\"position\">R\u00e1\u0111\u0111eaddi BPA | Rivtt\u00e1k<\/p>\n    <a href=\"tel:&#52;&#49;46&#48;&#48;&#55;5\" class=\"phone\">\n      Tlf: &#52;14600&#55;&#53;\n    <\/a>\n    <a href=\"mailto:ja&#110;-b&#114;&#101;de&#46;j&#111;&#104;&#110;&#115;&#101;&#110;&#64;&#98;&#112;&#97;-&#110;o&#114;d&#46;n&#111;\" class=\"mail\">\n      &#106;a&#110;-b&#114;e&#100;e&#46;&#106;o&#104;&#110;s&#101;n&#64;&#98;pa-n&#111;rd.n&#111;\n    <\/a>\n  <\/div>\n<\/div>\n      <\/div>\n          <div class=\"d-flex&#x20;col-12&#x20;col-sm-6&#x20;col-md-4&#x20;col-lg-3&#x20;mb-5\">\n        \n\n<div class=\"card-employee-standard\">\n  <figure>\n        <img\n      src     = \"https:\/\/bpa-nord.no\/se\/wp-content\/uploads\/sites\/2\/2024\/02\/sara-birgitte-profilbilde-768x768.jpg\" \n\t\t\talt     = \"Bilde av Sara Birgitte Marie Eira\"\n\t\t\tloading = \"lazy\" \n    >\n        \n  <\/figure>\n\n  <div class=\"contact-information\">\n    <h2>Sara Birgitte Marie Eira<\/h2>\n    <p class=\"position\">R\u00e1\u0111\u0111eaddi BPA | Guovdageaidnu<\/p>\n    <a href=\"tel:&#57;02&#55;&#51;&#51;&#50;&#49;\" class=\"phone\">\n      Tlf: &#57;02733&#50;&#49;\n    <\/a>\n    <a href=\"mailto:s&#97;&#114;&#97;.&#101;&#105;r&#97;&#64;&#98;&#112;a-&#110;&#111;&#114;&#100;.&#110;o\" class=\"mail\">\n      sar&#97;.ei&#114;&#97;&#64;&#98;&#112;&#97;&#45;no&#114;d.&#110;&#111;\n    <\/a>\n  <\/div>\n<\/div>\n      <\/div>\n          <div class=\"d-flex&#x20;col-12&#x20;col-sm-6&#x20;col-md-4&#x20;col-lg-3&#x20;mb-5\">\n        \n\n<div class=\"card-employee-standard\">\n  <figure>\n        <img\n      src     = \"https:\/\/bpa-nord.no\/se\/wp-content\/uploads\/sites\/2\/2024\/02\/kathrine-profilbilde1-300x300-1.jpg\" \n\t\t\talt     = \"Bilde av Kathrine Nermo\"\n\t\t\tloading = \"lazy\" \n    >\n        \n  <\/figure>\n\n  <div class=\"contact-information\">\n    <h2>Kathrine Nermo<\/h2>\n    <p class=\"position\">R\u00e1\u0111\u0111eaddi BPA | Romsa<\/p>\n    <a href=\"tel:&#52;6827&#53;22\" class=\"phone\">\n      Tlf: &#52;6&#56;&#50;&#55;5&#50;&#50;\n    <\/a>\n    <a href=\"mailto:&#107;&#97;&#116;&#104;&#114;i&#110;&#101;.n&#101;&#114;m&#111;&#64;&#98;&#112;&#97;-&#110;&#111;&#114;&#100;.&#110;&#111;\" class=\"mail\">\n      &#107;a&#116;hri&#110;&#101;.n&#101;&#114;&#109;&#111;&#64;&#98;p&#97;-n&#111;&#114;&#100;&#46;n&#111;\n    <\/a>\n  <\/div>\n<\/div>\n      <\/div>\n          <div class=\"d-flex&#x20;col-12&#x20;col-sm-6&#x20;col-md-4&#x20;col-lg-3&#x20;mb-5\">\n        \n\n<div class=\"card-employee-standard\">\n  <figure>\n        <img\n      src     = \"https:\/\/bpa-nord.no\/se\/wp-content\/uploads\/sites\/2\/2024\/04\/alexandra-profilbilde-768x768.jpg\" \n\t\t\talt     = \"Bilde av Alexandra Deeken\"\n\t\t\tloading = \"lazy\" \n    >\n        \n  <\/figure>\n\n  <div class=\"contact-information\">\n    <h2>Alexandra Deeken<\/h2>\n    <p class=\"position\">R\u00e1\u0111\u0111eaddi BPA \/ Rekl\u00e1makonsuleanta | Romsa<\/p>\n    <a href=\"tel:905&#53;0&#48;&#54;3\" class=\"phone\">\n      Tlf: &#57;0&#53;&#53;&#48;0&#54;3\n    <\/a>\n    <a href=\"mailto:al&#101;xan&#100;r&#97;.deek&#101;n&#64;&#98;&#112;a&#45;&#110;&#111;&#114;d&#46;n&#111;\" class=\"mail\">\n      al&#101;&#120;&#97;&#110;&#100;r&#97;&#46;deeken&#64;&#98;pa&#45;n&#111;&#114;&#100;.no\n    <\/a>\n  <\/div>\n<\/div>\n      <\/div>\n          <div class=\"d-flex&#x20;col-12&#x20;col-sm-6&#x20;col-md-4&#x20;col-lg-3&#x20;mb-5\">\n        \n\n<div class=\"card-employee-standard\">\n  <figure>\n        <img\n      src     = \"https:\/\/bpa-nord.no\/se\/wp-content\/uploads\/sites\/2\/2024\/02\/linn-profilbilde-768x768.jpg\" \n\t\t\talt     = \"Bilde av Linn Luneborg\"\n\t\t\tloading = \"lazy\" \n    >\n        \n  <\/figure>\n\n  <div class=\"contact-information\">\n    <h2>Linn Luneborg<\/h2>\n    <p class=\"position\">R\u00e1\u0111\u0111eaddi BPA | Seahtarmuvva<\/p>\n    <a href=\"tel:9&#50;&#48;5&#49;&#48;&#48;&#52;\" class=\"phone\">\n      Tlf: &#57;&#50;&#48;5&#49;0&#48;4\n    <\/a>\n    <a href=\"mailto:l&#105;&#110;n&#46;&#108;&#117;n&#101;&#98;&#111;&#114;&#103;&#64;bpa&#45;&#110;o&#114;d.no\" class=\"mail\">\n      &#108;i&#110;&#110;.l&#117;neb&#111;rg&#64;bp&#97;&#45;&#110;o&#114;&#100;.&#110;o\n    <\/a>\n  <\/div>\n<\/div>\n      <\/div>\n          <div class=\"d-flex&#x20;col-12&#x20;col-sm-6&#x20;col-md-4&#x20;col-lg-3&#x20;mb-5\">\n        \n\n<div class=\"card-employee-standard\">\n  <figure>\n        <img\n      src     = \"https:\/\/bpa-nord.no\/se\/wp-content\/uploads\/sites\/2\/2024\/04\/sara-marie-profilbilde-768x768.jpg\" \n\t\t\talt     = \"Bilde av Sara Marie Guttormsen\"\n\t\t\tloading = \"lazy\" \n    >\n        \n  <\/figure>\n\n  <div class=\"contact-information\">\n    <h2>Sara Marie Guttormsen<\/h2>\n    <p class=\"position\">R\u00e1\u0111\u0111eaddi GPA | \u00c1lt\u00e1<\/p>\n    <a href=\"tel:9&#51;61600&#52;\" class=\"phone\">\n      Tlf: &#57;&#51;&#54;&#49;&#54;00&#52;\n    <\/a>\n    <a href=\"mailto:s&#97;&#114;&#97;&#46;&#109;ari&#101;.&#103;&#117;ttorm&#115;en&#64;&#98;pa-n&#111;&#114;d.&#110;o\" class=\"mail\">\n      &#115;&#97;&#114;&#97;&#46;&#109;&#97;&#114;i&#101;.gu&#116;&#116;&#111;rm&#115;&#101;&#110;&#64;&#98;&#112;a-nord&#46;&#110;o\n    <\/a>\n  <\/div>\n<\/div>\n      <\/div>\n          <div class=\"d-flex&#x20;col-12&#x20;col-sm-6&#x20;col-md-4&#x20;col-lg-3&#x20;mb-5\">\n        \n\n<div class=\"card-employee-standard\">\n  <figure>\n        <img\n      src     = \"https:\/\/bpa-nord.no\/se\/wp-content\/uploads\/sites\/2\/2024\/02\/maria-profilbilde-2-768x768.jpg\" \n\t\t\talt     = \"Bilde av Maria Ween\u00e5s Meyer\"\n\t\t\tloading = \"lazy\" \n    >\n        \n  <\/figure>\n\n  <div class=\"contact-information\">\n    <h2>Maria Ween\u00e5s Meyer<\/h2>\n    <p class=\"position\">R\u00e1\u0111\u0111eaddi | Romsa<\/p>\n    <a href=\"tel:&#52;767&#57;&#54;0&#53;\" class=\"phone\">\n      Tlf: 47&#54;7&#57;&#54;0&#53;\n    <\/a>\n    <a href=\"mailto:m&#97;r&#105;&#97;&#46;&#109;e&#121;e&#114;&#64;&#98;&#112;&#97;&#45;nor&#100;&#46;&#110;&#111;\" class=\"mail\">\n      ma&#114;ia.m&#101;y&#101;&#114;&#64;&#98;p&#97;&#45;nor&#100;.&#110;&#111;\n    <\/a>\n  <\/div>\n<\/div>\n      <\/div>\n          <div class=\"d-flex&#x20;col-12&#x20;col-sm-6&#x20;col-md-4&#x20;col-lg-3&#x20;mb-5\">\n        \n\n<div class=\"card-employee-standard\">\n  <figure>\n        <img\n      src     = \"https:\/\/bpa-nord.no\/se\/wp-content\/uploads\/sites\/2\/2024\/02\/hilde-profilbilde-768x768.jpg\" \n\t\t\talt     = \"Bilde av Hilde Eira Vars\"\n\t\t\tloading = \"lazy\" \n    >\n        \n  <\/figure>\n\n  <div class=\"contact-information\">\n    <h2>Hilde Eira Vars<\/h2>\n    <p class=\"position\">R\u00e1\u0111\u0111eaddi BPA | Guovdageaidnu<\/p>\n    <a href=\"tel:9&#48;&#57;5&#55;&#51;&#49;&#55;\" class=\"phone\">\n      Tlf: &#57;09&#53;&#55;3&#49;7\n    <\/a>\n    <a href=\"mailto:&#104;il&#100;&#101;.e&#105;r&#97;&#64;&#98;p&#97;&#45;n&#111;&#114;&#100;&#46;&#110;o\" class=\"mail\">\n      &#104;ilde&#46;&#101;&#105;&#114;&#97;&#64;&#98;p&#97;&#45;&#110;ord&#46;&#110;o\n    <\/a>\n  <\/div>\n<\/div>\n      <\/div>\n          <div class=\"d-flex&#x20;col-12&#x20;col-sm-6&#x20;col-md-4&#x20;col-lg-3&#x20;mb-5\">\n        \n\n<div class=\"card-employee-standard\">\n  <figure>\n        <img\n      src     = \"https:\/\/bpa-nord.no\/se\/wp-content\/uploads\/sites\/2\/2024\/02\/hege-profilbilde-768x768.jpg\" \n\t\t\talt     = \"Bilde av Hege Lagestrand Berg\"\n\t\t\tloading = \"lazy\" \n    >\n        \n  <\/figure>\n\n  <div class=\"contact-information\">\n    <h2>Hege Lagestrand Berg<\/h2>\n    <p class=\"position\">Kv\u00e1litehta ja IT-vuog\u00e1dagat | Romsa<\/p>\n    <a href=\"tel:938&#57;4&#52;&#49;&#54;\" class=\"phone\">\n      Tlf: &#57;389&#52;&#52;&#49;6\n    <\/a>\n    <a href=\"mailto:&#104;eg&#101;.b&#101;&#114;g&#64;&#98;p&#97;-n&#111;r&#100;.n&#111;\" class=\"mail\">\n      he&#103;&#101;&#46;&#98;&#101;&#114;&#103;&#64;bp&#97;-n&#111;rd&#46;n&#111;\n    <\/a>\n  <\/div>\n<\/div>\n      <\/div>\n          <div class=\"d-flex&#x20;col-12&#x20;col-sm-6&#x20;col-md-4&#x20;col-lg-3&#x20;mb-5\">\n        \n\n<div class=\"card-employee-standard\">\n  <figure>\n        <img\n      src     = \"https:\/\/bpa-nord.no\/se\/wp-content\/uploads\/sites\/2\/2024\/04\/silje-profilbilde-768x768.jpg\" \n\t\t\talt     = \"Bilde av Silje Blindheim Nilsen\"\n\t\t\tloading = \"lazy\" \n    >\n        \n  <\/figure>\n\n  <div class=\"contact-information\">\n    <h2>Silje Blindheim Nilsen<\/h2>\n    <p class=\"position\">HR ovddasv\u00e1stideaddji ja b\u00e1lk\u00e1 | Romsa<\/p>\n    <a href=\"tel:\" class=\"phone\">\n      Tlf: \n    <\/a>\n    <a href=\"mailto:\" class=\"mail\">\n      \n    <\/a>\n  <\/div>\n<\/div>\n      <\/div>\n          <div class=\"d-flex&#x20;col-12&#x20;col-sm-6&#x20;col-md-4&#x20;col-lg-3&#x20;mb-5\">\n        \n\n<div class=\"card-employee-standard\">\n  <figure>\n        <img\n      src     = \"https:\/\/bpa-nord.no\/se\/wp-content\/uploads\/sites\/2\/2024\/04\/mariell-profilbilde-768x768.jpg\" \n\t\t\talt     = \"Bilde av Mariell Aronsen\"\n\t\t\tloading = \"lazy\" \n    >\n        \n  <\/figure>\n\n  <div class=\"contact-information\">\n    <h2>Mariell Aronsen<\/h2>\n    <p class=\"position\">R\u00e1\u0111\u0111eaddi BPA | Salten<\/p>\n    <a href=\"tel:&#57;&#50;&#49;&#55;&#57;&#53;&#51;7\" class=\"phone\">\n      Tlf: &#57;&#50;&#49;7&#57;537\n    <\/a>\n    <a href=\"mailto:m&#97;r&#105;&#101;ll.ar&#111;&#110;&#115;&#101;n&#64;bpa-&#110;o&#114;d.&#110;&#111;\" class=\"mail\">\n      mari&#101;l&#108;&#46;a&#114;on&#115;&#101;n&#64;bpa&#45;&#110;o&#114;d&#46;n&#111;\n    <\/a>\n  <\/div>\n<\/div>\n      <\/div>\n          <div class=\"d-flex&#x20;col-12&#x20;col-sm-6&#x20;col-md-4&#x20;col-lg-3&#x20;mb-5\">\n        \n\n<div class=\"card-employee-standard\">\n  <figure>\n        <img\n      src     = \"https:\/\/bpa-nord.no\/se\/wp-content\/uploads\/sites\/2\/2025\/03\/hilder-profilbilde-768x768-1.jpg\" \n\t\t\talt     = \"Bilde av Hilde R\u00f8kenes\"\n\t\t\tloading = \"lazy\" \n    >\n        \n  <\/figure>\n\n  <div class=\"contact-information\">\n    <h2>Hilde R\u00f8kenes<\/h2>\n    <p class=\"position\">R\u00e1\u0111\u0111eaddi BPA | Romsa<\/p>\n    <a href=\"tel:&#57;&#54;63&#50;&#55;&#54;&#48;\" class=\"phone\">\n      Tlf: 9&#54;&#54;&#51;2&#55;&#54;0\n    <\/a>\n    <a href=\"mailto:&#104;&#105;l&#100;e.&#114;o&#107;e&#110;es&#64;bp&#97;&#45;n&#111;rd.&#110;&#111;\" class=\"mail\">\n      &#104;i&#108;de.&#114;o&#107;&#101;nes&#64;&#98;&#112;a&#45;&#110;&#111;&#114;&#100;.&#110;o\n    <\/a>\n  <\/div>\n<\/div>\n      <\/div>\n    \t<\/div>\n<\/div>\n\n\n\n<div class=\"wp-block-cover alignfull\" style=\"margin-top:var(--wp--preset--spacing--60);min-height:500px;aspect-ratio:unset;\"><span aria-hidden=\"true\" class=\"wp-block-cover__background has-background-dim-30 has-background-dim\"><\/span><img loading=\"lazy\" decoding=\"async\" width=\"1920\" height=\"1008\" class=\"wp-block-cover__image-background wp-image-592\" alt=\"\" src=\"https:\/\/bpa-nord.no\/se\/wp-content\/uploads\/sites\/2\/2024\/02\/alexis-mette-kurseyecxvc-unsplash.jpg\" style=\"object-position:77% 83%\" data-object-fit=\"cover\" data-object-position=\"77% 83%\" srcset=\"https:\/\/bpa-nord.no\/se\/wp-content\/uploads\/sites\/2\/2024\/02\/alexis-mette-kurseyecxvc-unsplash.jpg 1920w, https:\/\/bpa-nord.no\/se\/wp-content\/uploads\/sites\/2\/2024\/02\/alexis-mette-kurseyecxvc-unsplash-300x158.jpg 300w, https:\/\/bpa-nord.no\/se\/wp-content\/uploads\/sites\/2\/2024\/02\/alexis-mette-kurseyecxvc-unsplash-1024x538.jpg 1024w, https:\/\/bpa-nord.no\/se\/wp-content\/uploads\/sites\/2\/2024\/02\/alexis-mette-kurseyecxvc-unsplash-768x403.jpg 768w, https:\/\/bpa-nord.no\/se\/wp-content\/uploads\/sites\/2\/2024\/02\/alexis-mette-kurseyecxvc-unsplash-1536x806.jpg 1536w\" sizes=\"auto, (max-width: 1920px) 100vw, 1920px\" \/><div class=\"wp-block-cover__inner-container is-layout-constrained wp-block-cover-is-layout-constrained\">\n<h2 class=\"wp-block-heading has-text-align-center has-base-color has-text-color has-link-color wp-elements-57247bf82bf3a0a28474904ebbc32eb9\">BPA Nord<\/h2>\n\n\n\n<p class=\"has-text-align-center has-base-color has-text-color has-link-color has-large-font-size wp-elements-ae6cd34b3e49e8821b5e37d70a0932a1\" style=\"font-style:normal;font-weight:300\">Gelbbola\u0161vuohta&nbsp;&nbsp;|&nbsp; Dohkkeheapmi&nbsp;&nbsp;|&nbsp;\u00c1rvvusatnin&nbsp;|&nbsp; Luohtt\u00e1mu\u0161<\/p>\n<\/div><\/div>\n","protected":false},"excerpt":{"rendered":"","protected":false},"author":1,"featured_media":0,"parent":28,"menu_order":0,"comment_status":"closed","ping_status":"closed","template":"wp-custom-template-sider-bred-tittel","meta":{"_acf_changed":false,"editor_notices":[],"footnotes":""},"class_list":["post-694","page","type-page","status-publish","hentry"],"acf":[],"mb":[],"mfb_rest_fields":["title"],"_links":{"self":[{"href":"https:\/\/bpa-nord.no\/se\/wp-json\/wp\/v2\/pages\/694","targetHints":{"allow":["GET"]}}],"collection":[{"href":"https:\/\/bpa-nord.no\/se\/wp-json\/wp\/v2\/pages"}],"about":[{"href":"https:\/\/bpa-nord.no\/se\/wp-json\/wp\/v2\/types\/page"}],"author":[{"embeddable":true,"href":"https:\/\/bpa-nord.no\/se\/wp-json\/wp\/v2\/users\/1"}],"replies":[{"embeddable":true,"href":"https:\/\/bpa-nord.no\/se\/wp-json\/wp\/v2\/comments?post=694"}],"version-history":[{"count":2,"href":"https:\/\/bpa-nord.no\/se\/wp-json\/wp\/v2\/pages\/694\/revisions"}],"predecessor-version":[{"id":2821,"href":"https:\/\/bpa-nord.no\/se\/wp-json\/wp\/v2\/pages\/694\/revisions\/2821"}],"up":[{"embeddable":true,"href":"https:\/\/bpa-nord.no\/se\/wp-json\/wp\/v2\/pages\/28"}],"wp:attachment":[{"href":"https:\/\/bpa-nord.no\/se\/wp-json\/wp\/v2\/media?parent=694"}],"curies":[{"name":"wp","href":"https:\/\/api.w.org\/{rel}","templated":true}]}}