{"id":71,"date":"2024-02-14T21:42:09","date_gmt":"2024-02-14T20:42:09","guid":{"rendered":"https:\/\/bpa-nord.no\/se\/?page_id=71"},"modified":"2024-05-28T12:34:57","modified_gmt":"2024-05-28T10:34:57","slug":"dabalas-gazaldagat","status":"publish","type":"page","link":"https:\/\/bpa-nord.no\/se\/bpa-birra-obbalaccat\/dabalas-gazaldagat\/","title":{"rendered":"D\u00e1b\u00e1la\u0161 ga\u017ealdagat"},"content":{"rendered":"\n<details class=\"wp-block-details has-border-color has-custom-lys-hovedfarge-1-border-color has-custom-lysere-bl-background-color has-background is-layout-flow wp-container-core-details-is-layout-975f73a1 wp-block-details-is-layout-flow\" style=\"border-style:solid;padding-top:var(--wp--preset--spacing--30);padding-right:var(--wp--preset--spacing--30);padding-bottom:var(--wp--preset--spacing--30);padding-left:var(--wp--preset--spacing--30)\"><summary>S\u00e1ht\u00e1n go lonuhit BPA l\u00e1gideaddji?<\/summary>\n<p>Buohkat s\u00e1httet lonuhit BPA l\u00e1gideaddji, nu guhk\u00e1 go d\u00e1n fitnodagas lea \u0161iehtadus du suohkaniin. V\u00e1ldde oktavuo\u0111a ie\u017eat suohkaniin ja muital sidjiide du s\u00e1valdaga. Bargojo\u0111iheaddji beassa de johtuibidjat loahpahanproseassa d\u00e1l\u00e1 b\u00e1lvalusain ja \u00e1lgg\u00e1hit ovttasbarggu o\u0111\u0111a BPA-l\u00e1gideddjiin. Buot du bargiin lea vejola\u0161vuohta \u010duovvut mielde o\u0111\u0111a l\u00e1gideaddj\u00e1i, ja sii leat sihkkarastojuvvon seamm\u00e1 b\u00e1lk\u00e1eavttuid ja virgeproseanta mii lei. O\u0111\u0111a l\u00e1gideaddji s\u00e1htt\u00e1 maid f\u00e1llat buoret eavttuid jus h\u00e1liida. <\/p>\n<\/details>\n\n\n\n<details class=\"wp-block-details has-border-color has-custom-lys-hovedfarge-1-border-color has-custom-lysere-bl-background-color has-background has-medium-font-size is-layout-flow wp-container-core-details-is-layout-975f73a1 wp-block-details-is-layout-flow\" style=\"border-style:solid;padding-top:var(--wp--preset--spacing--30);padding-right:var(--wp--preset--spacing--30);padding-bottom:var(--wp--preset--spacing--30);padding-left:var(--wp--preset--spacing--30)\"><summary>S\u00e1htta go BPA Nord mu veahkehit \u010d\u00e1llit ohcama?<\/summary>\n<p>Mii s\u00e1httit veahkehit du \u010d\u00e1llit ohcama ja \u00e1v\u017e\u017euhit \u00e1vkkala\u0161 die\u0111uid maid \u010d\u00e1l\u00e1t ohcamii. <\/p>\n<\/details>\n\n\n\n<details class=\"wp-block-details has-border-color has-custom-lys-hovedfarge-1-border-color has-custom-lysere-bl-background-color has-background is-layout-flow wp-container-core-details-is-layout-975f73a1 wp-block-details-is-layout-flow\" style=\"border-style:solid;padding-top:var(--wp--preset--spacing--30);padding-right:var(--wp--preset--spacing--30);padding-bottom:var(--wp--preset--spacing--30);padding-left:var(--wp--preset--spacing--30)\"><summary>Man jo\u0111anit s\u00e1httibehtet \u00e1lggahit BPA-ortnega go lean o\u017e\u017eon BPA mearr\u00e1dusa?<\/summary>\n<p>Go leat die\u0111ihan juolludanbargojovkui ahte v\u00e1lljet BPA Nord l\u00e1gideaddjin, de bidjat johtui vuostta\u0161 proseassaid, vuoi beassat \u00e1lggahit ja cegget du ortnega.<\/p>\n<\/details>\n\n\n\n<details class=\"wp-block-details has-border-color has-custom-lys-hovedfarge-1-border-color has-custom-lysere-bl-background-color has-background is-layout-flow wp-container-core-details-is-layout-975f73a1 wp-block-details-is-layout-flow\" style=\"border-style:solid;padding-top:var(--wp--preset--spacing--30);padding-right:var(--wp--preset--spacing--30);padding-bottom:var(--wp--preset--spacing--30);padding-left:var(--wp--preset--spacing--30)\"><summary>Leat go dis v\u00e1s\u00e1husat BPA-ortnegiin mat leat birra j\u00e1ndora?<\/summary>\n<p>Mis leat bargojo\u0111iheaddjit geain leat stuor\u00e1 mearr\u00e1dusat geain lea m\u00e1\u014bga jagi leama\u0161 BPA.<\/p>\n<\/details>\n\n\n\n<details class=\"wp-block-details has-border-color has-custom-lys-hovedfarge-1-border-color has-custom-lysere-bl-background-color has-background is-layout-flow wp-container-core-details-is-layout-975f73a1 wp-block-details-is-layout-flow\" style=\"border-style:solid;padding-top:var(--wp--preset--spacing--30);padding-right:var(--wp--preset--spacing--30);padding-bottom:var(--wp--preset--spacing--30);padding-left:var(--wp--preset--spacing--30)\"><summary>Mun d\u00e1rbba\u0161an bargojo\u0111iheaddji, makk\u00e1r vejola\u0161vuo\u0111at g\u00e1vdnojit?<\/summary>\n<p>Jus it s\u00e1hte ie\u0161 leat bargojo\u0111iheaddji, de s\u00e1htt\u00e1 muhtun geainna dus lea laga\u0161 oktavuohta, leat bargojo\u0111iheaddji. Ovdamearkkadihte v\u00e1hnen dahje v\u00e1hnenovddasteaddji. Jus dus ii leat oktage, de ferte ovttas suohkaniin \u00e1rvvo\u0161tallat gii galga \u00e1immahu\u0161\u0161at bargojo\u0111iheaddji-rolla du ovddas. Ovttas mii sihkkarastit buori gulahallama ja ovttasbarggu. <\/p>\n<\/details>\n\n\n\n<details class=\"wp-block-details has-border-color has-custom-lys-hovedfarge-1-border-color has-custom-lysere-bl-background-color has-background is-layout-flow wp-container-core-details-is-layout-975f73a1 wp-block-details-is-layout-flow\" style=\"border-style:solid;padding-top:var(--wp--preset--spacing--30);padding-right:var(--wp--preset--spacing--30);padding-bottom:var(--wp--preset--spacing--30);padding-left:var(--wp--preset--spacing--30)\"><summary>M\u00e1ksa go BPA maidege?<\/summary>\n<p>Jus du BPA ohc\u00e1n dohkkehuvvo, de juolluduvvo dutnje vissis diibmolohku suohkana mearradusa mielde. B\u00e1lvalus ie\u0161alddis lea nuvtta dutnje, earret ie\u017easoassi maid suohkan s\u00e1htt\u00e1 g\u00e1ibidit dus, ovdamearkkadihte geavatla\u0161 veahki ovddas. D\u00e1t b\u00e1lvalusat bohtet deattuhuvvot du mearradusas ja maidd\u00e1i mot rehkenastet d\u00e1n du ie\u0161oasis. Earret d\u00e1n eai leat ear\u00e1 ekonoamala\u0161 geatnegasvuo\u0111at. Ii leat earohus gean don v\u00e1lljet l\u00e1gideaddjin, l\u00e1gideaddjit ja suohkan leat ovdagihtii dahkan \u0161iehtadusaid mat muddejit b\u00e1lvalusa ja olggosgoluid.<\/p>\n<\/details>\n\n\n\n<details class=\"wp-block-details has-border-color has-custom-lys-hovedfarge-1-border-color has-custom-lysere-bl-background-color has-background is-layout-flow wp-container-core-details-is-layout-975f73a1 wp-block-details-is-layout-flow\" style=\"border-style:solid;padding-top:var(--wp--preset--spacing--30);padding-right:var(--wp--preset--spacing--30);padding-bottom:var(--wp--preset--spacing--30);padding-left:var(--wp--preset--spacing--30)\"><summary>Go orun fuolahus\u00e1ssodagas, s\u00e1ht\u00e1n go de ohcat BPA?<\/summary>\n<p>JUO. BPA juolluduvvo vaikko gos oro\u0161it. Mearkka\u0161a d\u00e1n ahte olbmot geat orrot oktasa\u0161 \u00e1ssanb\u00e1ikkiin, s\u00e1htt\u00e1 leat riekti oa\u017e\u017eut b\u00e1lvalusaid mat lea organiserejuvvon dego BPA, jus fal ear\u00e1 eavttut leat olla\u0161uhttojuvvon.<\/p>\n<\/details>\n\n\n\n<details class=\"wp-block-details has-border-color has-custom-lys-hovedfarge-1-border-color has-custom-lysere-bl-background-color has-background is-layout-flow wp-container-core-details-is-layout-975f73a1 wp-block-details-is-layout-flow\" style=\"border-style:solid;padding-top:var(--wp--preset--spacing--30);padding-right:var(--wp--preset--spacing--30);padding-bottom:var(--wp--preset--spacing--30);padding-left:var(--wp--preset--spacing--30)\"><summary>S\u00e1htt\u00e1 go oktage mu bearra\u0161is gaskaboddosa\u010d\u010dat virg\u00e1iduvvot, vuoi beass\u00e1 mielde m\u00e1tk\u00e1i dahje dik\u0161unm\u00e1tk\u00e1i? <\/summary>\n<p>Olbmuin geain lea lagas oktavuohta, eai s\u00e1hte virg\u00e1iduvvot veahkkebargin du BPA-ortnegii, earret dalle go suohkanis lea spiehkastat d\u00e1n njuolggadusas. Lea b\u00e1lvalusd\u00e1rbba\u0161eaddji dahje bargojo\u0111iheaddji gii galg\u00e1 v\u00e1ldit oktavuo\u0111a suohkana \u00e1\u0161\u0161emeannudeddjiin, ohc\u00e1n dihte lobi virg\u00e1dit olbmo gii lea lagas oktavuo\u0111as. Dalle ferte suohkan r\u00e1hkadit \u010d\u00e1lala\u0161 dohkkeheami mii s\u00e1ddejuvvo l\u00e1gideaddj\u00e1i.<\/p>\n<\/details>\n\n\n\n<details class=\"wp-block-details has-border-color has-custom-lys-hovedfarge-1-border-color has-custom-lysere-bl-background-color has-background is-layout-flow wp-container-core-details-is-layout-975f73a1 wp-block-details-is-layout-flow\" style=\"border-style:solid;padding-top:var(--wp--preset--spacing--30);padding-right:var(--wp--preset--spacing--30);padding-bottom:var(--wp--preset--spacing--30);padding-left:var(--wp--preset--spacing--30)\"><summary>S\u00e1ht\u00e1n go v\u00e1ldit assisteanttaid mielde luopmom\u00e1tk\u00e1i?<\/summary>\n<p>Bargojo\u0111iheaddji s\u00e1htt\u00e1 soahpat veahkkebargiiguin searvat m\u00e1tk\u00e1i. Fertet ovdagihtii r\u00e1hkadit m\u00e1tke\u0161iehtadusa ja bargopl\u00e1na. Bargoaddi galg\u00e1 maid dohkkehit \u0161iehtadusa. D\u00e1inna s\u00e1httet BPA Nord r\u00e1\u0111\u0111eaddit veahkehit du. Bargi biebmo- ja orrungoluid s\u00e1htt\u00e1 bargoaddi buhtadit doaibmakonto bokte, jus doppe lea ruhtt\u00e1 ja jus lea dohk\u00e1la\u0161 m\u00e1ksinduo\u0111a\u0161tus.<\/p>\n<\/details>\n\n\n\n<details class=\"wp-block-details has-border-color has-custom-lys-hovedfarge-1-border-color has-custom-lysere-bl-background-color has-background is-layout-flow wp-container-core-details-is-layout-975f73a1 wp-block-details-is-layout-flow\" style=\"border-style:solid;padding-top:var(--wp--preset--spacing--30);padding-right:var(--wp--preset--spacing--30);padding-bottom:var(--wp--preset--spacing--30);padding-left:var(--wp--preset--spacing--30)\"><summary>Mun guhte lean veahkkebargi, galggan go \u010d\u00e1llit diimmuid maid barggan?<\/summary>\n<p>Don oa\u010d\u010dut oahpahusa min neahttavu\u0111ot jorrosvuog\u00e1dagas. D\u00e1t add\u00e1 die\u0111uid ie\u017eat bargopl\u00e1na birra ja rabas v\u00e1vttaid birra maid s\u00e1ht\u00e1t f\u00e1llat. Seamma vuog\u00e1dagas, neahta dahje appa bokte, beasat ie\u017eat siidui ja oa\u010d\u010dut dastto b\u00e1lkka diimmuid ovddas maid ie\u0161 duo\u0111a\u0161tat ahte leat bargan.<\/p>\n<\/details>\n\n\n\n<details class=\"wp-block-details has-border-color has-custom-lys-hovedfarge-1-border-color has-custom-lysere-bl-background-color has-background is-layout-flow wp-container-core-details-is-layout-975f73a1 wp-block-details-is-layout-flow\" style=\"border-style:solid;padding-top:var(--wp--preset--spacing--30);padding-right:var(--wp--preset--spacing--30);padding-bottom:var(--wp--preset--spacing--30);padding-left:var(--wp--preset--spacing--30)\"><summary>Mii lea doaibmakonttu BPA Nordas?<\/summary>\n<p>Lea \u00e1sahuvvon doaibmakonto vuoi dus lea vejola\u0161vuohta oa\u017e\u017eut buhtadusa bargobirasdoaibmabijuid ovddas ja daid goluid ovddas maid oa\u010d\u010dut veahkkebargiin \u00e1rgabeaivvis. Mii fuom\u00e1\u0161uhttit ahte d\u00e1t ru\u0111at eai leat ru\u0111at maid bargojo\u0111iheaddjit o\u017e\u017eot ja maid s\u00e1httet geavahit mot h\u00e1liidit, muhto leat ru\u0111at mat leat v\u00e1rrejuvvon din geavahussii ja maid s\u00e1ht\u00e1t geavahit dihto eavttuid vuo\u0111ul. Min neahttauskk\u00e1dasas g\u00e1vnnat \u00e1lkit listu mii \u010d\u00e1jeha man ollu leat o\u017e\u017eon ruovttoluotta, ja g\u00e1vnnat maidd\u00e1i goluid maid ovdal leat o\u017e\u017eon ruovttoluotta.<\/p>\n<\/details>\n\n\n\n<details class=\"wp-block-details has-border-color has-custom-lys-hovedfarge-1-border-color has-custom-lysere-bl-background-color has-background is-layout-flow wp-container-core-details-is-layout-975f73a1 wp-block-details-is-layout-flow\" style=\"border-style:solid;padding-top:var(--wp--preset--spacing--30);padding-right:var(--wp--preset--spacing--30);padding-bottom:var(--wp--preset--spacing--30);padding-left:var(--wp--preset--spacing--30)\"><summary>Jus barggan oasse\u00e1iggis ovtta bargojo\u0111iheaddji luhtte, s\u00e1ht\u00e1n go bargat m\u00e1\u014bgga barggus seamm\u00e1s?<\/summary>\n<p>JUO. Don s\u00e1ht\u00e1t, nu guhk\u00e1 go bearr\u00e1igeah\u010d\u010danpl\u00e1nat heivejit oktii ja sihkkarastet dutnje l\u00e1hkageatnegahtton vuoi\u014b\u014basteami ja friddja barggu, bargat gitta 100% r\u00e1djai m\u00e1\u014bggain BPA Nord fitnodaga bargojo\u0111iheddjiin. Muitte muitalit ie\u017eat bargojo\u0111iheddjiide ahte barggat ear\u00e1 BPA ortnegiin, nu ahte turnus\/turnusnupp\u00e1stus v\u00e1ldojuvvo vuhtii.<\/p>\n<\/details>\n\n\n\n<details class=\"wp-block-details has-border-color has-custom-lys-hovedfarge-1-border-color has-custom-lysere-bl-background-color has-background is-layout-flow wp-container-core-details-is-layout-975f73a1 wp-block-details-is-layout-flow\" style=\"border-style:solid;padding-top:var(--wp--preset--spacing--30);padding-right:var(--wp--preset--spacing--30);padding-bottom:var(--wp--preset--spacing--30);padding-left:var(--wp--preset--spacing--30)\"><summary>Leago dis ortnet mii gok\u010da borramu\u0161a ja orruma daid veahkkebargiid ovddas geat leat mielde m\u00e1tkis\/luomus?<\/summary>\n<p>BPA Nordas leat v\u00e1rrejuvvon ru\u0111at gok\u010dat goluid mat \u010duvvot go olmmo\u0161 v\u00e1ld\u00e1 mielde assisteantta lupmui dahje m\u00e1tk\u00e1i. Leat soames g\u00e1ib\u00e1dusat oa\u017e\u017eut refu\u0161uvnna d\u00e1id ru\u0111aid ovddas, ja mii muitalit daid birra buori \u00e1iggis, nu ahte \u00e1lkit s\u00e1ht\u00e1t \u010duovvut daid bargovugiid mat BPA Nordas leat.<\/p>\n<\/details>\n\n\n\n<details class=\"wp-block-details has-border-color has-custom-lys-hovedfarge-1-border-color has-custom-lysere-bl-background-color has-background is-layout-flow wp-container-core-details-is-layout-975f73a1 wp-block-details-is-layout-flow\" style=\"border-style:solid;padding-top:var(--wp--preset--spacing--30);padding-right:var(--wp--preset--spacing--30);padding-bottom:var(--wp--preset--spacing--30);padding-left:var(--wp--preset--spacing--30)\"><summary>S\u00e1ht\u00e1n go oa\u017e\u017eut BPA jus mus lea mearr\u00e1dus b\u00e1ggema ja f\u00e1pmogeavaheami birra Dearvva\u0161vuo\u0111a- ja fuolahusb\u00e1lvalusl\u00e1ga vuo\u0111ul?<\/summary>\n<p>Juo. Lea \u010dilgejuvvon ahte dus s\u00e1htt\u00e1 leat vuoigatvuohta oa\u017e\u017eut BPA vaikko dus lea mearr\u00e1dus b\u00e1ggema ja f\u00e1pmogeavaheami birra Dearvva\u0161vuo\u0111a- ja fuolahusb\u00e1lvalusl\u00e1ga vuo\u0111ul. Dalle berre mihttomearrin leat eastadit ja r\u00e1ddjet b\u00e1kku ja f\u00e1mu geavaheami.<\/p>\n<\/details>\n\n\n\n<div class=\"wp-block-cover alignfull\" style=\"margin-top:var(--wp--preset--spacing--50);min-height:500px;aspect-ratio:unset;\"><span aria-hidden=\"true\" class=\"wp-block-cover__background has-background-dim-30 has-background-dim\"><\/span><img loading=\"lazy\" decoding=\"async\" width=\"1920\" height=\"1280\" class=\"wp-block-cover__image-background wp-image-595\" alt=\"\" src=\"https:\/\/bpa-nord.no\/se\/wp-content\/uploads\/sites\/2\/2024\/02\/mark-konig-prykm26du34-unsplash.jpg\" style=\"object-position:29% 75%\" data-object-fit=\"cover\" data-object-position=\"29% 75%\" srcset=\"https:\/\/bpa-nord.no\/se\/wp-content\/uploads\/sites\/2\/2024\/02\/mark-konig-prykm26du34-unsplash.jpg 1920w, https:\/\/bpa-nord.no\/se\/wp-content\/uploads\/sites\/2\/2024\/02\/mark-konig-prykm26du34-unsplash-300x200.jpg 300w, https:\/\/bpa-nord.no\/se\/wp-content\/uploads\/sites\/2\/2024\/02\/mark-konig-prykm26du34-unsplash-1024x683.jpg 1024w, https:\/\/bpa-nord.no\/se\/wp-content\/uploads\/sites\/2\/2024\/02\/mark-konig-prykm26du34-unsplash-768x512.jpg 768w, https:\/\/bpa-nord.no\/se\/wp-content\/uploads\/sites\/2\/2024\/02\/mark-konig-prykm26du34-unsplash-1536x1024.jpg 1536w\" sizes=\"auto, (max-width: 1920px) 100vw, 1920px\" \/><div class=\"wp-block-cover__inner-container is-layout-constrained wp-block-cover-is-layout-constrained\">\n<h2 class=\"wp-block-heading has-text-align-center has-base-color has-text-color has-link-color wp-elements-57247bf82bf3a0a28474904ebbc32eb9\">BPA Nord<\/h2>\n\n\n\n<p class=\"has-text-align-center has-base-color has-text-color has-link-color has-large-font-size wp-elements-487575df3ec38a368a4f84d92ca73fc7\" style=\"font-style:normal;font-weight:300\">Gelbbola\u0161vuohta\u00a0\u00a0|\u00a0 Dohkkeheapmi\u00a0\u00a0|\u00a0 \u00c1rvvusatnin\u00a0\u00a0|\u00a0 Luohtt\u00e1mu\u0161<\/p>\n<\/div><\/div>\n","protected":false},"excerpt":{"rendered":"","protected":false},"author":1,"featured_media":668,"parent":1036,"menu_order":0,"comment_status":"closed","ping_status":"closed","template":"","meta":{"_acf_changed":false,"editor_notices":[],"footnotes":""},"class_list":["post-71","page","type-page","status-publish","has-post-thumbnail","hentry"],"acf":[],"mb":[],"mfb_rest_fields":["title"],"_links":{"self":[{"href":"https:\/\/bpa-nord.no\/se\/wp-json\/wp\/v2\/pages\/71","targetHints":{"allow":["GET"]}}],"collection":[{"href":"https:\/\/bpa-nord.no\/se\/wp-json\/wp\/v2\/pages"}],"about":[{"href":"https:\/\/bpa-nord.no\/se\/wp-json\/wp\/v2\/types\/page"}],"author":[{"embeddable":true,"href":"https:\/\/bpa-nord.no\/se\/wp-json\/wp\/v2\/users\/1"}],"replies":[{"embeddable":true,"href":"https:\/\/bpa-nord.no\/se\/wp-json\/wp\/v2\/comments?post=71"}],"version-history":[{"count":2,"href":"https:\/\/bpa-nord.no\/se\/wp-json\/wp\/v2\/pages\/71\/revisions"}],"predecessor-version":[{"id":2396,"href":"https:\/\/bpa-nord.no\/se\/wp-json\/wp\/v2\/pages\/71\/revisions\/2396"}],"up":[{"embeddable":true,"href":"https:\/\/bpa-nord.no\/se\/wp-json\/wp\/v2\/pages\/1036"}],"wp:featuredmedia":[{"embeddable":true,"href":"https:\/\/bpa-nord.no\/se\/wp-json\/wp\/v2\/media\/668"}],"wp:attachment":[{"href":"https:\/\/bpa-nord.no\/se\/wp-json\/wp\/v2\/media?parent=71"}],"curies":[{"name":"wp","href":"https:\/\/api.w.org\/{rel}","templated":true}]}}