{"id":77,"date":"2024-02-14T21:46:48","date_gmt":"2024-02-14T20:46:48","guid":{"rendered":"https:\/\/bpa-nord.no\/se\/?page_id=77"},"modified":"2024-08-16T11:48:04","modified_gmt":"2024-08-16T09:48:04","slug":"assisteantta","status":"publish","type":"page","link":"https:\/\/bpa-nord.no\/se\/bpa-birra-obbalaccat\/rollat-ja-ovddasvastadus-bpa-ortnegis\/assisteantta\/","title":{"rendered":"Assisteantta"},"content":{"rendered":"\n<p class=\"has-large-font-size\" style=\"font-style:normal;font-weight:300\">BPA-ortnegis lea assisteanttas ovddasv\u00e1st\u00e1dus addit olbmui vejola\u0161vuo\u0111a eallit ie\u0161heanala\u0161 ja aktiivvala\u0161 eallima. Assisteantta lea eambbo go du\u0161\u0161e veahkki, son lea doarjja ja l\u00e1idesteaddji gii veahkeha olbmo olla\u0161uhttit ie\u017eas mihttomeriid ja nieguid.<\/p>\n\n\n\n<p>Go leat BPA-ortnega veahkkebargi, de leat dus vuoigatvuo\u0111at ja geatnegasvuo\u0111at nugo ear\u00e1ge bargiin ear\u00e1 bargguin. Veahkkebargi galg\u00e1 doaimmahit bargguid ie\u017eas virge\u010dilgehusa mielde, ja veahkkin bargojo\u0111iheaddj\u00e1i olahit BPA-ortnega ulbmiliid. Veahkkebargi ovddasv\u00e1st\u00e1dus lea maidd\u00e1i bearr\u00e1igeah\u010d\u010dat ahte barggut doaimmahuvvot dohk\u00e1la\u010d\u010dat dearvva\u0161vuo\u0111abargiidl\u00e1ga mielde. Leat veah\u00e1 spiehkastan duo\u0111a\u0161tangeatnegasvuo\u0111as. Beaivv\u00e1la\u010d\u010dat lea bargojo\u0111iheaddji gii lea beaivv\u00e1la\u0161 jo\u0111iheaddji ja gii v\u00e1ld\u00e1 mearr\u00e1dusaid, maid veahkkebargi galg\u00e1 \u010duovvut. Veahkkebargi ja bargojo\u0111iheaddji gaskavuohta berre vuhtiiv\u00e1ldojuvvot profe\u0161uneallat.<\/p>\n\n\n\n<h2 class=\"wp-block-heading\">Assisteanttakursa<\/h2>\n\n\n\n<p>Bargojo\u0111iheaddji ja bargoaddi galgaba ovttas fuolahit ahte dutnje addojuvvo doarv\u00e1i oahppu vai s\u00e1httibehtet doaimmahit bargguid maid virg\u00e1duvvon olmmo\u0161 galg\u00e1 doaimmahit.<strong>Assisteanttakurssa<\/strong> sisdoallu leat l\u00e1gat, etihkka, vuoruheapmi, rolla\u010dielggadeamit, geatnegasvuo\u0111at, HMS, bargosistoallu ja \u010da\u0111aheapmi jna..\u00a0<\/p>\n\n\n\n<h2 class=\"wp-block-heading\">Persovnnala\u0161 heivvola\u0161vuohta lea deh\u00e1la\u0161 assisteanttabarggus<\/h2>\n\n\n\n<p><br>BPA-ortnega assisteantta oa\u017e\u017eu <strong>ie\u0161gu\u0111etl\u00e1gan bargguid<\/strong>, boaht\u00e1 das gean ovddas barggat. Virgealmmuhusas \u010dielggaduvvot jurdda\u0161uvvon barggut ja <strong>persovnnala\u0161 ie\u0161vuo\u0111at<\/strong> mat heivejit bargob\u00e1ik\u00e1i. Barggut leat heivehuvvon <strong>b\u00e1lvalusd\u00e1rbba\u0161eaddji \u00e1rgabeaiv\u00e1i<\/strong> ruovttus ja olggobeal ruovttu. Assisteanta\u00e1mm\u00e1t lea eanet <strong>b\u00e1lvalus\u00e1mm\u00e1t<\/strong> go fuolahus\u00e1mm\u00e1t, dat bidj\u00e1 alla g\u00e1ib\u00e1dusaid dasa gii virg\u00e1duvvo, earonom\u00e1\u017eit dat mii guosk\u00e1 <strong>njuov\u017eilvuhtii<\/strong> ja <strong>heivvola\u0161vuhtii<\/strong>. Buohkain geat barget assisteanttan, lea <strong>j\u00e1vohisvuo\u0111ageatnegasvuohta<\/strong>, maidd\u00e1i gaskaneaset bargojoavkkus. <\/p>\n\n\n\n<div class=\"wp-block-group alignfull has-custom-lys-gr-background-color has-background is-layout-constrained wp-container-core-group-is-layout-be0c549a wp-block-group-is-layout-constrained\" style=\"margin-top:var(--wp--preset--spacing--50);margin-bottom:0;padding-top:var(--wp--preset--spacing--40);padding-right:var(--wp--preset--spacing--30);padding-bottom:var(--wp--preset--spacing--50);padding-left:var(--wp--preset--spacing--30)\">\n<h2 class=\"wp-block-heading alignwide\">Loga maidd\u00e1i<\/h2>\n\n\n<div class=\"wp-block-post-type-multi post-type-multi type-manual display-row post-type-multi-page alignwide wp-block-acf-post-type-multi\" id=\"post-type-multi-69ecf23a9302b\" data-columns=\"2\" data-post-type=\"page\" data-template=\"page-horizontal.twig\" data-total=\"4\" >\n  <div class=\"row&#x20;row-eq-height&#x20;justify-content-start row-cols-2\">\n\t\t      <div class=\"d-flex&#x20;col-12&#x20;col-sm-6&#x20;mb-5\">\n        \n<a href=\"https:\/\/bpa-nord.no\/se\/bpa-birra-obbalaccat\/rollat-ja-ovddasvastadus-bpa-ortnegis\/bargoaddi\/\" class=\"card-horizontal\">\n      <figure>\n      <img\n        src=\"https:\/\/bpa-nord.no\/se\/wp-content\/uploads\/sites\/2\/2024\/02\/trine-edited-768x512.jpg\"\n                  alt=\"Bilde for artikkelen Bargoaddi\"\n                decoding=\"async\"\n        loading=\"lazy\"\n      \/>\n    <\/figure>\n  \n  <section>\n    <h2>Bargoaddi<\/h2>\n  <\/section>\n<\/a>      <\/div>\n          <div class=\"d-flex&#x20;col-12&#x20;col-sm-6&#x20;mb-5\">\n        \n<a href=\"https:\/\/bpa-nord.no\/se\/bpa-birra-obbalaccat\/rollat-ja-ovddasvastadus-bpa-ortnegis\/suohkan\/\" class=\"card-horizontal\">\n      <figure>\n      <img\n        src=\"https:\/\/bpa-nord.no\/se\/wp-content\/uploads\/sites\/2\/2024\/03\/shutterstock-1427198894-768x576.jpg\"\n                  alt=\"Bilde for artikkelen Suohkan\"\n                decoding=\"async\"\n        loading=\"lazy\"\n      \/>\n    <\/figure>\n  \n  <section>\n    <h2>Suohkan<\/h2>\n  <\/section>\n<\/a>      <\/div>\n          <div class=\"d-flex&#x20;col-12&#x20;col-sm-6&#x20;mb-5\">\n        \n<a href=\"https:\/\/bpa-nord.no\/se\/bpa-birra-obbalaccat\/rollat-ja-ovddasvastadus-bpa-ortnegis\/mielbargojodiheaddji\/\" class=\"card-horizontal\">\n      <figure>\n      <img\n        src=\"https:\/\/bpa-nord.no\/se\/wp-content\/uploads\/sites\/2\/2024\/03\/istock-680248362-768x576.jpg\"\n                  alt=\"Bilde for artikkelen Mielbargojo\u0111iheaddji\"\n                decoding=\"async\"\n        loading=\"lazy\"\n      \/>\n    <\/figure>\n  \n  <section>\n    <h2>Mielbargojo\u0111iheaddji<\/h2>\n  <\/section>\n<\/a>      <\/div>\n          <div class=\"d-flex&#x20;col-12&#x20;col-sm-6&#x20;mb-5\">\n        \n<a href=\"https:\/\/bpa-nord.no\/se\/bpa-birra-obbalaccat\/rollat-ja-ovddasvastadus-bpa-ortnegis\/bargojodiheaddji\/\" class=\"card-horizontal\">\n      <figure>\n      <img\n        src=\"https:\/\/bpa-nord.no\/se\/wp-content\/uploads\/sites\/2\/2024\/03\/istock-1432128982-768x576.jpg\"\n                  alt=\"Bilde for artikkelen Bargojo\u0111iheaddji\"\n                decoding=\"async\"\n        loading=\"lazy\"\n      \/>\n    <\/figure>\n  \n  <section>\n    <h2>Bargojo\u0111iheaddji<\/h2>\n  <\/section>\n<\/a>      <\/div>\n    \t<\/div>\n<\/div>\n<\/div>\n\n\n\n<div class=\"wp-block-cover alignfull\" style=\"margin-top:0;min-height:500px;aspect-ratio:unset;\"><span aria-hidden=\"true\" class=\"wp-block-cover__background has-background-dim-30 has-background-dim\"><\/span><img loading=\"lazy\" decoding=\"async\" width=\"1920\" height=\"1280\" class=\"wp-block-cover__image-background wp-image-1277\" alt=\"\" src=\"https:\/\/bpa-nord.no\/se\/wp-content\/uploads\/sites\/2\/2024\/02\/julien-lavallee-x6gr8lbmvq4-unsplash.jpg\" data-object-fit=\"cover\" srcset=\"https:\/\/bpa-nord.no\/se\/wp-content\/uploads\/sites\/2\/2024\/02\/julien-lavallee-x6gr8lbmvq4-unsplash.jpg 1920w, https:\/\/bpa-nord.no\/se\/wp-content\/uploads\/sites\/2\/2024\/02\/julien-lavallee-x6gr8lbmvq4-unsplash-300x200.jpg 300w, https:\/\/bpa-nord.no\/se\/wp-content\/uploads\/sites\/2\/2024\/02\/julien-lavallee-x6gr8lbmvq4-unsplash-1024x683.jpg 1024w, https:\/\/bpa-nord.no\/se\/wp-content\/uploads\/sites\/2\/2024\/02\/julien-lavallee-x6gr8lbmvq4-unsplash-768x512.jpg 768w, https:\/\/bpa-nord.no\/se\/wp-content\/uploads\/sites\/2\/2024\/02\/julien-lavallee-x6gr8lbmvq4-unsplash-1536x1024.jpg 1536w\" sizes=\"auto, (max-width: 1920px) 100vw, 1920px\" \/><div class=\"wp-block-cover__inner-container is-layout-constrained wp-block-cover-is-layout-constrained\">\n<h2 class=\"wp-block-heading has-text-align-center has-base-color has-text-color has-link-color wp-elements-57247bf82bf3a0a28474904ebbc32eb9\">BPA Nord<\/h2>\n\n\n\n<p class=\"has-text-align-center has-base-color has-text-color has-link-color has-large-font-size wp-elements-487575df3ec38a368a4f84d92ca73fc7\" style=\"font-style:normal;font-weight:300\">Gelbbola\u0161vuohta\u00a0\u00a0|\u00a0 Dohkkeheapmi\u00a0\u00a0|\u00a0 \u00c1rvvusatnin\u00a0\u00a0|\u00a0 Luohtt\u00e1mu\u0161<\/p>\n<\/div><\/div>\n","protected":false},"excerpt":{"rendered":"<p>BPA-ortnegis lea assisteanttas ovddasv\u00e1st\u00e1dus addit olbmui vejola\u0161vuo\u0111a eallit ie\u0161heanala\u0161 ja aktiivvala\u0161 eallima. Assisteantta lea eambbo go du\u0161\u0161e veahkki, son lea doarjja ja l\u00e1idesteaddji gii veahkeha olbmo olla\u0161uhttit ie\u017eas mihttomeriid ja nieguid. Go leat BPA-ortnega veahkkebargi, de leat dus vuoigatvuo\u0111at ja geatnegasvuo\u0111at nugo ear\u00e1ge bargiin ear\u00e1 bargguin. Veahkkebargi galg\u00e1 doaimmahit bargguid ie\u017eas virge\u010dilgehusa mielde, ja veahkkin [&hellip;]<\/p>\n","protected":false},"author":1,"featured_media":1598,"parent":73,"menu_order":0,"comment_status":"closed","ping_status":"closed","template":"","meta":{"_acf_changed":false,"editor_notices":[],"footnotes":""},"class_list":["post-77","page","type-page","status-publish","has-post-thumbnail","hentry"],"acf":[],"mb":[],"mfb_rest_fields":["title"],"_links":{"self":[{"href":"https:\/\/bpa-nord.no\/se\/wp-json\/wp\/v2\/pages\/77","targetHints":{"allow":["GET"]}}],"collection":[{"href":"https:\/\/bpa-nord.no\/se\/wp-json\/wp\/v2\/pages"}],"about":[{"href":"https:\/\/bpa-nord.no\/se\/wp-json\/wp\/v2\/types\/page"}],"author":[{"embeddable":true,"href":"https:\/\/bpa-nord.no\/se\/wp-json\/wp\/v2\/users\/1"}],"replies":[{"embeddable":true,"href":"https:\/\/bpa-nord.no\/se\/wp-json\/wp\/v2\/comments?post=77"}],"version-history":[{"count":1,"href":"https:\/\/bpa-nord.no\/se\/wp-json\/wp\/v2\/pages\/77\/revisions"}],"predecessor-version":[{"id":2472,"href":"https:\/\/bpa-nord.no\/se\/wp-json\/wp\/v2\/pages\/77\/revisions\/2472"}],"up":[{"embeddable":true,"href":"https:\/\/bpa-nord.no\/se\/wp-json\/wp\/v2\/pages\/73"}],"wp:featuredmedia":[{"embeddable":true,"href":"https:\/\/bpa-nord.no\/se\/wp-json\/wp\/v2\/media\/1598"}],"wp:attachment":[{"href":"https:\/\/bpa-nord.no\/se\/wp-json\/wp\/v2\/media?parent=77"}],"curies":[{"name":"wp","href":"https:\/\/api.w.org\/{rel}","templated":true}]}}