{"id":791,"date":"2024-02-22T10:38:32","date_gmt":"2024-02-22T09:38:32","guid":{"rendered":"https:\/\/bpa-nord.no\/se\/?page_id=791"},"modified":"2024-10-30T13:54:38","modified_gmt":"2024-10-30T12:54:38","slug":"kristian-harsttakas","status":"publish","type":"page","link":"https:\/\/bpa-nord.no\/se\/bpa-nord-birra\/na-muitalit-bpa-geavaheaddjit\/kristian-harsttakas\/","title":{"rendered":"Kristian H\u00e1rstt\u00e1kas"},"content":{"rendered":"\n<figure class=\"wp-block-image size-large is-style-default\"><img loading=\"lazy\" decoding=\"async\" width=\"1024\" height=\"683\" src=\"https:\/\/bpa-nord.no\/se\/wp-content\/uploads\/sites\/2\/2024\/02\/bpa-11-1-1024x683.jpg\" alt=\"\" class=\"wp-image-278\" srcset=\"https:\/\/bpa-nord.no\/se\/wp-content\/uploads\/sites\/2\/2024\/02\/bpa-11-1-1024x683.jpg 1024w, https:\/\/bpa-nord.no\/se\/wp-content\/uploads\/sites\/2\/2024\/02\/bpa-11-1-300x200.jpg 300w, https:\/\/bpa-nord.no\/se\/wp-content\/uploads\/sites\/2\/2024\/02\/bpa-11-1-768x512.jpg 768w, https:\/\/bpa-nord.no\/se\/wp-content\/uploads\/sites\/2\/2024\/02\/bpa-11-1-1536x1024.jpg 1536w, https:\/\/bpa-nord.no\/se\/wp-content\/uploads\/sites\/2\/2024\/02\/bpa-11-1.jpg 1620w\" sizes=\"auto, (max-width: 1024px) 100vw, 1024px\" \/><\/figure>\n\n\n\n<h2 class=\"wp-block-heading\">BPA add\u00e1 friddjavuo\u0111a<\/h2>\n\n\n\n<figure class=\"wp-block-pullquote\" style=\"font-style:italic;font-weight:300\"><blockquote><p>&laquo;Eallin ovdal go o\u017e\u017eon BPA, lei eallit diimmu mielde. Fertejin heivehit eallima dan mielde go suohkan s\u00e1htii boahtit veahkkin. D\u00e1t lei hohpola\u0161 eallin, ii ge dat buot \u00e1rvvoleamos eallin mii liv\u010d\u010dii s\u00e1htt\u00e1n leat. D\u00e1l go lea BPA, de beara\u0161 ja ustibat s\u00e1httet maid bissut bearra\u0161in ja ustibin &#8211; ja eai d\u00e1rbba\u0161 leat veahkit.<br><br><strong>&#8211; vejola\u0161vuohta dahkat dan maid h\u00e1liidan, goas h\u00e1liidan &#8211; bero\u0161keahtt\u00e1 ear\u00e1 inst\u00e1nssain. Dat lea \u00e1ibbas <\/strong>&laquo;<strong>sjeaffa<\/strong>&laquo;<strong>!&raquo;<\/strong><\/p><cite>Kristian Skoglund<\/cite><\/blockquote><\/figure>\n\n\n\n<p class=\"has-medium-font-size\">Mu namma lea Kristian ja mus lea &laquo;spinal muskelatrofi&raquo; &#8211; dat lea deahkked\u00e1vda, ja mus lea BPA. Erohus maid BPA dagaha munnje, lea ahte dat add\u00e1 munnje friddjavuo\u0111a. Vejola\u0161vuohta dahkat dan maid h\u00e1liidan, goas h\u00e1liidan &#8211; bero\u0161keahtt\u00e1 ear\u00e1 inst\u00e1nssain.<\/p>\n\n\n\n<h2 class=\"wp-block-heading\">\u00c1rvvola\u0161 eallin BPA:in<\/h2>\n\n\n\n<p>&laquo;Dat ahte beassat olggos go h\u00e1liida, it ge vuorjja olbm\u00e1id ja bearra\u0161a, add\u00e1 munnje \u00e1rvvola\u0161 eallima&raquo; lohk\u00e1 Kristian. Sus lea BPA-Nord ortnet H\u00e1r\u0161t\u00e1s.<\/p>\n\n\n\n<p><strong>Mis geas lea stuor\u00e1 veahkked\u00e1rbu, leat d\u00e1vja eahpesihkkaris dil\u00e1la\u0161vuo\u0111as \u00e1rgabeaivvis &#8211; BPA j\u00e1vkada d\u00e1n eahpesihkkarvuo\u0111a<\/strong>.<\/p>\n\n\n\n<div class=\"wp-block-media-text alignwide is-stacked-on-mobile has-custom-lys-gr-background-color has-background\"><figure class=\"wp-block-media-text__media\"><img loading=\"lazy\" decoding=\"async\" width=\"1024\" height=\"682\" src=\"https:\/\/bpa-nord.no\/se\/wp-content\/uploads\/sites\/2\/2024\/02\/bpa-1-3-1024x682.jpg\" alt=\"\" class=\"wp-image-275 size-full\" srcset=\"https:\/\/bpa-nord.no\/se\/wp-content\/uploads\/sites\/2\/2024\/02\/bpa-1-3-1024x682.jpg 1024w, https:\/\/bpa-nord.no\/se\/wp-content\/uploads\/sites\/2\/2024\/02\/bpa-1-3-300x200.jpg 300w, https:\/\/bpa-nord.no\/se\/wp-content\/uploads\/sites\/2\/2024\/02\/bpa-1-3-768x512.jpg 768w, https:\/\/bpa-nord.no\/se\/wp-content\/uploads\/sites\/2\/2024\/02\/bpa-1-3-1536x1024.jpg 1536w, https:\/\/bpa-nord.no\/se\/wp-content\/uploads\/sites\/2\/2024\/02\/bpa-1-3.jpg 1619w\" sizes=\"auto, (max-width: 1024px) 100vw, 1024px\" \/><\/figure><div class=\"wp-block-media-text__content\">\n<p>BPA lea add\u00e1n munnje vejola\u0161vuo\u0111a fitnat museas go h\u00e1liidan, vuolgit g\u00e1fe\u00e1i, oaggut, fitnat bearra\u0161a ja olbm\u00e1id luhtte &#8211; eallit nu d\u00e1b\u00e1la\u0161 eallima go s\u00e1htt\u00e1, go olbmos lea nie duo\u0111ala\u0161 d\u00e1vda.<\/p>\n<\/div><\/div>\n\n\n\n<h2 class=\"wp-block-heading\">BPA assisteanta<\/h2>\n\n\n\n<p>BPA:in lea mus aldd\u00e1n mearridanriekti dan badjel mot mun h\u00e1liidan ahte mu veahkki galg\u00e1 organiserejuvvot, gii galg\u00e1 boahtit, goas sii galget boahtit ja gii galg\u00e1 virg\u00e1ibiddjojuvvot. Lea mus geas lea ma\u014bemus s\u00e1tni buot mearr\u00e1dusain.<\/p>\n\n\n\n<p>Jus oktage mu veahkkebargiin \u0161add\u00e1 buohcci, de lean juo v\u00e1lljen geat galget sadj\u00e1sa\u017e\u017ean &#8211; ja geat dalle bohtet go lea j\u00e1vkan. Dalle mus lea ollisla\u0161 govva ja die\u0111\u00e1n ahte son gii boaht\u00e1 lea dakk\u00e1r gean lean ie\u0161 v\u00e1lljen ja geasa luoht\u00e1n.<\/p>\n\n\n\n<div class=\"wp-block-media-text alignwide has-media-on-the-right is-stacked-on-mobile has-custom-lys-gr-background-color has-background\"><div class=\"wp-block-media-text__content\">\n<p>&laquo;Min assisteanttat bohtet hui l\u00e1hka min eallima ja go lea vejola\u0161 v\u00e1lljet gii biddjojuvvo virg\u00e1i, lea okta dain stuora ovdamuniin BPA:s&raquo; dadj\u00e1 Kristian.<\/p>\n<\/div><figure class=\"wp-block-media-text__media\"><img loading=\"lazy\" decoding=\"async\" width=\"1024\" height=\"682\" src=\"https:\/\/bpa-nord.no\/se\/wp-content\/uploads\/sites\/2\/2024\/02\/bpa-9-1-1024x682.jpg\" alt=\"\" class=\"wp-image-277 size-full\" srcset=\"https:\/\/bpa-nord.no\/se\/wp-content\/uploads\/sites\/2\/2024\/02\/bpa-9-1-1024x682.jpg 1024w, https:\/\/bpa-nord.no\/se\/wp-content\/uploads\/sites\/2\/2024\/02\/bpa-9-1-300x200.jpg 300w, https:\/\/bpa-nord.no\/se\/wp-content\/uploads\/sites\/2\/2024\/02\/bpa-9-1-768x512.jpg 768w, https:\/\/bpa-nord.no\/se\/wp-content\/uploads\/sites\/2\/2024\/02\/bpa-9-1-1536x1024.jpg 1536w, https:\/\/bpa-nord.no\/se\/wp-content\/uploads\/sites\/2\/2024\/02\/bpa-9-1.jpg 1619w\" sizes=\"auto, (max-width: 1024px) 100vw, 1024px\" \/><\/figure><\/div>\n\n\n\n<h2 class=\"wp-block-heading\">Stivren ie\u017ean \u00e1rgabeaivvi<\/h2>\n\n\n\n<p>Mun lean ie\u0161 bargojo\u0111iheaddji ie\u017ean asisteanttaide, ja mearridan gean galggan virg\u00e1dit. Lea leama\u0161 deh\u00e1la\u0161 ahte mus leat leama\u0161 dat seamma veahkkebargit guhkit aiggi badjel ja ahte oahp\u00e1snuvvat bures.<\/p>\n\n\n\n<p>&laquo;Suohkana f\u00e1laldagas mii mus lei ovdal go oa\u010d\u010duimet \u0161iehtadusa BPA Nord:in, lei v\u00e1ttis go oktage bargiin buohcc\u00e1i, go ii oktage f\u00e1stabargiin s\u00e1htt\u00e1n boahtit sadj\u00e1sa\u017e\u017ean. Pl\u00e1net beaivvi lei v\u00e1ttis&raquo; muitala Kristian.<\/p>\n\n\n\n<p>BPA Nord \u010da\u0111a leat mus bisteva\u0161 sadj\u00e1sa\u0161bargit, nu ahte jus oktage min veahkkebargiin buohcc\u00e1, de bohtet \u00e1lo soapm\u00e1sat geaid mii juo dovdat ja geaid nala luohttit.<\/p>\n\n\n\n<figure class=\"wp-block-embed alignwide is-type-video is-provider-vimeo wp-block-embed-vimeo wp-embed-aspect-16-9 wp-has-aspect-ratio\"><div class=\"wp-block-embed__wrapper\">\n<iframe loading=\"lazy\" title=\"Helt sjef med BPA Nord\" src=\"https:\/\/player.vimeo.com\/video\/564622021?dnt=1&amp;app_id=122963\" width=\"500\" height=\"281\" frameborder=\"0\" allow=\"autoplay; fullscreen; picture-in-picture; clipboard-write\"><\/iframe>\n<\/div><\/figure>\n\n\n\n<div class=\"wp-block-group has-border-color has-quinary-border-color has-custom-gul-med-ok-r-d-kontrast-background-color has-background is-layout-constrained wp-container-core-group-is-layout-20822dfc wp-block-group-is-layout-constrained\" style=\"border-width:10px;border-radius:30px;margin-top:var(--wp--preset--spacing--70);margin-bottom:var(--wp--preset--spacing--70);padding-top:var(--wp--preset--spacing--40);padding-right:var(--wp--preset--spacing--40);padding-bottom:var(--wp--preset--spacing--40);padding-left:var(--wp--preset--spacing--40)\">\n<h2 class=\"wp-block-heading\" style=\"padding-top:0;padding-bottom:0\">Leage sihkar ahte oa\u010d\u010dut dan veahki maid d\u00e1rbba\u0161at BPA Nordas<\/h2>\n\n\n\n<ul class=\"wp-block-list\">\n<li>Mis lea guhkes v\u00e1s\u00e1hus BPA-ortnegiin, olbmuin ja bearra\u0161iin geain leat ie\u0161gu\u0111etl\u00e1gan d\u00e1rbbut ja doaibman\u00e1vccat.<\/li>\n\n\n\n<li>Leat go o\u017e\u017eon jo BPA mearr\u00e1dusa vuoi h\u00e1liidat go lonuhit b\u00e1lvalusaid min lusa, dahje d\u00e1rbba\u0161at eara veahki &#8211; <strong>ri\u014bge dahje s\u00e1ddes die\u0111u dahje e-boasta.<\/strong><\/li>\n<\/ul>\n\n\n\n<div class=\"wp-block-group is-nowrap is-layout-flex wp-container-core-group-is-layout-6c531013 wp-block-group-is-layout-flex\">\n<figure class=\"wp-block-image size-medium is-resized wp-duotone-004b87-004b87-1\"><img loading=\"lazy\" decoding=\"async\" width=\"512\" height=\"512\" src=\"https:\/\/bpa-nord.no\/se\/wp-content\/uploads\/sites\/2\/2024\/02\/circle-phone-solid.svg\" alt=\"\" class=\"wp-image-142\" style=\"width:80px\" \/><\/figure>\n\n\n\n<p class=\"has-large-font-size\"><strong><a href=\"https:\/\/bpa-nord.no\/se\/kontakt\/\" data-type=\"page\" data-id=\"28\">V\u00e1ldde oktavuo\u0111a nuvtta ja geatnegaskeahtes bagadallan s\u00e1gastallamii.<\/a><\/strong><\/p>\n<\/div>\n<\/div>\n","protected":false},"excerpt":{"rendered":"<p>BPA add\u00e1 friddjavuo\u0111a &laquo;Eallin ovdal go o\u017e\u017eon BPA, lei eallit diimmu mielde. Fertejin heivehit eallima dan mielde go suohkan s\u00e1htii boahtit veahkkin. D\u00e1t lei hohpola\u0161 eallin, ii ge dat buot \u00e1rvvoleamos eallin mii liv\u010d\u010dii s\u00e1htt\u00e1n leat. D\u00e1l go lea BPA, de beara\u0161 ja ustibat s\u00e1httet maid bissut bearra\u0161in ja ustibin &#8211; ja eai d\u00e1rbba\u0161 leat [&hellip;]<\/p>\n","protected":false},"author":1,"featured_media":790,"parent":58,"menu_order":0,"comment_status":"closed","ping_status":"closed","template":"wp-custom-template-referanse","meta":{"_acf_changed":false,"editor_notices":[],"footnotes":""},"class_list":["post-791","page","type-page","status-publish","has-post-thumbnail","hentry"],"acf":[],"mb":[],"mfb_rest_fields":["title"],"_links":{"self":[{"href":"https:\/\/bpa-nord.no\/se\/wp-json\/wp\/v2\/pages\/791","targetHints":{"allow":["GET"]}}],"collection":[{"href":"https:\/\/bpa-nord.no\/se\/wp-json\/wp\/v2\/pages"}],"about":[{"href":"https:\/\/bpa-nord.no\/se\/wp-json\/wp\/v2\/types\/page"}],"author":[{"embeddable":true,"href":"https:\/\/bpa-nord.no\/se\/wp-json\/wp\/v2\/users\/1"}],"replies":[{"embeddable":true,"href":"https:\/\/bpa-nord.no\/se\/wp-json\/wp\/v2\/comments?post=791"}],"version-history":[{"count":2,"href":"https:\/\/bpa-nord.no\/se\/wp-json\/wp\/v2\/pages\/791\/revisions"}],"predecessor-version":[{"id":2621,"href":"https:\/\/bpa-nord.no\/se\/wp-json\/wp\/v2\/pages\/791\/revisions\/2621"}],"up":[{"embeddable":true,"href":"https:\/\/bpa-nord.no\/se\/wp-json\/wp\/v2\/pages\/58"}],"wp:featuredmedia":[{"embeddable":true,"href":"https:\/\/bpa-nord.no\/se\/wp-json\/wp\/v2\/media\/790"}],"wp:attachment":[{"href":"https:\/\/bpa-nord.no\/se\/wp-json\/wp\/v2\/media?parent=791"}],"curies":[{"name":"wp","href":"https:\/\/api.w.org\/{rel}","templated":true}]}}