{"id":794,"date":"2024-02-22T10:40:51","date_gmt":"2024-02-22T09:40:51","guid":{"rendered":"https:\/\/bpa-nord.no\/se\/?page_id=794"},"modified":"2025-03-26T12:10:36","modified_gmt":"2025-03-26T11:10:36","slug":"eva-ja-line-onkas-ahkanjarggas","status":"publish","type":"page","link":"https:\/\/bpa-nord.no\/se\/bpa-nord-birra\/na-muitalit-bpa-geavaheaddjit\/eva-ja-line-onkas-ahkanjarggas\/","title":{"rendered":"Eva ja Line O\u014bk\u00e1s, \u00c1hk\u00e1nj\u00e1rggas"},"content":{"rendered":"\n<h2 class=\"wp-block-heading\">Friddja eallin BPA&#8217;in<\/h2>\n\n\n\n<p>Oapp\u00e1\u017eagain, Eva (40) ja Line (44) Gr\u00f8nvoldas lea goappa\u0161again sogabearri man namma lea Dystrofi Myotonica. D\u00e1vda mii earret ear\u00e1 dagaha deahkke ja geahppesvigi, v\u00e1ttisvuo\u0111aid d\u00e1ssedeattuin ja unnit energiija. Barggut maid eatnasat mis atnit beaivv\u00e1la\u0161 bargun, v\u00e1ibada oapp\u00e1\u017eiid ja s\u00e1htt\u00e1 dagahit ahte reasta beaivvi \u0161addaba \u010dohkk\u00e1t soff\u00e1s.<\/p>\n\n\n\n<p>&laquo;BPA lea mearkka\u0161an issoras ollu mu eallimii! Vaikko beass\u00e1 orrut ruovttus, dat ii mearkka\u0161 ahte ii d\u00e1rbba\u0161 veahki \u00e1rgabeaivvis, nu ahte mun \u00e1v\u017e\u017euhan buohkaid geat jurdda\u0161it ahte d\u00e1t s\u00e1htt\u00e1 leat b\u00e1lvalus mii s\u00e1htt\u00e1 veahkehit sin, bivdit veahki&raquo;.<\/p>\n\n\n\n<div class=\"wp-block-media-text alignwide has-media-on-the-right is-stacked-on-mobile has-custom-lys-gr-background-color has-background\" style=\"margin-top:var(--wp--preset--spacing--50);margin-bottom:var(--wp--preset--spacing--50);grid-template-columns:auto 40%\"><div class=\"wp-block-media-text__content\">\n<p>&laquo;Moai liikojetno leat olgun ja meahcis, muhto ii leat nu \u00e1lki beassat akto m\u00e1tk\u00e1i. Danne letno erenoam\u00e1\u0161 ilus go munnos lea vejola\u0161vuohta oass\u00e1lastit terapiijariidemii oktii vahkus. Besse leat heasttaiguin ovttas ja dan ahte v\u00e1sihit luonddu heastasealggis lea erenoam\u00e1\u0161, dadj\u00e1 Eva.<\/p>\n<\/div><figure class=\"wp-block-media-text__media\"><img loading=\"lazy\" decoding=\"async\" width=\"768\" height=\"1024\" src=\"https:\/\/bpa-nord.no\/se\/wp-content\/uploads\/sites\/2\/2024\/02\/bpa-narvik-2.jpg\" alt=\"\" class=\"wp-image-282 size-full\" srcset=\"https:\/\/bpa-nord.no\/se\/wp-content\/uploads\/sites\/2\/2024\/02\/bpa-narvik-2.jpg 768w, https:\/\/bpa-nord.no\/se\/wp-content\/uploads\/sites\/2\/2024\/02\/bpa-narvik-2-225x300.jpg 225w\" sizes=\"auto, (max-width: 768px) 100vw, 768px\" \/><\/figure><\/div>\n\n\n\n<h2 class=\"wp-block-heading\">Buorit gaskavuo\u0111at<\/h2>\n\n\n\n<p>&laquo;Munno bargit bohtet hui lahka munno eallimiid, ja danne lea deh\u00e1la\u0161 ahte olmmo\u0161 beass\u00e1 r\u00e1hkadit buriid oktavuo\u0111aid guhkit \u00e1iggi badjel&raquo;, dadj\u00e1 Line. &laquo;Juo, ja lea deh\u00e1la\u0161 ahte lea veahkkebargi gii lea hui gehpe\u0161&raquo; dadja Eva ja bohkosa. Mokta ja ie\u0161dovdu ii v\u00e1illo, rea\u0161kkas ii leat guhkki bargojo\u0111iheaddji ja veahkkebargi gaska. <\/p>\n\n\n\n<h2 class=\"wp-block-heading\">Buoret eallin\u00e1rvu<\/h2>\n\n\n\n<p>Eva ja Line d\u00e1rbba\u0161eaba ie\u0161gu\u0111et l\u00e1dje veahki \u00e1rgabeaivvis, muhto oktasa\u0161 \u00e1\u0161\u0161i goappa\u0161agaide lea ahte soai leaba o\u017e\u017eon \u00e1lkkit ja rigg\u00e1t eallima BPA Nord dihte. Ma\u014bemu\u0161 10 jagi leat sunnos leama\u0161 ie\u017easka veahkit geat veahkehit sunno sihke sm\u00e1vva ja stuorra \u00e1\u0161\u0161iiguin \u00e1rgabeaivvis.<\/p>\n\n\n\n<p>Eva muitala ahte ovdal son d\u00e1rbba\u0161ii vahkku \u010da\u0111ahit d\u00e1b\u00e1leamos ruovttubargguid, ja go de geargg\u00e1i, de lei fas \u00e1lgit o\u0111\u0111asit. Ovdamearkka dihte go lei bassan, de d\u00e1rbb\u00e1\u0161ii reasta beaivvi fas beassat julggiid nala. <\/p>\n\n\n\n<p> <strong>&laquo;Eallinkvalitehta lea buorr\u00e1nan ollu m\u00e1\u014b\u014bel go o\u017e\u017eon assisteantta. Ii du\u0161\u0161e ruovttus, muhto beasan maid olggos viesus, ja mu\u0111ui bargat visot maid galggan daid beivviid go mus lea assisteanta&raquo;, \u010dilge Eva.<\/strong><\/p>\n\n\n\n<div class=\"wp-block-media-text alignwide is-stacked-on-mobile has-custom-lys-gr-background-color has-background\" style=\"margin-top:var(--wp--preset--spacing--50);margin-bottom:var(--wp--preset--spacing--50);grid-template-columns:40% auto\"><figure class=\"wp-block-media-text__media\"><img loading=\"lazy\" decoding=\"async\" width=\"433\" height=\"577\" src=\"https:\/\/bpa-nord.no\/se\/wp-content\/uploads\/sites\/2\/2024\/02\/bpa-narvik-3-3.jpg\" alt=\"\" class=\"wp-image-283 size-full\" srcset=\"https:\/\/bpa-nord.no\/se\/wp-content\/uploads\/sites\/2\/2024\/02\/bpa-narvik-3-3.jpg 433w, https:\/\/bpa-nord.no\/se\/wp-content\/uploads\/sites\/2\/2024\/02\/bpa-narvik-3-3-225x300.jpg 225w\" sizes=\"auto, (max-width: 433px) 100vw, 433px\" \/><\/figure><div class=\"wp-block-media-text__content\">\n<p>Sosi\u00e1la bealli lea dea\u0167ala\u0161 buori eallimii. &laquo;D\u00e1l gal beasan olggos, in ge du\u0161\u0161e oro ruovttus ja bargga seammahagaid. Vehkiin beasan boradit lun\u0161\u0161a kaf\u00e8as, vuolgit mearrag\u00e1dd\u00e1i, konsearttaide ja ear\u00e1 doaimmaide olbm\u00e1iguin. Mu assisteanttas lea \u0161ibitd\u00e1llu gos besse sihke mun ja Line finadit&raquo;, muitala Eva<\/p>\n<\/div><\/div>\n\n\n\n<h2 class=\"wp-block-heading\">BPA dahk\u00e1 vejola\u017e\u017ean beassat olggos ja oa\u017e\u017eut o\u0111\u0111a v\u00e1s\u00e1husaid<\/h2>\n\n\n\n<p>Vejola\u0161vuohta searvat doaimmaide, m\u00e1tkkiide ja m\u00e1tkko\u0161temiide lea hui deh\u00e1la\u0161 Linii, sihke asto\u00e1iggem\u00e1tkkiide ja d\u00e1lkkodanm\u00e1tkkiide. Vehkiin s\u00e1htt\u00e1 vuolgit m\u00e1tkko\u0161tit, searvat asto\u00e1iggedoaimmaide, eambbo lihkadit, beassat meahcc\u00e1i ja mu\u0111ui oa\u017e\u017eut o\u0111\u0111a v\u00e1s\u00e1husaid.<\/p>\n\n\n\n<p><strong>&laquo;Mun dovddan mu eallin lea \u0161addan eanet ollisla\u0161 BPA dihte. Go oa\u010d\u010dun veahki ruovttubargguide ja lossa di\u014bggaide, de dat add\u00e1 munnje n\u00e1vccaid ja f\u00e1muid bisuhit sosi\u00e1la eallima&raquo;, dadj\u00e1 Line. Sihke Line ja su veahkki, Isabell, \u010dilgeba oktavuo\u0111a sudno gaskkas dego lagas ustitvuohta mas lea buorre oktavuohta ja buorre mokta. &laquo;Lea allat d\u00e1hke vuolde ja olu rea\u0161kkas d\u00e1ppe&raquo;, boagusta Line.<\/strong><\/p>\n\n\n\n<p>Line d\u00e1rbba\u0161a fievrru vai beass\u00e1 v\u00e1nddardit ja go lea veahkki, de leat ollu g\u00e1r\u017e\u017eideamit \u00e1rgabeaivvis j\u00e1vkan. Sus leat veahkkeneavvut nugo rullastuollu, rullafierahat ja skohter. Vejola\u0161vuo\u0111at mat g\u00e1vdnojit go beassa vuodjit biillain, lea olu stuor\u00e1t go jus ii beasa\u0161ii dan d\u00e1hkat. Eva gal vuodj\u00e1 ie\u0161 biillain, muhto muhtun beivviid s\u00e1htt\u00e1 hedjonit foarbma. Dalle lea hui buorre go veahkkebargi s\u00e1htt\u00e1 vuodjit dik\u0161ui fysioterapevtta luhtte ja dahje ear\u00e1 ear\u00e1niid g\u00e1lgat.<\/p>\n\n\n\n<h2 class=\"wp-block-heading\">Bargojo\u0111iheaddjin don ie\u0161 stivret ie\u017eat \u00e1rgabeaivvi<\/h2>\n\n\n\n<p>Oapp\u00e1\u017eat leaba ie\u017ea bargojo\u0111iheaddjit, ja mearrideaba geat galget sunno luhtte bargat. Sihke Line ja Eva mielas lea leama\u0161 deh\u00e1la\u0161 beassat leat seamma veahkkebargiiguin guhkit \u00e1iggi vuoi oahp\u00e1snuvva buorebut.<\/p>\n\n\n\n<p>Goappa\u0161again leat leama\u0161 f\u00e1sta bargit guhkit \u00e1iggi, ja deattuheaba man deh\u00e1la\u0161 st\u00e1\u0111isvuohta lea jus galg\u00e1 birget bures BPA:in. Eva mielas lea leama\u0161 dea\u0167aleamos ahte veahkki lea r\u00e1f\u00e1la\u0161, \u010doaska\u010doalat ja ahte lea \u00e1lki hupmat suinna ja bivdit veahki. Line bukt\u00e1 ovdan dan laga\u0161 oktavuo\u0111a mii \u0161add\u00e1 go olmmo\u0161 lea nu lahka nuppi, nu ahte d\u00e1s lea kjemiija hui dea\u0167ala\u0161.<\/p>\n\n\n\n<h2 class=\"wp-block-heading\">Lea deh\u00e1la\u0161 jearrat veahki<\/h2>\n\n\n\n<p>Sihke Line ja Eva \u010dilgeba ahte BPA lea add\u00e1n sunnuide vejola\u0161vuo\u0111a eallit nu mo ie\u017ea h\u00e1liideaba. &laquo;Mun oa\u010d\u010dun vejola\u0161vuo\u0111a eallit aktiivvala\u0161 eallima, g\u00e1r\u017e\u017eidemiid haga,&raquo; muitala Line. Oapp\u00e1\u017eat stivreba buot ie\u017easka \u00e1rgabeaivvi beliid, ja s\u00e1httiba diibmologuin ie\u017ea mearridit goas sunnuide lea eanemus heivvola\u0161 oa\u017e\u017eut veahki.<\/p>\n\n\n\n<p>BPA Nord assisteanttain lea bargojo\u0111iheaddji ie\u0161 gii mearrida masa geavaha resurssaid ja masa h\u00e1liida geavahit veahkkebargii. Muhtun beivviid leat ruovttubarggut dahje ear\u00e1 praktihkkala\u0161 barggut mat leat vuoruhuvvon, ear\u00e1 beivviid fas leat sosi\u00e1la doaimmat. &laquo;Mun lean beassan v\u00e1sihit ollu ja lean leama\u0161 ollu b\u00e1ikkiin ma\u014b\u014bel go o\u017e\u017eon veahki &#8211; mii ii liv\u010d\u010de leama\u0161 vejola\u0161 almm\u00e1 \u00e1ssisteanta haga&raquo;, muitala Eva.<\/p>\n\n\n\n<p><strong>Eva mielas lea deh\u00e1la\u0161 deattuhit man deh\u00e1la\u0161 lea ohcat BPA go dovd\u00e1 d\u00e1rbbu dasa. &laquo;Mun j\u00e1hk\u00e1n m\u00e1\u014bggas jurdda\u0161it ahte sii leat menddo dearva\u0161at ahte s\u00e1httet oa\u017e\u017eut assisteanta. Ledjen hui eahpesihkar ahte lei go BPA juoga mii liv\u010d\u010dii munnje \u00e1vkin \u00e1lggos, muhto in liv\u010d\u010de gal balljo oba birget ge dan haga. Dat lea mearkka\u0161an hui ollu mu eallimii&raquo;!<\/strong><\/p>\n\n\n\n<div class=\"wp-block-group has-border-color has-quinary-border-color has-custom-gul-med-ok-r-d-kontrast-background-color has-background is-layout-constrained wp-container-core-group-is-layout-20822dfc wp-block-group-is-layout-constrained\" style=\"border-width:10px;border-radius:30px;margin-top:var(--wp--preset--spacing--70);margin-bottom:var(--wp--preset--spacing--70);padding-top:var(--wp--preset--spacing--40);padding-right:var(--wp--preset--spacing--40);padding-bottom:var(--wp--preset--spacing--40);padding-left:var(--wp--preset--spacing--40)\">\n<h2 class=\"wp-block-heading\" style=\"padding-top:0;padding-bottom:0\">Leage sihkar ahte oa\u010d\u010dut dan veahki maid d\u00e1rbba\u0161at BPA Nordas<\/h2>\n\n\n\n<ul class=\"wp-block-list\">\n<li>Mis lea guhkes v\u00e1s\u00e1hus BPA-ortnegiin, olbmuin ja bearra\u0161iin geain leat ie\u0161gu\u0111etl\u00e1gan d\u00e1rbbut ja doaibman\u00e1vccat.<\/li>\n\n\n\n<li>Leat go o\u017e\u017eon jo BPA mearr\u00e1dusa vuoi h\u00e1liidat go lonuhit b\u00e1lvalusaid min lusa, dahje d\u00e1rbba\u0161at eara veahki &#8211; <strong>ri\u014bge dahje s\u00e1ddes die\u0111u dahje e-boasta.<\/strong><\/li>\n<\/ul>\n\n\n\n<div class=\"wp-block-group is-nowrap is-layout-flex wp-container-core-group-is-layout-6c531013 wp-block-group-is-layout-flex\">\n<figure class=\"wp-block-image size-medium is-resized wp-duotone-004b87-004b87-1\"><img loading=\"lazy\" decoding=\"async\" width=\"512\" height=\"512\" src=\"https:\/\/bpa-nord.no\/se\/wp-content\/uploads\/sites\/2\/2024\/02\/circle-phone-solid.svg\" alt=\"\" class=\"wp-image-142\" style=\"width:80px\" \/><\/figure>\n\n\n\n<p class=\"has-large-font-size\"><strong><a href=\"https:\/\/bpa-nord.no\/se\/kontakt\/\" data-type=\"page\" data-id=\"28\">V\u00e1ldde oktavuo\u0111a nuvtta ja geatnegaskeahtes bagadallan s\u00e1gastallamii.<\/a><\/strong><\/p>\n<\/div>\n<\/div>\n","protected":false},"excerpt":{"rendered":"<p>Friddja eallin BPA&#8217;in Oapp\u00e1\u017eagain, Eva (40) ja Line (44) Gr\u00f8nvoldas lea goappa\u0161again sogabearri man namma lea Dystrofi Myotonica. D\u00e1vda mii earret ear\u00e1 dagaha deahkke ja geahppesvigi, v\u00e1ttisvuo\u0111aid d\u00e1ssedeattuin ja unnit energiija. Barggut maid eatnasat mis atnit beaivv\u00e1la\u0161 bargun, v\u00e1ibada oapp\u00e1\u017eiid ja s\u00e1htt\u00e1 dagahit ahte reasta beaivvi \u0161addaba \u010dohkk\u00e1t soff\u00e1s. &laquo;BPA lea mearkka\u0161an issoras ollu mu [&hellip;]<\/p>\n","protected":false},"author":1,"featured_media":280,"parent":58,"menu_order":0,"comment_status":"closed","ping_status":"closed","template":"wp-custom-template-referanse","meta":{"_acf_changed":false,"editor_notices":[],"footnotes":""},"class_list":["post-794","page","type-page","status-publish","has-post-thumbnail","hentry"],"acf":[],"mb":[],"mfb_rest_fields":["title"],"_links":{"self":[{"href":"https:\/\/bpa-nord.no\/se\/wp-json\/wp\/v2\/pages\/794","targetHints":{"allow":["GET"]}}],"collection":[{"href":"https:\/\/bpa-nord.no\/se\/wp-json\/wp\/v2\/pages"}],"about":[{"href":"https:\/\/bpa-nord.no\/se\/wp-json\/wp\/v2\/types\/page"}],"author":[{"embeddable":true,"href":"https:\/\/bpa-nord.no\/se\/wp-json\/wp\/v2\/users\/1"}],"replies":[{"embeddable":true,"href":"https:\/\/bpa-nord.no\/se\/wp-json\/wp\/v2\/comments?post=794"}],"version-history":[{"count":2,"href":"https:\/\/bpa-nord.no\/se\/wp-json\/wp\/v2\/pages\/794\/revisions"}],"predecessor-version":[{"id":2781,"href":"https:\/\/bpa-nord.no\/se\/wp-json\/wp\/v2\/pages\/794\/revisions\/2781"}],"up":[{"embeddable":true,"href":"https:\/\/bpa-nord.no\/se\/wp-json\/wp\/v2\/pages\/58"}],"wp:featuredmedia":[{"embeddable":true,"href":"https:\/\/bpa-nord.no\/se\/wp-json\/wp\/v2\/media\/280"}],"wp:attachment":[{"href":"https:\/\/bpa-nord.no\/se\/wp-json\/wp\/v2\/media?parent=794"}],"curies":[{"name":"wp","href":"https:\/\/api.w.org\/{rel}","templated":true}]}}