{"id":81,"date":"2024-02-14T21:48:13","date_gmt":"2024-02-14T20:48:13","guid":{"rendered":"https:\/\/bpa-nord.no\/se\/?page_id=81"},"modified":"2024-08-16T13:54:47","modified_gmt":"2024-08-16T11:54:47","slug":"bargoaddi","status":"publish","type":"page","link":"https:\/\/bpa-nord.no\/se\/bpa-birra-obbalaccat\/rollat-ja-ovddasvastadus-bpa-ortnegis\/bargoaddi\/","title":{"rendered":"Bargoaddi"},"content":{"rendered":"\n<p class=\"has-large-font-size\" style=\"font-style:normal;font-weight:300\">BPA-ortnegis ii leat \u00e1lo nu \u010dielggas gii lea bargoaddi. S\u00e1htt\u00e1 leat juogo priv\u00e1hta olmmo\u0161, priv\u00e1hta fitnodat dahje suohkan. Geas lea bargoaddiovddasv\u00e1st\u00e1dus v\u00e1ikkuha sihke olbmo ja veahkkebargiid vuoigatvuo\u0111aide ja geatnegasvuo\u0111aide.<\/p>\n\n\n\n<h2 class=\"wp-block-heading\">Suohkan, ear\u00e1 aktevrrat dahje olmmo\u0161 ie\u0161 s\u00e1htt\u00e1 leat bargoaddi<\/h2>\n\n\n\n<p>Gielddat s\u00e1httet ie\u017ea fuolahit bargoaddiovddasv\u00e1st\u00e1dusa, dahje dahkat \u0161iehtadusaid ear\u00e1 <strong>almmola\u0161<\/strong> dahje <strong>priv\u00e1hta<\/strong> aktevrraiguin f\u00e1llat BPA b\u00e1lvalusa. Funk\u0161uvnna s\u00e1htt\u00e1 maidd\u00e1i bidjat geavaheaddj\u00e1i alcces, gokko oro heivvola\u0161 ja ulbmila vuo\u0111ul buoremus. Suohkana <strong>ortnetvuogi<\/strong> ii s\u00e1hte v\u00e1idit, go dat eai gula <strong>ea\u014bkilmearr\u00e1dussii<\/strong>. <\/p>\n\n\n\n<h2 class=\"wp-block-heading\">Bargoaddi galg\u00e1 fuolahit ahte \u010duvvot l\u00e1gaid ja \u0161iehtadusaid<\/h2>\n\n\n\n<p>Oktasa\u0161 buot bargoaddiide lea ahte sis lea ovddasv\u00e1st\u00e1dus das ahte \u010duvvot l\u00e1gaid ja \u0161iehtadusaid buot osiin doaimmas. Bargoaddis lea<strong>bargoaddiovddasv\u00e1st\u00e1dus<\/strong> buot veahkkebargiin. Sii galget <strong>fuolahit<\/strong> ahte veahkkebargiide m\u00e1kso rievttes b\u00e1lk\u00e1, pen\u0161uvdna, luopmoru\u0111at ja ahte \u0161iehtadusat, veahkkebargiid oahpaheapmi, HMS ja bargobiras lea sajis.\u00a0<strong>Bargoaddi<\/strong> lea maid <strong>\u00e1idna<\/strong> olmmo\u0161 gii s\u00e1htt\u00e1 <strong>heaittihit<\/strong> bargooktavuo\u0111a assisteanttaiguin.<\/p>\n\n\n\n<p><br>Buohkat geat f\u00e1llet BPA leat <strong>geatnegahtton<\/strong> \u010da\u0111ahit <strong>b\u00e1kkola\u0161<\/strong> <strong>bargojo\u0111iheaddji-kurssa<\/strong> ie\u017easet bargojo\u0111iheddjiide.<\/p>\n\n\n\n<div class=\"wp-block-group alignfull has-custom-lys-gr-background-color has-background is-layout-constrained wp-container-core-group-is-layout-be0c549a wp-block-group-is-layout-constrained\" style=\"margin-top:var(--wp--preset--spacing--50);margin-bottom:0;padding-top:var(--wp--preset--spacing--40);padding-right:var(--wp--preset--spacing--30);padding-bottom:var(--wp--preset--spacing--50);padding-left:var(--wp--preset--spacing--30)\">\n<h2 class=\"wp-block-heading alignwide\">Logai maidd\u00e1i<\/h2>\n\n\n<div class=\"wp-block-post-type-multi post-type-multi type-manual display-row post-type-multi-page alignwide wp-block-acf-post-type-multi\" id=\"post-type-multi-69ed054f2ecda\" data-columns=\"2\" data-post-type=\"page\" data-template=\"page-horizontal.twig\" data-total=\"4\" >\n  <div class=\"row&#x20;row-eq-height&#x20;justify-content-start row-cols-2\">\n\t\t      <div class=\"d-flex&#x20;col-12&#x20;col-sm-6&#x20;mb-5\">\n        \n<a href=\"https:\/\/bpa-nord.no\/se\/bpa-birra-obbalaccat\/rollat-ja-ovddasvastadus-bpa-ortnegis\/assisteantta\/\" class=\"card-horizontal\">\n      <figure>\n      <img\n        src=\"https:\/\/bpa-nord.no\/se\/wp-content\/uploads\/sites\/2\/2024\/03\/istock-137384900-768x576.jpg\"\n                  alt=\"Bilde for artikkelen Assisteantta\"\n                decoding=\"async\"\n        loading=\"lazy\"\n      \/>\n    <\/figure>\n  \n  <section>\n    <h2>Assisteantta<\/h2>\n  <\/section>\n<\/a>      <\/div>\n          <div class=\"d-flex&#x20;col-12&#x20;col-sm-6&#x20;mb-5\">\n        \n<a href=\"https:\/\/bpa-nord.no\/se\/bpa-birra-obbalaccat\/rollat-ja-ovddasvastadus-bpa-ortnegis\/suohkan\/\" class=\"card-horizontal\">\n      <figure>\n      <img\n        src=\"https:\/\/bpa-nord.no\/se\/wp-content\/uploads\/sites\/2\/2024\/03\/shutterstock-1427198894-768x576.jpg\"\n                  alt=\"Bilde for artikkelen Suohkan\"\n                decoding=\"async\"\n        loading=\"lazy\"\n      \/>\n    <\/figure>\n  \n  <section>\n    <h2>Suohkan<\/h2>\n  <\/section>\n<\/a>      <\/div>\n          <div class=\"d-flex&#x20;col-12&#x20;col-sm-6&#x20;mb-5\">\n        \n<a href=\"https:\/\/bpa-nord.no\/se\/bpa-birra-obbalaccat\/rollat-ja-ovddasvastadus-bpa-ortnegis\/mielbargojodiheaddji\/\" class=\"card-horizontal\">\n      <figure>\n      <img\n        src=\"https:\/\/bpa-nord.no\/se\/wp-content\/uploads\/sites\/2\/2024\/03\/istock-680248362-768x576.jpg\"\n                  alt=\"Bilde for artikkelen Mielbargojo\u0111iheaddji\"\n                decoding=\"async\"\n        loading=\"lazy\"\n      \/>\n    <\/figure>\n  \n  <section>\n    <h2>Mielbargojo\u0111iheaddji<\/h2>\n  <\/section>\n<\/a>      <\/div>\n          <div class=\"d-flex&#x20;col-12&#x20;col-sm-6&#x20;mb-5\">\n        \n<a href=\"https:\/\/bpa-nord.no\/se\/bpa-birra-obbalaccat\/rollat-ja-ovddasvastadus-bpa-ortnegis\/bargojodiheaddji\/\" class=\"card-horizontal\">\n      <figure>\n      <img\n        src=\"https:\/\/bpa-nord.no\/se\/wp-content\/uploads\/sites\/2\/2024\/03\/istock-1432128982-768x576.jpg\"\n                  alt=\"Bilde for artikkelen Bargojo\u0111iheaddji\"\n                decoding=\"async\"\n        loading=\"lazy\"\n      \/>\n    <\/figure>\n  \n  <section>\n    <h2>Bargojo\u0111iheaddji<\/h2>\n  <\/section>\n<\/a>      <\/div>\n    \t<\/div>\n<\/div>\n<\/div>\n","protected":false},"excerpt":{"rendered":"<p>BPA-ortnegis ii leat \u00e1lo nu \u010dielggas gii lea bargoaddi. S\u00e1htt\u00e1 leat juogo priv\u00e1hta olmmo\u0161, priv\u00e1hta fitnodat dahje suohkan. Geas lea bargoaddiovddasv\u00e1st\u00e1dus v\u00e1ikkuha sihke olbmo ja veahkkebargiid vuoigatvuo\u0111aide ja geatnegasvuo\u0111aide. Suohkan, ear\u00e1 aktevrrat dahje olmmo\u0161 ie\u0161 s\u00e1htt\u00e1 leat bargoaddi Gielddat s\u00e1httet ie\u017ea fuolahit bargoaddiovddasv\u00e1st\u00e1dusa, dahje dahkat \u0161iehtadusaid ear\u00e1 almmola\u0161 dahje priv\u00e1hta aktevrraiguin f\u00e1llat BPA b\u00e1lvalusa. Funk\u0161uvnna [&hellip;]<\/p>\n","protected":false},"author":1,"featured_media":668,"parent":73,"menu_order":0,"comment_status":"closed","ping_status":"closed","template":"","meta":{"_acf_changed":false,"editor_notices":[],"footnotes":""},"class_list":["post-81","page","type-page","status-publish","has-post-thumbnail","hentry"],"acf":[],"mb":[],"mfb_rest_fields":["title"],"_links":{"self":[{"href":"https:\/\/bpa-nord.no\/se\/wp-json\/wp\/v2\/pages\/81","targetHints":{"allow":["GET"]}}],"collection":[{"href":"https:\/\/bpa-nord.no\/se\/wp-json\/wp\/v2\/pages"}],"about":[{"href":"https:\/\/bpa-nord.no\/se\/wp-json\/wp\/v2\/types\/page"}],"author":[{"embeddable":true,"href":"https:\/\/bpa-nord.no\/se\/wp-json\/wp\/v2\/users\/1"}],"replies":[{"embeddable":true,"href":"https:\/\/bpa-nord.no\/se\/wp-json\/wp\/v2\/comments?post=81"}],"version-history":[{"count":2,"href":"https:\/\/bpa-nord.no\/se\/wp-json\/wp\/v2\/pages\/81\/revisions"}],"predecessor-version":[{"id":2481,"href":"https:\/\/bpa-nord.no\/se\/wp-json\/wp\/v2\/pages\/81\/revisions\/2481"}],"up":[{"embeddable":true,"href":"https:\/\/bpa-nord.no\/se\/wp-json\/wp\/v2\/pages\/73"}],"wp:featuredmedia":[{"embeddable":true,"href":"https:\/\/bpa-nord.no\/se\/wp-json\/wp\/v2\/media\/668"}],"wp:attachment":[{"href":"https:\/\/bpa-nord.no\/se\/wp-json\/wp\/v2\/media?parent=81"}],"curies":[{"name":"wp","href":"https:\/\/api.w.org\/{rel}","templated":true}]}}