{"id":931,"date":"2024-02-22T17:09:36","date_gmt":"2024-02-22T16:09:36","guid":{"rendered":"https:\/\/bpa-nord.no\/se\/?page_id=931"},"modified":"2024-05-28T13:47:02","modified_gmt":"2024-05-28T11:47:02","slug":"lonuhit-falaldaga","status":"publish","type":"page","link":"https:\/\/bpa-nord.no\/se\/bpa-birra-obbalaccat\/lonuhit-falaldaga\/","title":{"rendered":"Lonuhit f\u00e1laldaga"},"content":{"rendered":"\n<div class=\"wp-block-group alignfull has-custom-lys-hovedfarge-1-background-color has-background is-layout-constrained wp-block-group-is-layout-constrained\">\n<div class=\"wp-block-media-text alignwide is-stacked-on-mobile is-image-fill has-custom-farge-1-background-color has-background\" style=\"margin-top:0;margin-bottom:0;grid-template-columns:40% auto\"><figure class=\"wp-block-media-text__media\" style=\"background-image:url(https:\/\/bpa-nord.no\/se\/wp-content\/uploads\/sites\/2\/2024\/03\/istock-658902064-1024x768.jpg);background-position:43% 48%\"><img loading=\"lazy\" decoding=\"async\" width=\"1024\" height=\"768\" src=\"https:\/\/bpa-nord.no\/se\/wp-content\/uploads\/sites\/2\/2024\/03\/istock-658902064-1024x768.jpg\" alt=\"\" class=\"wp-image-1579 size-full\" srcset=\"https:\/\/bpa-nord.no\/se\/wp-content\/uploads\/sites\/2\/2024\/03\/istock-658902064-1024x768.jpg 1024w, https:\/\/bpa-nord.no\/se\/wp-content\/uploads\/sites\/2\/2024\/03\/istock-658902064-300x225.jpg 300w, https:\/\/bpa-nord.no\/se\/wp-content\/uploads\/sites\/2\/2024\/03\/istock-658902064-768x576.jpg 768w, https:\/\/bpa-nord.no\/se\/wp-content\/uploads\/sites\/2\/2024\/03\/istock-658902064-1536x1152.jpg 1536w, https:\/\/bpa-nord.no\/se\/wp-content\/uploads\/sites\/2\/2024\/03\/istock-658902064.jpg 1920w\" sizes=\"auto, (max-width: 1024px) 100vw, 1024px\" \/><\/figure><div class=\"wp-block-media-text__content\">\n<div class=\"wp-block-group is-layout-constrained wp-block-group-is-layout-constrained\" style=\"padding-top:var(--wp--preset--spacing--50);padding-bottom:var(--wp--preset--spacing--50)\">\n<h1 class=\"wp-block-heading\">S\u00e1ht\u00e1t lonuhit l\u00e1gideaddji goas fal h\u00e1liidat<\/h1>\n\n\n\n<p>Bargojo\u0111iheaddjit geain lea BPA mearr\u00e1dus ja gullet suohkanii mas lea almmola\u0161 dahje priv\u00e1hta l\u00e1gideaddji\u0161iehtadus, s\u00e1httet ie\u017easet s\u00e1valdaga mielde molsut l\u00e1gideaddji.<\/p>\n\n\n\n<p>Don gii leat bargojo\u0111iheaddji fertet ie\u0161 v\u00e1ldit oktavuo\u0111a ie\u0161gu\u0111et b\u00e1lvalusf\u00e1lliin vai beasat diehtit maid sii s\u00e1httet f\u00e1llat molsuma oktavuo\u0111as.<\/p>\n\n\n\n<p class=\"has-medium-font-size\">Mii BPA Nord:as h\u00e1liidit ahte buohkat riikkaoasis galget beassat leat hoavda ie\u017easet \u00e1rgabeaivvis.<\/p>\n<\/div>\n<\/div><\/div>\n<\/div>\n\n\n\n<h2 class=\"wp-block-heading\">Lonuheapmi goh\u010doduvvo doaibmasirdin<\/h2>\n\n\n\n<p>L\u00e1gideaddjit leat geatnegahttojuvvon fuolahit njuov\u017eilis sirdima ja doaibmasirdima fitnodagaid gaskka.<\/p>\n\n\n\n<p><strong>Veahkkebargiin geat gullet du bargojovkui, lea vuoigatvuohta \u010duovvut mielde o\u0111\u0111a l\u00e1gideaddj\u00e1i seamma bargo- ja b\u00e1lk\u00e1eavttuiguin.<\/strong><\/p>\n\n\n\n<h2 class=\"wp-block-heading\">N\u00e1 lonuhat l\u00e1gideaddji<\/h2>\n\n\n\n<p>Don v\u00e1ldd\u00e1t oktavuo\u0111a ie\u017eat juolludanovttadagain suohkanis ja muitalat ahte h\u00e1liidiv\u010d\u010det lonuhit l\u00e1gideaddji. Juolludanovttadat \u00e1lggaha proseassa ja die\u0111iha d\u00e1l\u00e1 l\u00e1gideaddj\u00e1i du s\u00e1valdaga birra, ja v\u00e1ld\u00e1 dasto oktavuo\u0111a o\u0111\u0111a l\u00e1gideddjiin ja die\u0111iha ahte don h\u00e1liidat sirdima.<\/p>\n\n\n\n<p>L\u00e1gideaddjit, bargojo\u0111iheaddji ja asisteanttat dollet doaibmasirdin\u010doahkkima mas bargit o\u017e\u017eot die\u0111uid sin rivttiid birra ja leat go sin b\u00e1lk\u00e1eavttut sihkkarastojuvvon seammal\u00e1dje o\u0111\u0111a bargoaddis. Veahkkebargiin lea guokte vahkku v\u00e1rren\u00e1igi ma\u014b\u014bel \u010doahkkima hilgut f\u00e1laldaga searvat viid\u00e1seappot o\u0111\u0111a bargoadd\u00e1i.<\/p>\n\n\n\n<div class=\"wp-block-group has-border-color has-quinary-border-color has-custom-gul-med-ok-r-d-kontrast-background-color has-background is-layout-constrained wp-container-core-group-is-layout-20822dfc wp-block-group-is-layout-constrained\" style=\"border-width:10px;border-radius:30px;margin-top:var(--wp--preset--spacing--70);margin-bottom:var(--wp--preset--spacing--70);padding-top:var(--wp--preset--spacing--40);padding-right:var(--wp--preset--spacing--40);padding-bottom:var(--wp--preset--spacing--40);padding-left:var(--wp--preset--spacing--40)\">\n<h2 class=\"wp-block-heading\" style=\"padding-top:0;padding-bottom:0\">Leage sihkar ahte oa\u010d\u010dut dan veahki maid d\u00e1rbba\u0161at BPA Nordas<\/h2>\n\n\n\n<ul class=\"wp-block-list\">\n<li>Mis lea guhkes v\u00e1s\u00e1hus BPA-ortnegiin, olbmuin ja bearra\u0161iin geain leat ie\u0161gu\u0111etl\u00e1gan d\u00e1rbbut ja doaibman\u00e1vccat.<\/li>\n\n\n\n<li>Leat go o\u017e\u017eon jo BPA mearr\u00e1dusa vuoi h\u00e1liidat go lonuhit b\u00e1lvalusaid min lusa, dahje d\u00e1rbba\u0161at eara veahki &#8211; <strong>ri\u014bge dahje s\u00e1ddes die\u0111u dahje e-boasta.<\/strong><\/li>\n<\/ul>\n\n\n\n<div class=\"wp-block-group is-nowrap is-layout-flex wp-container-core-group-is-layout-6c531013 wp-block-group-is-layout-flex\">\n<figure class=\"wp-block-image size-medium is-resized wp-duotone-004b87-004b87-1\"><img loading=\"lazy\" decoding=\"async\" width=\"512\" height=\"512\" src=\"https:\/\/bpa-nord.no\/se\/wp-content\/uploads\/sites\/2\/2024\/02\/circle-phone-solid.svg\" alt=\"\" class=\"wp-image-142\" style=\"width:80px\" \/><\/figure>\n\n\n\n<p class=\"has-large-font-size\"><strong><a href=\"https:\/\/bpa-nord.no\/se\/kontakt\/\" data-type=\"page\" data-id=\"28\">V\u00e1ldde oktavuo\u0111a nuvtta ja geatnegaskeahtes bagadallan s\u00e1gastallamii.<\/a><\/strong><\/p>\n<\/div>\n<\/div>\n\n\n\n<div class=\"wp-block-group alignfull has-custom-lys-gr-background-color has-background is-layout-constrained wp-container-core-group-is-layout-0879a32b wp-block-group-is-layout-constrained\" style=\"margin-top:var(--wp--preset--spacing--60);margin-bottom:0;padding-top:var(--wp--preset--spacing--40);padding-right:var(--wp--preset--spacing--30);padding-bottom:var(--wp--preset--spacing--50);padding-left:var(--wp--preset--spacing--30)\">\n<h2 class=\"wp-block-heading alignwide\">Les ogs\u00e5<\/h2>\n\n\n<div class=\"wp-block-post-type-multi post-type-multi type-manual display-row post-type-multi-page alignwide wp-block-acf-post-type-multi\" id=\"post-type-multi-69ecf269e0fb6\" data-columns=\"2\" data-post-type=\"page\" data-template=\"page-horizontal.twig\" data-total=\"4\" >\n  <div class=\"row&#x20;row-eq-height&#x20;justify-content-start row-cols-2\">\n\t\t      <div class=\"d-flex&#x20;col-12&#x20;col-sm-6&#x20;mb-5\">\n        \n<a href=\"https:\/\/bpa-nord.no\/se\/bpa-birra-obbalaccat\/mii-lea-bpa-ja-geasa-dat-heive\/\" class=\"card-horizontal\">\n      <figure>\n      <img\n        src=\"https:\/\/bpa-nord.no\/se\/wp-content\/uploads\/sites\/2\/2024\/03\/istock-1064918232-768x576.jpg\"\n                  alt=\"Bilde for artikkelen Mii lea BPA ja geasa dat heive?\"\n                decoding=\"async\"\n        loading=\"lazy\"\n      \/>\n    <\/figure>\n  \n  <section>\n    <h2>Mii lea BPA ja geasa dat heive?<\/h2>\n  <\/section>\n<\/a>      <\/div>\n          <div class=\"d-flex&#x20;col-12&#x20;col-sm-6&#x20;mb-5\">\n        \n<a href=\"https:\/\/bpa-nord.no\/se\/bpa-birra-obbalaccat\/ohcat-bpa\/\" class=\"card-horizontal\">\n      <figure>\n      <img\n        src=\"https:\/\/bpa-nord.no\/se\/wp-content\/uploads\/sites\/2\/2024\/03\/istock-872002628-1-768x576.jpg\"\n                  alt=\"Bilde for artikkelen Ohcat BPA\"\n                decoding=\"async\"\n        loading=\"lazy\"\n      \/>\n    <\/figure>\n  \n  <section>\n    <h2>Ohcat BPA<\/h2>\n  <\/section>\n<\/a>      <\/div>\n          <div class=\"d-flex&#x20;col-12&#x20;col-sm-6&#x20;mb-5\">\n        \n<a href=\"https:\/\/bpa-nord.no\/se\/bpa-birra-obbalaccat\/rollat-ja-ovddasvastadus-bpa-ortnegis\/\" class=\"card-horizontal\">\n      <figure>\n      <img\n        src=\"https:\/\/bpa-nord.no\/se\/wp-content\/uploads\/sites\/2\/2024\/03\/istock-1212142717-768x576.jpg\"\n                  alt=\"Bilde for artikkelen Rollat ja ovddasv\u00e1st\u00e1dus BPA-ortnegis\"\n                decoding=\"async\"\n        loading=\"lazy\"\n      \/>\n    <\/figure>\n  \n  <section>\n    <h2>Rollat ja ovddasv\u00e1st\u00e1dus BPA-ortnegis<\/h2>\n  <\/section>\n<\/a>      <\/div>\n          <div class=\"d-flex&#x20;col-12&#x20;col-sm-6&#x20;mb-5\">\n        \n<a href=\"https:\/\/bpa-nord.no\/se\/bpa-birra-obbalaccat\/bpa-manaide-ja-nuoraide\/\" class=\"card-horizontal\">\n      <figure>\n      <img\n        src=\"https:\/\/bpa-nord.no\/se\/wp-content\/uploads\/sites\/2\/2024\/03\/shutterstock-469060391-768x576.jpg\"\n                  alt=\"Bilde for artikkelen BPA m\u00e1n\u00e1ide ja nuoraide\"\n                decoding=\"async\"\n        loading=\"lazy\"\n      \/>\n    <\/figure>\n  \n  <section>\n    <h2>BPA m\u00e1n\u00e1ide ja nuoraide<\/h2>\n  <\/section>\n<\/a>      <\/div>\n    \t<\/div>\n<\/div>\n<\/div>\n\n\n\n<div class=\"wp-block-cover alignfull\" style=\"margin-top:10px;min-height:500px;aspect-ratio:unset;\"><span aria-hidden=\"true\" class=\"wp-block-cover__background has-background-dim-30 has-background-dim\"><\/span><img loading=\"lazy\" decoding=\"async\" width=\"1920\" height=\"1280\" class=\"wp-block-cover__image-background wp-image-595\" alt=\"\" src=\"https:\/\/bpa-nord.no\/se\/wp-content\/uploads\/sites\/2\/2024\/02\/mark-konig-prykm26du34-unsplash.jpg\" style=\"object-position:17% 79%\" data-object-fit=\"cover\" data-object-position=\"17% 79%\" srcset=\"https:\/\/bpa-nord.no\/se\/wp-content\/uploads\/sites\/2\/2024\/02\/mark-konig-prykm26du34-unsplash.jpg 1920w, https:\/\/bpa-nord.no\/se\/wp-content\/uploads\/sites\/2\/2024\/02\/mark-konig-prykm26du34-unsplash-300x200.jpg 300w, https:\/\/bpa-nord.no\/se\/wp-content\/uploads\/sites\/2\/2024\/02\/mark-konig-prykm26du34-unsplash-1024x683.jpg 1024w, https:\/\/bpa-nord.no\/se\/wp-content\/uploads\/sites\/2\/2024\/02\/mark-konig-prykm26du34-unsplash-768x512.jpg 768w, https:\/\/bpa-nord.no\/se\/wp-content\/uploads\/sites\/2\/2024\/02\/mark-konig-prykm26du34-unsplash-1536x1024.jpg 1536w\" sizes=\"auto, (max-width: 1920px) 100vw, 1920px\" \/><div class=\"wp-block-cover__inner-container is-layout-constrained wp-block-cover-is-layout-constrained\">\n<h2 class=\"wp-block-heading has-text-align-center has-base-color has-text-color has-link-color wp-elements-57247bf82bf3a0a28474904ebbc32eb9\">BPA Nord<\/h2>\n\n\n\n<p class=\"has-text-align-center has-base-color has-text-color has-link-color has-large-font-size wp-elements-487575df3ec38a368a4f84d92ca73fc7\" style=\"font-style:normal;font-weight:300\">Gelbbola\u0161vuohta\u00a0\u00a0|\u00a0 Dohkkeheapmi\u00a0\u00a0|\u00a0 \u00c1rvvusatnin\u00a0\u00a0|\u00a0 Luohtt\u00e1mu\u0161<\/p>\n<\/div><\/div>\n","protected":false},"excerpt":{"rendered":"<p>S\u00e1ht\u00e1t lonuhit l\u00e1gideaddji goas fal h\u00e1liidat Bargojo\u0111iheaddjit geain lea BPA mearr\u00e1dus ja gullet suohkanii mas lea almmola\u0161 dahje priv\u00e1hta l\u00e1gideaddji\u0161iehtadus, s\u00e1httet ie\u017easet s\u00e1valdaga mielde molsut l\u00e1gideaddji. Don gii leat bargojo\u0111iheaddji fertet ie\u0161 v\u00e1ldit oktavuo\u0111a ie\u0161gu\u0111et b\u00e1lvalusf\u00e1lliin vai beasat diehtit maid sii s\u00e1httet f\u00e1llat molsuma oktavuo\u0111as. Mii BPA Nord:as h\u00e1liidit ahte buohkat riikkaoasis galget beassat leat [&hellip;]<\/p>\n","protected":false},"author":1,"featured_media":1532,"parent":1036,"menu_order":0,"comment_status":"closed","ping_status":"closed","template":"no-title","meta":{"_acf_changed":false,"editor_notices":[],"footnotes":""},"class_list":["post-931","page","type-page","status-publish","has-post-thumbnail","hentry"],"acf":[],"mb":[],"mfb_rest_fields":["title"],"_links":{"self":[{"href":"https:\/\/bpa-nord.no\/se\/wp-json\/wp\/v2\/pages\/931","targetHints":{"allow":["GET"]}}],"collection":[{"href":"https:\/\/bpa-nord.no\/se\/wp-json\/wp\/v2\/pages"}],"about":[{"href":"https:\/\/bpa-nord.no\/se\/wp-json\/wp\/v2\/types\/page"}],"author":[{"embeddable":true,"href":"https:\/\/bpa-nord.no\/se\/wp-json\/wp\/v2\/users\/1"}],"replies":[{"embeddable":true,"href":"https:\/\/bpa-nord.no\/se\/wp-json\/wp\/v2\/comments?post=931"}],"version-history":[{"count":2,"href":"https:\/\/bpa-nord.no\/se\/wp-json\/wp\/v2\/pages\/931\/revisions"}],"predecessor-version":[{"id":2412,"href":"https:\/\/bpa-nord.no\/se\/wp-json\/wp\/v2\/pages\/931\/revisions\/2412"}],"up":[{"embeddable":true,"href":"https:\/\/bpa-nord.no\/se\/wp-json\/wp\/v2\/pages\/1036"}],"wp:featuredmedia":[{"embeddable":true,"href":"https:\/\/bpa-nord.no\/se\/wp-json\/wp\/v2\/media\/1532"}],"wp:attachment":[{"href":"https:\/\/bpa-nord.no\/se\/wp-json\/wp\/v2\/media?parent=931"}],"curies":[{"name":"wp","href":"https:\/\/api.w.org\/{rel}","templated":true}]}}